{"id":163894,"date":"2023-06-15T13:19:12","date_gmt":"2023-06-15T10:19:12","guid":{"rendered":"https:\/\/espak.ee\/epood\/?post_type=product&#038;p=163894"},"modified":"2024-03-23T01:32:33","modified_gmt":"2024-03-22T23:32:33","slug":"akutolmuimeja-makita-cl001gz05-xgt","status":"publish","type":"product","link":"https:\/\/espak.ee\/epood\/toode\/akutolmuimeja-makita-cl001gz05-xgt\/","title":{"rendered":"AKUTOLMUIMEJA MAKITA CL001GZ05 XGT"},"content":{"rendered":"<div class=\"row\"  id=\"row-19836479\">\n\n\t<div id=\"col-1835502582\" class=\"col medium-9 small-12 large-9\"  >\n\t\t\t\t<div class=\"col-inner\"  >\n\t\t\t\n\t\t\t\n<h3>Akutolmuimeja Makita<\/h3>\n<p>V\u00f5imas harjavaba mootoriga akutolmuimeja, mis t\u00f6\u00f6tab XGT\u00ae 40Vmax akuga. T\u00f6\u00f6aeg 40V 4,0Ah akuga kuni 128 min. Neli erinevat imuv\u00f5imsuse seadet koos m\u00e4lufunktsiooniga, k\u00f5ige t\u00f5husama imuv\u00f5imsusega kuni 210 mbar.<br \/>\nImitoru lukustus hoiab \u00e4ra toru juhusliku eemaldumise. LED -tuli h\u00f5lbustab pimedates nurkades t\u00f6\u00f6tamist. Tolmumahuti lihtne t\u00fchjendamine.<\/p>\n<p> Makita akutolmuimeja CL001GZ05 on v\u00e4ga mugav t\u00f6\u00f6riist, kui teil on vaja kiiresti tolmu ja prahti p\u00f5randalt, t\u00f6\u00f6paigast v\u00f5i isegi autost tolmuimejaga puhastada. Tolmuimejal on v\u00f5imas, energias\u00e4\u00e4stlik ja kauakestev harjavaba mootor. Imuv\u00f5imsuse neli erinevat seadistust (kuni 210 mbar k\u00f5ige t\u00f5husama seadistusega) masin m\u00e4letab viimati kasutatud seadistust.<br \/>\n Kerge kaal, suurep\u00e4rane imuv\u00f5imsus ja kuni 128 min t\u00f6\u00f6aeg 40V 4,0 Ah XGT\u00ae akuga muudavad t\u00f6\u00f6tamise v\u00e4ga mugavaks ja t\u00f5husaks.\n<\/p>\n<div class=\"message-box relative\" style=\"padding-top:15px;padding-bottom:15px;\"><div class=\"message-box-bg-image bg-fill fill\" ><\/div><div class=\"message-box-bg-overlay bg-fill fill\" ><\/div><div class=\"container relative\"><div class=\"inner last-reset\">\n<div class=\"row align-middle align-center\"  id=\"row-510624328\">\n\n\t<div id=\"col-469458492\" class=\"col small-12 large-12\"  >\n\t\t\t\t<div class=\"col-inner text-left\"  >\n\t\t\t\n\t\t\t\n<h4>Omadused<\/h4>\n<div class=\"row\"  id=\"row-522767058\">\n\n\t<div id=\"col-1375366718\" class=\"col medium-6 small-12 large-6\"  >\n\t\t\t\t<div class=\"col-inner\"  >\n\t\t\t\n\t\t\t\n<p><i class=\"far fa-check-circle fa-2x\"><\/i><strong>\u00a0Extreme Protection Technology (XPT) t\u00f6\u00f6riist on kaitstud tolmu ja niiskuse eest, mis t\u00e4hendab, et t\u00f6\u00f6riistaga on v\u00f5imalik t\u00f6\u00f6tada ka v\u00e4ga karmides tingimustes<\/strong><\/p>\n\t\t<\/div>\n\t\t\t\t\n<style>\n#col-1375366718 > .col-inner {\n  margin: 0px 0px 15px 0px;\n}\n<\/style>\n\t<\/div>\n\n\t\n\n\t<div id=\"col-352601872\" class=\"col medium-6 small-12 large-6\"  >\n\t\t\t\t<div class=\"col-inner\"  >\n\t\t\t\n\t\t\t\n<p><i class=\"far fa-check-circle fa-2x\"><\/i><strong>\u00a0Neli erinevat imuv\u00f5imsuse seadet koos m\u00e4lufunktsiooniga<\/strong><\/p>\n\t\t<\/div>\n\t\t\t\t\n<style>\n#col-352601872 > .col-inner {\n  margin: 0px 0px 15px 0px;\n}\n<\/style>\n\t<\/div>\n\n\t\n<\/div>\n\t\t<\/div>\n\t\t\t\t\t<\/div>\n\n\t\n<\/div>\n<\/div><\/div><\/div>\n\t<div id=\"gap-729371632\" class=\"gap-element clearfix\" style=\"display:block; height:auto;\">\n\t\t\n<style>\n#gap-729371632 {\n  padding-top: 30px;\n}\n<\/style>\n\t<\/div>\n\t\n<p><strong>Aku ja laadijata mudel &#8211; aku ja laadimisseade ei kuulu tarnekomplekti. <\/strong><\/p>\n<p>Masinal pole eraldi tolmukotti, tolm ja praht imetakse 0,73 l mahutisse mida on v\u00e4ga lihtne t\u00fchjendada. Tolmuimeja jaoks on saadaval lisavarustusena ts\u00fckloneelfilter. Ts\u00fckloneelfilter parandab tolmuimeja imuv\u00f5imsust, kogudes prahi eelkogumismahutisse ringleva \u00f5huvoolu abil. Umbes 90% prahist j\u00e4\u00e4b eelkogumismahutisse, takistades tolmuimeja peafiltri ummistumist. Tavalised p\u00f5randa- ja nurgaotsik h\u00f5lbustavad nii p\u00f5randapindade kui ka raskesti ligip\u00e4\u00e4setavate kohtade puhastamist. Nurgaotsikut saab mugavalt hoiustada tolmuimeja toru k\u00fcljes olevas hoidikus . Lisavarustusena pakutav seinakinnitus v\u00f5imaldab masina paigutada mugavalt seinale.<\/p>\n\t\t<\/div>\n\t\t\t\t\t<\/div>\n\n\t\n\n\t<div id=\"col-369196740\" class=\"col medium-3 small-12 large-3\"  >\n\t\t\t\t<div class=\"col-inner\"  >\n\t\t\t\n\t\t\t\n\t<div id=\"gap-1916193166\" class=\"gap-element clearfix\" style=\"display:block; height:auto;\">\n\t\t\n<style>\n#gap-1916193166 {\n  padding-top: 30px;\n}\n<\/style>\n\t<\/div>\n\t\n<h3>Kasutusjuhend<\/h3>\n<p><a href=\"https:\/\/espak.ee\/epood\/wp-content\/uploads\/2023\/06\/CL001.pdf\"target=\"_blank\" rel=\"noopener noreferrer\"><i class=\"far fa-file-pdf\"><\/i> Kasutusjuhend (PDF)<\/a><\/p>\n<div class=\"is-divider divider clearfix\" ><\/div>\n<p><strong>\u00dcksikasjalikuma n\u00f5u saamiseks v\u00f5tke \u00fchendust:<br \/><\/strong>Espak AS<br \/>Viadukti 42<br \/>11313<br \/>Tallinn<br \/> T\u00f6\u00f6riista osakond +372 6512 335<br \/><a href=\"mailto:tooriist@espak.ee\">tooriist@espak.ee<\/a><\/p>\n\t\t<\/div>\n\t\t\t\t\t<\/div>\n\n\t\n<\/div>\n","protected":false},"excerpt":{"rendered":"","protected":false},"featured_media":164120,"comment_status":"closed","ping_status":"closed","template":"","meta":[],"product_brand":[],"product_cat":[2757,2733,2680,2679],"product_tag":[],"class_list":{"0":"post-163894","1":"product","2":"type-product","3":"status-publish","4":"has-post-thumbnail","6":"product_cat-akutolmuimejad","7":"product_cat-akutooriistad","8":"product_cat-elektritooriistad","9":"product_cat-tooriistad","10":"pa_kaubamark-makita","12":"first","13":"instock","14":"sale","15":"taxable","16":"shipping-taxable","17":"purchasable","18":"product-type-simple"},"yoast_head":"<!-- This site is optimized with the Yoast SEO plugin v26.9 - https:\/\/yoast.com\/product\/yoast-seo-wordpress\/ -->\n<title>AKUTOLMUIMEJA MAKITA CL001GZ05 XGT - Espak E-pood<\/title>\n<meta name=\"robots\" content=\"index, follow, max-snippet:-1, max-image-preview:large, max-video-preview:-1\" \/>\n<link rel=\"canonical\" href=\"https:\/\/espak.ee\/epood\/toode\/akutolmuimeja-makita-cl001gz05-xgt\/\" \/>\n<meta property=\"og:locale\" content=\"et_EE\" \/>\n<meta property=\"og:type\" content=\"article\" \/>\n<meta property=\"og:title\" content=\"AKUTOLMUIMEJA MAKITA CL001GZ05 XGT - Espak E-pood\" \/>\n<meta property=\"og:url\" content=\"https:\/\/espak.ee\/epood\/toode\/akutolmuimeja-makita-cl001gz05-xgt\/\" \/>\n<meta property=\"og:site_name\" content=\"Espak E-pood\" \/>\n<meta property=\"article:modified_time\" content=\"2024-03-22T23:32:33+00:00\" \/>\n<meta property=\"og:image\" content=\"https:\/\/espak.ee\/epood\/wp-content\/uploads\/2023\/06\/CL001G_C2L0.jpg\" \/>\n\t<meta property=\"og:image:width\" content=\"800\" \/>\n\t<meta property=\"og:image:height\" content=\"800\" \/>\n\t<meta property=\"og:image:type\" content=\"image\/jpeg\" \/>\n<meta name=\"twitter:card\" content=\"summary_large_image\" \/>\n<meta name=\"twitter:label1\" content=\"Est. reading time\" \/>\n\t<meta name=\"twitter:data1\" content=\"2 minutit\" \/>\n<script type=\"application\/ld+json\" class=\"yoast-schema-graph\">{\"@context\":\"https:\/\/schema.org\",\"@graph\":[{\"@type\":\"WebPage\",\"@id\":\"https:\/\/espak.ee\/epood\/toode\/akutolmuimeja-makita-cl001gz05-xgt\/\",\"url\":\"https:\/\/espak.ee\/epood\/toode\/akutolmuimeja-makita-cl001gz05-xgt\/\",\"name\":\"AKUTOLMUIMEJA MAKITA CL001GZ05 XGT - Espak E-pood\",\"isPartOf\":{\"@id\":\"https:\/\/espak.ee\/epood\/#website\"},\"primaryImageOfPage\":{\"@id\":\"https:\/\/espak.ee\/epood\/toode\/akutolmuimeja-makita-cl001gz05-xgt\/#primaryimage\"},\"image\":{\"@id\":\"https:\/\/espak.ee\/epood\/toode\/akutolmuimeja-makita-cl001gz05-xgt\/#primaryimage\"},\"thumbnailUrl\":\"https:\/\/espak.ee\/epood\/wp-content\/uploads\/2023\/06\/CL001G_C2L0.jpg\",\"datePublished\":\"2023-06-15T10:19:12+00:00\",\"dateModified\":\"2024-03-22T23:32:33+00:00\",\"breadcrumb\":{\"@id\":\"https:\/\/espak.ee\/epood\/toode\/akutolmuimeja-makita-cl001gz05-xgt\/#breadcrumb\"},\"inLanguage\":\"et\",\"potentialAction\":[{\"@type\":\"ReadAction\",\"target\":[\"https:\/\/espak.ee\/epood\/toode\/akutolmuimeja-makita-cl001gz05-xgt\/\"]}]},{\"@type\":\"ImageObject\",\"inLanguage\":\"et\",\"@id\":\"https:\/\/espak.ee\/epood\/toode\/akutolmuimeja-makita-cl001gz05-xgt\/#primaryimage\",\"url\":\"https:\/\/espak.ee\/epood\/wp-content\/uploads\/2023\/06\/CL001G_C2L0.jpg\",\"contentUrl\":\"https:\/\/espak.ee\/epood\/wp-content\/uploads\/2023\/06\/CL001G_C2L0.jpg\",\"width\":800,\"height\":800},{\"@type\":\"BreadcrumbList\",\"@id\":\"https:\/\/espak.ee\/epood\/toode\/akutolmuimeja-makita-cl001gz05-xgt\/#breadcrumb\",\"itemListElement\":[{\"@type\":\"ListItem\",\"position\":1,\"name\":\"Home\",\"item\":\"https:\/\/espak.ee\/epood\/\"},{\"@type\":\"ListItem\",\"position\":2,\"name\":\"Tootevalik\",\"item\":\"https:\/\/espak.ee\/epood\/tootevalik\/\"},{\"@type\":\"ListItem\",\"position\":3,\"name\":\"AKUTOLMUIMEJA MAKITA CL001GZ05 XGT\"}]},{\"@type\":\"WebSite\",\"@id\":\"https:\/\/espak.ee\/epood\/#website\",\"url\":\"https:\/\/espak.ee\/epood\/\",\"name\":\"Espak E-pood\",\"description\":\"\",\"potentialAction\":[{\"@type\":\"SearchAction\",\"target\":{\"@type\":\"EntryPoint\",\"urlTemplate\":\"https:\/\/espak.ee\/epood\/?s={search_term_string}\"},\"query-input\":{\"@type\":\"PropertyValueSpecification\",\"valueRequired\":true,\"valueName\":\"search_term_string\"}}],\"inLanguage\":\"et\"}]}<\/script>\n<!-- \/ Yoast SEO plugin. -->","yoast_head_json":{"title":"AKUTOLMUIMEJA MAKITA CL001GZ05 XGT - Espak E-pood","robots":{"index":"index","follow":"follow","max-snippet":"max-snippet:-1","max-image-preview":"max-image-preview:large","max-video-preview":"max-video-preview:-1"},"canonical":"https:\/\/espak.ee\/epood\/toode\/akutolmuimeja-makita-cl001gz05-xgt\/","og_locale":"et_EE","og_type":"article","og_title":"AKUTOLMUIMEJA MAKITA CL001GZ05 XGT - Espak E-pood","og_url":"https:\/\/espak.ee\/epood\/toode\/akutolmuimeja-makita-cl001gz05-xgt\/","og_site_name":"Espak E-pood","article_modified_time":"2024-03-22T23:32:33+00:00","og_image":[{"width":800,"height":800,"url":"https:\/\/espak.ee\/epood\/wp-content\/uploads\/2023\/06\/CL001G_C2L0.jpg","type":"image\/jpeg"}],"twitter_card":"summary_large_image","twitter_misc":{"Est. reading time":"2 minutit"},"schema":{"@context":"https:\/\/schema.org","@graph":[{"@type":"WebPage","@id":"https:\/\/espak.ee\/epood\/toode\/akutolmuimeja-makita-cl001gz05-xgt\/","url":"https:\/\/espak.ee\/epood\/toode\/akutolmuimeja-makita-cl001gz05-xgt\/","name":"AKUTOLMUIMEJA MAKITA CL001GZ05 XGT - Espak E-pood","isPartOf":{"@id":"https:\/\/espak.ee\/epood\/#website"},"primaryImageOfPage":{"@id":"https:\/\/espak.ee\/epood\/toode\/akutolmuimeja-makita-cl001gz05-xgt\/#primaryimage"},"image":{"@id":"https:\/\/espak.ee\/epood\/toode\/akutolmuimeja-makita-cl001gz05-xgt\/#primaryimage"},"thumbnailUrl":"https:\/\/espak.ee\/epood\/wp-content\/uploads\/2023\/06\/CL001G_C2L0.jpg","datePublished":"2023-06-15T10:19:12+00:00","dateModified":"2024-03-22T23:32:33+00:00","breadcrumb":{"@id":"https:\/\/espak.ee\/epood\/toode\/akutolmuimeja-makita-cl001gz05-xgt\/#breadcrumb"},"inLanguage":"et","potentialAction":[{"@type":"ReadAction","target":["https:\/\/espak.ee\/epood\/toode\/akutolmuimeja-makita-cl001gz05-xgt\/"]}]},{"@type":"ImageObject","inLanguage":"et","@id":"https:\/\/espak.ee\/epood\/toode\/akutolmuimeja-makita-cl001gz05-xgt\/#primaryimage","url":"https:\/\/espak.ee\/epood\/wp-content\/uploads\/2023\/06\/CL001G_C2L0.jpg","contentUrl":"https:\/\/espak.ee\/epood\/wp-content\/uploads\/2023\/06\/CL001G_C2L0.jpg","width":800,"height":800},{"@type":"BreadcrumbList","@id":"https:\/\/espak.ee\/epood\/toode\/akutolmuimeja-makita-cl001gz05-xgt\/#breadcrumb","itemListElement":[{"@type":"ListItem","position":1,"name":"Home","item":"https:\/\/espak.ee\/epood\/"},{"@type":"ListItem","position":2,"name":"Tootevalik","item":"https:\/\/espak.ee\/epood\/tootevalik\/"},{"@type":"ListItem","position":3,"name":"AKUTOLMUIMEJA MAKITA CL001GZ05 XGT"}]},{"@type":"WebSite","@id":"https:\/\/espak.ee\/epood\/#website","url":"https:\/\/espak.ee\/epood\/","name":"Espak E-pood","description":"","potentialAction":[{"@type":"SearchAction","target":{"@type":"EntryPoint","urlTemplate":"https:\/\/espak.ee\/epood\/?s={search_term_string}"},"query-input":{"@type":"PropertyValueSpecification","valueRequired":true,"valueName":"search_term_string"}}],"inLanguage":"et"}]}},"_links":{"self":[{"href":"https:\/\/espak.ee\/epood\/wp-json\/wp\/v2\/product\/163894","targetHints":{"allow":["GET"]}}],"collection":[{"href":"https:\/\/espak.ee\/epood\/wp-json\/wp\/v2\/product"}],"about":[{"href":"https:\/\/espak.ee\/epood\/wp-json\/wp\/v2\/types\/product"}],"replies":[{"embeddable":true,"href":"https:\/\/espak.ee\/epood\/wp-json\/wp\/v2\/comments?post=163894"}],"wp:featuredmedia":[{"embeddable":true,"href":"https:\/\/espak.ee\/epood\/wp-json\/wp\/v2\/media\/164120"}],"wp:attachment":[{"href":"https:\/\/espak.ee\/epood\/wp-json\/wp\/v2\/media?parent=163894"}],"wp:term":[{"taxonomy":"product_brand","embeddable":true,"href":"https:\/\/espak.ee\/epood\/wp-json\/wp\/v2\/product_brand?post=163894"},{"taxonomy":"product_cat","embeddable":true,"href":"https:\/\/espak.ee\/epood\/wp-json\/wp\/v2\/product_cat?post=163894"},{"taxonomy":"product_tag","embeddable":true,"href":"https:\/\/espak.ee\/epood\/wp-json\/wp\/v2\/product_tag?post=163894"}],"curies":[{"name":"wp","href":"https:\/\/api.w.org\/{rel}","templated":true}]}}