{"id":163892,"date":"2023-06-15T13:18:26","date_gmt":"2023-06-15T10:18:26","guid":{"rendered":"https:\/\/espak.ee\/epood\/?post_type=product&#038;p=163892"},"modified":"2024-03-23T01:33:13","modified_gmt":"2024-03-22T23:33:13","slug":"akujarkamissaag-makita-ls004gz01-xgt","status":"publish","type":"product","link":"https:\/\/espak.ee\/epood\/toode\/akujarkamissaag-makita-ls004gz01-xgt\/","title":{"rendered":"AKUJ\u00c4RKAMISSAAG MAKITA LS004GZ01 XGT"},"content":{"rendered":"<div class=\"row\"  id=\"row-1260352479\">\n\n\t<div id=\"col-63710340\" class=\"col medium-9 small-12 large-9\"  >\n\t\t\t\t<div class=\"col-inner\"  >\n\t\t\t\n\t\t\t\n<h3>Akuj\u00e4rkamissaag Makita + kingituseks 4.0 Ah 40V aku!<\/h3>\n<p>T\u00f5hus harjavaba mootoriga akuj\u00e4rkamissaag AWS tehnoloogiaga v\u00f5imaldab kasutada Bluetooth \u00fchendusega tolmuimejaid.<\/p>\n<p> XGT\u00ae 40Vmax aku muudab j\u00e4rkamissae \u00e4\u00e4rmiselt v\u00f5imsaks. Ettepoole suunatud k\u00fclgsiinide disain v\u00f5imaldab t\u00f6\u00f6ruumi maksimaalseks \u00e4rakasutamiseks paigutada saagi vastu seina.<br \/>\n K\u00fclgl\u00f5ike vahemik 60\u00b0 ja kaldus l\u00f5ike vahemik 48\u00b0. LED-lambid valgustavad t\u00f6\u00f6ala.\n<\/p>\n<div class=\"message-box relative\" style=\"padding-top:15px;padding-bottom:15px;\"><div class=\"message-box-bg-image bg-fill fill\" ><\/div><div class=\"message-box-bg-overlay bg-fill fill\" ><\/div><div class=\"container relative\"><div class=\"inner last-reset\">\n<div class=\"row align-middle align-center\"  id=\"row-1914532071\">\n\n\t<div id=\"col-381691226\" class=\"col small-12 large-12\"  >\n\t\t\t\t<div class=\"col-inner text-left\"  >\n\t\t\t\n\t\t\t\n<h4>Omadused<\/h4>\n<div class=\"row\"  id=\"row-197573165\">\n\n\t<div id=\"col-1880165004\" class=\"col medium-6 small-12 large-6\"  >\n\t\t\t\t<div class=\"col-inner\"  >\n\t\t\t\n\t\t\t\n<p><i class=\"far fa-check-circle fa-2x\"><\/i><strong>\u00a0Sujuv k\u00e4ivitus v\u00e4hendab \u00e4kilist k\u00e4ivitusreaktsiooni<\/strong><\/p>\n\t\t<\/div>\n\t\t\t\t\n<style>\n#col-1880165004 > .col-inner {\n  margin: 0px 0px 15px 0px;\n}\n<\/style>\n\t<\/div>\n\n\t\n\n\t<div id=\"col-232470557\" class=\"col medium-6 small-12 large-6\"  >\n\t\t\t\t<div class=\"col-inner\"  >\n\t\t\t\n\t\t\t\n<p><i class=\"far fa-check-circle fa-2x\"><\/i><strong> Elektriline pidur suurendamaks t\u00f6\u00f6tamise ohutust<\/strong><\/p>\n\t\t<\/div>\n\t\t\t\t\n<style>\n#col-232470557 > .col-inner {\n  margin: 0px 0px 15px 0px;\n}\n<\/style>\n\t<\/div>\n\n\t\n<\/div>\n\t\t<\/div>\n\t\t\t\t\t<\/div>\n\n\t\n<\/div>\n<\/div><\/div><\/div>\n\t<div id=\"gap-1938665259\" class=\"gap-element clearfix\" style=\"display:block; height:auto;\">\n\t\t\n<style>\n#gap-1938665259 {\n  padding-top: 30px;\n}\n<\/style>\n\t<\/div>\n\t\n<p><strong>Laadija ei kuulu komplekti. <\/strong><\/p>\n<p>Makita LS004G on sobilik suure v\u00f5imsuse vajaduse korral. T\u00f6\u00f6riist on varustatud \u00fche siinide paariga, mis v\u00f5imaldab sujuvat t\u00f6\u00f6d ja t\u00e4pseid l\u00f5ikeid. Auto Start Wireless System ehk AWS tehnoloogia v\u00f5imaldab kasutada Bluetooth \u00fchendusega tolmuimejaid.<\/p>\n<p>T\u00f6\u00f6riist on varustatud LED-lambiga ja varju joondamise funktsioon. Esinupp kaldenurga lihtsaks reguleerimiseks.<\/p>\n<p>XGT\u00ae t\u00f6\u00f6riistadel ja akudel on sisseehitatud programm, mis tahab digitaalse side aku ja t\u00f6\u00f6riista vahel. Akutehnoloogia ja t\u00f6\u00f6riistade mootoriehitus t\u00f6\u00f6tavad koos, et tagada optimaalne j\u00f5udlus. XGT\u00ae t\u00f6\u00f6riistad t\u00e4idavad h\u00f5lpsasti praeguseid \u00fclesandeid, olles valmis kohanema tuleviku t\u00f6\u00f6dega.<\/p>\n<p>Komplektis tolmukott, seadistuse nurgik ja T.C.T saeketas.<\/p>\n\t\t<\/div>\n\t\t\t\t\t<\/div>\n\n\t\n\n\t<div id=\"col-993446771\" class=\"col medium-3 small-12 large-3\"  >\n\t\t\t\t<div class=\"col-inner\"  >\n\t\t\t\n\t\t\t\n\t<div id=\"gap-1787425\" class=\"gap-element clearfix\" style=\"display:block; height:auto;\">\n\t\t\n<style>\n#gap-1787425 {\n  padding-top: 30px;\n}\n<\/style>\n\t<\/div>\n\t\n<h3>Kasutusjuhend<\/h3>\n<p><a href=\"https:\/\/espak.ee\/epood\/wp-content\/uploads\/2023\/06\/LS004G.pdf\"target=\"_blank\" rel=\"noopener noreferrer\"><i class=\"far fa-file-pdf\"><\/i> Kasutusjuhend (PDF)<\/a><\/p>\n<div class=\"is-divider divider clearfix\" ><\/div>\n<p><strong>\u00dcksikasjalikuma n\u00f5u saamiseks v\u00f5tke \u00fchendust:<br \/><\/strong>Espak AS<br \/>Viadukti 42<br \/>11313<br \/>Tallinn<br \/> T\u00f6\u00f6riista osakond +372 6512 335<br \/><a href=\"mailto:tooriist@espak.ee\">tooriist@espak.ee<\/a><\/p>\n\t\t<\/div>\n\t\t\t\t\t<\/div>\n\n\t\n<\/div>\n","protected":false},"excerpt":{"rendered":"","protected":false},"featured_media":164031,"comment_status":"closed","ping_status":"closed","template":"","meta":[],"product_brand":[],"product_cat":[4519,2733,2680,2679],"product_tag":[],"class_list":{"0":"post-163892","1":"product","2":"type-product","3":"status-publish","4":"has-post-thumbnail","6":"product_cat-akujarkamissaed","7":"product_cat-akutooriistad","8":"product_cat-elektritooriistad","9":"product_cat-tooriistad","10":"pa_kaubamark-makita","12":"first","13":"instock","14":"sale","15":"taxable","16":"shipping-taxable","17":"purchasable","18":"product-type-simple"},"yoast_head":"<!-- This site is optimized with the Yoast SEO plugin v26.9 - https:\/\/yoast.com\/product\/yoast-seo-wordpress\/ -->\n<title>AKUJ\u00c4RKAMISSAAG MAKITA LS004GZ01 XGT - Espak E-pood<\/title>\n<meta name=\"robots\" content=\"index, follow, max-snippet:-1, max-image-preview:large, max-video-preview:-1\" \/>\n<link rel=\"canonical\" href=\"https:\/\/espak.ee\/epood\/toode\/akujarkamissaag-makita-ls004gz01-xgt\/\" \/>\n<meta property=\"og:locale\" content=\"et_EE\" \/>\n<meta property=\"og:type\" content=\"article\" \/>\n<meta property=\"og:title\" content=\"AKUJ\u00c4RKAMISSAAG MAKITA LS004GZ01 XGT - Espak E-pood\" \/>\n<meta property=\"og:url\" content=\"https:\/\/espak.ee\/epood\/toode\/akujarkamissaag-makita-ls004gz01-xgt\/\" \/>\n<meta property=\"og:site_name\" content=\"Espak E-pood\" \/>\n<meta property=\"article:modified_time\" content=\"2024-03-22T23:33:13+00:00\" \/>\n<meta property=\"og:image\" content=\"https:\/\/espak.ee\/epood\/wp-content\/uploads\/2023\/06\/LS004G_C2L0.jpg\" \/>\n\t<meta property=\"og:image:width\" content=\"800\" \/>\n\t<meta property=\"og:image:height\" content=\"800\" \/>\n\t<meta property=\"og:image:type\" content=\"image\/jpeg\" \/>\n<meta name=\"twitter:card\" content=\"summary_large_image\" \/>\n<meta name=\"twitter:label1\" content=\"Est. reading time\" \/>\n\t<meta name=\"twitter:data1\" content=\"1 minut\" \/>\n<script type=\"application\/ld+json\" class=\"yoast-schema-graph\">{\"@context\":\"https:\/\/schema.org\",\"@graph\":[{\"@type\":\"WebPage\",\"@id\":\"https:\/\/espak.ee\/epood\/toode\/akujarkamissaag-makita-ls004gz01-xgt\/\",\"url\":\"https:\/\/espak.ee\/epood\/toode\/akujarkamissaag-makita-ls004gz01-xgt\/\",\"name\":\"AKUJ\u00c4RKAMISSAAG MAKITA LS004GZ01 XGT - Espak E-pood\",\"isPartOf\":{\"@id\":\"https:\/\/espak.ee\/epood\/#website\"},\"primaryImageOfPage\":{\"@id\":\"https:\/\/espak.ee\/epood\/toode\/akujarkamissaag-makita-ls004gz01-xgt\/#primaryimage\"},\"image\":{\"@id\":\"https:\/\/espak.ee\/epood\/toode\/akujarkamissaag-makita-ls004gz01-xgt\/#primaryimage\"},\"thumbnailUrl\":\"https:\/\/espak.ee\/epood\/wp-content\/uploads\/2023\/06\/LS004G_C2L0.jpg\",\"datePublished\":\"2023-06-15T10:18:26+00:00\",\"dateModified\":\"2024-03-22T23:33:13+00:00\",\"breadcrumb\":{\"@id\":\"https:\/\/espak.ee\/epood\/toode\/akujarkamissaag-makita-ls004gz01-xgt\/#breadcrumb\"},\"inLanguage\":\"et\",\"potentialAction\":[{\"@type\":\"ReadAction\",\"target\":[\"https:\/\/espak.ee\/epood\/toode\/akujarkamissaag-makita-ls004gz01-xgt\/\"]}]},{\"@type\":\"ImageObject\",\"inLanguage\":\"et\",\"@id\":\"https:\/\/espak.ee\/epood\/toode\/akujarkamissaag-makita-ls004gz01-xgt\/#primaryimage\",\"url\":\"https:\/\/espak.ee\/epood\/wp-content\/uploads\/2023\/06\/LS004G_C2L0.jpg\",\"contentUrl\":\"https:\/\/espak.ee\/epood\/wp-content\/uploads\/2023\/06\/LS004G_C2L0.jpg\",\"width\":800,\"height\":800},{\"@type\":\"BreadcrumbList\",\"@id\":\"https:\/\/espak.ee\/epood\/toode\/akujarkamissaag-makita-ls004gz01-xgt\/#breadcrumb\",\"itemListElement\":[{\"@type\":\"ListItem\",\"position\":1,\"name\":\"Home\",\"item\":\"https:\/\/espak.ee\/epood\/\"},{\"@type\":\"ListItem\",\"position\":2,\"name\":\"Tootevalik\",\"item\":\"https:\/\/espak.ee\/epood\/tootevalik\/\"},{\"@type\":\"ListItem\",\"position\":3,\"name\":\"AKUJ\u00c4RKAMISSAAG MAKITA LS004GZ01 XGT\"}]},{\"@type\":\"WebSite\",\"@id\":\"https:\/\/espak.ee\/epood\/#website\",\"url\":\"https:\/\/espak.ee\/epood\/\",\"name\":\"Espak E-pood\",\"description\":\"\",\"potentialAction\":[{\"@type\":\"SearchAction\",\"target\":{\"@type\":\"EntryPoint\",\"urlTemplate\":\"https:\/\/espak.ee\/epood\/?s={search_term_string}\"},\"query-input\":{\"@type\":\"PropertyValueSpecification\",\"valueRequired\":true,\"valueName\":\"search_term_string\"}}],\"inLanguage\":\"et\"}]}<\/script>\n<!-- \/ Yoast SEO plugin. -->","yoast_head_json":{"title":"AKUJ\u00c4RKAMISSAAG MAKITA LS004GZ01 XGT - Espak E-pood","robots":{"index":"index","follow":"follow","max-snippet":"max-snippet:-1","max-image-preview":"max-image-preview:large","max-video-preview":"max-video-preview:-1"},"canonical":"https:\/\/espak.ee\/epood\/toode\/akujarkamissaag-makita-ls004gz01-xgt\/","og_locale":"et_EE","og_type":"article","og_title":"AKUJ\u00c4RKAMISSAAG MAKITA LS004GZ01 XGT - Espak E-pood","og_url":"https:\/\/espak.ee\/epood\/toode\/akujarkamissaag-makita-ls004gz01-xgt\/","og_site_name":"Espak E-pood","article_modified_time":"2024-03-22T23:33:13+00:00","og_image":[{"width":800,"height":800,"url":"https:\/\/espak.ee\/epood\/wp-content\/uploads\/2023\/06\/LS004G_C2L0.jpg","type":"image\/jpeg"}],"twitter_card":"summary_large_image","twitter_misc":{"Est. reading time":"1 minut"},"schema":{"@context":"https:\/\/schema.org","@graph":[{"@type":"WebPage","@id":"https:\/\/espak.ee\/epood\/toode\/akujarkamissaag-makita-ls004gz01-xgt\/","url":"https:\/\/espak.ee\/epood\/toode\/akujarkamissaag-makita-ls004gz01-xgt\/","name":"AKUJ\u00c4RKAMISSAAG MAKITA LS004GZ01 XGT - Espak E-pood","isPartOf":{"@id":"https:\/\/espak.ee\/epood\/#website"},"primaryImageOfPage":{"@id":"https:\/\/espak.ee\/epood\/toode\/akujarkamissaag-makita-ls004gz01-xgt\/#primaryimage"},"image":{"@id":"https:\/\/espak.ee\/epood\/toode\/akujarkamissaag-makita-ls004gz01-xgt\/#primaryimage"},"thumbnailUrl":"https:\/\/espak.ee\/epood\/wp-content\/uploads\/2023\/06\/LS004G_C2L0.jpg","datePublished":"2023-06-15T10:18:26+00:00","dateModified":"2024-03-22T23:33:13+00:00","breadcrumb":{"@id":"https:\/\/espak.ee\/epood\/toode\/akujarkamissaag-makita-ls004gz01-xgt\/#breadcrumb"},"inLanguage":"et","potentialAction":[{"@type":"ReadAction","target":["https:\/\/espak.ee\/epood\/toode\/akujarkamissaag-makita-ls004gz01-xgt\/"]}]},{"@type":"ImageObject","inLanguage":"et","@id":"https:\/\/espak.ee\/epood\/toode\/akujarkamissaag-makita-ls004gz01-xgt\/#primaryimage","url":"https:\/\/espak.ee\/epood\/wp-content\/uploads\/2023\/06\/LS004G_C2L0.jpg","contentUrl":"https:\/\/espak.ee\/epood\/wp-content\/uploads\/2023\/06\/LS004G_C2L0.jpg","width":800,"height":800},{"@type":"BreadcrumbList","@id":"https:\/\/espak.ee\/epood\/toode\/akujarkamissaag-makita-ls004gz01-xgt\/#breadcrumb","itemListElement":[{"@type":"ListItem","position":1,"name":"Home","item":"https:\/\/espak.ee\/epood\/"},{"@type":"ListItem","position":2,"name":"Tootevalik","item":"https:\/\/espak.ee\/epood\/tootevalik\/"},{"@type":"ListItem","position":3,"name":"AKUJ\u00c4RKAMISSAAG MAKITA LS004GZ01 XGT"}]},{"@type":"WebSite","@id":"https:\/\/espak.ee\/epood\/#website","url":"https:\/\/espak.ee\/epood\/","name":"Espak E-pood","description":"","potentialAction":[{"@type":"SearchAction","target":{"@type":"EntryPoint","urlTemplate":"https:\/\/espak.ee\/epood\/?s={search_term_string}"},"query-input":{"@type":"PropertyValueSpecification","valueRequired":true,"valueName":"search_term_string"}}],"inLanguage":"et"}]}},"_links":{"self":[{"href":"https:\/\/espak.ee\/epood\/wp-json\/wp\/v2\/product\/163892","targetHints":{"allow":["GET"]}}],"collection":[{"href":"https:\/\/espak.ee\/epood\/wp-json\/wp\/v2\/product"}],"about":[{"href":"https:\/\/espak.ee\/epood\/wp-json\/wp\/v2\/types\/product"}],"replies":[{"embeddable":true,"href":"https:\/\/espak.ee\/epood\/wp-json\/wp\/v2\/comments?post=163892"}],"wp:featuredmedia":[{"embeddable":true,"href":"https:\/\/espak.ee\/epood\/wp-json\/wp\/v2\/media\/164031"}],"wp:attachment":[{"href":"https:\/\/espak.ee\/epood\/wp-json\/wp\/v2\/media?parent=163892"}],"wp:term":[{"taxonomy":"product_brand","embeddable":true,"href":"https:\/\/espak.ee\/epood\/wp-json\/wp\/v2\/product_brand?post=163892"},{"taxonomy":"product_cat","embeddable":true,"href":"https:\/\/espak.ee\/epood\/wp-json\/wp\/v2\/product_cat?post=163892"},{"taxonomy":"product_tag","embeddable":true,"href":"https:\/\/espak.ee\/epood\/wp-json\/wp\/v2\/product_tag?post=163892"}],"curies":[{"name":"wp","href":"https:\/\/api.w.org\/{rel}","templated":true}]}}