{"id":162913,"date":"2023-06-10T01:40:23","date_gmt":"2023-06-09T22:40:23","guid":{"rendered":"https:\/\/espak.ee\/epood\/?post_type=product&#038;p=162913"},"modified":"2024-08-07T13:23:46","modified_gmt":"2024-08-07T10:23:46","slug":"aknakaabits-teleskoopvarrega-xl-40cm","status":"publish","type":"product","link":"https:\/\/espak.ee\/epood\/toode\/aknakaabits-teleskoopvarrega-xl-40cm\/","title":{"rendered":"AKNAKAABITS TELESKOOPVARREGA XL 40CM"},"content":{"rendered":"<div class=\"row\"  id=\"row-986318503\">\n\n\t<div id=\"col-1354758471\" class=\"col medium-9 small-12 large-9\"  >\n\t\t\t\t<div class=\"col-inner\"  >\n\t\t\t\n\t\t\t\n<h3>Aknakaabits XL teleskoopvarrega 40cm Leifheit<\/h3>\n<p>Leifheit XL aknapesukaabitsaga j\u00e4\u00e4vad puhastatud klaaspinnad triibu- ja ebemevabad.<br \/>\n Selle t\u00f6\u00f6vahendi abil puhastad klaaspindu nagu t\u00f5eline professionaalne aknapesija. Aknakaabitsa kummiriba eemaldab pindadelt \u00fcleliigse puhastusvahendi ja pesuvee ning kuivatab pinnad kiire, sujuva ja lihtsa liigutuse abil. Kaabitsa liigendpea on reguleeritav, mist\u00f5ttu on v\u00f5imalik selle nurka sobitada vastavalt enda vajadusele.<br \/>\n Kaabitsa p\u00fchkimislaius 40 cm. T\u00e4nu suurele p\u00fchkimisulatusele ja teleskoopvarrele on see sobilik ka suurtele ja raskesti ligip\u00e4\u00e4setavatele klaaspindadele nagu n\u00e4iteks r\u00f5du- v\u00f5i terrassiaknad.<br \/>\n XL aknapuhastuskaabits \u00fchildub ka Leifheit Click System kinnituss\u00fcsteemi omava varrega, mist\u00f5ttu on seda v\u00f5imalik kinnitada ka pikendatavale teleskoopvarrele. Teleskoopvarre pikkus kuni 200 cm.<\/p>\n\t\t<\/div>\n\t\t\t\t\t<\/div>\n\n\t\n\n\t<div id=\"col-1244854490\" class=\"col medium-3 small-12 large-3\"  >\n\t\t\t\t<div class=\"col-inner\"  >\n\t\t\t\n\t\t\t\n<div class=\"is-divider divider clearfix\" ><\/div>\n<p><strong>\u00dcksikasjalikuma n\u00f5u saamiseks v\u00f5tke \u00fchendust:<br \/><\/strong>Ursus O\u00dc<br \/>Kirsi 48<br \/>80010<br \/>P\u00e4rnu<br \/>+372 447 6090<\/p>\n\t\t<\/div>\n\t\t\t\t\t<\/div>\n\n\t\n<\/div>\n","protected":false},"excerpt":{"rendered":"","protected":false},"featured_media":163346,"comment_status":"closed","ping_status":"closed","template":"","meta":[],"product_brand":[],"product_cat":[2788,3605,2927,2931],"product_tag":[],"class_list":{"0":"post-162913","1":"product","2":"type-product","3":"status-publish","4":"has-post-thumbnail","6":"product_cat-aiatarbed-ja-kodukaubad","7":"product_cat-harjad-ja-kuhvlid","8":"product_cat-kodukaubad","9":"product_cat-koristustarvikud","10":"pa_kaubamark-ursus-ou","12":"first","13":"instock","14":"sale","15":"taxable","16":"shipping-taxable","17":"purchasable","18":"product-type-simple"},"yoast_head":"<!-- This site is optimized with the Yoast SEO plugin v26.9 - https:\/\/yoast.com\/product\/yoast-seo-wordpress\/ -->\n<title>AKNAKAABITS TELESKOOPVARREGA XL 40CM - Espak E-pood<\/title>\n<meta name=\"robots\" content=\"index, follow, max-snippet:-1, max-image-preview:large, max-video-preview:-1\" \/>\n<link rel=\"canonical\" href=\"https:\/\/espak.ee\/epood\/toode\/aknakaabits-teleskoopvarrega-xl-40cm\/\" \/>\n<meta property=\"og:locale\" content=\"et_EE\" \/>\n<meta property=\"og:type\" content=\"article\" \/>\n<meta property=\"og:title\" content=\"AKNAKAABITS TELESKOOPVARREGA XL 40CM - Espak E-pood\" \/>\n<meta property=\"og:url\" content=\"https:\/\/espak.ee\/epood\/toode\/aknakaabits-teleskoopvarrega-xl-40cm\/\" \/>\n<meta property=\"og:site_name\" content=\"Espak E-pood\" \/>\n<meta property=\"article:modified_time\" content=\"2024-08-07T10:23:46+00:00\" \/>\n<meta property=\"og:image\" content=\"https:\/\/espak.ee\/epood\/wp-content\/uploads\/2023\/06\/4006501515230.jpg\" \/>\n\t<meta property=\"og:image:width\" content=\"800\" \/>\n\t<meta property=\"og:image:height\" content=\"800\" \/>\n\t<meta property=\"og:image:type\" content=\"image\/jpeg\" \/>\n<meta name=\"twitter:card\" content=\"summary_large_image\" \/>\n<meta name=\"twitter:label1\" content=\"Est. reading time\" \/>\n\t<meta name=\"twitter:data1\" content=\"1 minut\" \/>\n<script type=\"application\/ld+json\" class=\"yoast-schema-graph\">{\"@context\":\"https:\/\/schema.org\",\"@graph\":[{\"@type\":\"WebPage\",\"@id\":\"https:\/\/espak.ee\/epood\/toode\/aknakaabits-teleskoopvarrega-xl-40cm\/\",\"url\":\"https:\/\/espak.ee\/epood\/toode\/aknakaabits-teleskoopvarrega-xl-40cm\/\",\"name\":\"AKNAKAABITS TELESKOOPVARREGA XL 40CM - Espak E-pood\",\"isPartOf\":{\"@id\":\"https:\/\/espak.ee\/epood\/#website\"},\"primaryImageOfPage\":{\"@id\":\"https:\/\/espak.ee\/epood\/toode\/aknakaabits-teleskoopvarrega-xl-40cm\/#primaryimage\"},\"image\":{\"@id\":\"https:\/\/espak.ee\/epood\/toode\/aknakaabits-teleskoopvarrega-xl-40cm\/#primaryimage\"},\"thumbnailUrl\":\"https:\/\/espak.ee\/epood\/wp-content\/uploads\/2023\/06\/4006501515230.jpg\",\"datePublished\":\"2023-06-09T22:40:23+00:00\",\"dateModified\":\"2024-08-07T10:23:46+00:00\",\"breadcrumb\":{\"@id\":\"https:\/\/espak.ee\/epood\/toode\/aknakaabits-teleskoopvarrega-xl-40cm\/#breadcrumb\"},\"inLanguage\":\"et\",\"potentialAction\":[{\"@type\":\"ReadAction\",\"target\":[\"https:\/\/espak.ee\/epood\/toode\/aknakaabits-teleskoopvarrega-xl-40cm\/\"]}]},{\"@type\":\"ImageObject\",\"inLanguage\":\"et\",\"@id\":\"https:\/\/espak.ee\/epood\/toode\/aknakaabits-teleskoopvarrega-xl-40cm\/#primaryimage\",\"url\":\"https:\/\/espak.ee\/epood\/wp-content\/uploads\/2023\/06\/4006501515230.jpg\",\"contentUrl\":\"https:\/\/espak.ee\/epood\/wp-content\/uploads\/2023\/06\/4006501515230.jpg\",\"width\":800,\"height\":800},{\"@type\":\"BreadcrumbList\",\"@id\":\"https:\/\/espak.ee\/epood\/toode\/aknakaabits-teleskoopvarrega-xl-40cm\/#breadcrumb\",\"itemListElement\":[{\"@type\":\"ListItem\",\"position\":1,\"name\":\"Home\",\"item\":\"https:\/\/espak.ee\/epood\/\"},{\"@type\":\"ListItem\",\"position\":2,\"name\":\"Tootevalik\",\"item\":\"https:\/\/espak.ee\/epood\/tootevalik\/\"},{\"@type\":\"ListItem\",\"position\":3,\"name\":\"AKNAKAABITS TELESKOOPVARREGA XL 40CM\"}]},{\"@type\":\"WebSite\",\"@id\":\"https:\/\/espak.ee\/epood\/#website\",\"url\":\"https:\/\/espak.ee\/epood\/\",\"name\":\"Espak E-pood\",\"description\":\"\",\"potentialAction\":[{\"@type\":\"SearchAction\",\"target\":{\"@type\":\"EntryPoint\",\"urlTemplate\":\"https:\/\/espak.ee\/epood\/?s={search_term_string}\"},\"query-input\":{\"@type\":\"PropertyValueSpecification\",\"valueRequired\":true,\"valueName\":\"search_term_string\"}}],\"inLanguage\":\"et\"}]}<\/script>\n<!-- \/ Yoast SEO plugin. -->","yoast_head_json":{"title":"AKNAKAABITS TELESKOOPVARREGA XL 40CM - Espak E-pood","robots":{"index":"index","follow":"follow","max-snippet":"max-snippet:-1","max-image-preview":"max-image-preview:large","max-video-preview":"max-video-preview:-1"},"canonical":"https:\/\/espak.ee\/epood\/toode\/aknakaabits-teleskoopvarrega-xl-40cm\/","og_locale":"et_EE","og_type":"article","og_title":"AKNAKAABITS TELESKOOPVARREGA XL 40CM - Espak E-pood","og_url":"https:\/\/espak.ee\/epood\/toode\/aknakaabits-teleskoopvarrega-xl-40cm\/","og_site_name":"Espak E-pood","article_modified_time":"2024-08-07T10:23:46+00:00","og_image":[{"width":800,"height":800,"url":"https:\/\/espak.ee\/epood\/wp-content\/uploads\/2023\/06\/4006501515230.jpg","type":"image\/jpeg"}],"twitter_card":"summary_large_image","twitter_misc":{"Est. reading time":"1 minut"},"schema":{"@context":"https:\/\/schema.org","@graph":[{"@type":"WebPage","@id":"https:\/\/espak.ee\/epood\/toode\/aknakaabits-teleskoopvarrega-xl-40cm\/","url":"https:\/\/espak.ee\/epood\/toode\/aknakaabits-teleskoopvarrega-xl-40cm\/","name":"AKNAKAABITS TELESKOOPVARREGA XL 40CM - Espak E-pood","isPartOf":{"@id":"https:\/\/espak.ee\/epood\/#website"},"primaryImageOfPage":{"@id":"https:\/\/espak.ee\/epood\/toode\/aknakaabits-teleskoopvarrega-xl-40cm\/#primaryimage"},"image":{"@id":"https:\/\/espak.ee\/epood\/toode\/aknakaabits-teleskoopvarrega-xl-40cm\/#primaryimage"},"thumbnailUrl":"https:\/\/espak.ee\/epood\/wp-content\/uploads\/2023\/06\/4006501515230.jpg","datePublished":"2023-06-09T22:40:23+00:00","dateModified":"2024-08-07T10:23:46+00:00","breadcrumb":{"@id":"https:\/\/espak.ee\/epood\/toode\/aknakaabits-teleskoopvarrega-xl-40cm\/#breadcrumb"},"inLanguage":"et","potentialAction":[{"@type":"ReadAction","target":["https:\/\/espak.ee\/epood\/toode\/aknakaabits-teleskoopvarrega-xl-40cm\/"]}]},{"@type":"ImageObject","inLanguage":"et","@id":"https:\/\/espak.ee\/epood\/toode\/aknakaabits-teleskoopvarrega-xl-40cm\/#primaryimage","url":"https:\/\/espak.ee\/epood\/wp-content\/uploads\/2023\/06\/4006501515230.jpg","contentUrl":"https:\/\/espak.ee\/epood\/wp-content\/uploads\/2023\/06\/4006501515230.jpg","width":800,"height":800},{"@type":"BreadcrumbList","@id":"https:\/\/espak.ee\/epood\/toode\/aknakaabits-teleskoopvarrega-xl-40cm\/#breadcrumb","itemListElement":[{"@type":"ListItem","position":1,"name":"Home","item":"https:\/\/espak.ee\/epood\/"},{"@type":"ListItem","position":2,"name":"Tootevalik","item":"https:\/\/espak.ee\/epood\/tootevalik\/"},{"@type":"ListItem","position":3,"name":"AKNAKAABITS TELESKOOPVARREGA XL 40CM"}]},{"@type":"WebSite","@id":"https:\/\/espak.ee\/epood\/#website","url":"https:\/\/espak.ee\/epood\/","name":"Espak E-pood","description":"","potentialAction":[{"@type":"SearchAction","target":{"@type":"EntryPoint","urlTemplate":"https:\/\/espak.ee\/epood\/?s={search_term_string}"},"query-input":{"@type":"PropertyValueSpecification","valueRequired":true,"valueName":"search_term_string"}}],"inLanguage":"et"}]}},"_links":{"self":[{"href":"https:\/\/espak.ee\/epood\/wp-json\/wp\/v2\/product\/162913","targetHints":{"allow":["GET"]}}],"collection":[{"href":"https:\/\/espak.ee\/epood\/wp-json\/wp\/v2\/product"}],"about":[{"href":"https:\/\/espak.ee\/epood\/wp-json\/wp\/v2\/types\/product"}],"replies":[{"embeddable":true,"href":"https:\/\/espak.ee\/epood\/wp-json\/wp\/v2\/comments?post=162913"}],"wp:featuredmedia":[{"embeddable":true,"href":"https:\/\/espak.ee\/epood\/wp-json\/wp\/v2\/media\/163346"}],"wp:attachment":[{"href":"https:\/\/espak.ee\/epood\/wp-json\/wp\/v2\/media?parent=162913"}],"wp:term":[{"taxonomy":"product_brand","embeddable":true,"href":"https:\/\/espak.ee\/epood\/wp-json\/wp\/v2\/product_brand?post=162913"},{"taxonomy":"product_cat","embeddable":true,"href":"https:\/\/espak.ee\/epood\/wp-json\/wp\/v2\/product_cat?post=162913"},{"taxonomy":"product_tag","embeddable":true,"href":"https:\/\/espak.ee\/epood\/wp-json\/wp\/v2\/product_tag?post=162913"}],"curies":[{"name":"wp","href":"https:\/\/api.w.org\/{rel}","templated":true}]}}