{"id":162814,"date":"2023-06-09T14:10:34","date_gmt":"2023-06-09T11:10:34","guid":{"rendered":"https:\/\/espak.ee\/epood\/?post_type=product&#038;p=162814"},"modified":"2024-03-23T01:34:08","modified_gmt":"2024-03-22T23:34:08","slug":"montaaziliim-wtf-t-true-grab-310ml-valge","status":"publish","type":"product","link":"https:\/\/espak.ee\/epood\/toode\/montaaziliim-wtf-t-true-grab-310ml-valge\/","title":{"rendered":"MONTAA\u017dILIIM WTF T TRUE GRAB 310ML VALGE"},"content":{"rendered":"<div class=\"row\"  id=\"row-910688836\">\n\n\t<div id=\"col-185698873\" class=\"col medium-9 small-12 large-9\"  >\n\t\t\t\t<div class=\"col-inner\"  >\n\t\t\t\n\t\t\t\n<h3>Montaa\u017eiliim WTF T TRUE GRAB WHITE 310ML valge  <\/h3>\n<p>0 sekundiga kohene nake! <\/p>\n<p><strong>Eelised <\/strong><br \/>\nVeep\u00f5hine lihtsalt pealekantav montaa\u017eiliim enamike ehitusmaterjalide jaoks. 0 sekundiga kohene nake! Sobib sise- ja v\u00e4liskasutuseks (NB! ei sobi pikaajaliseks kokkupuuteks veega!) ning t\u00fc\u00fcpilisteks montaa\u017ei- v\u00f5i liimimist\u00f6\u00f6deks, kus ei vajata painduvust. \u00dcks pindadest peab olema poorne. Sobib puidule, enamusele plastidele, kivile, keraamikale ja betoonile. <\/p>\n<p><strong>Kasutamine<\/strong><br \/>\nJuhised: Puhastage pind. Kandke peale punktide v\u00f5i l\u00fchikeste triipudena ja suruge kokku. Vajaduse korral toestage raskeid objekte. T\u00f6\u00f6tlemisaeg: umbes 15 min. K\u00f5venemiskiirus: 2 mm\/24h. Temperatuurikindlus: -20 \u00b0C \u2026 +70 \u00b0C. Pealekandmistemperatuur: +10 \u00b0C \u2026 +30 \u00b0C. Hoidke kuivas kohas +5\u00b0C \u2026 +30\u00b0C, kaitske k\u00fclmumise eest. <\/p>\n<p><strong>Sobivus v\u00e4rvidega<\/strong><br \/>\n\u00dclev\u00e4rvitav (proovige enne kasutamist). <\/p>\n<p><strong>Ideaalne kasutuskoht<\/strong><br \/>\nPuit-, tellis- ja dekoratiivesemete liimimine.<br \/>\nLihtsad DIY t\u00f6\u00f6d.<\/p>\n<p><strong>Piirangud<\/strong><br \/>\nEi sobi PP-, PE, tefloni ega bituumeni jaoks.<br \/>\nEi ole sobilik klaasimiseks ega peeglitele. <\/p>\n<p>Kasutamiseks sise- ja v\u00e4lisoludes.<\/p>\n\t<div id=\"gap-1320692630\" class=\"gap-element clearfix\" style=\"display:block; height:auto;\">\n\t\t\n<style>\n#gap-1320692630 {\n  padding-top: 30px;\n}\n<\/style>\n\t<\/div>\n\t\n\t\t<\/div>\n\t\t\t\t\t<\/div>\n\n\t\n\n\t<div id=\"col-1148842994\" class=\"col medium-3 small-12 large-3\"  >\n\t\t\t\t<div class=\"col-inner\"  >\n\t\t\t\n\t\t\t\n<div class=\"is-divider divider clearfix\" ><\/div>\n<p><strong>\u00dcksikasjalikuma n\u00f5u saamiseks v\u00f5tke \u00fchendust:<br \/><\/strong>Pureva O\u00dc<br \/>R\u00f6a k\u00fcla<br \/>79614<br \/>Rapla vald<br \/>+372 48 37 235<\/p>\n<div class=\"is-divider divider clearfix\" ><\/div>\n\t\t<\/div>\n\t\t\t\t\t<\/div>\n\n\t\n<\/div>\n","protected":false},"excerpt":{"rendered":"","protected":false},"featured_media":162896,"comment_status":"closed","ping_status":"closed","template":"","meta":[],"product_brand":[],"product_cat":[2703,2706,2707,2683],"product_tag":[],"class_list":{"0":"post-162814","1":"product","2":"type-product","3":"status-publish","4":"has-post-thumbnail","6":"product_cat-ehituskeemia","7":"product_cat-liimid","8":"product_cat-universaalliimid","9":"product_cat-viimistluskaubad","10":"pa_kaubamark-pureva-ou","12":"first","13":"instock","14":"sale","15":"taxable","16":"shipping-taxable","17":"purchasable","18":"product-type-simple"},"yoast_head":"<!-- This site is optimized with the Yoast SEO plugin v26.9 - https:\/\/yoast.com\/product\/yoast-seo-wordpress\/ -->\n<title>MONTAA\u017dILIIM WTF T TRUE GRAB 310ML VALGE - Espak E-pood<\/title>\n<meta name=\"robots\" content=\"index, follow, max-snippet:-1, max-image-preview:large, max-video-preview:-1\" \/>\n<link rel=\"canonical\" href=\"https:\/\/espak.ee\/epood\/toode\/montaaziliim-wtf-t-true-grab-310ml-valge\/\" \/>\n<meta property=\"og:locale\" content=\"et_EE\" \/>\n<meta property=\"og:type\" content=\"article\" \/>\n<meta property=\"og:title\" content=\"MONTAA\u017dILIIM WTF T TRUE GRAB 310ML VALGE - Espak E-pood\" \/>\n<meta property=\"og:url\" content=\"https:\/\/espak.ee\/epood\/toode\/montaaziliim-wtf-t-true-grab-310ml-valge\/\" \/>\n<meta property=\"og:site_name\" content=\"Espak E-pood\" \/>\n<meta property=\"article:modified_time\" content=\"2024-03-22T23:34:08+00:00\" \/>\n<meta property=\"og:image\" content=\"https:\/\/espak.ee\/epood\/wp-content\/uploads\/2023\/06\/18363.jpg\" \/>\n\t<meta property=\"og:image:width\" content=\"800\" \/>\n\t<meta property=\"og:image:height\" content=\"800\" \/>\n\t<meta property=\"og:image:type\" content=\"image\/jpeg\" \/>\n<meta name=\"twitter:card\" content=\"summary_large_image\" \/>\n<meta name=\"twitter:label1\" content=\"Est. reading time\" \/>\n\t<meta name=\"twitter:data1\" content=\"1 minut\" \/>\n<script type=\"application\/ld+json\" class=\"yoast-schema-graph\">{\"@context\":\"https:\/\/schema.org\",\"@graph\":[{\"@type\":\"WebPage\",\"@id\":\"https:\/\/espak.ee\/epood\/toode\/montaaziliim-wtf-t-true-grab-310ml-valge\/\",\"url\":\"https:\/\/espak.ee\/epood\/toode\/montaaziliim-wtf-t-true-grab-310ml-valge\/\",\"name\":\"MONTAA\u017dILIIM WTF T TRUE GRAB 310ML VALGE - Espak E-pood\",\"isPartOf\":{\"@id\":\"https:\/\/espak.ee\/epood\/#website\"},\"primaryImageOfPage\":{\"@id\":\"https:\/\/espak.ee\/epood\/toode\/montaaziliim-wtf-t-true-grab-310ml-valge\/#primaryimage\"},\"image\":{\"@id\":\"https:\/\/espak.ee\/epood\/toode\/montaaziliim-wtf-t-true-grab-310ml-valge\/#primaryimage\"},\"thumbnailUrl\":\"https:\/\/espak.ee\/epood\/wp-content\/uploads\/2023\/06\/18363.jpg\",\"datePublished\":\"2023-06-09T11:10:34+00:00\",\"dateModified\":\"2024-03-22T23:34:08+00:00\",\"breadcrumb\":{\"@id\":\"https:\/\/espak.ee\/epood\/toode\/montaaziliim-wtf-t-true-grab-310ml-valge\/#breadcrumb\"},\"inLanguage\":\"et\",\"potentialAction\":[{\"@type\":\"ReadAction\",\"target\":[\"https:\/\/espak.ee\/epood\/toode\/montaaziliim-wtf-t-true-grab-310ml-valge\/\"]}]},{\"@type\":\"ImageObject\",\"inLanguage\":\"et\",\"@id\":\"https:\/\/espak.ee\/epood\/toode\/montaaziliim-wtf-t-true-grab-310ml-valge\/#primaryimage\",\"url\":\"https:\/\/espak.ee\/epood\/wp-content\/uploads\/2023\/06\/18363.jpg\",\"contentUrl\":\"https:\/\/espak.ee\/epood\/wp-content\/uploads\/2023\/06\/18363.jpg\",\"width\":800,\"height\":800},{\"@type\":\"BreadcrumbList\",\"@id\":\"https:\/\/espak.ee\/epood\/toode\/montaaziliim-wtf-t-true-grab-310ml-valge\/#breadcrumb\",\"itemListElement\":[{\"@type\":\"ListItem\",\"position\":1,\"name\":\"Home\",\"item\":\"https:\/\/espak.ee\/epood\/\"},{\"@type\":\"ListItem\",\"position\":2,\"name\":\"Tootevalik\",\"item\":\"https:\/\/espak.ee\/epood\/tootevalik\/\"},{\"@type\":\"ListItem\",\"position\":3,\"name\":\"MONTAA\u017dILIIM WTF T TRUE GRAB 310ML VALGE\"}]},{\"@type\":\"WebSite\",\"@id\":\"https:\/\/espak.ee\/epood\/#website\",\"url\":\"https:\/\/espak.ee\/epood\/\",\"name\":\"Espak E-pood\",\"description\":\"\",\"potentialAction\":[{\"@type\":\"SearchAction\",\"target\":{\"@type\":\"EntryPoint\",\"urlTemplate\":\"https:\/\/espak.ee\/epood\/?s={search_term_string}\"},\"query-input\":{\"@type\":\"PropertyValueSpecification\",\"valueRequired\":true,\"valueName\":\"search_term_string\"}}],\"inLanguage\":\"et\"}]}<\/script>\n<!-- \/ Yoast SEO plugin. -->","yoast_head_json":{"title":"MONTAA\u017dILIIM WTF T TRUE GRAB 310ML VALGE - Espak E-pood","robots":{"index":"index","follow":"follow","max-snippet":"max-snippet:-1","max-image-preview":"max-image-preview:large","max-video-preview":"max-video-preview:-1"},"canonical":"https:\/\/espak.ee\/epood\/toode\/montaaziliim-wtf-t-true-grab-310ml-valge\/","og_locale":"et_EE","og_type":"article","og_title":"MONTAA\u017dILIIM WTF T TRUE GRAB 310ML VALGE - Espak E-pood","og_url":"https:\/\/espak.ee\/epood\/toode\/montaaziliim-wtf-t-true-grab-310ml-valge\/","og_site_name":"Espak E-pood","article_modified_time":"2024-03-22T23:34:08+00:00","og_image":[{"width":800,"height":800,"url":"https:\/\/espak.ee\/epood\/wp-content\/uploads\/2023\/06\/18363.jpg","type":"image\/jpeg"}],"twitter_card":"summary_large_image","twitter_misc":{"Est. reading time":"1 minut"},"schema":{"@context":"https:\/\/schema.org","@graph":[{"@type":"WebPage","@id":"https:\/\/espak.ee\/epood\/toode\/montaaziliim-wtf-t-true-grab-310ml-valge\/","url":"https:\/\/espak.ee\/epood\/toode\/montaaziliim-wtf-t-true-grab-310ml-valge\/","name":"MONTAA\u017dILIIM WTF T TRUE GRAB 310ML VALGE - Espak E-pood","isPartOf":{"@id":"https:\/\/espak.ee\/epood\/#website"},"primaryImageOfPage":{"@id":"https:\/\/espak.ee\/epood\/toode\/montaaziliim-wtf-t-true-grab-310ml-valge\/#primaryimage"},"image":{"@id":"https:\/\/espak.ee\/epood\/toode\/montaaziliim-wtf-t-true-grab-310ml-valge\/#primaryimage"},"thumbnailUrl":"https:\/\/espak.ee\/epood\/wp-content\/uploads\/2023\/06\/18363.jpg","datePublished":"2023-06-09T11:10:34+00:00","dateModified":"2024-03-22T23:34:08+00:00","breadcrumb":{"@id":"https:\/\/espak.ee\/epood\/toode\/montaaziliim-wtf-t-true-grab-310ml-valge\/#breadcrumb"},"inLanguage":"et","potentialAction":[{"@type":"ReadAction","target":["https:\/\/espak.ee\/epood\/toode\/montaaziliim-wtf-t-true-grab-310ml-valge\/"]}]},{"@type":"ImageObject","inLanguage":"et","@id":"https:\/\/espak.ee\/epood\/toode\/montaaziliim-wtf-t-true-grab-310ml-valge\/#primaryimage","url":"https:\/\/espak.ee\/epood\/wp-content\/uploads\/2023\/06\/18363.jpg","contentUrl":"https:\/\/espak.ee\/epood\/wp-content\/uploads\/2023\/06\/18363.jpg","width":800,"height":800},{"@type":"BreadcrumbList","@id":"https:\/\/espak.ee\/epood\/toode\/montaaziliim-wtf-t-true-grab-310ml-valge\/#breadcrumb","itemListElement":[{"@type":"ListItem","position":1,"name":"Home","item":"https:\/\/espak.ee\/epood\/"},{"@type":"ListItem","position":2,"name":"Tootevalik","item":"https:\/\/espak.ee\/epood\/tootevalik\/"},{"@type":"ListItem","position":3,"name":"MONTAA\u017dILIIM WTF T TRUE GRAB 310ML VALGE"}]},{"@type":"WebSite","@id":"https:\/\/espak.ee\/epood\/#website","url":"https:\/\/espak.ee\/epood\/","name":"Espak E-pood","description":"","potentialAction":[{"@type":"SearchAction","target":{"@type":"EntryPoint","urlTemplate":"https:\/\/espak.ee\/epood\/?s={search_term_string}"},"query-input":{"@type":"PropertyValueSpecification","valueRequired":true,"valueName":"search_term_string"}}],"inLanguage":"et"}]}},"_links":{"self":[{"href":"https:\/\/espak.ee\/epood\/wp-json\/wp\/v2\/product\/162814","targetHints":{"allow":["GET"]}}],"collection":[{"href":"https:\/\/espak.ee\/epood\/wp-json\/wp\/v2\/product"}],"about":[{"href":"https:\/\/espak.ee\/epood\/wp-json\/wp\/v2\/types\/product"}],"replies":[{"embeddable":true,"href":"https:\/\/espak.ee\/epood\/wp-json\/wp\/v2\/comments?post=162814"}],"wp:featuredmedia":[{"embeddable":true,"href":"https:\/\/espak.ee\/epood\/wp-json\/wp\/v2\/media\/162896"}],"wp:attachment":[{"href":"https:\/\/espak.ee\/epood\/wp-json\/wp\/v2\/media?parent=162814"}],"wp:term":[{"taxonomy":"product_brand","embeddable":true,"href":"https:\/\/espak.ee\/epood\/wp-json\/wp\/v2\/product_brand?post=162814"},{"taxonomy":"product_cat","embeddable":true,"href":"https:\/\/espak.ee\/epood\/wp-json\/wp\/v2\/product_cat?post=162814"},{"taxonomy":"product_tag","embeddable":true,"href":"https:\/\/espak.ee\/epood\/wp-json\/wp\/v2\/product_tag?post=162814"}],"curies":[{"name":"wp","href":"https:\/\/api.w.org\/{rel}","templated":true}]}}