{"id":162809,"date":"2023-06-09T14:10:34","date_gmt":"2023-06-09T11:10:34","guid":{"rendered":"https:\/\/espak.ee\/epood\/?post_type=product&#038;p=162809"},"modified":"2025-12-08T11:57:57","modified_gmt":"2025-12-08T09:57:57","slug":"liimhermeetik-wtf-y-yes-flex-310ml-rr23-tumehall","status":"publish","type":"product","link":"https:\/\/espak.ee\/epood\/toode\/liimhermeetik-wtf-y-yes-flex-310ml-rr23-tumehall\/","title":{"rendered":"LIIMHERMEETIK WTF Y YES FLEX 310ML RR23 TUMEHALL"},"content":{"rendered":"<div class=\"row\"  id=\"row-1040132149\">\n\n\t<div id=\"col-1274983353\" class=\"col medium-9 small-12 large-9\"  >\n\t\t\t\t<div class=\"col-inner\"  >\n\t\t\t\n\t\t\t\n<h3>Liimhermeetik WTF Y YES FLEX 310ML RR23 tumehall  <\/h3>\n<p>FIKSEERIMINE JA TIHENDAMINE &#8211; &#8220;\u00dcks k\u00f5ige jaoks&#8221; fikseerimisvahend igaks t\u00f6\u00f6ks. <\/p>\n<p><strong>Eelised <\/strong><br \/>\nIlmselt k\u00f5ige mitmek\u00fclgsem &#8220;\u00fcks k\u00f5ige jaoks&#8221; elastne liimhermeetik maailmas. Sertifitseeritud nt sise-, fassaadi-, sanitaar-, klaasimis-, HVAC- ja laevaehitust\u00f6\u00f6deks. V\u00e4ga kasutajas\u00f5bralik. Nakkub tugevasti k\u00f5igi tavaliste ehitusmaterjalidega. Sobib katuse- ja muude samalaadselt n\u00f5udlike t\u00f6\u00f6de jaoks ning k\u00f5igi t\u00fc\u00fcpiliste ehitusplatsi ja kodut\u00f6\u00f6de jaoks. Sobib loodusliku kivi, puidu, betooni, klaasi, peegli, plastiku jaoks. Kleepub m\u00e4rja pinnaga, isegi vee all. Hallituskindlus (XS3).<\/p>\n<p><strong>Kasutamine<\/strong><br \/>\nPuhastage pind. Hermetiseerimine: Kandke liitekohale ja viimistlege. Liimimine: Kandke pinnale ja suruge kokku. Vajaduse korral toestage. Kooriku tekkimine: < 30 min. K\u00f5venemisaeg: >2,5 mm\/24h. Temperatuurikindlus: -40 \u00b0C \u2026 +95 \u00b0C. Pealekandmistemperatuur: +5 \u00b0C \u2026 +40 \u00b0C. <\/p>\n<p><strong>Sobivus v\u00e4rvidega<\/strong><br \/>\n\u00dclev\u00e4rvitav (proovimine soovitatav). <\/p>\n<p><strong>Kemikaalikindlus<\/strong><br \/>\nSuur UV-, kemikaalide ja merevee kindlus.<br \/>\nFood Grade &#8211; v\u00f5ib kasutada toiduainet\u00f6\u00f6stuses. Toiduainete ja jookide tootmisprotsessis ei saa tehnilisest seisukohast sageli v\u00e4ltida kokkupuudet kasutatavate keemiliste ainetega. Seega peab nende kasutamine olema ohutu.  <\/p>\n<p><strong>Ideaalne kasutuskoht<\/strong><br \/>\nKatused, klaasid, fassaad ja sanitaartehnika<br \/>\nPaadid, ventilatsioon, k\u00fctteseadmed, konditsioneerid, v\u00f5ib kasutada toiduainet\u00f6\u00f6stuses. <\/p>\n<p><strong>Piirangud<\/strong><br \/>\nEi sobi ujumisbasseinidesse ega klaasimiseks. <\/p>\n<p>Kasutamiseks sise- ja v\u00e4lisoludes.\n<\/p>\n\t<div id=\"gap-985435076\" class=\"gap-element clearfix\" style=\"display:block; height:auto;\">\n\t\t\n<style>\n#gap-985435076 {\n  padding-top: 30px;\n}\n<\/style>\n\t<\/div>\n\t\n\t\t<\/div>\n\t\t\t\t\t<\/div>\n\n\t\n\n\t<div id=\"col-84833617\" class=\"col medium-3 small-12 large-3\"  >\n\t\t\t\t<div class=\"col-inner\"  >\n\t\t\t\n\t\t\t\n<div class=\"is-divider divider clearfix\" ><\/div>\n<p><strong>\u00dcksikasjalikuma n\u00f5u saamiseks v\u00f5tke \u00fchendust:<br \/><\/strong>Pureva O\u00dc<br \/>R\u00f6a k\u00fcla<br \/>79614<br \/>Rapla vald<br \/>+372 48 37 235<\/p>\n<div class=\"is-divider divider clearfix\" ><\/div>\n\t\t<\/div>\n\t\t\t\t\t<\/div>\n\n\t\n<\/div>\n","protected":false},"excerpt":{"rendered":"","protected":false},"featured_media":162883,"comment_status":"closed","ping_status":"closed","template":"","meta":[],"product_brand":[],"product_cat":[2703,2706,2707,2683],"product_tag":[],"class_list":{"0":"post-162809","1":"product","2":"type-product","3":"status-publish","4":"has-post-thumbnail","6":"product_cat-ehituskeemia","7":"product_cat-liimid","8":"product_cat-universaalliimid","9":"product_cat-viimistluskaubad","10":"pa_kaubamark-pureva-ou","12":"first","13":"instock","14":"sale","15":"taxable","16":"shipping-taxable","17":"purchasable","18":"product-type-simple"},"yoast_head":"<!-- This site is optimized with the Yoast SEO plugin v26.9 - https:\/\/yoast.com\/product\/yoast-seo-wordpress\/ -->\n<title>LIIMHERMEETIK WTF Y YES FLEX 310ML RR23 TUMEHALL - Espak E-pood<\/title>\n<meta name=\"robots\" content=\"index, follow, max-snippet:-1, max-image-preview:large, max-video-preview:-1\" \/>\n<link rel=\"canonical\" href=\"https:\/\/espak.ee\/epood\/toode\/liimhermeetik-wtf-y-yes-flex-310ml-rr23-tumehall\/\" \/>\n<meta property=\"og:locale\" content=\"et_EE\" \/>\n<meta property=\"og:type\" content=\"article\" \/>\n<meta property=\"og:title\" content=\"LIIMHERMEETIK WTF Y YES FLEX 310ML RR23 TUMEHALL - Espak E-pood\" \/>\n<meta property=\"og:url\" content=\"https:\/\/espak.ee\/epood\/toode\/liimhermeetik-wtf-y-yes-flex-310ml-rr23-tumehall\/\" \/>\n<meta property=\"og:site_name\" content=\"Espak E-pood\" \/>\n<meta property=\"article:modified_time\" content=\"2025-12-08T09:57:57+00:00\" \/>\n<meta property=\"og:image\" content=\"https:\/\/espak.ee\/epood\/wp-content\/uploads\/2023\/06\/18358.jpg\" \/>\n\t<meta property=\"og:image:width\" content=\"800\" \/>\n\t<meta property=\"og:image:height\" content=\"800\" \/>\n\t<meta property=\"og:image:type\" content=\"image\/jpeg\" \/>\n<meta name=\"twitter:card\" content=\"summary_large_image\" \/>\n<meta name=\"twitter:label1\" content=\"Est. reading time\" \/>\n\t<meta name=\"twitter:data1\" content=\"1 minut\" \/>\n<script type=\"application\/ld+json\" class=\"yoast-schema-graph\">{\"@context\":\"https:\/\/schema.org\",\"@graph\":[{\"@type\":\"WebPage\",\"@id\":\"https:\/\/espak.ee\/epood\/toode\/liimhermeetik-wtf-y-yes-flex-310ml-rr23-tumehall\/\",\"url\":\"https:\/\/espak.ee\/epood\/toode\/liimhermeetik-wtf-y-yes-flex-310ml-rr23-tumehall\/\",\"name\":\"LIIMHERMEETIK WTF Y YES FLEX 310ML RR23 TUMEHALL - Espak E-pood\",\"isPartOf\":{\"@id\":\"https:\/\/espak.ee\/epood\/#website\"},\"primaryImageOfPage\":{\"@id\":\"https:\/\/espak.ee\/epood\/toode\/liimhermeetik-wtf-y-yes-flex-310ml-rr23-tumehall\/#primaryimage\"},\"image\":{\"@id\":\"https:\/\/espak.ee\/epood\/toode\/liimhermeetik-wtf-y-yes-flex-310ml-rr23-tumehall\/#primaryimage\"},\"thumbnailUrl\":\"https:\/\/espak.ee\/epood\/wp-content\/uploads\/2023\/06\/18358.jpg\",\"datePublished\":\"2023-06-09T11:10:34+00:00\",\"dateModified\":\"2025-12-08T09:57:57+00:00\",\"breadcrumb\":{\"@id\":\"https:\/\/espak.ee\/epood\/toode\/liimhermeetik-wtf-y-yes-flex-310ml-rr23-tumehall\/#breadcrumb\"},\"inLanguage\":\"et\",\"potentialAction\":[{\"@type\":\"ReadAction\",\"target\":[\"https:\/\/espak.ee\/epood\/toode\/liimhermeetik-wtf-y-yes-flex-310ml-rr23-tumehall\/\"]}]},{\"@type\":\"ImageObject\",\"inLanguage\":\"et\",\"@id\":\"https:\/\/espak.ee\/epood\/toode\/liimhermeetik-wtf-y-yes-flex-310ml-rr23-tumehall\/#primaryimage\",\"url\":\"https:\/\/espak.ee\/epood\/wp-content\/uploads\/2023\/06\/18358.jpg\",\"contentUrl\":\"https:\/\/espak.ee\/epood\/wp-content\/uploads\/2023\/06\/18358.jpg\",\"width\":800,\"height\":800},{\"@type\":\"BreadcrumbList\",\"@id\":\"https:\/\/espak.ee\/epood\/toode\/liimhermeetik-wtf-y-yes-flex-310ml-rr23-tumehall\/#breadcrumb\",\"itemListElement\":[{\"@type\":\"ListItem\",\"position\":1,\"name\":\"Home\",\"item\":\"https:\/\/espak.ee\/epood\/\"},{\"@type\":\"ListItem\",\"position\":2,\"name\":\"Tootevalik\",\"item\":\"https:\/\/espak.ee\/epood\/tootevalik\/\"},{\"@type\":\"ListItem\",\"position\":3,\"name\":\"LIIMHERMEETIK WTF Y YES FLEX 310ML RR23 TUMEHALL\"}]},{\"@type\":\"WebSite\",\"@id\":\"https:\/\/espak.ee\/epood\/#website\",\"url\":\"https:\/\/espak.ee\/epood\/\",\"name\":\"Espak E-pood\",\"description\":\"\",\"potentialAction\":[{\"@type\":\"SearchAction\",\"target\":{\"@type\":\"EntryPoint\",\"urlTemplate\":\"https:\/\/espak.ee\/epood\/?s={search_term_string}\"},\"query-input\":{\"@type\":\"PropertyValueSpecification\",\"valueRequired\":true,\"valueName\":\"search_term_string\"}}],\"inLanguage\":\"et\"}]}<\/script>\n<!-- \/ Yoast SEO plugin. -->","yoast_head_json":{"title":"LIIMHERMEETIK WTF Y YES FLEX 310ML RR23 TUMEHALL - Espak E-pood","robots":{"index":"index","follow":"follow","max-snippet":"max-snippet:-1","max-image-preview":"max-image-preview:large","max-video-preview":"max-video-preview:-1"},"canonical":"https:\/\/espak.ee\/epood\/toode\/liimhermeetik-wtf-y-yes-flex-310ml-rr23-tumehall\/","og_locale":"et_EE","og_type":"article","og_title":"LIIMHERMEETIK WTF Y YES FLEX 310ML RR23 TUMEHALL - Espak E-pood","og_url":"https:\/\/espak.ee\/epood\/toode\/liimhermeetik-wtf-y-yes-flex-310ml-rr23-tumehall\/","og_site_name":"Espak E-pood","article_modified_time":"2025-12-08T09:57:57+00:00","og_image":[{"width":800,"height":800,"url":"https:\/\/espak.ee\/epood\/wp-content\/uploads\/2023\/06\/18358.jpg","type":"image\/jpeg"}],"twitter_card":"summary_large_image","twitter_misc":{"Est. reading time":"1 minut"},"schema":{"@context":"https:\/\/schema.org","@graph":[{"@type":"WebPage","@id":"https:\/\/espak.ee\/epood\/toode\/liimhermeetik-wtf-y-yes-flex-310ml-rr23-tumehall\/","url":"https:\/\/espak.ee\/epood\/toode\/liimhermeetik-wtf-y-yes-flex-310ml-rr23-tumehall\/","name":"LIIMHERMEETIK WTF Y YES FLEX 310ML RR23 TUMEHALL - Espak E-pood","isPartOf":{"@id":"https:\/\/espak.ee\/epood\/#website"},"primaryImageOfPage":{"@id":"https:\/\/espak.ee\/epood\/toode\/liimhermeetik-wtf-y-yes-flex-310ml-rr23-tumehall\/#primaryimage"},"image":{"@id":"https:\/\/espak.ee\/epood\/toode\/liimhermeetik-wtf-y-yes-flex-310ml-rr23-tumehall\/#primaryimage"},"thumbnailUrl":"https:\/\/espak.ee\/epood\/wp-content\/uploads\/2023\/06\/18358.jpg","datePublished":"2023-06-09T11:10:34+00:00","dateModified":"2025-12-08T09:57:57+00:00","breadcrumb":{"@id":"https:\/\/espak.ee\/epood\/toode\/liimhermeetik-wtf-y-yes-flex-310ml-rr23-tumehall\/#breadcrumb"},"inLanguage":"et","potentialAction":[{"@type":"ReadAction","target":["https:\/\/espak.ee\/epood\/toode\/liimhermeetik-wtf-y-yes-flex-310ml-rr23-tumehall\/"]}]},{"@type":"ImageObject","inLanguage":"et","@id":"https:\/\/espak.ee\/epood\/toode\/liimhermeetik-wtf-y-yes-flex-310ml-rr23-tumehall\/#primaryimage","url":"https:\/\/espak.ee\/epood\/wp-content\/uploads\/2023\/06\/18358.jpg","contentUrl":"https:\/\/espak.ee\/epood\/wp-content\/uploads\/2023\/06\/18358.jpg","width":800,"height":800},{"@type":"BreadcrumbList","@id":"https:\/\/espak.ee\/epood\/toode\/liimhermeetik-wtf-y-yes-flex-310ml-rr23-tumehall\/#breadcrumb","itemListElement":[{"@type":"ListItem","position":1,"name":"Home","item":"https:\/\/espak.ee\/epood\/"},{"@type":"ListItem","position":2,"name":"Tootevalik","item":"https:\/\/espak.ee\/epood\/tootevalik\/"},{"@type":"ListItem","position":3,"name":"LIIMHERMEETIK WTF Y YES FLEX 310ML RR23 TUMEHALL"}]},{"@type":"WebSite","@id":"https:\/\/espak.ee\/epood\/#website","url":"https:\/\/espak.ee\/epood\/","name":"Espak E-pood","description":"","potentialAction":[{"@type":"SearchAction","target":{"@type":"EntryPoint","urlTemplate":"https:\/\/espak.ee\/epood\/?s={search_term_string}"},"query-input":{"@type":"PropertyValueSpecification","valueRequired":true,"valueName":"search_term_string"}}],"inLanguage":"et"}]}},"_links":{"self":[{"href":"https:\/\/espak.ee\/epood\/wp-json\/wp\/v2\/product\/162809","targetHints":{"allow":["GET"]}}],"collection":[{"href":"https:\/\/espak.ee\/epood\/wp-json\/wp\/v2\/product"}],"about":[{"href":"https:\/\/espak.ee\/epood\/wp-json\/wp\/v2\/types\/product"}],"replies":[{"embeddable":true,"href":"https:\/\/espak.ee\/epood\/wp-json\/wp\/v2\/comments?post=162809"}],"wp:featuredmedia":[{"embeddable":true,"href":"https:\/\/espak.ee\/epood\/wp-json\/wp\/v2\/media\/162883"}],"wp:attachment":[{"href":"https:\/\/espak.ee\/epood\/wp-json\/wp\/v2\/media?parent=162809"}],"wp:term":[{"taxonomy":"product_brand","embeddable":true,"href":"https:\/\/espak.ee\/epood\/wp-json\/wp\/v2\/product_brand?post=162809"},{"taxonomy":"product_cat","embeddable":true,"href":"https:\/\/espak.ee\/epood\/wp-json\/wp\/v2\/product_cat?post=162809"},{"taxonomy":"product_tag","embeddable":true,"href":"https:\/\/espak.ee\/epood\/wp-json\/wp\/v2\/product_tag?post=162809"}],"curies":[{"name":"wp","href":"https:\/\/api.w.org\/{rel}","templated":true}]}}