{"id":162682,"date":"2023-06-08T14:01:40","date_gmt":"2023-06-08T11:01:40","guid":{"rendered":"https:\/\/espak.ee\/epood\/?post_type=product&#038;p=162682"},"modified":"2026-02-19T13:41:47","modified_gmt":"2026-02-19T11:41:47","slug":"mand-puitkilp-18300800-tk-a-b-px","status":"publish","type":"product","link":"https:\/\/espak.ee\/epood\/toode\/mand-puitkilp-18300800-tk-a-b-px\/","title":{"rendered":"M\u00c4ND PUITKILP 18*300*800 TK A\/B (PX)"},"content":{"rendered":"<div class=\"row\"  id=\"row-130176344\">\n\n\t<div id=\"col-1911430826\" class=\"col medium-9 small-12 large-9\"  >\n\t\t\t\t<div class=\"col-inner\"  >\n\t\t\t\n\t\t\t\n<h3>Puitkilp m\u00e4nd 18x300x800mm A\/B<\/h3>\n<p>Liimpuitkilp on trend. Kui k\u00f5ik r\u00e4\u00e4givad s\u00fcsinikujalaj\u00e4lje v\u00e4hendamisest, siis vajame rohkem keskkonda s\u00e4\u00e4stvaid tooteid. Liimpuitkilbid sobivad selleks suurep\u00e4raselt.<br \/>\n Kuuse ja m\u00e4nni liimpuitkilpidel on naturaalne rustikaalne v\u00e4limus. Need sobivad h\u00e4sti Tee-See-Ise laheduste jaoks: n\u00e4iteks m\u00f6\u00f6bli valmistamiseks, t\u00f6\u00f6tasapindadeks jne.<br \/>\nPika lamelliga m\u00e4nni ja kuuse liimpuitkilp on saadaval paksuses 18, 28 ja 38mm, erinevad laiused ja pikkused. Faasitud servad.<\/p>\n<div class=\"is-divider divider clearfix\" ><\/div>\n<p><strong>Liim:<\/strong> D3. Sobib kasutamiseks siseruumides, kus on sagedane l\u00fchiajaline kokkupuude veega v\u00f5i k\u00f5rge niiskusega. Sobib kasutamiseks v\u00e4litingimustes ilma otsese kokkupuuteta veega.<\/p>\n<p><strong>Pind:<\/strong> lihvitud, t\u00f6\u00f6tlemata. T\u00e4iendav \u00f5litamine r\u00f5hutab puidu loomulikku iseloomu. \u00d5litamisel on peamiselt kaitsev funktsioon. Nagu \u00f5litatud puittoodete puhul tavaks, ei ole see pinnat\u00f6\u00f6tlus siiski p\u00fcsiv ja seda tuleb vajaduse korral korrata. \u00d5litamine v\u00f5imaldab puidul &#8220;hingata&#8221;. \u00d5litatud pind on siidiselt matt, vastupidav ja hingav.<\/p>\n<p><strong>Sertifikaat:<\/strong> FSC ja 100% PEFC<\/p>\n<p><strong>Puidu niiskus:<\/strong> 10 \u00b12 %<\/p>\n<p><strong>Toodetud:<\/strong> Saksamaal ja Ukrainas<\/p>\n<p><strong>Pakend:<\/strong> Kile<\/p>\n\t\t<\/div>\n\t\t\t\t\t<\/div>\n\n\t\n\n\t<div id=\"col-1560355298\" class=\"col medium-3 small-12 large-3\"  >\n\t\t\t\t<div class=\"col-inner\"  >\n\t\t\t\n\t\t\t\n<div class=\"is-divider divider clearfix\" ><\/div>\n<p><strong>\u00dcksikasjalikuma n\u00f5u saamiseks v\u00f5tke \u00fchendust:<br \/><\/strong>Espak AS<br \/>Viadukti 42<br \/>11313<br \/>Tallinn<br \/>+372 6 512333<\/p>\n\t\t<\/div>\n\t\t\t\t\t<\/div>\n\n\t\n<\/div>\n","protected":false},"excerpt":{"rendered":"","protected":false},"featured_media":164854,"comment_status":"closed","ping_status":"closed","template":"","meta":[],"product_brand":[],"product_cat":[4664,4662,4663,2683],"product_tag":[],"class_list":{"0":"post-162682","1":"product","2":"type-product","3":"status-publish","4":"has-post-thumbnail","6":"product_cat-liimpuit","7":"product_cat-moobliplaat","8":"product_cat-riiuliplaadid","9":"product_cat-viimistluskaubad","10":"pa_kaubamark-produx-concepts-services-ag","12":"first","13":"instock","14":"sale","15":"taxable","16":"shipping-taxable","17":"purchasable","18":"product-type-simple"},"yoast_head":"<!-- This site is optimized with the Yoast SEO plugin v26.9 - https:\/\/yoast.com\/product\/yoast-seo-wordpress\/ -->\n<title>M\u00c4ND PUITKILP 18*300*800 TK A\/B (PX) - Espak E-pood<\/title>\n<meta name=\"robots\" content=\"index, follow, max-snippet:-1, max-image-preview:large, max-video-preview:-1\" \/>\n<link rel=\"canonical\" href=\"https:\/\/espak.ee\/epood\/toode\/mand-puitkilp-18300800-tk-a-b-px\/\" \/>\n<meta property=\"og:locale\" content=\"et_EE\" \/>\n<meta property=\"og:type\" content=\"article\" \/>\n<meta property=\"og:title\" content=\"M\u00c4ND PUITKILP 18*300*800 TK A\/B (PX) - Espak E-pood\" \/>\n<meta property=\"og:url\" content=\"https:\/\/espak.ee\/epood\/toode\/mand-puitkilp-18300800-tk-a-b-px\/\" \/>\n<meta property=\"og:site_name\" content=\"Espak E-pood\" \/>\n<meta property=\"article:modified_time\" content=\"2026-02-19T11:41:47+00:00\" \/>\n<meta property=\"og:image\" content=\"https:\/\/espak.ee\/epood\/wp-content\/uploads\/2023\/06\/18-x-300.jpg\" \/>\n\t<meta property=\"og:image:width\" content=\"1000\" \/>\n\t<meta property=\"og:image:height\" content=\"1000\" \/>\n\t<meta property=\"og:image:type\" content=\"image\/jpeg\" \/>\n<meta name=\"twitter:card\" content=\"summary_large_image\" \/>\n<meta name=\"twitter:label1\" content=\"Est. reading time\" \/>\n\t<meta name=\"twitter:data1\" content=\"1 minut\" \/>\n<script type=\"application\/ld+json\" class=\"yoast-schema-graph\">{\"@context\":\"https:\/\/schema.org\",\"@graph\":[{\"@type\":\"WebPage\",\"@id\":\"https:\/\/espak.ee\/epood\/toode\/mand-puitkilp-18300800-tk-a-b-px\/\",\"url\":\"https:\/\/espak.ee\/epood\/toode\/mand-puitkilp-18300800-tk-a-b-px\/\",\"name\":\"M\u00c4ND PUITKILP 18*300*800 TK A\/B (PX) - Espak E-pood\",\"isPartOf\":{\"@id\":\"https:\/\/espak.ee\/epood\/#website\"},\"primaryImageOfPage\":{\"@id\":\"https:\/\/espak.ee\/epood\/toode\/mand-puitkilp-18300800-tk-a-b-px\/#primaryimage\"},\"image\":{\"@id\":\"https:\/\/espak.ee\/epood\/toode\/mand-puitkilp-18300800-tk-a-b-px\/#primaryimage\"},\"thumbnailUrl\":\"https:\/\/espak.ee\/epood\/wp-content\/uploads\/2023\/06\/18-x-300.jpg\",\"datePublished\":\"2023-06-08T11:01:40+00:00\",\"dateModified\":\"2026-02-19T11:41:47+00:00\",\"breadcrumb\":{\"@id\":\"https:\/\/espak.ee\/epood\/toode\/mand-puitkilp-18300800-tk-a-b-px\/#breadcrumb\"},\"inLanguage\":\"et\",\"potentialAction\":[{\"@type\":\"ReadAction\",\"target\":[\"https:\/\/espak.ee\/epood\/toode\/mand-puitkilp-18300800-tk-a-b-px\/\"]}]},{\"@type\":\"ImageObject\",\"inLanguage\":\"et\",\"@id\":\"https:\/\/espak.ee\/epood\/toode\/mand-puitkilp-18300800-tk-a-b-px\/#primaryimage\",\"url\":\"https:\/\/espak.ee\/epood\/wp-content\/uploads\/2023\/06\/18-x-300.jpg\",\"contentUrl\":\"https:\/\/espak.ee\/epood\/wp-content\/uploads\/2023\/06\/18-x-300.jpg\",\"width\":1000,\"height\":1000},{\"@type\":\"BreadcrumbList\",\"@id\":\"https:\/\/espak.ee\/epood\/toode\/mand-puitkilp-18300800-tk-a-b-px\/#breadcrumb\",\"itemListElement\":[{\"@type\":\"ListItem\",\"position\":1,\"name\":\"Home\",\"item\":\"https:\/\/espak.ee\/epood\/\"},{\"@type\":\"ListItem\",\"position\":2,\"name\":\"Tootevalik\",\"item\":\"https:\/\/espak.ee\/epood\/tootevalik\/\"},{\"@type\":\"ListItem\",\"position\":3,\"name\":\"M\u00c4ND PUITKILP 18*300*800 TK A\/B (PX)\"}]},{\"@type\":\"WebSite\",\"@id\":\"https:\/\/espak.ee\/epood\/#website\",\"url\":\"https:\/\/espak.ee\/epood\/\",\"name\":\"Espak E-pood\",\"description\":\"\",\"potentialAction\":[{\"@type\":\"SearchAction\",\"target\":{\"@type\":\"EntryPoint\",\"urlTemplate\":\"https:\/\/espak.ee\/epood\/?s={search_term_string}\"},\"query-input\":{\"@type\":\"PropertyValueSpecification\",\"valueRequired\":true,\"valueName\":\"search_term_string\"}}],\"inLanguage\":\"et\"}]}<\/script>\n<!-- \/ Yoast SEO plugin. -->","yoast_head_json":{"title":"M\u00c4ND PUITKILP 18*300*800 TK A\/B (PX) - Espak E-pood","robots":{"index":"index","follow":"follow","max-snippet":"max-snippet:-1","max-image-preview":"max-image-preview:large","max-video-preview":"max-video-preview:-1"},"canonical":"https:\/\/espak.ee\/epood\/toode\/mand-puitkilp-18300800-tk-a-b-px\/","og_locale":"et_EE","og_type":"article","og_title":"M\u00c4ND PUITKILP 18*300*800 TK A\/B (PX) - Espak E-pood","og_url":"https:\/\/espak.ee\/epood\/toode\/mand-puitkilp-18300800-tk-a-b-px\/","og_site_name":"Espak E-pood","article_modified_time":"2026-02-19T11:41:47+00:00","og_image":[{"width":1000,"height":1000,"url":"https:\/\/espak.ee\/epood\/wp-content\/uploads\/2023\/06\/18-x-300.jpg","type":"image\/jpeg"}],"twitter_card":"summary_large_image","twitter_misc":{"Est. reading time":"1 minut"},"schema":{"@context":"https:\/\/schema.org","@graph":[{"@type":"WebPage","@id":"https:\/\/espak.ee\/epood\/toode\/mand-puitkilp-18300800-tk-a-b-px\/","url":"https:\/\/espak.ee\/epood\/toode\/mand-puitkilp-18300800-tk-a-b-px\/","name":"M\u00c4ND PUITKILP 18*300*800 TK A\/B (PX) - Espak E-pood","isPartOf":{"@id":"https:\/\/espak.ee\/epood\/#website"},"primaryImageOfPage":{"@id":"https:\/\/espak.ee\/epood\/toode\/mand-puitkilp-18300800-tk-a-b-px\/#primaryimage"},"image":{"@id":"https:\/\/espak.ee\/epood\/toode\/mand-puitkilp-18300800-tk-a-b-px\/#primaryimage"},"thumbnailUrl":"https:\/\/espak.ee\/epood\/wp-content\/uploads\/2023\/06\/18-x-300.jpg","datePublished":"2023-06-08T11:01:40+00:00","dateModified":"2026-02-19T11:41:47+00:00","breadcrumb":{"@id":"https:\/\/espak.ee\/epood\/toode\/mand-puitkilp-18300800-tk-a-b-px\/#breadcrumb"},"inLanguage":"et","potentialAction":[{"@type":"ReadAction","target":["https:\/\/espak.ee\/epood\/toode\/mand-puitkilp-18300800-tk-a-b-px\/"]}]},{"@type":"ImageObject","inLanguage":"et","@id":"https:\/\/espak.ee\/epood\/toode\/mand-puitkilp-18300800-tk-a-b-px\/#primaryimage","url":"https:\/\/espak.ee\/epood\/wp-content\/uploads\/2023\/06\/18-x-300.jpg","contentUrl":"https:\/\/espak.ee\/epood\/wp-content\/uploads\/2023\/06\/18-x-300.jpg","width":1000,"height":1000},{"@type":"BreadcrumbList","@id":"https:\/\/espak.ee\/epood\/toode\/mand-puitkilp-18300800-tk-a-b-px\/#breadcrumb","itemListElement":[{"@type":"ListItem","position":1,"name":"Home","item":"https:\/\/espak.ee\/epood\/"},{"@type":"ListItem","position":2,"name":"Tootevalik","item":"https:\/\/espak.ee\/epood\/tootevalik\/"},{"@type":"ListItem","position":3,"name":"M\u00c4ND PUITKILP 18*300*800 TK A\/B (PX)"}]},{"@type":"WebSite","@id":"https:\/\/espak.ee\/epood\/#website","url":"https:\/\/espak.ee\/epood\/","name":"Espak E-pood","description":"","potentialAction":[{"@type":"SearchAction","target":{"@type":"EntryPoint","urlTemplate":"https:\/\/espak.ee\/epood\/?s={search_term_string}"},"query-input":{"@type":"PropertyValueSpecification","valueRequired":true,"valueName":"search_term_string"}}],"inLanguage":"et"}]}},"_links":{"self":[{"href":"https:\/\/espak.ee\/epood\/wp-json\/wp\/v2\/product\/162682","targetHints":{"allow":["GET"]}}],"collection":[{"href":"https:\/\/espak.ee\/epood\/wp-json\/wp\/v2\/product"}],"about":[{"href":"https:\/\/espak.ee\/epood\/wp-json\/wp\/v2\/types\/product"}],"replies":[{"embeddable":true,"href":"https:\/\/espak.ee\/epood\/wp-json\/wp\/v2\/comments?post=162682"}],"wp:featuredmedia":[{"embeddable":true,"href":"https:\/\/espak.ee\/epood\/wp-json\/wp\/v2\/media\/164854"}],"wp:attachment":[{"href":"https:\/\/espak.ee\/epood\/wp-json\/wp\/v2\/media?parent=162682"}],"wp:term":[{"taxonomy":"product_brand","embeddable":true,"href":"https:\/\/espak.ee\/epood\/wp-json\/wp\/v2\/product_brand?post=162682"},{"taxonomy":"product_cat","embeddable":true,"href":"https:\/\/espak.ee\/epood\/wp-json\/wp\/v2\/product_cat?post=162682"},{"taxonomy":"product_tag","embeddable":true,"href":"https:\/\/espak.ee\/epood\/wp-json\/wp\/v2\/product_tag?post=162682"}],"curies":[{"name":"wp","href":"https:\/\/api.w.org\/{rel}","templated":true}]}}