{"id":16257,"date":"2020-03-14T03:15:49","date_gmt":"2020-03-14T01:15:49","guid":{"rendered":"https:\/\/espak.ee\/hinnakiri\/?post_type=product&#038;p=16257"},"modified":"2025-09-26T10:50:28","modified_gmt":"2025-09-26T07:50:28","slug":"kompressor-aircraft-airstar-321-50-eco","status":"publish","type":"product","link":"https:\/\/espak.ee\/epood\/toode\/kompressor-aircraft-airstar-321-50-eco\/","title":{"rendered":"KOMPRESSOR AIRCRAFT AIRSTAR 321\/50 ECO"},"content":{"rendered":"<div class=\"row\"  id=\"row-1205026150\">\n\n\t<div id=\"col-1352774282\" class=\"col medium-9 small-12 large-9\"  >\n\t\t\t\t<div class=\"col-inner\"  >\n\t\t\t\n\t\t\t\n<h2>KOMPRESSOR AIRSTAR 321\/50 ECO AIRCRAFT<\/h2>\n\t<div id=\"gap-1038542506\" class=\"gap-element clearfix\" style=\"display:block; height:auto;\">\n\t\t\n<style>\n#gap-1038542506 {\n  padding-top: 30px;\n}\n<\/style>\n\t<\/div>\n\t\n<h3>Kasutamise \u00fcksikasjad<\/h3>\n<p><strong>Tootekirjeldus:<\/strong> Kompressorid kodudesse ja hobitegevuseks, t\u00f6\u00f6kindla rihmaajami ning hallmalmist ja v\u00f5imsa, 2 silindriga t\u00f6\u00f6agregaadiga<br \/>\n&#8211; Hallmalmist valmistatud, pika kasutuseaga, 2 silindriga t\u00f6\u00f6agregaadid<br \/>\n&#8211; Suur ventilaatoriratas ja jahutus\u00f5hu juhtplekk otse silindri juures tagavad kompressori optimaalse \u00f5hutuse<br \/>\n&#8211; Suure l\u00e4htemomendiga kvaliteetne elektrimootor<br \/>\n&#8211; Mootorikaitsel\u00fclitiga varustatud elektrimootor<br \/>\n&#8211; Jahutuslamellidega j\u00e4reljahuti tagab madala temperatuuri suru\u00f5huanuma sisendis, mist\u00f5ttu on suru\u00f5hus v\u00e4hem niiskust<br \/>\n&#8211; Rihma tugev, metallist kaitsev\u00f5re<br \/>\n&#8211; K\u00e4ivituskondensaator ja k\u00e4ivituse koormusleevendi tagavad 230-voldiste mudelite kerge k\u00e4ivitumise<br \/>\n&#8211; 400-voldiste mudelite seeriavarustusse kuuluv faasiinverter v\u00f5imaldab p\u00f6\u00f6rlemissuunda muuta lihtsa k\u00e4eliigutusega<br \/>\n&#8211; Ohutusklapiga varustatud suru\u00f5huanum, suru\u00f5huanuma manomeeter ja kondensaadi v\u00e4ljalaskelapp<br \/>\n&#8211; K\u00f5ikide ohutusseadistega<br \/>\n&#8211; T\u00e4ielikult \u00fchendusvalmis<br \/>\nElektrimudeli varustus<br \/>\n&#8211; R\u00f5huregulaator v\u00f5imaldab t\u00f6\u00f6r\u00f5hku reguleerida astmevabalt<br \/>\n&#8211; Eraldi manomeetrid anumas oleva r\u00f5hu ja t\u00f6\u00f6r\u00f5hu jaoks<br \/>\n&#8211; Lihtne \u00fchek\u00e4e-kiirliitmik<br \/>\n&#8211; Automaatne r\u00f5hul\u00fcliti<br \/>\n&#8211; Taga plastist rattad<br \/>\n&#8211; Kummist imijalad ees<br \/>\nKuni 100 liitrise surveanumaga tehnilisest \u00fclevaatusest vabastatud<br \/>\n&#8211; AIRSTAR-kompressorid on kontrollitud volitatud kontrolliasutuses tehtava vastavushindamise raames. Seet\u00f5ttu pole tehnilise \u00fclevaatuse ohutuskontroll vajalik.<br \/>\n&#8211; Paigaldusega seotud ja korduvaid kontrolle tohivad teha ka asjakohase kvalifikatsiooniga isikud (kehtib ainult Saksamaal)<\/p>\n\t\t<\/div>\n\t\t\t\t\t<\/div>\n\n\t\n\n\t<div id=\"col-411347474\" class=\"col medium-3 small-12 large-3\"  >\n\t\t\t\t<div class=\"col-inner\"  >\n\t\t\t\n\t\t\t\n\t<div id=\"gap-1401133325\" class=\"gap-element clearfix\" style=\"display:block; height:auto;\">\n\t\t\n<style>\n#gap-1401133325 {\n  padding-top: 30px;\n}\n<\/style>\n\t<\/div>\n\t\n<div class=\"is-divider divider clearfix\" ><\/div>\n<p><strong>\u00dcksikasjalikuma n\u00f5u saamiseks v\u00f5tke \u00fchendust:<br \/>\n<\/strong>Espak AS<br \/>\nViadukti 42<br \/>\n11313<br \/>\nTallinn<br \/>\n+372 6 512333<\/p>\n<div class=\"is-divider divider clearfix\" ><\/div>\n\t\t<\/div>\n\t\t\t\t\t<\/div>\n\n\t\n<\/div>\n","protected":false},"excerpt":{"rendered":"","protected":false},"featured_media":17378,"comment_status":"closed","ping_status":"closed","template":"","meta":[],"product_brand":[],"product_cat":[2680,2768,2681,2679],"product_tag":[],"class_list":{"0":"post-16257","1":"product","2":"type-product","3":"status-publish","4":"has-post-thumbnail","6":"product_cat-elektritooriistad","7":"product_cat-kompressorid","8":"product_cat-masinad-ja-seadmed","9":"product_cat-tooriistad","10":"pa_kaubamark-aircraft","12":"first","13":"outofstock","14":"sale","15":"taxable","16":"shipping-taxable","17":"purchasable","18":"product-type-simple"},"yoast_head":"<!-- This site is optimized with the Yoast SEO plugin v26.9 - https:\/\/yoast.com\/product\/yoast-seo-wordpress\/ -->\n<title>KOMPRESSOR AIRCRAFT AIRSTAR 321\/50 ECO - Espak E-pood<\/title>\n<meta name=\"robots\" content=\"index, follow, max-snippet:-1, max-image-preview:large, max-video-preview:-1\" \/>\n<link rel=\"canonical\" href=\"https:\/\/espak.ee\/epood\/toode\/kompressor-aircraft-airstar-321-50-eco\/\" \/>\n<meta property=\"og:locale\" content=\"et_EE\" \/>\n<meta property=\"og:type\" content=\"article\" \/>\n<meta property=\"og:title\" content=\"KOMPRESSOR AIRCRAFT AIRSTAR 321\/50 ECO - Espak E-pood\" \/>\n<meta property=\"og:url\" content=\"https:\/\/espak.ee\/epood\/toode\/kompressor-aircraft-airstar-321-50-eco\/\" \/>\n<meta property=\"og:site_name\" content=\"Espak E-pood\" \/>\n<meta property=\"article:modified_time\" content=\"2025-09-26T07:50:28+00:00\" \/>\n<meta property=\"og:image\" content=\"https:\/\/espak.ee\/epood\/wp-content\/uploads\/ART_2008312_2008312_01_270715_web.jpg\" \/>\n\t<meta property=\"og:image:width\" content=\"900\" \/>\n\t<meta property=\"og:image:height\" content=\"900\" \/>\n\t<meta property=\"og:image:type\" content=\"image\/jpeg\" \/>\n<meta name=\"twitter:card\" content=\"summary_large_image\" \/>\n<meta name=\"twitter:label1\" content=\"Est. reading time\" \/>\n\t<meta name=\"twitter:data1\" content=\"1 minut\" \/>\n<script type=\"application\/ld+json\" class=\"yoast-schema-graph\">{\"@context\":\"https:\/\/schema.org\",\"@graph\":[{\"@type\":\"WebPage\",\"@id\":\"https:\/\/espak.ee\/epood\/toode\/kompressor-aircraft-airstar-321-50-eco\/\",\"url\":\"https:\/\/espak.ee\/epood\/toode\/kompressor-aircraft-airstar-321-50-eco\/\",\"name\":\"KOMPRESSOR AIRCRAFT AIRSTAR 321\/50 ECO - Espak E-pood\",\"isPartOf\":{\"@id\":\"https:\/\/espak.ee\/epood\/#website\"},\"primaryImageOfPage\":{\"@id\":\"https:\/\/espak.ee\/epood\/toode\/kompressor-aircraft-airstar-321-50-eco\/#primaryimage\"},\"image\":{\"@id\":\"https:\/\/espak.ee\/epood\/toode\/kompressor-aircraft-airstar-321-50-eco\/#primaryimage\"},\"thumbnailUrl\":\"https:\/\/espak.ee\/epood\/wp-content\/uploads\/ART_2008312_2008312_01_270715_web.jpg\",\"datePublished\":\"2020-03-14T01:15:49+00:00\",\"dateModified\":\"2025-09-26T07:50:28+00:00\",\"breadcrumb\":{\"@id\":\"https:\/\/espak.ee\/epood\/toode\/kompressor-aircraft-airstar-321-50-eco\/#breadcrumb\"},\"inLanguage\":\"et\",\"potentialAction\":[{\"@type\":\"ReadAction\",\"target\":[\"https:\/\/espak.ee\/epood\/toode\/kompressor-aircraft-airstar-321-50-eco\/\"]}]},{\"@type\":\"ImageObject\",\"inLanguage\":\"et\",\"@id\":\"https:\/\/espak.ee\/epood\/toode\/kompressor-aircraft-airstar-321-50-eco\/#primaryimage\",\"url\":\"https:\/\/espak.ee\/epood\/wp-content\/uploads\/ART_2008312_2008312_01_270715_web.jpg\",\"contentUrl\":\"https:\/\/espak.ee\/epood\/wp-content\/uploads\/ART_2008312_2008312_01_270715_web.jpg\",\"width\":900,\"height\":900},{\"@type\":\"BreadcrumbList\",\"@id\":\"https:\/\/espak.ee\/epood\/toode\/kompressor-aircraft-airstar-321-50-eco\/#breadcrumb\",\"itemListElement\":[{\"@type\":\"ListItem\",\"position\":1,\"name\":\"Home\",\"item\":\"https:\/\/espak.ee\/epood\/\"},{\"@type\":\"ListItem\",\"position\":2,\"name\":\"Tootevalik\",\"item\":\"https:\/\/espak.ee\/epood\/tootevalik\/\"},{\"@type\":\"ListItem\",\"position\":3,\"name\":\"KOMPRESSOR AIRCRAFT AIRSTAR 321\/50 ECO\"}]},{\"@type\":\"WebSite\",\"@id\":\"https:\/\/espak.ee\/epood\/#website\",\"url\":\"https:\/\/espak.ee\/epood\/\",\"name\":\"Espak E-pood\",\"description\":\"\",\"potentialAction\":[{\"@type\":\"SearchAction\",\"target\":{\"@type\":\"EntryPoint\",\"urlTemplate\":\"https:\/\/espak.ee\/epood\/?s={search_term_string}\"},\"query-input\":{\"@type\":\"PropertyValueSpecification\",\"valueRequired\":true,\"valueName\":\"search_term_string\"}}],\"inLanguage\":\"et\"}]}<\/script>\n<!-- \/ Yoast SEO plugin. -->","yoast_head_json":{"title":"KOMPRESSOR AIRCRAFT AIRSTAR 321\/50 ECO - Espak E-pood","robots":{"index":"index","follow":"follow","max-snippet":"max-snippet:-1","max-image-preview":"max-image-preview:large","max-video-preview":"max-video-preview:-1"},"canonical":"https:\/\/espak.ee\/epood\/toode\/kompressor-aircraft-airstar-321-50-eco\/","og_locale":"et_EE","og_type":"article","og_title":"KOMPRESSOR AIRCRAFT AIRSTAR 321\/50 ECO - Espak E-pood","og_url":"https:\/\/espak.ee\/epood\/toode\/kompressor-aircraft-airstar-321-50-eco\/","og_site_name":"Espak E-pood","article_modified_time":"2025-09-26T07:50:28+00:00","og_image":[{"width":900,"height":900,"url":"https:\/\/espak.ee\/epood\/wp-content\/uploads\/ART_2008312_2008312_01_270715_web.jpg","type":"image\/jpeg"}],"twitter_card":"summary_large_image","twitter_misc":{"Est. reading time":"1 minut"},"schema":{"@context":"https:\/\/schema.org","@graph":[{"@type":"WebPage","@id":"https:\/\/espak.ee\/epood\/toode\/kompressor-aircraft-airstar-321-50-eco\/","url":"https:\/\/espak.ee\/epood\/toode\/kompressor-aircraft-airstar-321-50-eco\/","name":"KOMPRESSOR AIRCRAFT AIRSTAR 321\/50 ECO - Espak E-pood","isPartOf":{"@id":"https:\/\/espak.ee\/epood\/#website"},"primaryImageOfPage":{"@id":"https:\/\/espak.ee\/epood\/toode\/kompressor-aircraft-airstar-321-50-eco\/#primaryimage"},"image":{"@id":"https:\/\/espak.ee\/epood\/toode\/kompressor-aircraft-airstar-321-50-eco\/#primaryimage"},"thumbnailUrl":"https:\/\/espak.ee\/epood\/wp-content\/uploads\/ART_2008312_2008312_01_270715_web.jpg","datePublished":"2020-03-14T01:15:49+00:00","dateModified":"2025-09-26T07:50:28+00:00","breadcrumb":{"@id":"https:\/\/espak.ee\/epood\/toode\/kompressor-aircraft-airstar-321-50-eco\/#breadcrumb"},"inLanguage":"et","potentialAction":[{"@type":"ReadAction","target":["https:\/\/espak.ee\/epood\/toode\/kompressor-aircraft-airstar-321-50-eco\/"]}]},{"@type":"ImageObject","inLanguage":"et","@id":"https:\/\/espak.ee\/epood\/toode\/kompressor-aircraft-airstar-321-50-eco\/#primaryimage","url":"https:\/\/espak.ee\/epood\/wp-content\/uploads\/ART_2008312_2008312_01_270715_web.jpg","contentUrl":"https:\/\/espak.ee\/epood\/wp-content\/uploads\/ART_2008312_2008312_01_270715_web.jpg","width":900,"height":900},{"@type":"BreadcrumbList","@id":"https:\/\/espak.ee\/epood\/toode\/kompressor-aircraft-airstar-321-50-eco\/#breadcrumb","itemListElement":[{"@type":"ListItem","position":1,"name":"Home","item":"https:\/\/espak.ee\/epood\/"},{"@type":"ListItem","position":2,"name":"Tootevalik","item":"https:\/\/espak.ee\/epood\/tootevalik\/"},{"@type":"ListItem","position":3,"name":"KOMPRESSOR AIRCRAFT AIRSTAR 321\/50 ECO"}]},{"@type":"WebSite","@id":"https:\/\/espak.ee\/epood\/#website","url":"https:\/\/espak.ee\/epood\/","name":"Espak E-pood","description":"","potentialAction":[{"@type":"SearchAction","target":{"@type":"EntryPoint","urlTemplate":"https:\/\/espak.ee\/epood\/?s={search_term_string}"},"query-input":{"@type":"PropertyValueSpecification","valueRequired":true,"valueName":"search_term_string"}}],"inLanguage":"et"}]}},"_links":{"self":[{"href":"https:\/\/espak.ee\/epood\/wp-json\/wp\/v2\/product\/16257","targetHints":{"allow":["GET"]}}],"collection":[{"href":"https:\/\/espak.ee\/epood\/wp-json\/wp\/v2\/product"}],"about":[{"href":"https:\/\/espak.ee\/epood\/wp-json\/wp\/v2\/types\/product"}],"replies":[{"embeddable":true,"href":"https:\/\/espak.ee\/epood\/wp-json\/wp\/v2\/comments?post=16257"}],"wp:featuredmedia":[{"embeddable":true,"href":"https:\/\/espak.ee\/epood\/wp-json\/wp\/v2\/media\/17378"}],"wp:attachment":[{"href":"https:\/\/espak.ee\/epood\/wp-json\/wp\/v2\/media?parent=16257"}],"wp:term":[{"taxonomy":"product_brand","embeddable":true,"href":"https:\/\/espak.ee\/epood\/wp-json\/wp\/v2\/product_brand?post=16257"},{"taxonomy":"product_cat","embeddable":true,"href":"https:\/\/espak.ee\/epood\/wp-json\/wp\/v2\/product_cat?post=16257"},{"taxonomy":"product_tag","embeddable":true,"href":"https:\/\/espak.ee\/epood\/wp-json\/wp\/v2\/product_tag?post=16257"}],"curies":[{"name":"wp","href":"https:\/\/api.w.org\/{rel}","templated":true}]}}