{"id":162337,"date":"2023-06-06T10:16:38","date_gmt":"2023-06-06T07:16:38","guid":{"rendered":"https:\/\/espak.ee\/epood\/?post_type=product&#038;p=162337"},"modified":"2024-03-23T01:35:43","modified_gmt":"2024-03-22T23:35:43","slug":"biolagunev-prugikott-biobag-75l-20tk","status":"publish","type":"product","link":"https:\/\/espak.ee\/epood\/toode\/biolagunev-prugikott-biobag-75l-20tk\/","title":{"rendered":"BIOLAGUNEV PR\u00dcGIKOTT BIOBAG 75L 20TK"},"content":{"rendered":"<div class=\"row\"  id=\"row-1251527943\">\n\n\t<div id=\"col-541641972\" class=\"col medium-9 small-12 large-9\"  >\n\t\t\t\t<div class=\"col-inner\"  >\n\t\t\t\n\t\t\t\n<h3>Biolagunev pr\u00fcgikott 75L 20tk\/pk BIOBAG<\/h3>\n<p>Biolagunevate toodete (toiduj\u00e4\u00e4tmed ja muud orgaanilised j\u00e4\u00e4tmed) komposteerimine on oluline ja kasvav tendents paljudes riikides, mist\u00f5ttu v\u00f5ib kaubanduses leida keskkonnas\u00f5bralikke alternatiive. Pr\u00fcgikotid vastavad Euroopa standardile EN13432.<br \/>\n Materjali paksus 25 mikronit. Koti maht 75 liitrit, m\u00f5\u00f5dud 650x900mm.<br \/>\n Kottide tooraineks on Itaalia ettev\u00f5tte Novamont materjal Mater-Bi (p\u00f5hikoostis t\u00e4rklis ja taimekiud). Hingav kompostitav kott, mida kasutatakse eelk\u00f5ige toiduj\u00e4\u00e4tmete kogumiseks. T\u00e4he kujuline p\u00f5hjakeevitus annab kotile tugeva ja kindla p\u00f5hja, t\u00e4nu millele on v\u00f5imalik kotti koos toiduj\u00e4\u00e4tmetega t\u00f5sta. Sobib kasutamiseks ka v\u00e4iksemate konteinerite vooderdamiseks. Kompostimiseks peab j\u00f5udma koos toiduj\u00e4\u00e4tmetega j\u00e4\u00e4tmejaama- ok compost industrial.<br \/>\n Toodetud Eestis.<\/p>\n\t\t<\/div>\n\t\t\t\t\t<\/div>\n\n\t\n\n\t<div id=\"col-804148196\" class=\"col medium-3 small-12 large-3\"  >\n\t\t\t\t<div class=\"col-inner\"  >\n\t\t\t\n\t\t\t\n<div class=\"is-divider divider clearfix\" ><\/div>\n<p><strong>\u00dcksikasjalikuma n\u00f5u saamiseks v\u00f5tke \u00fchendust:<br \/><\/strong>Ursus O\u00dc<br \/>Kirsi 48<br \/>80010<br \/>P\u00e4rnu<br \/>+372 447 6090<\/p>\n\t\t<\/div>\n\t\t\t\t\t<\/div>\n\n\t\n<\/div>\n","protected":false},"excerpt":{"rendered":"","protected":false},"featured_media":163089,"comment_status":"closed","ping_status":"closed","template":"","meta":[],"product_brand":[],"product_cat":[2788,2927,2931,2932],"product_tag":[],"class_list":{"0":"post-162337","1":"product","2":"type-product","3":"status-publish","4":"has-post-thumbnail","6":"product_cat-aiatarbed-ja-kodukaubad","7":"product_cat-kodukaubad","8":"product_cat-koristustarvikud","9":"product_cat-prugikastid-ja-kotid","10":"pa_kaubamark-ursus-ou","12":"first","13":"instock","14":"sale","15":"taxable","16":"shipping-taxable","17":"purchasable","18":"product-type-simple"},"yoast_head":"<!-- This site is optimized with the Yoast SEO plugin v26.9 - https:\/\/yoast.com\/product\/yoast-seo-wordpress\/ -->\n<title>BIOLAGUNEV PR\u00dcGIKOTT BIOBAG 75L 20TK - Espak E-pood<\/title>\n<meta name=\"robots\" content=\"index, follow, max-snippet:-1, max-image-preview:large, max-video-preview:-1\" \/>\n<link rel=\"canonical\" href=\"https:\/\/espak.ee\/epood\/toode\/biolagunev-prugikott-biobag-75l-20tk\/\" \/>\n<meta property=\"og:locale\" content=\"et_EE\" \/>\n<meta property=\"og:type\" content=\"article\" \/>\n<meta property=\"og:title\" content=\"BIOLAGUNEV PR\u00dcGIKOTT BIOBAG 75L 20TK - Espak E-pood\" \/>\n<meta property=\"og:url\" content=\"https:\/\/espak.ee\/epood\/toode\/biolagunev-prugikott-biobag-75l-20tk\/\" \/>\n<meta property=\"og:site_name\" content=\"Espak E-pood\" \/>\n<meta property=\"article:modified_time\" content=\"2024-03-22T23:35:43+00:00\" \/>\n<meta property=\"og:image\" content=\"https:\/\/espak.ee\/epood\/wp-content\/uploads\/2023\/06\/7035961869055.1.jpg\" \/>\n\t<meta property=\"og:image:width\" content=\"800\" \/>\n\t<meta property=\"og:image:height\" content=\"800\" \/>\n\t<meta property=\"og:image:type\" content=\"image\/jpeg\" \/>\n<meta name=\"twitter:card\" content=\"summary_large_image\" \/>\n<meta name=\"twitter:label1\" content=\"Est. reading time\" \/>\n\t<meta name=\"twitter:data1\" content=\"1 minut\" \/>\n<script type=\"application\/ld+json\" class=\"yoast-schema-graph\">{\"@context\":\"https:\/\/schema.org\",\"@graph\":[{\"@type\":\"WebPage\",\"@id\":\"https:\/\/espak.ee\/epood\/toode\/biolagunev-prugikott-biobag-75l-20tk\/\",\"url\":\"https:\/\/espak.ee\/epood\/toode\/biolagunev-prugikott-biobag-75l-20tk\/\",\"name\":\"BIOLAGUNEV PR\u00dcGIKOTT BIOBAG 75L 20TK - Espak E-pood\",\"isPartOf\":{\"@id\":\"https:\/\/espak.ee\/epood\/#website\"},\"primaryImageOfPage\":{\"@id\":\"https:\/\/espak.ee\/epood\/toode\/biolagunev-prugikott-biobag-75l-20tk\/#primaryimage\"},\"image\":{\"@id\":\"https:\/\/espak.ee\/epood\/toode\/biolagunev-prugikott-biobag-75l-20tk\/#primaryimage\"},\"thumbnailUrl\":\"https:\/\/espak.ee\/epood\/wp-content\/uploads\/2023\/06\/7035961869055.1.jpg\",\"datePublished\":\"2023-06-06T07:16:38+00:00\",\"dateModified\":\"2024-03-22T23:35:43+00:00\",\"breadcrumb\":{\"@id\":\"https:\/\/espak.ee\/epood\/toode\/biolagunev-prugikott-biobag-75l-20tk\/#breadcrumb\"},\"inLanguage\":\"et\",\"potentialAction\":[{\"@type\":\"ReadAction\",\"target\":[\"https:\/\/espak.ee\/epood\/toode\/biolagunev-prugikott-biobag-75l-20tk\/\"]}]},{\"@type\":\"ImageObject\",\"inLanguage\":\"et\",\"@id\":\"https:\/\/espak.ee\/epood\/toode\/biolagunev-prugikott-biobag-75l-20tk\/#primaryimage\",\"url\":\"https:\/\/espak.ee\/epood\/wp-content\/uploads\/2023\/06\/7035961869055.1.jpg\",\"contentUrl\":\"https:\/\/espak.ee\/epood\/wp-content\/uploads\/2023\/06\/7035961869055.1.jpg\",\"width\":800,\"height\":800},{\"@type\":\"BreadcrumbList\",\"@id\":\"https:\/\/espak.ee\/epood\/toode\/biolagunev-prugikott-biobag-75l-20tk\/#breadcrumb\",\"itemListElement\":[{\"@type\":\"ListItem\",\"position\":1,\"name\":\"Home\",\"item\":\"https:\/\/espak.ee\/epood\/\"},{\"@type\":\"ListItem\",\"position\":2,\"name\":\"Tootevalik\",\"item\":\"https:\/\/espak.ee\/epood\/tootevalik\/\"},{\"@type\":\"ListItem\",\"position\":3,\"name\":\"BIOLAGUNEV PR\u00dcGIKOTT BIOBAG 75L 20TK\"}]},{\"@type\":\"WebSite\",\"@id\":\"https:\/\/espak.ee\/epood\/#website\",\"url\":\"https:\/\/espak.ee\/epood\/\",\"name\":\"Espak E-pood\",\"description\":\"\",\"potentialAction\":[{\"@type\":\"SearchAction\",\"target\":{\"@type\":\"EntryPoint\",\"urlTemplate\":\"https:\/\/espak.ee\/epood\/?s={search_term_string}\"},\"query-input\":{\"@type\":\"PropertyValueSpecification\",\"valueRequired\":true,\"valueName\":\"search_term_string\"}}],\"inLanguage\":\"et\"}]}<\/script>\n<!-- \/ Yoast SEO plugin. -->","yoast_head_json":{"title":"BIOLAGUNEV PR\u00dcGIKOTT BIOBAG 75L 20TK - Espak E-pood","robots":{"index":"index","follow":"follow","max-snippet":"max-snippet:-1","max-image-preview":"max-image-preview:large","max-video-preview":"max-video-preview:-1"},"canonical":"https:\/\/espak.ee\/epood\/toode\/biolagunev-prugikott-biobag-75l-20tk\/","og_locale":"et_EE","og_type":"article","og_title":"BIOLAGUNEV PR\u00dcGIKOTT BIOBAG 75L 20TK - Espak E-pood","og_url":"https:\/\/espak.ee\/epood\/toode\/biolagunev-prugikott-biobag-75l-20tk\/","og_site_name":"Espak E-pood","article_modified_time":"2024-03-22T23:35:43+00:00","og_image":[{"width":800,"height":800,"url":"https:\/\/espak.ee\/epood\/wp-content\/uploads\/2023\/06\/7035961869055.1.jpg","type":"image\/jpeg"}],"twitter_card":"summary_large_image","twitter_misc":{"Est. reading time":"1 minut"},"schema":{"@context":"https:\/\/schema.org","@graph":[{"@type":"WebPage","@id":"https:\/\/espak.ee\/epood\/toode\/biolagunev-prugikott-biobag-75l-20tk\/","url":"https:\/\/espak.ee\/epood\/toode\/biolagunev-prugikott-biobag-75l-20tk\/","name":"BIOLAGUNEV PR\u00dcGIKOTT BIOBAG 75L 20TK - Espak E-pood","isPartOf":{"@id":"https:\/\/espak.ee\/epood\/#website"},"primaryImageOfPage":{"@id":"https:\/\/espak.ee\/epood\/toode\/biolagunev-prugikott-biobag-75l-20tk\/#primaryimage"},"image":{"@id":"https:\/\/espak.ee\/epood\/toode\/biolagunev-prugikott-biobag-75l-20tk\/#primaryimage"},"thumbnailUrl":"https:\/\/espak.ee\/epood\/wp-content\/uploads\/2023\/06\/7035961869055.1.jpg","datePublished":"2023-06-06T07:16:38+00:00","dateModified":"2024-03-22T23:35:43+00:00","breadcrumb":{"@id":"https:\/\/espak.ee\/epood\/toode\/biolagunev-prugikott-biobag-75l-20tk\/#breadcrumb"},"inLanguage":"et","potentialAction":[{"@type":"ReadAction","target":["https:\/\/espak.ee\/epood\/toode\/biolagunev-prugikott-biobag-75l-20tk\/"]}]},{"@type":"ImageObject","inLanguage":"et","@id":"https:\/\/espak.ee\/epood\/toode\/biolagunev-prugikott-biobag-75l-20tk\/#primaryimage","url":"https:\/\/espak.ee\/epood\/wp-content\/uploads\/2023\/06\/7035961869055.1.jpg","contentUrl":"https:\/\/espak.ee\/epood\/wp-content\/uploads\/2023\/06\/7035961869055.1.jpg","width":800,"height":800},{"@type":"BreadcrumbList","@id":"https:\/\/espak.ee\/epood\/toode\/biolagunev-prugikott-biobag-75l-20tk\/#breadcrumb","itemListElement":[{"@type":"ListItem","position":1,"name":"Home","item":"https:\/\/espak.ee\/epood\/"},{"@type":"ListItem","position":2,"name":"Tootevalik","item":"https:\/\/espak.ee\/epood\/tootevalik\/"},{"@type":"ListItem","position":3,"name":"BIOLAGUNEV PR\u00dcGIKOTT BIOBAG 75L 20TK"}]},{"@type":"WebSite","@id":"https:\/\/espak.ee\/epood\/#website","url":"https:\/\/espak.ee\/epood\/","name":"Espak E-pood","description":"","potentialAction":[{"@type":"SearchAction","target":{"@type":"EntryPoint","urlTemplate":"https:\/\/espak.ee\/epood\/?s={search_term_string}"},"query-input":{"@type":"PropertyValueSpecification","valueRequired":true,"valueName":"search_term_string"}}],"inLanguage":"et"}]}},"_links":{"self":[{"href":"https:\/\/espak.ee\/epood\/wp-json\/wp\/v2\/product\/162337","targetHints":{"allow":["GET"]}}],"collection":[{"href":"https:\/\/espak.ee\/epood\/wp-json\/wp\/v2\/product"}],"about":[{"href":"https:\/\/espak.ee\/epood\/wp-json\/wp\/v2\/types\/product"}],"replies":[{"embeddable":true,"href":"https:\/\/espak.ee\/epood\/wp-json\/wp\/v2\/comments?post=162337"}],"wp:featuredmedia":[{"embeddable":true,"href":"https:\/\/espak.ee\/epood\/wp-json\/wp\/v2\/media\/163089"}],"wp:attachment":[{"href":"https:\/\/espak.ee\/epood\/wp-json\/wp\/v2\/media?parent=162337"}],"wp:term":[{"taxonomy":"product_brand","embeddable":true,"href":"https:\/\/espak.ee\/epood\/wp-json\/wp\/v2\/product_brand?post=162337"},{"taxonomy":"product_cat","embeddable":true,"href":"https:\/\/espak.ee\/epood\/wp-json\/wp\/v2\/product_cat?post=162337"},{"taxonomy":"product_tag","embeddable":true,"href":"https:\/\/espak.ee\/epood\/wp-json\/wp\/v2\/product_tag?post=162337"}],"curies":[{"name":"wp","href":"https:\/\/api.w.org\/{rel}","templated":true}]}}