{"id":162328,"date":"2023-06-06T09:34:39","date_gmt":"2023-06-06T06:34:39","guid":{"rendered":"https:\/\/espak.ee\/epood\/?post_type=product&#038;p=162328"},"modified":"2025-09-05T12:56:21","modified_gmt":"2025-09-05T09:56:21","slug":"biolagunev-prugikott-biobag-20l-15tk","status":"publish","type":"product","link":"https:\/\/espak.ee\/epood\/toode\/biolagunev-prugikott-biobag-20l-15tk\/","title":{"rendered":"BIOLAGUNEV PR\u00dcGIKOTT BIOBAG 20L 15TK"},"content":{"rendered":"<div class=\"row\"  id=\"row-662729312\">\n\n\t<div id=\"col-1110927508\" class=\"col medium-9 small-12 large-9\"  >\n\t\t\t\t<div class=\"col-inner\"  >\n\t\t\t\n\t\t\t\n<h3>Biolagunev pr\u00fcgikott 20L 15tk\/pk BIOBAG<\/h3>\n<p>Biolagunevate toodete (toiduj\u00e4\u00e4tmed ja muud orgaanilised j\u00e4\u00e4tmed) komposteerimine on oluline ja kasvav tendents paljudes riikides, mist\u00f5ttu v\u00f5ib kaubanduses leida keskkonnas\u00f5bralikke alternatiive. BioBag biolagunevad pr\u00fcgikotid on sertifitseeritud koduses kompostis komposteeruvaks. Seda kinnitab tootel vastav m\u00e4rgistus OK Compost HOME. Pr\u00fcgikotid vastavad ka Euroopa standardile EN13432.<br \/>\n Materjali paksus 17 mikronit. Koti maht 20 liitrit, m\u00f5\u00f5dud 420x540mm.<br \/>\n Kottide tooraineks on Itaalia ettev\u00f5tte Novamont materjal Mater-Bi (p\u00f5hikoostis t\u00e4rklis ja taimekiud). Hingav kompostitav kott, mida kasutatakse eelk\u00f5ige toiduj\u00e4\u00e4tmete kogumiseks. T\u00e4he kujuline p\u00f5hjakeevitus kindlustab koti tugeva p\u00f5hja, t\u00e4nu millele saab bioj\u00e4\u00e4tmed muretult v\u00e4likonteinerisse viia. Sobib kodus kompostimiseks- Ok compost HOME sertifikaat.<br \/>\n Toodetud Eestis.<\/p>\n\t\t<\/div>\n\t\t\t\t\t<\/div>\n\n\t\n\n\t<div id=\"col-1312502408\" class=\"col medium-3 small-12 large-3\"  >\n\t\t\t\t<div class=\"col-inner\"  >\n\t\t\t\n\t\t\t\n<div class=\"is-divider divider clearfix\" ><\/div>\n<p><strong>\u00dcksikasjalikuma n\u00f5u saamiseks v\u00f5tke \u00fchendust:<br \/><\/strong>Ursus O\u00dc<br \/>Kirsi 48<br \/>80010<br \/>P\u00e4rnu<br \/>+372 447 6090<\/p>\n\t\t<\/div>\n\t\t\t\t\t<\/div>\n\n\t\n<\/div>\n","protected":false},"excerpt":{"rendered":"","protected":false},"featured_media":163091,"comment_status":"closed","ping_status":"closed","template":"","meta":[],"product_brand":[],"product_cat":[2788,2927,2931,2932],"product_tag":[],"class_list":{"0":"post-162328","1":"product","2":"type-product","3":"status-publish","4":"has-post-thumbnail","6":"product_cat-aiatarbed-ja-kodukaubad","7":"product_cat-kodukaubad","8":"product_cat-koristustarvikud","9":"product_cat-prugikastid-ja-kotid","10":"pa_kaubamark-ursus-ou","12":"first","13":"instock","14":"sale","15":"taxable","16":"shipping-taxable","17":"purchasable","18":"product-type-simple"},"yoast_head":"<!-- This site is optimized with the Yoast SEO plugin v26.9 - https:\/\/yoast.com\/product\/yoast-seo-wordpress\/ -->\n<title>BIOLAGUNEV PR\u00dcGIKOTT BIOBAG 20L 15TK - Espak E-pood<\/title>\n<meta name=\"robots\" content=\"index, follow, max-snippet:-1, max-image-preview:large, max-video-preview:-1\" \/>\n<link rel=\"canonical\" href=\"https:\/\/espak.ee\/epood\/toode\/biolagunev-prugikott-biobag-20l-15tk\/\" \/>\n<meta property=\"og:locale\" content=\"et_EE\" \/>\n<meta property=\"og:type\" content=\"article\" \/>\n<meta property=\"og:title\" content=\"BIOLAGUNEV PR\u00dcGIKOTT BIOBAG 20L 15TK - Espak E-pood\" \/>\n<meta property=\"og:url\" content=\"https:\/\/espak.ee\/epood\/toode\/biolagunev-prugikott-biobag-20l-15tk\/\" \/>\n<meta property=\"og:site_name\" content=\"Espak E-pood\" \/>\n<meta property=\"article:modified_time\" content=\"2025-09-05T09:56:21+00:00\" \/>\n<meta property=\"og:image\" content=\"https:\/\/espak.ee\/epood\/wp-content\/uploads\/2023\/06\/7035961869024.jpg\" \/>\n\t<meta property=\"og:image:width\" content=\"800\" \/>\n\t<meta property=\"og:image:height\" content=\"800\" \/>\n\t<meta property=\"og:image:type\" content=\"image\/jpeg\" \/>\n<meta name=\"twitter:card\" content=\"summary_large_image\" \/>\n<meta name=\"twitter:label1\" content=\"Est. reading time\" \/>\n\t<meta name=\"twitter:data1\" content=\"1 minut\" \/>\n<script type=\"application\/ld+json\" class=\"yoast-schema-graph\">{\"@context\":\"https:\/\/schema.org\",\"@graph\":[{\"@type\":\"WebPage\",\"@id\":\"https:\/\/espak.ee\/epood\/toode\/biolagunev-prugikott-biobag-20l-15tk\/\",\"url\":\"https:\/\/espak.ee\/epood\/toode\/biolagunev-prugikott-biobag-20l-15tk\/\",\"name\":\"BIOLAGUNEV PR\u00dcGIKOTT BIOBAG 20L 15TK - Espak E-pood\",\"isPartOf\":{\"@id\":\"https:\/\/espak.ee\/epood\/#website\"},\"primaryImageOfPage\":{\"@id\":\"https:\/\/espak.ee\/epood\/toode\/biolagunev-prugikott-biobag-20l-15tk\/#primaryimage\"},\"image\":{\"@id\":\"https:\/\/espak.ee\/epood\/toode\/biolagunev-prugikott-biobag-20l-15tk\/#primaryimage\"},\"thumbnailUrl\":\"https:\/\/espak.ee\/epood\/wp-content\/uploads\/2023\/06\/7035961869024.jpg\",\"datePublished\":\"2023-06-06T06:34:39+00:00\",\"dateModified\":\"2025-09-05T09:56:21+00:00\",\"breadcrumb\":{\"@id\":\"https:\/\/espak.ee\/epood\/toode\/biolagunev-prugikott-biobag-20l-15tk\/#breadcrumb\"},\"inLanguage\":\"et\",\"potentialAction\":[{\"@type\":\"ReadAction\",\"target\":[\"https:\/\/espak.ee\/epood\/toode\/biolagunev-prugikott-biobag-20l-15tk\/\"]}]},{\"@type\":\"ImageObject\",\"inLanguage\":\"et\",\"@id\":\"https:\/\/espak.ee\/epood\/toode\/biolagunev-prugikott-biobag-20l-15tk\/#primaryimage\",\"url\":\"https:\/\/espak.ee\/epood\/wp-content\/uploads\/2023\/06\/7035961869024.jpg\",\"contentUrl\":\"https:\/\/espak.ee\/epood\/wp-content\/uploads\/2023\/06\/7035961869024.jpg\",\"width\":800,\"height\":800},{\"@type\":\"BreadcrumbList\",\"@id\":\"https:\/\/espak.ee\/epood\/toode\/biolagunev-prugikott-biobag-20l-15tk\/#breadcrumb\",\"itemListElement\":[{\"@type\":\"ListItem\",\"position\":1,\"name\":\"Home\",\"item\":\"https:\/\/espak.ee\/epood\/\"},{\"@type\":\"ListItem\",\"position\":2,\"name\":\"Tootevalik\",\"item\":\"https:\/\/espak.ee\/epood\/tootevalik\/\"},{\"@type\":\"ListItem\",\"position\":3,\"name\":\"BIOLAGUNEV PR\u00dcGIKOTT BIOBAG 20L 15TK\"}]},{\"@type\":\"WebSite\",\"@id\":\"https:\/\/espak.ee\/epood\/#website\",\"url\":\"https:\/\/espak.ee\/epood\/\",\"name\":\"Espak E-pood\",\"description\":\"\",\"potentialAction\":[{\"@type\":\"SearchAction\",\"target\":{\"@type\":\"EntryPoint\",\"urlTemplate\":\"https:\/\/espak.ee\/epood\/?s={search_term_string}\"},\"query-input\":{\"@type\":\"PropertyValueSpecification\",\"valueRequired\":true,\"valueName\":\"search_term_string\"}}],\"inLanguage\":\"et\"}]}<\/script>\n<!-- \/ Yoast SEO plugin. -->","yoast_head_json":{"title":"BIOLAGUNEV PR\u00dcGIKOTT BIOBAG 20L 15TK - Espak E-pood","robots":{"index":"index","follow":"follow","max-snippet":"max-snippet:-1","max-image-preview":"max-image-preview:large","max-video-preview":"max-video-preview:-1"},"canonical":"https:\/\/espak.ee\/epood\/toode\/biolagunev-prugikott-biobag-20l-15tk\/","og_locale":"et_EE","og_type":"article","og_title":"BIOLAGUNEV PR\u00dcGIKOTT BIOBAG 20L 15TK - Espak E-pood","og_url":"https:\/\/espak.ee\/epood\/toode\/biolagunev-prugikott-biobag-20l-15tk\/","og_site_name":"Espak E-pood","article_modified_time":"2025-09-05T09:56:21+00:00","og_image":[{"width":800,"height":800,"url":"https:\/\/espak.ee\/epood\/wp-content\/uploads\/2023\/06\/7035961869024.jpg","type":"image\/jpeg"}],"twitter_card":"summary_large_image","twitter_misc":{"Est. reading time":"1 minut"},"schema":{"@context":"https:\/\/schema.org","@graph":[{"@type":"WebPage","@id":"https:\/\/espak.ee\/epood\/toode\/biolagunev-prugikott-biobag-20l-15tk\/","url":"https:\/\/espak.ee\/epood\/toode\/biolagunev-prugikott-biobag-20l-15tk\/","name":"BIOLAGUNEV PR\u00dcGIKOTT BIOBAG 20L 15TK - Espak E-pood","isPartOf":{"@id":"https:\/\/espak.ee\/epood\/#website"},"primaryImageOfPage":{"@id":"https:\/\/espak.ee\/epood\/toode\/biolagunev-prugikott-biobag-20l-15tk\/#primaryimage"},"image":{"@id":"https:\/\/espak.ee\/epood\/toode\/biolagunev-prugikott-biobag-20l-15tk\/#primaryimage"},"thumbnailUrl":"https:\/\/espak.ee\/epood\/wp-content\/uploads\/2023\/06\/7035961869024.jpg","datePublished":"2023-06-06T06:34:39+00:00","dateModified":"2025-09-05T09:56:21+00:00","breadcrumb":{"@id":"https:\/\/espak.ee\/epood\/toode\/biolagunev-prugikott-biobag-20l-15tk\/#breadcrumb"},"inLanguage":"et","potentialAction":[{"@type":"ReadAction","target":["https:\/\/espak.ee\/epood\/toode\/biolagunev-prugikott-biobag-20l-15tk\/"]}]},{"@type":"ImageObject","inLanguage":"et","@id":"https:\/\/espak.ee\/epood\/toode\/biolagunev-prugikott-biobag-20l-15tk\/#primaryimage","url":"https:\/\/espak.ee\/epood\/wp-content\/uploads\/2023\/06\/7035961869024.jpg","contentUrl":"https:\/\/espak.ee\/epood\/wp-content\/uploads\/2023\/06\/7035961869024.jpg","width":800,"height":800},{"@type":"BreadcrumbList","@id":"https:\/\/espak.ee\/epood\/toode\/biolagunev-prugikott-biobag-20l-15tk\/#breadcrumb","itemListElement":[{"@type":"ListItem","position":1,"name":"Home","item":"https:\/\/espak.ee\/epood\/"},{"@type":"ListItem","position":2,"name":"Tootevalik","item":"https:\/\/espak.ee\/epood\/tootevalik\/"},{"@type":"ListItem","position":3,"name":"BIOLAGUNEV PR\u00dcGIKOTT BIOBAG 20L 15TK"}]},{"@type":"WebSite","@id":"https:\/\/espak.ee\/epood\/#website","url":"https:\/\/espak.ee\/epood\/","name":"Espak E-pood","description":"","potentialAction":[{"@type":"SearchAction","target":{"@type":"EntryPoint","urlTemplate":"https:\/\/espak.ee\/epood\/?s={search_term_string}"},"query-input":{"@type":"PropertyValueSpecification","valueRequired":true,"valueName":"search_term_string"}}],"inLanguage":"et"}]}},"_links":{"self":[{"href":"https:\/\/espak.ee\/epood\/wp-json\/wp\/v2\/product\/162328","targetHints":{"allow":["GET"]}}],"collection":[{"href":"https:\/\/espak.ee\/epood\/wp-json\/wp\/v2\/product"}],"about":[{"href":"https:\/\/espak.ee\/epood\/wp-json\/wp\/v2\/types\/product"}],"replies":[{"embeddable":true,"href":"https:\/\/espak.ee\/epood\/wp-json\/wp\/v2\/comments?post=162328"}],"wp:featuredmedia":[{"embeddable":true,"href":"https:\/\/espak.ee\/epood\/wp-json\/wp\/v2\/media\/163091"}],"wp:attachment":[{"href":"https:\/\/espak.ee\/epood\/wp-json\/wp\/v2\/media?parent=162328"}],"wp:term":[{"taxonomy":"product_brand","embeddable":true,"href":"https:\/\/espak.ee\/epood\/wp-json\/wp\/v2\/product_brand?post=162328"},{"taxonomy":"product_cat","embeddable":true,"href":"https:\/\/espak.ee\/epood\/wp-json\/wp\/v2\/product_cat?post=162328"},{"taxonomy":"product_tag","embeddable":true,"href":"https:\/\/espak.ee\/epood\/wp-json\/wp\/v2\/product_tag?post=162328"}],"curies":[{"name":"wp","href":"https:\/\/api.w.org\/{rel}","templated":true}]}}