{"id":162302,"date":"2023-06-06T04:31:51","date_gmt":"2023-06-06T01:31:51","guid":{"rendered":"https:\/\/espak.ee\/epood\/?post_type=product&#038;p=162302"},"modified":"2026-02-21T01:56:29","modified_gmt":"2026-02-20T23:56:29","slug":"prussaka-liimpuunis-bros-tunnel-1tk","status":"publish","type":"product","link":"https:\/\/espak.ee\/epood\/toode\/prussaka-liimpuunis-bros-tunnel-1tk\/","title":{"rendered":"PRUSSAKA LIIMP\u00dc\u00dcNIS BROS TUNNEL 1TK"},"content":{"rendered":"<div class=\"row\"  id=\"row-215892245\">\n\n\t<div id=\"col-1052750357\" class=\"col medium-9 small-12 large-9\"  >\n\t\t\t\t<div class=\"col-inner\"  >\n\t\t\t\n\t\t\t\n<h3>Prussaka liimp\u00fc\u00fcnis tunnel Bros<\/h3>\n<p>Traditsiooniline ja ennast t\u00f5estanud meetod saksa prussakate, prussakate ja teiste roomavate putukate h\u00e4vitamiseks. T\u00e4nu liimaine spetsiaalsele koostisele p\u00fcsib p\u00fc\u00fcnis efektiivne mitu kuud. Toodet v\u00f5ib kasutada tubades, kus viibivad lapsed, haiged ja allergilised inimesed. Ei sisalda keemilisi putukam\u00fcrke. <\/p>\n\t\t<\/div>\n\t\t\t\t\t<\/div>\n\n\t\n\n\t<div id=\"col-403461763\" class=\"col medium-3 small-12 large-3\"  >\n\t\t\t\t<div class=\"col-inner\"  >\n\t\t\t\n\t\t\t\n<div class=\"is-divider divider clearfix\" ><\/div>\n<p><strong>\u00dcksikasjalikuma n\u00f5u saamiseks v\u00f5tke \u00fchendust:<br \/><\/strong>Ursus O\u00dc<br \/>Kirsi 48<br \/>80010<br \/>P\u00e4rnu<br \/>+372 447 6090<\/p>\n\t\t<\/div>\n\t\t\t\t\t<\/div>\n\n\t\n<\/div>\n","protected":false},"excerpt":{"rendered":"","protected":false},"featured_media":163096,"comment_status":"closed","ping_status":"closed","template":"","meta":[],"product_brand":[],"product_cat":[2789,2788,2884,4751],"product_tag":[],"class_list":{"0":"post-162302","1":"product","2":"type-product","3":"status-publish","4":"has-post-thumbnail","6":"product_cat-aiatarbed","7":"product_cat-aiatarbed-ja-kodukaubad","8":"product_cat-olmekahjurite-torjevahendid","9":"product_cat-roomavate-putukate-torjevahendid","10":"pa_kaubamark-ursus-ou","12":"first","13":"instock","14":"sale","15":"taxable","16":"shipping-taxable","17":"purchasable","18":"product-type-simple"},"yoast_head":"<!-- This site is optimized with the Yoast SEO plugin v26.9 - https:\/\/yoast.com\/product\/yoast-seo-wordpress\/ -->\n<title>PRUSSAKA LIIMP\u00dc\u00dcNIS BROS TUNNEL 1TK - Espak E-pood<\/title>\n<meta name=\"robots\" content=\"index, follow, max-snippet:-1, max-image-preview:large, max-video-preview:-1\" \/>\n<link rel=\"canonical\" href=\"https:\/\/espak.ee\/epood\/toode\/prussaka-liimpuunis-bros-tunnel-1tk\/\" \/>\n<meta property=\"og:locale\" content=\"et_EE\" \/>\n<meta property=\"og:type\" content=\"article\" \/>\n<meta property=\"og:title\" content=\"PRUSSAKA LIIMP\u00dc\u00dcNIS BROS TUNNEL 1TK - Espak E-pood\" \/>\n<meta property=\"og:url\" content=\"https:\/\/espak.ee\/epood\/toode\/prussaka-liimpuunis-bros-tunnel-1tk\/\" \/>\n<meta property=\"og:site_name\" content=\"Espak E-pood\" \/>\n<meta property=\"article:modified_time\" content=\"2026-02-20T23:56:29+00:00\" \/>\n<meta property=\"og:image\" content=\"https:\/\/espak.ee\/epood\/wp-content\/uploads\/2023\/06\/5904517065956.jpg\" \/>\n\t<meta property=\"og:image:width\" content=\"800\" \/>\n\t<meta property=\"og:image:height\" content=\"800\" \/>\n\t<meta property=\"og:image:type\" content=\"image\/jpeg\" \/>\n<meta name=\"twitter:card\" content=\"summary_large_image\" \/>\n<script type=\"application\/ld+json\" class=\"yoast-schema-graph\">{\"@context\":\"https:\/\/schema.org\",\"@graph\":[{\"@type\":\"WebPage\",\"@id\":\"https:\/\/espak.ee\/epood\/toode\/prussaka-liimpuunis-bros-tunnel-1tk\/\",\"url\":\"https:\/\/espak.ee\/epood\/toode\/prussaka-liimpuunis-bros-tunnel-1tk\/\",\"name\":\"PRUSSAKA LIIMP\u00dc\u00dcNIS BROS TUNNEL 1TK - Espak E-pood\",\"isPartOf\":{\"@id\":\"https:\/\/espak.ee\/epood\/#website\"},\"primaryImageOfPage\":{\"@id\":\"https:\/\/espak.ee\/epood\/toode\/prussaka-liimpuunis-bros-tunnel-1tk\/#primaryimage\"},\"image\":{\"@id\":\"https:\/\/espak.ee\/epood\/toode\/prussaka-liimpuunis-bros-tunnel-1tk\/#primaryimage\"},\"thumbnailUrl\":\"https:\/\/espak.ee\/epood\/wp-content\/uploads\/2023\/06\/5904517065956.jpg\",\"datePublished\":\"2023-06-06T01:31:51+00:00\",\"dateModified\":\"2026-02-20T23:56:29+00:00\",\"breadcrumb\":{\"@id\":\"https:\/\/espak.ee\/epood\/toode\/prussaka-liimpuunis-bros-tunnel-1tk\/#breadcrumb\"},\"inLanguage\":\"et\",\"potentialAction\":[{\"@type\":\"ReadAction\",\"target\":[\"https:\/\/espak.ee\/epood\/toode\/prussaka-liimpuunis-bros-tunnel-1tk\/\"]}]},{\"@type\":\"ImageObject\",\"inLanguage\":\"et\",\"@id\":\"https:\/\/espak.ee\/epood\/toode\/prussaka-liimpuunis-bros-tunnel-1tk\/#primaryimage\",\"url\":\"https:\/\/espak.ee\/epood\/wp-content\/uploads\/2023\/06\/5904517065956.jpg\",\"contentUrl\":\"https:\/\/espak.ee\/epood\/wp-content\/uploads\/2023\/06\/5904517065956.jpg\",\"width\":800,\"height\":800},{\"@type\":\"BreadcrumbList\",\"@id\":\"https:\/\/espak.ee\/epood\/toode\/prussaka-liimpuunis-bros-tunnel-1tk\/#breadcrumb\",\"itemListElement\":[{\"@type\":\"ListItem\",\"position\":1,\"name\":\"Home\",\"item\":\"https:\/\/espak.ee\/epood\/\"},{\"@type\":\"ListItem\",\"position\":2,\"name\":\"Tootevalik\",\"item\":\"https:\/\/espak.ee\/epood\/tootevalik\/\"},{\"@type\":\"ListItem\",\"position\":3,\"name\":\"PRUSSAKA LIIMP\u00dc\u00dcNIS BROS TUNNEL 1TK\"}]},{\"@type\":\"WebSite\",\"@id\":\"https:\/\/espak.ee\/epood\/#website\",\"url\":\"https:\/\/espak.ee\/epood\/\",\"name\":\"Espak E-pood\",\"description\":\"\",\"potentialAction\":[{\"@type\":\"SearchAction\",\"target\":{\"@type\":\"EntryPoint\",\"urlTemplate\":\"https:\/\/espak.ee\/epood\/?s={search_term_string}\"},\"query-input\":{\"@type\":\"PropertyValueSpecification\",\"valueRequired\":true,\"valueName\":\"search_term_string\"}}],\"inLanguage\":\"et\"}]}<\/script>\n<!-- \/ Yoast SEO plugin. -->","yoast_head_json":{"title":"PRUSSAKA LIIMP\u00dc\u00dcNIS BROS TUNNEL 1TK - Espak E-pood","robots":{"index":"index","follow":"follow","max-snippet":"max-snippet:-1","max-image-preview":"max-image-preview:large","max-video-preview":"max-video-preview:-1"},"canonical":"https:\/\/espak.ee\/epood\/toode\/prussaka-liimpuunis-bros-tunnel-1tk\/","og_locale":"et_EE","og_type":"article","og_title":"PRUSSAKA LIIMP\u00dc\u00dcNIS BROS TUNNEL 1TK - Espak E-pood","og_url":"https:\/\/espak.ee\/epood\/toode\/prussaka-liimpuunis-bros-tunnel-1tk\/","og_site_name":"Espak E-pood","article_modified_time":"2026-02-20T23:56:29+00:00","og_image":[{"width":800,"height":800,"url":"https:\/\/espak.ee\/epood\/wp-content\/uploads\/2023\/06\/5904517065956.jpg","type":"image\/jpeg"}],"twitter_card":"summary_large_image","schema":{"@context":"https:\/\/schema.org","@graph":[{"@type":"WebPage","@id":"https:\/\/espak.ee\/epood\/toode\/prussaka-liimpuunis-bros-tunnel-1tk\/","url":"https:\/\/espak.ee\/epood\/toode\/prussaka-liimpuunis-bros-tunnel-1tk\/","name":"PRUSSAKA LIIMP\u00dc\u00dcNIS BROS TUNNEL 1TK - Espak E-pood","isPartOf":{"@id":"https:\/\/espak.ee\/epood\/#website"},"primaryImageOfPage":{"@id":"https:\/\/espak.ee\/epood\/toode\/prussaka-liimpuunis-bros-tunnel-1tk\/#primaryimage"},"image":{"@id":"https:\/\/espak.ee\/epood\/toode\/prussaka-liimpuunis-bros-tunnel-1tk\/#primaryimage"},"thumbnailUrl":"https:\/\/espak.ee\/epood\/wp-content\/uploads\/2023\/06\/5904517065956.jpg","datePublished":"2023-06-06T01:31:51+00:00","dateModified":"2026-02-20T23:56:29+00:00","breadcrumb":{"@id":"https:\/\/espak.ee\/epood\/toode\/prussaka-liimpuunis-bros-tunnel-1tk\/#breadcrumb"},"inLanguage":"et","potentialAction":[{"@type":"ReadAction","target":["https:\/\/espak.ee\/epood\/toode\/prussaka-liimpuunis-bros-tunnel-1tk\/"]}]},{"@type":"ImageObject","inLanguage":"et","@id":"https:\/\/espak.ee\/epood\/toode\/prussaka-liimpuunis-bros-tunnel-1tk\/#primaryimage","url":"https:\/\/espak.ee\/epood\/wp-content\/uploads\/2023\/06\/5904517065956.jpg","contentUrl":"https:\/\/espak.ee\/epood\/wp-content\/uploads\/2023\/06\/5904517065956.jpg","width":800,"height":800},{"@type":"BreadcrumbList","@id":"https:\/\/espak.ee\/epood\/toode\/prussaka-liimpuunis-bros-tunnel-1tk\/#breadcrumb","itemListElement":[{"@type":"ListItem","position":1,"name":"Home","item":"https:\/\/espak.ee\/epood\/"},{"@type":"ListItem","position":2,"name":"Tootevalik","item":"https:\/\/espak.ee\/epood\/tootevalik\/"},{"@type":"ListItem","position":3,"name":"PRUSSAKA LIIMP\u00dc\u00dcNIS BROS TUNNEL 1TK"}]},{"@type":"WebSite","@id":"https:\/\/espak.ee\/epood\/#website","url":"https:\/\/espak.ee\/epood\/","name":"Espak E-pood","description":"","potentialAction":[{"@type":"SearchAction","target":{"@type":"EntryPoint","urlTemplate":"https:\/\/espak.ee\/epood\/?s={search_term_string}"},"query-input":{"@type":"PropertyValueSpecification","valueRequired":true,"valueName":"search_term_string"}}],"inLanguage":"et"}]}},"_links":{"self":[{"href":"https:\/\/espak.ee\/epood\/wp-json\/wp\/v2\/product\/162302","targetHints":{"allow":["GET"]}}],"collection":[{"href":"https:\/\/espak.ee\/epood\/wp-json\/wp\/v2\/product"}],"about":[{"href":"https:\/\/espak.ee\/epood\/wp-json\/wp\/v2\/types\/product"}],"replies":[{"embeddable":true,"href":"https:\/\/espak.ee\/epood\/wp-json\/wp\/v2\/comments?post=162302"}],"wp:featuredmedia":[{"embeddable":true,"href":"https:\/\/espak.ee\/epood\/wp-json\/wp\/v2\/media\/163096"}],"wp:attachment":[{"href":"https:\/\/espak.ee\/epood\/wp-json\/wp\/v2\/media?parent=162302"}],"wp:term":[{"taxonomy":"product_brand","embeddable":true,"href":"https:\/\/espak.ee\/epood\/wp-json\/wp\/v2\/product_brand?post=162302"},{"taxonomy":"product_cat","embeddable":true,"href":"https:\/\/espak.ee\/epood\/wp-json\/wp\/v2\/product_cat?post=162302"},{"taxonomy":"product_tag","embeddable":true,"href":"https:\/\/espak.ee\/epood\/wp-json\/wp\/v2\/product_tag?post=162302"}],"curies":[{"name":"wp","href":"https:\/\/api.w.org\/{rel}","templated":true}]}}