{"id":162287,"date":"2023-06-06T02:52:29","date_gmt":"2023-06-05T23:52:29","guid":{"rendered":"https:\/\/espak.ee\/epood\/?post_type=product&#038;p=162287"},"modified":"2024-03-23T01:35:26","modified_gmt":"2024-03-22T23:35:26","slug":"herilaste-ja-vaablaste-aerosoolmurk-bros-300ml","status":"publish","type":"product","link":"https:\/\/espak.ee\/epood\/toode\/herilaste-ja-vaablaste-aerosoolmurk-bros-300ml\/","title":{"rendered":"HERILASTE JA VAABLASTE AEROSOOLM\u00dcRK BROS 300ML"},"content":{"rendered":"<div class=\"row\"  id=\"row-278140371\">\n\n\t<div id=\"col-1646378711\" class=\"col medium-9 small-12 large-9\"  >\n\t\t\t\t<div class=\"col-inner\"  >\n\t\t\t\n\t\t\t\n<h3>Herilaste ja vaablaste aerosoolm\u00fcrk Bros 300ml<\/h3>\n<p>Aerosool herilaste, vapsikute ja nende pesade h\u00e4vitamiseks aias, terrassil, r\u00f5dul, p\u00f6\u00f6ningul jms kohtades. T\u00e4nu pihusti spetsiaalsele disainile saab pihustada ohutult isegi kuni 5 m kauguselt, mis hoiab \u00e4ra otsese kokkupuute putukatega. Toode toimib koheselt ja p\u00fcsib efektiivne mitu p\u00e4eva.<\/p>\n\t\t<\/div>\n\t\t\t\t\t<\/div>\n\n\t\n\n\t<div id=\"col-1392826123\" class=\"col medium-3 small-12 large-3\"  >\n\t\t\t\t<div class=\"col-inner\"  >\n\t\t\t\n\t\t\t\n<div class=\"is-divider divider clearfix\" ><\/div>\n<p><strong>\u00dcksikasjalikuma n\u00f5u saamiseks v\u00f5tke \u00fchendust:<br \/><\/strong>Ursus O\u00dc<br \/>Kirsi 48<br \/>80010<br \/>P\u00e4rnu<br \/>+372 447 6090<\/p>\n\t\t<\/div>\n\t\t\t\t\t<\/div>\n\n\t\n<\/div>\n","protected":false},"excerpt":{"rendered":"","protected":false},"featured_media":163069,"comment_status":"closed","ping_status":"closed","template":"","meta":[],"product_brand":[],"product_cat":[2789,2788,2884,4753],"product_tag":[],"class_list":{"0":"post-162287","1":"product","2":"type-product","3":"status-publish","4":"has-post-thumbnail","6":"product_cat-aiatarbed","7":"product_cat-aiatarbed-ja-kodukaubad","8":"product_cat-olmekahjurite-torjevahendid","9":"product_cat-saaskede-torjevahendid","10":"pa_kaubamark-ursus-ou","12":"first","13":"outofstock","14":"sale","15":"taxable","16":"shipping-taxable","17":"purchasable","18":"product-type-simple"},"yoast_head":"<!-- This site is optimized with the Yoast SEO plugin v26.9 - https:\/\/yoast.com\/product\/yoast-seo-wordpress\/ -->\n<title>HERILASTE JA VAABLASTE AEROSOOLM\u00dcRK BROS 300ML - Espak E-pood<\/title>\n<meta name=\"robots\" content=\"index, follow, max-snippet:-1, max-image-preview:large, max-video-preview:-1\" \/>\n<link rel=\"canonical\" href=\"https:\/\/espak.ee\/epood\/toode\/herilaste-ja-vaablaste-aerosoolmurk-bros-300ml\/\" \/>\n<meta property=\"og:locale\" content=\"et_EE\" \/>\n<meta property=\"og:type\" content=\"article\" \/>\n<meta property=\"og:title\" content=\"HERILASTE JA VAABLASTE AEROSOOLM\u00dcRK BROS 300ML - Espak E-pood\" \/>\n<meta property=\"og:url\" content=\"https:\/\/espak.ee\/epood\/toode\/herilaste-ja-vaablaste-aerosoolmurk-bros-300ml\/\" \/>\n<meta property=\"og:site_name\" content=\"Espak E-pood\" \/>\n<meta property=\"article:modified_time\" content=\"2024-03-22T23:35:26+00:00\" \/>\n<meta property=\"og:image\" content=\"https:\/\/espak.ee\/epood\/wp-content\/uploads\/2023\/06\/5904517021525.jpg\" \/>\n\t<meta property=\"og:image:width\" content=\"800\" \/>\n\t<meta property=\"og:image:height\" content=\"800\" \/>\n\t<meta property=\"og:image:type\" content=\"image\/jpeg\" \/>\n<meta name=\"twitter:card\" content=\"summary_large_image\" \/>\n<script type=\"application\/ld+json\" class=\"yoast-schema-graph\">{\"@context\":\"https:\/\/schema.org\",\"@graph\":[{\"@type\":\"WebPage\",\"@id\":\"https:\/\/espak.ee\/epood\/toode\/herilaste-ja-vaablaste-aerosoolmurk-bros-300ml\/\",\"url\":\"https:\/\/espak.ee\/epood\/toode\/herilaste-ja-vaablaste-aerosoolmurk-bros-300ml\/\",\"name\":\"HERILASTE JA VAABLASTE AEROSOOLM\u00dcRK BROS 300ML - Espak E-pood\",\"isPartOf\":{\"@id\":\"https:\/\/espak.ee\/epood\/#website\"},\"primaryImageOfPage\":{\"@id\":\"https:\/\/espak.ee\/epood\/toode\/herilaste-ja-vaablaste-aerosoolmurk-bros-300ml\/#primaryimage\"},\"image\":{\"@id\":\"https:\/\/espak.ee\/epood\/toode\/herilaste-ja-vaablaste-aerosoolmurk-bros-300ml\/#primaryimage\"},\"thumbnailUrl\":\"https:\/\/espak.ee\/epood\/wp-content\/uploads\/2023\/06\/5904517021525.jpg\",\"datePublished\":\"2023-06-05T23:52:29+00:00\",\"dateModified\":\"2024-03-22T23:35:26+00:00\",\"breadcrumb\":{\"@id\":\"https:\/\/espak.ee\/epood\/toode\/herilaste-ja-vaablaste-aerosoolmurk-bros-300ml\/#breadcrumb\"},\"inLanguage\":\"et\",\"potentialAction\":[{\"@type\":\"ReadAction\",\"target\":[\"https:\/\/espak.ee\/epood\/toode\/herilaste-ja-vaablaste-aerosoolmurk-bros-300ml\/\"]}]},{\"@type\":\"ImageObject\",\"inLanguage\":\"et\",\"@id\":\"https:\/\/espak.ee\/epood\/toode\/herilaste-ja-vaablaste-aerosoolmurk-bros-300ml\/#primaryimage\",\"url\":\"https:\/\/espak.ee\/epood\/wp-content\/uploads\/2023\/06\/5904517021525.jpg\",\"contentUrl\":\"https:\/\/espak.ee\/epood\/wp-content\/uploads\/2023\/06\/5904517021525.jpg\",\"width\":800,\"height\":800},{\"@type\":\"BreadcrumbList\",\"@id\":\"https:\/\/espak.ee\/epood\/toode\/herilaste-ja-vaablaste-aerosoolmurk-bros-300ml\/#breadcrumb\",\"itemListElement\":[{\"@type\":\"ListItem\",\"position\":1,\"name\":\"Home\",\"item\":\"https:\/\/espak.ee\/epood\/\"},{\"@type\":\"ListItem\",\"position\":2,\"name\":\"Tootevalik\",\"item\":\"https:\/\/espak.ee\/epood\/tootevalik\/\"},{\"@type\":\"ListItem\",\"position\":3,\"name\":\"HERILASTE JA VAABLASTE AEROSOOLM\u00dcRK BROS 300ML\"}]},{\"@type\":\"WebSite\",\"@id\":\"https:\/\/espak.ee\/epood\/#website\",\"url\":\"https:\/\/espak.ee\/epood\/\",\"name\":\"Espak E-pood\",\"description\":\"\",\"potentialAction\":[{\"@type\":\"SearchAction\",\"target\":{\"@type\":\"EntryPoint\",\"urlTemplate\":\"https:\/\/espak.ee\/epood\/?s={search_term_string}\"},\"query-input\":{\"@type\":\"PropertyValueSpecification\",\"valueRequired\":true,\"valueName\":\"search_term_string\"}}],\"inLanguage\":\"et\"}]}<\/script>\n<!-- \/ Yoast SEO plugin. -->","yoast_head_json":{"title":"HERILASTE JA VAABLASTE AEROSOOLM\u00dcRK BROS 300ML - Espak E-pood","robots":{"index":"index","follow":"follow","max-snippet":"max-snippet:-1","max-image-preview":"max-image-preview:large","max-video-preview":"max-video-preview:-1"},"canonical":"https:\/\/espak.ee\/epood\/toode\/herilaste-ja-vaablaste-aerosoolmurk-bros-300ml\/","og_locale":"et_EE","og_type":"article","og_title":"HERILASTE JA VAABLASTE AEROSOOLM\u00dcRK BROS 300ML - Espak E-pood","og_url":"https:\/\/espak.ee\/epood\/toode\/herilaste-ja-vaablaste-aerosoolmurk-bros-300ml\/","og_site_name":"Espak E-pood","article_modified_time":"2024-03-22T23:35:26+00:00","og_image":[{"width":800,"height":800,"url":"https:\/\/espak.ee\/epood\/wp-content\/uploads\/2023\/06\/5904517021525.jpg","type":"image\/jpeg"}],"twitter_card":"summary_large_image","schema":{"@context":"https:\/\/schema.org","@graph":[{"@type":"WebPage","@id":"https:\/\/espak.ee\/epood\/toode\/herilaste-ja-vaablaste-aerosoolmurk-bros-300ml\/","url":"https:\/\/espak.ee\/epood\/toode\/herilaste-ja-vaablaste-aerosoolmurk-bros-300ml\/","name":"HERILASTE JA VAABLASTE AEROSOOLM\u00dcRK BROS 300ML - Espak E-pood","isPartOf":{"@id":"https:\/\/espak.ee\/epood\/#website"},"primaryImageOfPage":{"@id":"https:\/\/espak.ee\/epood\/toode\/herilaste-ja-vaablaste-aerosoolmurk-bros-300ml\/#primaryimage"},"image":{"@id":"https:\/\/espak.ee\/epood\/toode\/herilaste-ja-vaablaste-aerosoolmurk-bros-300ml\/#primaryimage"},"thumbnailUrl":"https:\/\/espak.ee\/epood\/wp-content\/uploads\/2023\/06\/5904517021525.jpg","datePublished":"2023-06-05T23:52:29+00:00","dateModified":"2024-03-22T23:35:26+00:00","breadcrumb":{"@id":"https:\/\/espak.ee\/epood\/toode\/herilaste-ja-vaablaste-aerosoolmurk-bros-300ml\/#breadcrumb"},"inLanguage":"et","potentialAction":[{"@type":"ReadAction","target":["https:\/\/espak.ee\/epood\/toode\/herilaste-ja-vaablaste-aerosoolmurk-bros-300ml\/"]}]},{"@type":"ImageObject","inLanguage":"et","@id":"https:\/\/espak.ee\/epood\/toode\/herilaste-ja-vaablaste-aerosoolmurk-bros-300ml\/#primaryimage","url":"https:\/\/espak.ee\/epood\/wp-content\/uploads\/2023\/06\/5904517021525.jpg","contentUrl":"https:\/\/espak.ee\/epood\/wp-content\/uploads\/2023\/06\/5904517021525.jpg","width":800,"height":800},{"@type":"BreadcrumbList","@id":"https:\/\/espak.ee\/epood\/toode\/herilaste-ja-vaablaste-aerosoolmurk-bros-300ml\/#breadcrumb","itemListElement":[{"@type":"ListItem","position":1,"name":"Home","item":"https:\/\/espak.ee\/epood\/"},{"@type":"ListItem","position":2,"name":"Tootevalik","item":"https:\/\/espak.ee\/epood\/tootevalik\/"},{"@type":"ListItem","position":3,"name":"HERILASTE JA VAABLASTE AEROSOOLM\u00dcRK BROS 300ML"}]},{"@type":"WebSite","@id":"https:\/\/espak.ee\/epood\/#website","url":"https:\/\/espak.ee\/epood\/","name":"Espak E-pood","description":"","potentialAction":[{"@type":"SearchAction","target":{"@type":"EntryPoint","urlTemplate":"https:\/\/espak.ee\/epood\/?s={search_term_string}"},"query-input":{"@type":"PropertyValueSpecification","valueRequired":true,"valueName":"search_term_string"}}],"inLanguage":"et"}]}},"_links":{"self":[{"href":"https:\/\/espak.ee\/epood\/wp-json\/wp\/v2\/product\/162287","targetHints":{"allow":["GET"]}}],"collection":[{"href":"https:\/\/espak.ee\/epood\/wp-json\/wp\/v2\/product"}],"about":[{"href":"https:\/\/espak.ee\/epood\/wp-json\/wp\/v2\/types\/product"}],"replies":[{"embeddable":true,"href":"https:\/\/espak.ee\/epood\/wp-json\/wp\/v2\/comments?post=162287"}],"wp:featuredmedia":[{"embeddable":true,"href":"https:\/\/espak.ee\/epood\/wp-json\/wp\/v2\/media\/163069"}],"wp:attachment":[{"href":"https:\/\/espak.ee\/epood\/wp-json\/wp\/v2\/media?parent=162287"}],"wp:term":[{"taxonomy":"product_brand","embeddable":true,"href":"https:\/\/espak.ee\/epood\/wp-json\/wp\/v2\/product_brand?post=162287"},{"taxonomy":"product_cat","embeddable":true,"href":"https:\/\/espak.ee\/epood\/wp-json\/wp\/v2\/product_cat?post=162287"},{"taxonomy":"product_tag","embeddable":true,"href":"https:\/\/espak.ee\/epood\/wp-json\/wp\/v2\/product_tag?post=162287"}],"curies":[{"name":"wp","href":"https:\/\/api.w.org\/{rel}","templated":true}]}}