{"id":16211,"date":"2020-03-12T03:11:10","date_gmt":"2020-03-12T01:11:10","guid":{"rendered":"https:\/\/espak.ee\/hinnakiri\/?post_type=product&#038;p=16211"},"modified":"2024-03-22T23:59:38","modified_gmt":"2024-03-22T21:59:38","slug":"ekstsentriklihvija-aircraft-ess150","status":"publish","type":"product","link":"https:\/\/espak.ee\/epood\/toode\/ekstsentriklihvija-aircraft-ess150\/","title":{"rendered":"EKSTSENTRIKLIHVIJA AIRCRAFT ESS150"},"content":{"rendered":"<div class=\"row\"  id=\"row-1612788327\">\n\n\t<div id=\"col-655078259\" class=\"col medium-9 small-12 large-9\"  >\n\t\t\t\t<div class=\"col-inner\"  >\n\t\t\t\n\t\t\t\n<h2>EKSTSENTRIKLIHV PNEUMO ESS150 AIRCRAFT<\/h2>\n\t<div id=\"gap-1536444680\" class=\"gap-element clearfix\" style=\"display:block; height:auto;\">\n\t\t\n<style>\n#gap-1536444680 {\n  padding-top: 30px;\n}\n<\/style>\n\t<\/div>\n\t\n<h3>Kasutamise \u00fcksikasjad<\/h3>\n<p><strong>Tootekirjeldus:<\/strong><br \/>\n&#8211; Komposiitmaterjalist toode, ergonoomiline k\u00e4epide on plastist, mist\u00f5ttu see ei libise k\u00e4es ja vibreerib minimaalselt<br \/>\n&#8211; Kompaktne ja k\u00e4ep\u00e4rane, m\u00f5eldud t\u00f6\u00f6deks raskesti ligip\u00e4\u00e4setavates kohtades<br \/>\n&#8211; Universaalselt kasutatav, tasaste ning kumerate pindade lihvimiseks<br \/>\nSpetsiaalsed tooteomadused: &#8211; Tolmu\u00e4rastusega (6 auguga tald)<br \/>\n&#8211; Iseseisev tolmu\u00e4rastus\n<\/p>\n\t\t<\/div>\n\t\t\t\t\t<\/div>\n\n\t\n\n\t<div id=\"col-508033951\" class=\"col medium-3 small-12 large-3\"  >\n\t\t\t\t<div class=\"col-inner\"  >\n\t\t\t\n\t\t\t\n\t<div id=\"gap-501094833\" class=\"gap-element clearfix\" style=\"display:block; height:auto;\">\n\t\t\n<style>\n#gap-501094833 {\n  padding-top: 30px;\n}\n<\/style>\n\t<\/div>\n\t\n<div class=\"is-divider divider clearfix\" ><\/div>\n<p><strong>\u00dcksikasjalikuma n\u00f5u saamiseks v\u00f5tke \u00fchendust:<br \/><\/strong>Espak AS<br \/>Viadukti 42<br \/>11313<br \/>Tallinn<br \/>+372 6 512333<\/p>\n<div class=\"is-divider divider clearfix\" ><\/div>\n\t\t<\/div>\n\t\t\t\t\t<\/div>\n\n\t\n<\/div>\n","protected":false},"excerpt":{"rendered":"","protected":false},"featured_media":17407,"comment_status":"closed","ping_status":"open","template":"","meta":[],"product_brand":[],"product_cat":[2680,2940,2783,2679],"product_tag":[],"class_list":{"0":"post-16211","1":"product","2":"type-product","3":"status-publish","4":"has-post-thumbnail","6":"product_cat-elektritooriistad","7":"product_cat-muud-suruohutooriistad","8":"product_cat-suruohutooriistad","9":"product_cat-tooriistad","10":"pa_kaubamark-aircraft","12":"first","13":"instock","14":"sale","15":"taxable","16":"shipping-taxable","17":"purchasable","18":"product-type-simple"},"yoast_head":"<!-- This site is optimized with the Yoast SEO plugin v26.9 - https:\/\/yoast.com\/product\/yoast-seo-wordpress\/ -->\n<title>EKSTSENTRIKLIHVIJA AIRCRAFT ESS150 - Espak E-pood<\/title>\n<meta name=\"robots\" content=\"index, follow, max-snippet:-1, max-image-preview:large, max-video-preview:-1\" \/>\n<link rel=\"canonical\" href=\"https:\/\/espak.ee\/epood\/toode\/ekstsentriklihvija-aircraft-ess150\/\" \/>\n<meta property=\"og:locale\" content=\"et_EE\" \/>\n<meta property=\"og:type\" content=\"article\" \/>\n<meta property=\"og:title\" content=\"EKSTSENTRIKLIHVIJA AIRCRAFT ESS150 - Espak E-pood\" \/>\n<meta property=\"og:url\" content=\"https:\/\/espak.ee\/epood\/toode\/ekstsentriklihvija-aircraft-ess150\/\" \/>\n<meta property=\"og:site_name\" content=\"Espak E-pood\" \/>\n<meta property=\"article:modified_time\" content=\"2024-03-22T21:59:38+00:00\" \/>\n<meta property=\"og:image\" content=\"https:\/\/espak.ee\/epood\/wp-content\/uploads\/ART_2403450_2403450_01_081206_web.jpg\" \/>\n\t<meta property=\"og:image:width\" content=\"1400\" \/>\n\t<meta property=\"og:image:height\" content=\"1400\" \/>\n\t<meta property=\"og:image:type\" content=\"image\/jpeg\" \/>\n<meta name=\"twitter:card\" content=\"summary_large_image\" \/>\n<script type=\"application\/ld+json\" class=\"yoast-schema-graph\">{\"@context\":\"https:\/\/schema.org\",\"@graph\":[{\"@type\":\"WebPage\",\"@id\":\"https:\/\/espak.ee\/epood\/toode\/ekstsentriklihvija-aircraft-ess150\/\",\"url\":\"https:\/\/espak.ee\/epood\/toode\/ekstsentriklihvija-aircraft-ess150\/\",\"name\":\"EKSTSENTRIKLIHVIJA AIRCRAFT ESS150 - Espak E-pood\",\"isPartOf\":{\"@id\":\"https:\/\/espak.ee\/epood\/#website\"},\"primaryImageOfPage\":{\"@id\":\"https:\/\/espak.ee\/epood\/toode\/ekstsentriklihvija-aircraft-ess150\/#primaryimage\"},\"image\":{\"@id\":\"https:\/\/espak.ee\/epood\/toode\/ekstsentriklihvija-aircraft-ess150\/#primaryimage\"},\"thumbnailUrl\":\"https:\/\/espak.ee\/epood\/wp-content\/uploads\/ART_2403450_2403450_01_081206_web.jpg\",\"datePublished\":\"2020-03-12T01:11:10+00:00\",\"dateModified\":\"2024-03-22T21:59:38+00:00\",\"breadcrumb\":{\"@id\":\"https:\/\/espak.ee\/epood\/toode\/ekstsentriklihvija-aircraft-ess150\/#breadcrumb\"},\"inLanguage\":\"et\",\"potentialAction\":[{\"@type\":\"ReadAction\",\"target\":[\"https:\/\/espak.ee\/epood\/toode\/ekstsentriklihvija-aircraft-ess150\/\"]}]},{\"@type\":\"ImageObject\",\"inLanguage\":\"et\",\"@id\":\"https:\/\/espak.ee\/epood\/toode\/ekstsentriklihvija-aircraft-ess150\/#primaryimage\",\"url\":\"https:\/\/espak.ee\/epood\/wp-content\/uploads\/ART_2403450_2403450_01_081206_web.jpg\",\"contentUrl\":\"https:\/\/espak.ee\/epood\/wp-content\/uploads\/ART_2403450_2403450_01_081206_web.jpg\",\"width\":1400,\"height\":1400},{\"@type\":\"BreadcrumbList\",\"@id\":\"https:\/\/espak.ee\/epood\/toode\/ekstsentriklihvija-aircraft-ess150\/#breadcrumb\",\"itemListElement\":[{\"@type\":\"ListItem\",\"position\":1,\"name\":\"Home\",\"item\":\"https:\/\/espak.ee\/epood\/\"},{\"@type\":\"ListItem\",\"position\":2,\"name\":\"Tootevalik\",\"item\":\"https:\/\/espak.ee\/epood\/tootevalik\/\"},{\"@type\":\"ListItem\",\"position\":3,\"name\":\"EKSTSENTRIKLIHVIJA AIRCRAFT ESS150\"}]},{\"@type\":\"WebSite\",\"@id\":\"https:\/\/espak.ee\/epood\/#website\",\"url\":\"https:\/\/espak.ee\/epood\/\",\"name\":\"Espak E-pood\",\"description\":\"\",\"potentialAction\":[{\"@type\":\"SearchAction\",\"target\":{\"@type\":\"EntryPoint\",\"urlTemplate\":\"https:\/\/espak.ee\/epood\/?s={search_term_string}\"},\"query-input\":{\"@type\":\"PropertyValueSpecification\",\"valueRequired\":true,\"valueName\":\"search_term_string\"}}],\"inLanguage\":\"et\"}]}<\/script>\n<!-- \/ Yoast SEO plugin. -->","yoast_head_json":{"title":"EKSTSENTRIKLIHVIJA AIRCRAFT ESS150 - Espak E-pood","robots":{"index":"index","follow":"follow","max-snippet":"max-snippet:-1","max-image-preview":"max-image-preview:large","max-video-preview":"max-video-preview:-1"},"canonical":"https:\/\/espak.ee\/epood\/toode\/ekstsentriklihvija-aircraft-ess150\/","og_locale":"et_EE","og_type":"article","og_title":"EKSTSENTRIKLIHVIJA AIRCRAFT ESS150 - Espak E-pood","og_url":"https:\/\/espak.ee\/epood\/toode\/ekstsentriklihvija-aircraft-ess150\/","og_site_name":"Espak E-pood","article_modified_time":"2024-03-22T21:59:38+00:00","og_image":[{"width":1400,"height":1400,"url":"https:\/\/espak.ee\/epood\/wp-content\/uploads\/ART_2403450_2403450_01_081206_web.jpg","type":"image\/jpeg"}],"twitter_card":"summary_large_image","schema":{"@context":"https:\/\/schema.org","@graph":[{"@type":"WebPage","@id":"https:\/\/espak.ee\/epood\/toode\/ekstsentriklihvija-aircraft-ess150\/","url":"https:\/\/espak.ee\/epood\/toode\/ekstsentriklihvija-aircraft-ess150\/","name":"EKSTSENTRIKLIHVIJA AIRCRAFT ESS150 - Espak E-pood","isPartOf":{"@id":"https:\/\/espak.ee\/epood\/#website"},"primaryImageOfPage":{"@id":"https:\/\/espak.ee\/epood\/toode\/ekstsentriklihvija-aircraft-ess150\/#primaryimage"},"image":{"@id":"https:\/\/espak.ee\/epood\/toode\/ekstsentriklihvija-aircraft-ess150\/#primaryimage"},"thumbnailUrl":"https:\/\/espak.ee\/epood\/wp-content\/uploads\/ART_2403450_2403450_01_081206_web.jpg","datePublished":"2020-03-12T01:11:10+00:00","dateModified":"2024-03-22T21:59:38+00:00","breadcrumb":{"@id":"https:\/\/espak.ee\/epood\/toode\/ekstsentriklihvija-aircraft-ess150\/#breadcrumb"},"inLanguage":"et","potentialAction":[{"@type":"ReadAction","target":["https:\/\/espak.ee\/epood\/toode\/ekstsentriklihvija-aircraft-ess150\/"]}]},{"@type":"ImageObject","inLanguage":"et","@id":"https:\/\/espak.ee\/epood\/toode\/ekstsentriklihvija-aircraft-ess150\/#primaryimage","url":"https:\/\/espak.ee\/epood\/wp-content\/uploads\/ART_2403450_2403450_01_081206_web.jpg","contentUrl":"https:\/\/espak.ee\/epood\/wp-content\/uploads\/ART_2403450_2403450_01_081206_web.jpg","width":1400,"height":1400},{"@type":"BreadcrumbList","@id":"https:\/\/espak.ee\/epood\/toode\/ekstsentriklihvija-aircraft-ess150\/#breadcrumb","itemListElement":[{"@type":"ListItem","position":1,"name":"Home","item":"https:\/\/espak.ee\/epood\/"},{"@type":"ListItem","position":2,"name":"Tootevalik","item":"https:\/\/espak.ee\/epood\/tootevalik\/"},{"@type":"ListItem","position":3,"name":"EKSTSENTRIKLIHVIJA AIRCRAFT ESS150"}]},{"@type":"WebSite","@id":"https:\/\/espak.ee\/epood\/#website","url":"https:\/\/espak.ee\/epood\/","name":"Espak E-pood","description":"","potentialAction":[{"@type":"SearchAction","target":{"@type":"EntryPoint","urlTemplate":"https:\/\/espak.ee\/epood\/?s={search_term_string}"},"query-input":{"@type":"PropertyValueSpecification","valueRequired":true,"valueName":"search_term_string"}}],"inLanguage":"et"}]}},"_links":{"self":[{"href":"https:\/\/espak.ee\/epood\/wp-json\/wp\/v2\/product\/16211","targetHints":{"allow":["GET"]}}],"collection":[{"href":"https:\/\/espak.ee\/epood\/wp-json\/wp\/v2\/product"}],"about":[{"href":"https:\/\/espak.ee\/epood\/wp-json\/wp\/v2\/types\/product"}],"replies":[{"embeddable":true,"href":"https:\/\/espak.ee\/epood\/wp-json\/wp\/v2\/comments?post=16211"}],"wp:featuredmedia":[{"embeddable":true,"href":"https:\/\/espak.ee\/epood\/wp-json\/wp\/v2\/media\/17407"}],"wp:attachment":[{"href":"https:\/\/espak.ee\/epood\/wp-json\/wp\/v2\/media?parent=16211"}],"wp:term":[{"taxonomy":"product_brand","embeddable":true,"href":"https:\/\/espak.ee\/epood\/wp-json\/wp\/v2\/product_brand?post=16211"},{"taxonomy":"product_cat","embeddable":true,"href":"https:\/\/espak.ee\/epood\/wp-json\/wp\/v2\/product_cat?post=16211"},{"taxonomy":"product_tag","embeddable":true,"href":"https:\/\/espak.ee\/epood\/wp-json\/wp\/v2\/product_tag?post=16211"}],"curies":[{"name":"wp","href":"https:\/\/api.w.org\/{rel}","templated":true}]}}