{"id":162061,"date":"2023-06-03T13:54:57","date_gmt":"2023-06-03T10:54:57","guid":{"rendered":"https:\/\/espak.ee\/epood\/?post_type=product&#038;p=162061"},"modified":"2026-03-26T16:04:33","modified_gmt":"2026-03-26T14:04:33","slug":"pooljaik-kivivillaplaat-superrock-premium-505651000mm","status":"publish","type":"product","link":"https:\/\/espak.ee\/epood\/toode\/pooljaik-kivivillaplaat-superrock-premium-505651000mm\/","title":{"rendered":"POOLJ\u00c4IK KIVIVILLAPLAAT SUPERROCK PREMIUM 50*565*1000MM"},"content":{"rendered":"<div class=\"row\"  id=\"row-1387985133\">\n\n\t<div id=\"col-411245896\" class=\"col medium-9 small-12 large-9\"  >\n\t\t\t\t<div class=\"col-inner\"  >\n\t\t\t\n\t\t\t\n<h3>Poolj\u00e4ik kivivillaplaat Superrock Premium 50x565x1000mm<\/h3>\n<p>Kivivillaplaadid SUPERROCK PREMIUM on poolj\u00e4igad universaalsed plaadid, mida kasutatakse kergetes, koormusest m\u00f5jutamata konstruktsioonides, valgus-, soojus- ja heliisolatsiooniks.<\/p>\n<p>Kivivillaplaate SUPERROCK PREMIUM saab kasutada ka k\u00f5ikides s\u00f5restiku vertikaal-, horisontaal- v\u00f5i kaldkonstruktsioonides, mida ei m\u00f5juta eksploatatsioonikoormus (kerged seinas\u00f5restiku konstruktsioonid, tuulutatavates fassaadid, kolmekihilised tellisseinte konstruktsioonid, p\u00f6\u00f6ningud v\u00f5i sarikatevahelised katusetarindid, seinte lisasoojustuse s\u00f5restikkonstruktsioonid, korrustevahelised vahelaed ja keldripealsed p\u00f5randad), soojus- ja heliisolatsiooniks.<\/p>\n<div class=\"message-box relative\" style=\"padding-top:15px;padding-bottom:15px;\"><div class=\"message-box-bg-image bg-fill fill\" ><\/div><div class=\"message-box-bg-overlay bg-fill fill\" ><\/div><div class=\"container relative\"><div class=\"inner last-reset\">\n<div class=\"row align-middle align-center\"  id=\"row-1511869518\">\n\n\t<div id=\"col-627680784\" class=\"col small-12 large-12\"  >\n\t\t\t\t<div class=\"col-inner text-left\"  >\n\t\t\t\n\t\t\t\n<h4>Omadused<\/h4>\n<div class=\"row\"  id=\"row-174274117\">\n\n\t<div id=\"col-1124308986\" class=\"col medium-6 small-12 large-6\"  >\n\t\t\t\t<div class=\"col-inner\"  >\n\t\t\t\n\t\t\t\n<p><strong><i class=\"fa fa-check fa-2x\"><\/i> Deklareeritud soojusjuhtivus \u03bbD = 0,034 W\/m\u00b7K, seep\u00e4rast isoleerivad plaadid t\u00f5husalt soojust<\/strong><\/p>\n\t\t<\/div>\n\t\t\t\t\n<style>\n#col-1124308986 > .col-inner {\n  margin: 10px 0px 15px 0px;\n}\n<\/style>\n\t<\/div>\n\n\t\n\n\t<div id=\"col-1236800392\" class=\"col medium-6 small-12 large-6\"  >\n\t\t\t\t<div class=\"col-inner\"  >\n\t\t\t\n\t\t\t\n<p><strong><i class=\"fa fa-check fa-2x\"><\/i> Helineelduvustegur (AW) on: 0,90, kui paksus on 50-99 mm ja 1,00 kui paksus \u2265 100 mm (k\u00f5ige k\u00f5rgem helineelduvustegur A)<\/strong><\/p>\n\t\t<\/div>\n\t\t\t\t\n<style>\n#col-1236800392 > .col-inner {\n  margin: 10px 0px 15px 0px;\n}\n<\/style>\n\t<\/div>\n\n\t\n<\/div>\n\t\t<\/div>\n\t\t\t\t\t<\/div>\n\n\t\n<\/div>\n<\/div><\/div><\/div>\n\t<div id=\"gap-770840954\" class=\"gap-element clearfix\" style=\"display:block; height:auto;\">\n\t\t\n<style>\n#gap-770840954 {\n  padding-top: 30px;\n}\n<\/style>\n\t<\/div>\n\t\n\t\t<\/div>\n\t\t\t\t\t<\/div>\n\n\t\n\n\t<div id=\"col-679386834\" class=\"col medium-3 small-12 large-3\"  >\n\t\t\t\t<div class=\"col-inner\"  >\n\t\t\t\n\t\t\t\n\t<div id=\"gap-1401504096\" class=\"gap-element clearfix\" style=\"display:block; height:auto;\">\n\t\t\n<style>\n#gap-1401504096 {\n  padding-top: 30px;\n}\n<\/style>\n\t<\/div>\n\t\n<h3>Tehniline informatsioon<\/h3>\n<p><a href=\"https:\/\/espak.ee\/epood\/wp-content\/uploads\/2023\/06\/superrock_premium_ee_datasheet.pdf\"target=\"_blank\" rel=\"noopener noreferrer\"><i class=\"far fa-file-pdf\"><\/i> Tehniline info (PDF)<\/a><\/p>\n<h3>Ohutusalane teave<\/h3>\n<p><a href=\"https:\/\/espak.ee\/epood\/wp-content\/uploads\/2023\/06\/materjali-ohutu-kasutamise-juhendi.pdf\"target=\"_blank\" rel=\"noopener noreferrer\"><i class=\"far fa-file-pdf\"><\/i> Ohutu kasutamise juhend (PDF)<\/a><\/p>\n<div class=\"is-divider divider clearfix\" ><\/div>\n<p><strong>\u00dcksikasjalikuma n\u00f5u saamiseks v\u00f5tke \u00fchendust:<br \/><\/strong>ROCKWOOL O\u00dc\ufeff<br \/>Osmussaare tee 8<br \/>13811<br \/>Tallinn<br \/>+372 569 47311<\/p>\n\t\t<\/div>\n\t\t\t\t\t<\/div>\n\n\t\n<\/div>\n","protected":false},"excerpt":{"rendered":"","protected":false},"featured_media":164297,"comment_status":"closed","ping_status":"closed","template":"","meta":[],"product_brand":[],"product_cat":[2718,2724,2697,2726],"product_tag":[],"class_list":{"0":"post-162061","1":"product","2":"type-product","3":"status-publish","4":"has-post-thumbnail","6":"product_cat-isolatsioonimaterjalid","7":"product_cat-kivivill","8":"product_cat-uldehitus","9":"product_cat-uldotstarbeline-kivivill","10":"pa_kaubamark-rockwool-ee-ou","12":"first","13":"instock","14":"sale","15":"taxable","16":"shipping-taxable","17":"purchasable","18":"product-type-simple"},"yoast_head":"<!-- This site is optimized with the Yoast SEO plugin v26.9 - https:\/\/yoast.com\/product\/yoast-seo-wordpress\/ -->\n<title>POOLJ\u00c4IK KIVIVILLAPLAAT SUPERROCK PREMIUM 50*565*1000MM - Espak E-pood<\/title>\n<meta name=\"robots\" content=\"index, follow, max-snippet:-1, max-image-preview:large, max-video-preview:-1\" \/>\n<link rel=\"canonical\" href=\"https:\/\/espak.ee\/epood\/toode\/pooljaik-kivivillaplaat-superrock-premium-505651000mm\/\" \/>\n<meta property=\"og:locale\" content=\"et_EE\" \/>\n<meta property=\"og:type\" content=\"article\" \/>\n<meta property=\"og:title\" content=\"POOLJ\u00c4IK KIVIVILLAPLAAT SUPERROCK PREMIUM 50*565*1000MM - Espak E-pood\" \/>\n<meta property=\"og:url\" content=\"https:\/\/espak.ee\/epood\/toode\/pooljaik-kivivillaplaat-superrock-premium-505651000mm\/\" \/>\n<meta property=\"og:site_name\" content=\"Espak E-pood\" \/>\n<meta property=\"article:modified_time\" content=\"2026-03-26T14:04:33+00:00\" \/>\n<meta property=\"og:image\" content=\"https:\/\/espak.ee\/epood\/wp-content\/uploads\/2023\/06\/Superrock-Premium-packagewool.jpg\" \/>\n\t<meta property=\"og:image:width\" content=\"800\" \/>\n\t<meta property=\"og:image:height\" content=\"800\" \/>\n\t<meta property=\"og:image:type\" content=\"image\/jpeg\" \/>\n<meta name=\"twitter:card\" content=\"summary_large_image\" \/>\n<meta name=\"twitter:label1\" content=\"Est. reading time\" \/>\n\t<meta name=\"twitter:data1\" content=\"1 minut\" \/>\n<script type=\"application\/ld+json\" class=\"yoast-schema-graph\">{\"@context\":\"https:\/\/schema.org\",\"@graph\":[{\"@type\":\"WebPage\",\"@id\":\"https:\/\/espak.ee\/epood\/toode\/pooljaik-kivivillaplaat-superrock-premium-505651000mm\/\",\"url\":\"https:\/\/espak.ee\/epood\/toode\/pooljaik-kivivillaplaat-superrock-premium-505651000mm\/\",\"name\":\"POOLJ\u00c4IK KIVIVILLAPLAAT SUPERROCK PREMIUM 50*565*1000MM - Espak E-pood\",\"isPartOf\":{\"@id\":\"https:\/\/espak.ee\/epood\/#website\"},\"primaryImageOfPage\":{\"@id\":\"https:\/\/espak.ee\/epood\/toode\/pooljaik-kivivillaplaat-superrock-premium-505651000mm\/#primaryimage\"},\"image\":{\"@id\":\"https:\/\/espak.ee\/epood\/toode\/pooljaik-kivivillaplaat-superrock-premium-505651000mm\/#primaryimage\"},\"thumbnailUrl\":\"https:\/\/espak.ee\/epood\/wp-content\/uploads\/2023\/06\/Superrock-Premium-packagewool.jpg\",\"datePublished\":\"2023-06-03T10:54:57+00:00\",\"dateModified\":\"2026-03-26T14:04:33+00:00\",\"breadcrumb\":{\"@id\":\"https:\/\/espak.ee\/epood\/toode\/pooljaik-kivivillaplaat-superrock-premium-505651000mm\/#breadcrumb\"},\"inLanguage\":\"et\",\"potentialAction\":[{\"@type\":\"ReadAction\",\"target\":[\"https:\/\/espak.ee\/epood\/toode\/pooljaik-kivivillaplaat-superrock-premium-505651000mm\/\"]}]},{\"@type\":\"ImageObject\",\"inLanguage\":\"et\",\"@id\":\"https:\/\/espak.ee\/epood\/toode\/pooljaik-kivivillaplaat-superrock-premium-505651000mm\/#primaryimage\",\"url\":\"https:\/\/espak.ee\/epood\/wp-content\/uploads\/2023\/06\/Superrock-Premium-packagewool.jpg\",\"contentUrl\":\"https:\/\/espak.ee\/epood\/wp-content\/uploads\/2023\/06\/Superrock-Premium-packagewool.jpg\",\"width\":800,\"height\":800},{\"@type\":\"BreadcrumbList\",\"@id\":\"https:\/\/espak.ee\/epood\/toode\/pooljaik-kivivillaplaat-superrock-premium-505651000mm\/#breadcrumb\",\"itemListElement\":[{\"@type\":\"ListItem\",\"position\":1,\"name\":\"Home\",\"item\":\"https:\/\/espak.ee\/epood\/\"},{\"@type\":\"ListItem\",\"position\":2,\"name\":\"Tootevalik\",\"item\":\"https:\/\/espak.ee\/epood\/tootevalik\/\"},{\"@type\":\"ListItem\",\"position\":3,\"name\":\"POOLJ\u00c4IK KIVIVILLAPLAAT SUPERROCK PREMIUM 50*565*1000MM\"}]},{\"@type\":\"WebSite\",\"@id\":\"https:\/\/espak.ee\/epood\/#website\",\"url\":\"https:\/\/espak.ee\/epood\/\",\"name\":\"Espak E-pood\",\"description\":\"\",\"potentialAction\":[{\"@type\":\"SearchAction\",\"target\":{\"@type\":\"EntryPoint\",\"urlTemplate\":\"https:\/\/espak.ee\/epood\/?s={search_term_string}\"},\"query-input\":{\"@type\":\"PropertyValueSpecification\",\"valueRequired\":true,\"valueName\":\"search_term_string\"}}],\"inLanguage\":\"et\"}]}<\/script>\n<!-- \/ Yoast SEO plugin. -->","yoast_head_json":{"title":"POOLJ\u00c4IK KIVIVILLAPLAAT SUPERROCK PREMIUM 50*565*1000MM - Espak E-pood","robots":{"index":"index","follow":"follow","max-snippet":"max-snippet:-1","max-image-preview":"max-image-preview:large","max-video-preview":"max-video-preview:-1"},"canonical":"https:\/\/espak.ee\/epood\/toode\/pooljaik-kivivillaplaat-superrock-premium-505651000mm\/","og_locale":"et_EE","og_type":"article","og_title":"POOLJ\u00c4IK KIVIVILLAPLAAT SUPERROCK PREMIUM 50*565*1000MM - Espak E-pood","og_url":"https:\/\/espak.ee\/epood\/toode\/pooljaik-kivivillaplaat-superrock-premium-505651000mm\/","og_site_name":"Espak E-pood","article_modified_time":"2026-03-26T14:04:33+00:00","og_image":[{"width":800,"height":800,"url":"https:\/\/espak.ee\/epood\/wp-content\/uploads\/2023\/06\/Superrock-Premium-packagewool.jpg","type":"image\/jpeg"}],"twitter_card":"summary_large_image","twitter_misc":{"Est. reading time":"1 minut"},"schema":{"@context":"https:\/\/schema.org","@graph":[{"@type":"WebPage","@id":"https:\/\/espak.ee\/epood\/toode\/pooljaik-kivivillaplaat-superrock-premium-505651000mm\/","url":"https:\/\/espak.ee\/epood\/toode\/pooljaik-kivivillaplaat-superrock-premium-505651000mm\/","name":"POOLJ\u00c4IK KIVIVILLAPLAAT SUPERROCK PREMIUM 50*565*1000MM - Espak E-pood","isPartOf":{"@id":"https:\/\/espak.ee\/epood\/#website"},"primaryImageOfPage":{"@id":"https:\/\/espak.ee\/epood\/toode\/pooljaik-kivivillaplaat-superrock-premium-505651000mm\/#primaryimage"},"image":{"@id":"https:\/\/espak.ee\/epood\/toode\/pooljaik-kivivillaplaat-superrock-premium-505651000mm\/#primaryimage"},"thumbnailUrl":"https:\/\/espak.ee\/epood\/wp-content\/uploads\/2023\/06\/Superrock-Premium-packagewool.jpg","datePublished":"2023-06-03T10:54:57+00:00","dateModified":"2026-03-26T14:04:33+00:00","breadcrumb":{"@id":"https:\/\/espak.ee\/epood\/toode\/pooljaik-kivivillaplaat-superrock-premium-505651000mm\/#breadcrumb"},"inLanguage":"et","potentialAction":[{"@type":"ReadAction","target":["https:\/\/espak.ee\/epood\/toode\/pooljaik-kivivillaplaat-superrock-premium-505651000mm\/"]}]},{"@type":"ImageObject","inLanguage":"et","@id":"https:\/\/espak.ee\/epood\/toode\/pooljaik-kivivillaplaat-superrock-premium-505651000mm\/#primaryimage","url":"https:\/\/espak.ee\/epood\/wp-content\/uploads\/2023\/06\/Superrock-Premium-packagewool.jpg","contentUrl":"https:\/\/espak.ee\/epood\/wp-content\/uploads\/2023\/06\/Superrock-Premium-packagewool.jpg","width":800,"height":800},{"@type":"BreadcrumbList","@id":"https:\/\/espak.ee\/epood\/toode\/pooljaik-kivivillaplaat-superrock-premium-505651000mm\/#breadcrumb","itemListElement":[{"@type":"ListItem","position":1,"name":"Home","item":"https:\/\/espak.ee\/epood\/"},{"@type":"ListItem","position":2,"name":"Tootevalik","item":"https:\/\/espak.ee\/epood\/tootevalik\/"},{"@type":"ListItem","position":3,"name":"POOLJ\u00c4IK KIVIVILLAPLAAT SUPERROCK PREMIUM 50*565*1000MM"}]},{"@type":"WebSite","@id":"https:\/\/espak.ee\/epood\/#website","url":"https:\/\/espak.ee\/epood\/","name":"Espak E-pood","description":"","potentialAction":[{"@type":"SearchAction","target":{"@type":"EntryPoint","urlTemplate":"https:\/\/espak.ee\/epood\/?s={search_term_string}"},"query-input":{"@type":"PropertyValueSpecification","valueRequired":true,"valueName":"search_term_string"}}],"inLanguage":"et"}]}},"_links":{"self":[{"href":"https:\/\/espak.ee\/epood\/wp-json\/wp\/v2\/product\/162061","targetHints":{"allow":["GET"]}}],"collection":[{"href":"https:\/\/espak.ee\/epood\/wp-json\/wp\/v2\/product"}],"about":[{"href":"https:\/\/espak.ee\/epood\/wp-json\/wp\/v2\/types\/product"}],"replies":[{"embeddable":true,"href":"https:\/\/espak.ee\/epood\/wp-json\/wp\/v2\/comments?post=162061"}],"wp:featuredmedia":[{"embeddable":true,"href":"https:\/\/espak.ee\/epood\/wp-json\/wp\/v2\/media\/164297"}],"wp:attachment":[{"href":"https:\/\/espak.ee\/epood\/wp-json\/wp\/v2\/media?parent=162061"}],"wp:term":[{"taxonomy":"product_brand","embeddable":true,"href":"https:\/\/espak.ee\/epood\/wp-json\/wp\/v2\/product_brand?post=162061"},{"taxonomy":"product_cat","embeddable":true,"href":"https:\/\/espak.ee\/epood\/wp-json\/wp\/v2\/product_cat?post=162061"},{"taxonomy":"product_tag","embeddable":true,"href":"https:\/\/espak.ee\/epood\/wp-json\/wp\/v2\/product_tag?post=162061"}],"curies":[{"name":"wp","href":"https:\/\/api.w.org\/{rel}","templated":true}]}}