{"id":162056,"date":"2023-06-03T13:48:27","date_gmt":"2023-06-03T10:48:27","guid":{"rendered":"https:\/\/espak.ee\/epood\/?post_type=product&#038;p=162056"},"modified":"2025-10-07T15:39:29","modified_gmt":"2025-10-07T12:39:29","slug":"tihenduslint-penosil-window-tape-external-valimine-424-70mm25m","status":"publish","type":"product","link":"https:\/\/espak.ee\/epood\/toode\/tihenduslint-penosil-window-tape-external-valimine-424-70mm25m\/","title":{"rendered":"TIHENDUSLINT PENOSIL WINDOW TAPE EXTERNAL (V\u00c4LIMINE) 424 70MM*25M"},"content":{"rendered":"<div class=\"row\"  id=\"row-1812845962\">\n\n\t<div id=\"col-2095262113\" class=\"col medium-9 small-12 large-9\"  >\n\t\t\t\t<div class=\"col-inner\"  >\n\t\t\t\n\t\t\t\n<h3>PENOSIL Window Tape External 424 v\u00e4limine vuugilint 70mm x 25m<\/h3>\n<p>PENOSIL Window Tape External 424 on vuugilint akna- ja uksevuukide katmiseks v\u00e4ljastpoolt. V\u00f5imaldab veeauru difusiooni seestpoolt v\u00e4ljapoole. Kaitseb vuuke ja ehituskonstruktsioone niiskuse ja tuule eest.<\/p>\n<div class=\"message-box relative\" style=\"padding-top:15px;padding-bottom:15px;\"><div class=\"message-box-bg-image bg-fill fill\" ><\/div><div class=\"message-box-bg-overlay bg-fill fill\" ><\/div><div class=\"container relative\"><div class=\"inner last-reset\">\n<div class=\"row align-middle align-center\"  id=\"row-406265230\">\n\n\t<div id=\"col-1384236951\" class=\"col small-12 large-12\"  >\n\t\t\t\t<div class=\"col-inner text-left\"  >\n\t\t\t\n\t\t\t\n<h4>Omadused<\/h4>\n<div class=\"row\"  id=\"row-443449361\">\n\n\t<div id=\"col-1816075659\" class=\"col medium-6 small-12 large-6\"  >\n\t\t\t\t<div class=\"col-inner\"  >\n\t\t\t\n\t\t\t\n<p><i class=\"fa fa-check fa-2x\"><\/i> <strong> Vuugilint akna- ja uksevuukide katmiseks v\u00e4ljast poolt<\/strong><\/p>\n<p><i class=\"fa fa-check fa-2x\"><\/i> <strong> V\u00f5imaldab veeauru difusiooni seestpoolt v\u00e4ljapoole<\/strong><\/p>\n<p><i class=\"fa fa-check fa-2x\"><\/i> <strong> Kaitseb vuuke ja ehituskonstruktsioone niiskuse ja tuule eest<\/strong><\/p>\n\t\t<\/div>\n\t\t\t\t\n<style>\n#col-1816075659 > .col-inner {\n  margin: 0px 0px 15px 0px;\n}\n<\/style>\n\t<\/div>\n\n\t\n\n\t<div id=\"col-2028912285\" class=\"col medium-6 small-12 large-6\"  >\n\t\t\t\t<div class=\"col-inner\"  >\n\t\t\t\n\t\t\t\n<p><i class=\"fa fa-check fa-2x\"><\/i> <strong> Liimiribad nakkuvad v\u00e4ga h\u00e4sti k\u00f5igi levinud ehitusmaterjalidega<\/strong><\/p>\n<p><i class=\"fa fa-check fa-2x\"><\/i> <strong> Vuugilindi materjali saab krohvida ja v\u00e4rvida<\/strong><\/p>\n<p><i class=\"fa fa-check fa-2x\"><\/i> <strong> Vuugilint on laiuse suunas venitatav ja vastupidav seinakonstruktsioonide liikumisele<\/strong><\/p>\n\t\t<\/div>\n\t\t\t\t\n<style>\n#col-2028912285 > .col-inner {\n  margin: 0px 0px 15px 0px;\n}\n<\/style>\n\t<\/div>\n\n\t\n<\/div>\n\t\t<\/div>\n\t\t\t\t\t<\/div>\n\n\t\n<\/div>\n<\/div><\/div><\/div>\n\t<div id=\"gap-1158572275\" class=\"gap-element clearfix\" style=\"display:block; height:auto;\">\n\t\t\n<style>\n#gap-1158572275 {\n  padding-top: 30px;\n}\n<\/style>\n\t<\/div>\n\t\n<h3>Kasutamise \u00fcksikasjad<\/h3>\n<p><strong>Akna- ja uksevuukide ning ehituskonstruktsioonide kaitsmiseks niiskuse ja tuule eest.<\/strong><br \/>\nNakkuvus: Puit, betoon, metall, PVC, m\u00fc\u00fcrikivid ning erinevad auru- ja tuulet\u00f5kkemembraanid. <\/p>\n<p><strong>Kasutusjuhend:<\/strong><br \/>\nKerige vuugilint poolilt maha ja l\u00f5igake vajaliku pikkusega l\u00f5ik. Eemaldage liimiribalt kaitsekile ja kleepige lint  aknapiida k\u00fclge. Kui aken v\u00f5i uks paigaldatakse seinaga tasa, tuleb nurkadesse j\u00e4tta varuks \u00fcks lindi laius (vt joonist). Kui aken v\u00f5i uks paigaldatakse seina tasapinnast sissepoole, tuleb nurkadesse j\u00e4tta varuks pool lindi laiust (vt joonist).<br \/>\n<img decoding=\"async\" src=\"https:\/\/espak.ee\/epood\/wp-content\/uploads\/2023\/06\/sealing_tapes_piktos-004.jpg-2.jpg\" alt=\"\" width=\"919\" height=\"169\" class=\"alignnone size-full wp-image-162123\" srcset=\"https:\/\/espak.ee\/epood\/wp-content\/uploads\/2023\/06\/sealing_tapes_piktos-004.jpg-2.jpg 919w, https:\/\/espak.ee\/epood\/wp-content\/uploads\/2023\/06\/sealing_tapes_piktos-004.jpg-2-500x92.jpg 500w, https:\/\/espak.ee\/epood\/wp-content\/uploads\/2023\/06\/sealing_tapes_piktos-004.jpg-2-769x141.jpg 769w, https:\/\/espak.ee\/epood\/wp-content\/uploads\/2023\/06\/sealing_tapes_piktos-004.jpg-2-300x55.jpg 300w, https:\/\/espak.ee\/epood\/wp-content\/uploads\/2023\/06\/sealing_tapes_piktos-004.jpg-2-150x28.jpg 150w, https:\/\/espak.ee\/epood\/wp-content\/uploads\/2023\/06\/sealing_tapes_piktos-004.jpg-2-768x141.jpg 768w\" sizes=\"(max-width: 919px) 100vw, 919px\" \/><\/p>\n<p>Kleepige vuugilint m\u00f6\u00f6da raami perimeetrit, alustades akna alumisest aknaliistust (aknalauast). J\u00e4tkake samal viisil akna k\u00f5igil tihendatavatel k\u00fclgedel. Seej\u00e4rel seadke akna- v\u00f5i uksepiit oma kohale, kinnitage korralikult ja t\u00e4itke aknavuuk ehitusvahuga.<\/p>\n<p>Kui vaht on tardunud, eemaldage \u00fcleliigne vaht ja kinnitage vuugilindi teine serv piida v\u00f5i seina k\u00fclge. Parima nakke saavutamiseks kasutage surverulli. Vuugilindi m\u00f5lemal k\u00fcljel paiknev liimiriba v\u00f5imaldab seda paigaldada nii enne kui ka p\u00e4rast akende\/uste paigaldamist ja montaa\u017eivahu kasutamist.\n<\/p>\n<p><strong>N\u00e4pun\u00e4ited:<\/strong><br \/>\nPaigalduspinnad peavad olema puhtad, kuivad ning vabad \u00f5list, m\u00e4\u00e4rdeainest ja tolmust.<br \/>\nKasutada ei tohi kemikaale, mis sisaldavad nakkumist takistavaid v\u00f5i v\u00e4hendavaid aineid.<br \/>\nPinna karedus, ebatasasus v\u00f5i poorsus v\u00f5ib nakkumist v\u00e4hendada.<br \/>\nMittenakkuvad pinnad on soovitatav stabiliseerimiseks kruntida, kasutades nakkedispersiooni PENOSIL Premium BetPrimer lahust vahekorras 1:5.<br \/>\nVuugilindi alguse ja l\u00f5pu \u00fchendamiseks sobib liimhermeetik PENOSIL Premium SpeedFix Hybrid Crystal 799.<br \/>\nKui liimiriba saab tolmuseks v\u00f5i kaotab mingil muul p\u00f5hjusel nakkev\u00f5ime, kasutage vuugilindi kinnitamiseks liimhermeetikut PENOSIL Premium SpeedFix Hybrid Crystal 799.<br \/>\nVuugilint tuleb katta esimesel v\u00f5imalusel, kuid hiljemalt kahe kuu jooksul p\u00e4rast teibi paigaldamist.<\/p>\n\t\t<\/div>\n\t\t\t\t\t<\/div>\n\n\t\n\n\t<div id=\"col-895229274\" class=\"col medium-3 small-12 large-3\"  >\n\t\t\t\t<div class=\"col-inner\"  >\n\t\t\t\n\t\t\t\n<div class=\"is-divider divider clearfix\" ><\/div>\n<p><strong>\u00dcksikasjalikuma n\u00f5u saamiseks v\u00f5tke \u00fchendust:<br \/><\/strong>Wolf Group O\u00dc<br \/>Suur-Paala 6<br \/>13619<br \/>Tallinn<br \/>+372 605 9301<\/p>\n\t\t<\/div>\n\t\t\t\t\t<\/div>\n\n\t\n<\/div>\n","protected":false},"excerpt":{"rendered":"","protected":false},"featured_media":162118,"comment_status":"closed","ping_status":"closed","template":"","meta":[],"product_brand":[],"product_cat":[2718,2722,2723,2697],"product_tag":[],"class_list":{"0":"post-162056","1":"product","2":"type-product","3":"status-publish","4":"has-post-thumbnail","6":"product_cat-isolatsioonimaterjalid","7":"product_cat-tihendid","8":"product_cat-tihenduslindid","9":"product_cat-uldehitus","10":"pa_kaubamark-krimelte-ou","12":"first","13":"instock","14":"sale","15":"taxable","16":"shipping-taxable","17":"purchasable","18":"product-type-simple"},"yoast_head":"<!-- This site is optimized with the Yoast SEO plugin v26.9 - https:\/\/yoast.com\/product\/yoast-seo-wordpress\/ -->\n<title>TIHENDUSLINT PENOSIL WINDOW TAPE EXTERNAL (V\u00c4LIMINE) 424 70MM*25M - Espak E-pood<\/title>\n<meta name=\"robots\" content=\"index, follow, max-snippet:-1, max-image-preview:large, max-video-preview:-1\" \/>\n<link rel=\"canonical\" href=\"https:\/\/espak.ee\/epood\/toode\/tihenduslint-penosil-window-tape-external-valimine-424-70mm25m\/\" \/>\n<meta property=\"og:locale\" content=\"et_EE\" \/>\n<meta property=\"og:type\" content=\"article\" \/>\n<meta property=\"og:title\" content=\"TIHENDUSLINT PENOSIL WINDOW TAPE EXTERNAL (V\u00c4LIMINE) 424 70MM*25M - Espak E-pood\" \/>\n<meta property=\"og:url\" content=\"https:\/\/espak.ee\/epood\/toode\/tihenduslint-penosil-window-tape-external-valimine-424-70mm25m\/\" \/>\n<meta property=\"og:site_name\" content=\"Espak E-pood\" \/>\n<meta property=\"article:modified_time\" content=\"2025-10-07T12:39:29+00:00\" \/>\n<meta property=\"og:image\" content=\"https:\/\/espak.ee\/epood\/wp-content\/uploads\/2023\/06\/Window_Tape_External_424-1.jpg\" \/>\n\t<meta property=\"og:image:width\" content=\"800\" \/>\n\t<meta property=\"og:image:height\" content=\"800\" \/>\n\t<meta property=\"og:image:type\" content=\"image\/jpeg\" \/>\n<meta name=\"twitter:card\" content=\"summary_large_image\" \/>\n<meta name=\"twitter:label1\" content=\"Est. reading time\" \/>\n\t<meta name=\"twitter:data1\" content=\"2 minutit\" \/>\n<script type=\"application\/ld+json\" class=\"yoast-schema-graph\">{\"@context\":\"https:\/\/schema.org\",\"@graph\":[{\"@type\":\"WebPage\",\"@id\":\"https:\/\/espak.ee\/epood\/toode\/tihenduslint-penosil-window-tape-external-valimine-424-70mm25m\/\",\"url\":\"https:\/\/espak.ee\/epood\/toode\/tihenduslint-penosil-window-tape-external-valimine-424-70mm25m\/\",\"name\":\"TIHENDUSLINT PENOSIL WINDOW TAPE EXTERNAL (V\u00c4LIMINE) 424 70MM*25M - Espak E-pood\",\"isPartOf\":{\"@id\":\"https:\/\/espak.ee\/epood\/#website\"},\"primaryImageOfPage\":{\"@id\":\"https:\/\/espak.ee\/epood\/toode\/tihenduslint-penosil-window-tape-external-valimine-424-70mm25m\/#primaryimage\"},\"image\":{\"@id\":\"https:\/\/espak.ee\/epood\/toode\/tihenduslint-penosil-window-tape-external-valimine-424-70mm25m\/#primaryimage\"},\"thumbnailUrl\":\"https:\/\/espak.ee\/epood\/wp-content\/uploads\/2023\/06\/Window_Tape_External_424-1.jpg\",\"datePublished\":\"2023-06-03T10:48:27+00:00\",\"dateModified\":\"2025-10-07T12:39:29+00:00\",\"breadcrumb\":{\"@id\":\"https:\/\/espak.ee\/epood\/toode\/tihenduslint-penosil-window-tape-external-valimine-424-70mm25m\/#breadcrumb\"},\"inLanguage\":\"et\",\"potentialAction\":[{\"@type\":\"ReadAction\",\"target\":[\"https:\/\/espak.ee\/epood\/toode\/tihenduslint-penosil-window-tape-external-valimine-424-70mm25m\/\"]}]},{\"@type\":\"ImageObject\",\"inLanguage\":\"et\",\"@id\":\"https:\/\/espak.ee\/epood\/toode\/tihenduslint-penosil-window-tape-external-valimine-424-70mm25m\/#primaryimage\",\"url\":\"https:\/\/espak.ee\/epood\/wp-content\/uploads\/2023\/06\/Window_Tape_External_424-1.jpg\",\"contentUrl\":\"https:\/\/espak.ee\/epood\/wp-content\/uploads\/2023\/06\/Window_Tape_External_424-1.jpg\",\"width\":800,\"height\":800},{\"@type\":\"BreadcrumbList\",\"@id\":\"https:\/\/espak.ee\/epood\/toode\/tihenduslint-penosil-window-tape-external-valimine-424-70mm25m\/#breadcrumb\",\"itemListElement\":[{\"@type\":\"ListItem\",\"position\":1,\"name\":\"Home\",\"item\":\"https:\/\/espak.ee\/epood\/\"},{\"@type\":\"ListItem\",\"position\":2,\"name\":\"Tootevalik\",\"item\":\"https:\/\/espak.ee\/epood\/tootevalik\/\"},{\"@type\":\"ListItem\",\"position\":3,\"name\":\"TIHENDUSLINT PENOSIL WINDOW TAPE EXTERNAL (V\u00c4LIMINE) 424 70MM*25M\"}]},{\"@type\":\"WebSite\",\"@id\":\"https:\/\/espak.ee\/epood\/#website\",\"url\":\"https:\/\/espak.ee\/epood\/\",\"name\":\"Espak E-pood\",\"description\":\"\",\"potentialAction\":[{\"@type\":\"SearchAction\",\"target\":{\"@type\":\"EntryPoint\",\"urlTemplate\":\"https:\/\/espak.ee\/epood\/?s={search_term_string}\"},\"query-input\":{\"@type\":\"PropertyValueSpecification\",\"valueRequired\":true,\"valueName\":\"search_term_string\"}}],\"inLanguage\":\"et\"}]}<\/script>\n<!-- \/ Yoast SEO plugin. -->","yoast_head_json":{"title":"TIHENDUSLINT PENOSIL WINDOW TAPE EXTERNAL (V\u00c4LIMINE) 424 70MM*25M - Espak E-pood","robots":{"index":"index","follow":"follow","max-snippet":"max-snippet:-1","max-image-preview":"max-image-preview:large","max-video-preview":"max-video-preview:-1"},"canonical":"https:\/\/espak.ee\/epood\/toode\/tihenduslint-penosil-window-tape-external-valimine-424-70mm25m\/","og_locale":"et_EE","og_type":"article","og_title":"TIHENDUSLINT PENOSIL WINDOW TAPE EXTERNAL (V\u00c4LIMINE) 424 70MM*25M - Espak E-pood","og_url":"https:\/\/espak.ee\/epood\/toode\/tihenduslint-penosil-window-tape-external-valimine-424-70mm25m\/","og_site_name":"Espak E-pood","article_modified_time":"2025-10-07T12:39:29+00:00","og_image":[{"width":800,"height":800,"url":"https:\/\/espak.ee\/epood\/wp-content\/uploads\/2023\/06\/Window_Tape_External_424-1.jpg","type":"image\/jpeg"}],"twitter_card":"summary_large_image","twitter_misc":{"Est. reading time":"2 minutit"},"schema":{"@context":"https:\/\/schema.org","@graph":[{"@type":"WebPage","@id":"https:\/\/espak.ee\/epood\/toode\/tihenduslint-penosil-window-tape-external-valimine-424-70mm25m\/","url":"https:\/\/espak.ee\/epood\/toode\/tihenduslint-penosil-window-tape-external-valimine-424-70mm25m\/","name":"TIHENDUSLINT PENOSIL WINDOW TAPE EXTERNAL (V\u00c4LIMINE) 424 70MM*25M - Espak E-pood","isPartOf":{"@id":"https:\/\/espak.ee\/epood\/#website"},"primaryImageOfPage":{"@id":"https:\/\/espak.ee\/epood\/toode\/tihenduslint-penosil-window-tape-external-valimine-424-70mm25m\/#primaryimage"},"image":{"@id":"https:\/\/espak.ee\/epood\/toode\/tihenduslint-penosil-window-tape-external-valimine-424-70mm25m\/#primaryimage"},"thumbnailUrl":"https:\/\/espak.ee\/epood\/wp-content\/uploads\/2023\/06\/Window_Tape_External_424-1.jpg","datePublished":"2023-06-03T10:48:27+00:00","dateModified":"2025-10-07T12:39:29+00:00","breadcrumb":{"@id":"https:\/\/espak.ee\/epood\/toode\/tihenduslint-penosil-window-tape-external-valimine-424-70mm25m\/#breadcrumb"},"inLanguage":"et","potentialAction":[{"@type":"ReadAction","target":["https:\/\/espak.ee\/epood\/toode\/tihenduslint-penosil-window-tape-external-valimine-424-70mm25m\/"]}]},{"@type":"ImageObject","inLanguage":"et","@id":"https:\/\/espak.ee\/epood\/toode\/tihenduslint-penosil-window-tape-external-valimine-424-70mm25m\/#primaryimage","url":"https:\/\/espak.ee\/epood\/wp-content\/uploads\/2023\/06\/Window_Tape_External_424-1.jpg","contentUrl":"https:\/\/espak.ee\/epood\/wp-content\/uploads\/2023\/06\/Window_Tape_External_424-1.jpg","width":800,"height":800},{"@type":"BreadcrumbList","@id":"https:\/\/espak.ee\/epood\/toode\/tihenduslint-penosil-window-tape-external-valimine-424-70mm25m\/#breadcrumb","itemListElement":[{"@type":"ListItem","position":1,"name":"Home","item":"https:\/\/espak.ee\/epood\/"},{"@type":"ListItem","position":2,"name":"Tootevalik","item":"https:\/\/espak.ee\/epood\/tootevalik\/"},{"@type":"ListItem","position":3,"name":"TIHENDUSLINT PENOSIL WINDOW TAPE EXTERNAL (V\u00c4LIMINE) 424 70MM*25M"}]},{"@type":"WebSite","@id":"https:\/\/espak.ee\/epood\/#website","url":"https:\/\/espak.ee\/epood\/","name":"Espak E-pood","description":"","potentialAction":[{"@type":"SearchAction","target":{"@type":"EntryPoint","urlTemplate":"https:\/\/espak.ee\/epood\/?s={search_term_string}"},"query-input":{"@type":"PropertyValueSpecification","valueRequired":true,"valueName":"search_term_string"}}],"inLanguage":"et"}]}},"_links":{"self":[{"href":"https:\/\/espak.ee\/epood\/wp-json\/wp\/v2\/product\/162056","targetHints":{"allow":["GET"]}}],"collection":[{"href":"https:\/\/espak.ee\/epood\/wp-json\/wp\/v2\/product"}],"about":[{"href":"https:\/\/espak.ee\/epood\/wp-json\/wp\/v2\/types\/product"}],"replies":[{"embeddable":true,"href":"https:\/\/espak.ee\/epood\/wp-json\/wp\/v2\/comments?post=162056"}],"wp:featuredmedia":[{"embeddable":true,"href":"https:\/\/espak.ee\/epood\/wp-json\/wp\/v2\/media\/162118"}],"wp:attachment":[{"href":"https:\/\/espak.ee\/epood\/wp-json\/wp\/v2\/media?parent=162056"}],"wp:term":[{"taxonomy":"product_brand","embeddable":true,"href":"https:\/\/espak.ee\/epood\/wp-json\/wp\/v2\/product_brand?post=162056"},{"taxonomy":"product_cat","embeddable":true,"href":"https:\/\/espak.ee\/epood\/wp-json\/wp\/v2\/product_cat?post=162056"},{"taxonomy":"product_tag","embeddable":true,"href":"https:\/\/espak.ee\/epood\/wp-json\/wp\/v2\/product_tag?post=162056"}],"curies":[{"name":"wp","href":"https:\/\/api.w.org\/{rel}","templated":true}]}}