{"id":162044,"date":"2023-06-03T01:55:47","date_gmt":"2023-06-02T22:55:47","guid":{"rendered":"https:\/\/espak.ee\/epood\/?post_type=product&#038;p=162044"},"modified":"2024-03-23T01:36:17","modified_gmt":"2024-03-22T23:36:17","slug":"kolari-katteplaat-delta-line-i-system-hobe","status":"publish","type":"product","link":"https:\/\/espak.ee\/epood\/toode\/kolari-katteplaat-delta-line-i-system-hobe\/","title":{"rendered":"K\u00d5LARI KATTEPLAAT DELTA LINE I-SYSTEM H\u00d5BE"},"content":{"rendered":"<div class=\"row\"  id=\"row-2126036584\">\n\n\t<div id=\"col-1123605484\" class=\"col medium-9 small-12 large-9\"  >\n\t\t\t\t<div class=\"col-inner\"  >\n\t\t\t\n\t\t\t\n<h3>Katteplaat k\u00f5lari- ja valjuh\u00e4\u00e4ldi pesale Siemens Delta Line i-system<\/h3>\n<p>V\u00e4rvus: H\u00f5bedane.<br \/>\nKaitseaste: IP20. <\/p>\n\t<div id=\"gap-2129100015\" class=\"gap-element clearfix\" style=\"display:block; height:auto;\">\n\t\t\n<style>\n#gap-2129100015 {\n  padding-top: 30px;\n}\n<\/style>\n\t<\/div>\n\t\n\t\t<\/div>\n\t\t\t\t\t<\/div>\n\n\t\n\n\t<div id=\"col-1471169776\" class=\"col medium-3 small-12 large-3\"  >\n\t\t\t\t<div class=\"col-inner\"  >\n\t\t\t\n\t\t\t\n<div class=\"is-divider divider clearfix\" ><\/div>\n<p><strong>\u00dcksikasjalikuma n\u00f5u saamiseks v\u00f5tke \u00fchendust:<br \/><\/strong>Elektrowerk O\u00dc<br \/>Laki 30<br \/>12915<br \/>Tallinn<br \/>+372 655 3355<\/p>\n<div class=\"is-divider divider clearfix\" ><\/div>\n\t\t<\/div>\n\t\t\t\t\t<\/div>\n\n\t\n<\/div>\n","protected":false},"excerpt":{"rendered":"","protected":false},"featured_media":162251,"comment_status":"closed","ping_status":"closed","template":"","meta":[],"product_brand":[],"product_cat":[2935,2934,3230,3224],"product_tag":[],"class_list":{"0":"post-162044","1":"product","2":"type-product","3":"status-publish","4":"has-post-thumbnail","6":"product_cat-elektrikaubad","7":"product_cat-elektrikaubad-ja-valgustid","8":"product_cat-kolaripesad","9":"product_cat-lulitid-ja-pistikupesad","10":"pa_kaubamark-elektrowerk","12":"first","13":"outofstock","14":"sale","15":"taxable","16":"shipping-taxable","17":"purchasable","18":"product-type-simple"},"yoast_head":"<!-- This site is optimized with the Yoast SEO plugin v26.9 - https:\/\/yoast.com\/product\/yoast-seo-wordpress\/ -->\n<title>K\u00d5LARI KATTEPLAAT DELTA LINE I-SYSTEM H\u00d5BE - Espak E-pood<\/title>\n<meta name=\"robots\" content=\"index, follow, max-snippet:-1, max-image-preview:large, max-video-preview:-1\" \/>\n<link rel=\"canonical\" href=\"https:\/\/espak.ee\/epood\/toode\/kolari-katteplaat-delta-line-i-system-hobe\/\" \/>\n<meta property=\"og:locale\" content=\"et_EE\" \/>\n<meta property=\"og:type\" content=\"article\" \/>\n<meta property=\"og:title\" content=\"K\u00d5LARI KATTEPLAAT DELTA LINE I-SYSTEM H\u00d5BE - Espak E-pood\" \/>\n<meta property=\"og:url\" content=\"https:\/\/espak.ee\/epood\/toode\/kolari-katteplaat-delta-line-i-system-hobe\/\" \/>\n<meta property=\"og:site_name\" content=\"Espak E-pood\" \/>\n<meta property=\"article:modified_time\" content=\"2024-03-22T23:36:17+00:00\" \/>\n<meta property=\"og:image\" content=\"https:\/\/espak.ee\/epood\/wp-content\/uploads\/2023\/06\/GetImageVariant-138.jpeg\" \/>\n\t<meta property=\"og:image:width\" content=\"300\" \/>\n\t<meta property=\"og:image:height\" content=\"300\" \/>\n\t<meta property=\"og:image:type\" content=\"image\/jpeg\" \/>\n<meta name=\"twitter:card\" content=\"summary_large_image\" \/>\n<script type=\"application\/ld+json\" class=\"yoast-schema-graph\">{\"@context\":\"https:\/\/schema.org\",\"@graph\":[{\"@type\":\"WebPage\",\"@id\":\"https:\/\/espak.ee\/epood\/toode\/kolari-katteplaat-delta-line-i-system-hobe\/\",\"url\":\"https:\/\/espak.ee\/epood\/toode\/kolari-katteplaat-delta-line-i-system-hobe\/\",\"name\":\"K\u00d5LARI KATTEPLAAT DELTA LINE I-SYSTEM H\u00d5BE - Espak E-pood\",\"isPartOf\":{\"@id\":\"https:\/\/espak.ee\/epood\/#website\"},\"primaryImageOfPage\":{\"@id\":\"https:\/\/espak.ee\/epood\/toode\/kolari-katteplaat-delta-line-i-system-hobe\/#primaryimage\"},\"image\":{\"@id\":\"https:\/\/espak.ee\/epood\/toode\/kolari-katteplaat-delta-line-i-system-hobe\/#primaryimage\"},\"thumbnailUrl\":\"https:\/\/espak.ee\/epood\/wp-content\/uploads\/2023\/06\/GetImageVariant-138.jpeg\",\"datePublished\":\"2023-06-02T22:55:47+00:00\",\"dateModified\":\"2024-03-22T23:36:17+00:00\",\"breadcrumb\":{\"@id\":\"https:\/\/espak.ee\/epood\/toode\/kolari-katteplaat-delta-line-i-system-hobe\/#breadcrumb\"},\"inLanguage\":\"et\",\"potentialAction\":[{\"@type\":\"ReadAction\",\"target\":[\"https:\/\/espak.ee\/epood\/toode\/kolari-katteplaat-delta-line-i-system-hobe\/\"]}]},{\"@type\":\"ImageObject\",\"inLanguage\":\"et\",\"@id\":\"https:\/\/espak.ee\/epood\/toode\/kolari-katteplaat-delta-line-i-system-hobe\/#primaryimage\",\"url\":\"https:\/\/espak.ee\/epood\/wp-content\/uploads\/2023\/06\/GetImageVariant-138.jpeg\",\"contentUrl\":\"https:\/\/espak.ee\/epood\/wp-content\/uploads\/2023\/06\/GetImageVariant-138.jpeg\",\"width\":300,\"height\":300},{\"@type\":\"BreadcrumbList\",\"@id\":\"https:\/\/espak.ee\/epood\/toode\/kolari-katteplaat-delta-line-i-system-hobe\/#breadcrumb\",\"itemListElement\":[{\"@type\":\"ListItem\",\"position\":1,\"name\":\"Home\",\"item\":\"https:\/\/espak.ee\/epood\/\"},{\"@type\":\"ListItem\",\"position\":2,\"name\":\"Tootevalik\",\"item\":\"https:\/\/espak.ee\/epood\/tootevalik\/\"},{\"@type\":\"ListItem\",\"position\":3,\"name\":\"K\u00d5LARI KATTEPLAAT DELTA LINE I-SYSTEM H\u00d5BE\"}]},{\"@type\":\"WebSite\",\"@id\":\"https:\/\/espak.ee\/epood\/#website\",\"url\":\"https:\/\/espak.ee\/epood\/\",\"name\":\"Espak E-pood\",\"description\":\"\",\"potentialAction\":[{\"@type\":\"SearchAction\",\"target\":{\"@type\":\"EntryPoint\",\"urlTemplate\":\"https:\/\/espak.ee\/epood\/?s={search_term_string}\"},\"query-input\":{\"@type\":\"PropertyValueSpecification\",\"valueRequired\":true,\"valueName\":\"search_term_string\"}}],\"inLanguage\":\"et\"}]}<\/script>\n<!-- \/ Yoast SEO plugin. -->","yoast_head_json":{"title":"K\u00d5LARI KATTEPLAAT DELTA LINE I-SYSTEM H\u00d5BE - Espak E-pood","robots":{"index":"index","follow":"follow","max-snippet":"max-snippet:-1","max-image-preview":"max-image-preview:large","max-video-preview":"max-video-preview:-1"},"canonical":"https:\/\/espak.ee\/epood\/toode\/kolari-katteplaat-delta-line-i-system-hobe\/","og_locale":"et_EE","og_type":"article","og_title":"K\u00d5LARI KATTEPLAAT DELTA LINE I-SYSTEM H\u00d5BE - Espak E-pood","og_url":"https:\/\/espak.ee\/epood\/toode\/kolari-katteplaat-delta-line-i-system-hobe\/","og_site_name":"Espak E-pood","article_modified_time":"2024-03-22T23:36:17+00:00","og_image":[{"width":300,"height":300,"url":"https:\/\/espak.ee\/epood\/wp-content\/uploads\/2023\/06\/GetImageVariant-138.jpeg","type":"image\/jpeg"}],"twitter_card":"summary_large_image","schema":{"@context":"https:\/\/schema.org","@graph":[{"@type":"WebPage","@id":"https:\/\/espak.ee\/epood\/toode\/kolari-katteplaat-delta-line-i-system-hobe\/","url":"https:\/\/espak.ee\/epood\/toode\/kolari-katteplaat-delta-line-i-system-hobe\/","name":"K\u00d5LARI KATTEPLAAT DELTA LINE I-SYSTEM H\u00d5BE - Espak E-pood","isPartOf":{"@id":"https:\/\/espak.ee\/epood\/#website"},"primaryImageOfPage":{"@id":"https:\/\/espak.ee\/epood\/toode\/kolari-katteplaat-delta-line-i-system-hobe\/#primaryimage"},"image":{"@id":"https:\/\/espak.ee\/epood\/toode\/kolari-katteplaat-delta-line-i-system-hobe\/#primaryimage"},"thumbnailUrl":"https:\/\/espak.ee\/epood\/wp-content\/uploads\/2023\/06\/GetImageVariant-138.jpeg","datePublished":"2023-06-02T22:55:47+00:00","dateModified":"2024-03-22T23:36:17+00:00","breadcrumb":{"@id":"https:\/\/espak.ee\/epood\/toode\/kolari-katteplaat-delta-line-i-system-hobe\/#breadcrumb"},"inLanguage":"et","potentialAction":[{"@type":"ReadAction","target":["https:\/\/espak.ee\/epood\/toode\/kolari-katteplaat-delta-line-i-system-hobe\/"]}]},{"@type":"ImageObject","inLanguage":"et","@id":"https:\/\/espak.ee\/epood\/toode\/kolari-katteplaat-delta-line-i-system-hobe\/#primaryimage","url":"https:\/\/espak.ee\/epood\/wp-content\/uploads\/2023\/06\/GetImageVariant-138.jpeg","contentUrl":"https:\/\/espak.ee\/epood\/wp-content\/uploads\/2023\/06\/GetImageVariant-138.jpeg","width":300,"height":300},{"@type":"BreadcrumbList","@id":"https:\/\/espak.ee\/epood\/toode\/kolari-katteplaat-delta-line-i-system-hobe\/#breadcrumb","itemListElement":[{"@type":"ListItem","position":1,"name":"Home","item":"https:\/\/espak.ee\/epood\/"},{"@type":"ListItem","position":2,"name":"Tootevalik","item":"https:\/\/espak.ee\/epood\/tootevalik\/"},{"@type":"ListItem","position":3,"name":"K\u00d5LARI KATTEPLAAT DELTA LINE I-SYSTEM H\u00d5BE"}]},{"@type":"WebSite","@id":"https:\/\/espak.ee\/epood\/#website","url":"https:\/\/espak.ee\/epood\/","name":"Espak E-pood","description":"","potentialAction":[{"@type":"SearchAction","target":{"@type":"EntryPoint","urlTemplate":"https:\/\/espak.ee\/epood\/?s={search_term_string}"},"query-input":{"@type":"PropertyValueSpecification","valueRequired":true,"valueName":"search_term_string"}}],"inLanguage":"et"}]}},"_links":{"self":[{"href":"https:\/\/espak.ee\/epood\/wp-json\/wp\/v2\/product\/162044","targetHints":{"allow":["GET"]}}],"collection":[{"href":"https:\/\/espak.ee\/epood\/wp-json\/wp\/v2\/product"}],"about":[{"href":"https:\/\/espak.ee\/epood\/wp-json\/wp\/v2\/types\/product"}],"replies":[{"embeddable":true,"href":"https:\/\/espak.ee\/epood\/wp-json\/wp\/v2\/comments?post=162044"}],"wp:featuredmedia":[{"embeddable":true,"href":"https:\/\/espak.ee\/epood\/wp-json\/wp\/v2\/media\/162251"}],"wp:attachment":[{"href":"https:\/\/espak.ee\/epood\/wp-json\/wp\/v2\/media?parent=162044"}],"wp:term":[{"taxonomy":"product_brand","embeddable":true,"href":"https:\/\/espak.ee\/epood\/wp-json\/wp\/v2\/product_brand?post=162044"},{"taxonomy":"product_cat","embeddable":true,"href":"https:\/\/espak.ee\/epood\/wp-json\/wp\/v2\/product_cat?post=162044"},{"taxonomy":"product_tag","embeddable":true,"href":"https:\/\/espak.ee\/epood\/wp-json\/wp\/v2\/product_tag?post=162044"}],"curies":[{"name":"wp","href":"https:\/\/api.w.org\/{rel}","templated":true}]}}