{"id":161649,"date":"2023-05-31T09:40:31","date_gmt":"2023-05-31T06:40:31","guid":{"rendered":"https:\/\/espak.ee\/epood\/?post_type=product&#038;p=161649"},"modified":"2024-10-24T14:23:38","modified_gmt":"2024-10-24T11:23:38","slug":"radiaator-ensto-beta-2-bt-ep-250w","status":"publish","type":"product","link":"https:\/\/espak.ee\/epood\/toode\/radiaator-ensto-beta-2-bt-ep-250w\/","title":{"rendered":"RADIAATOR ENSTO BETA 2-BT-EP 250W"},"content":{"rendered":"<div class=\"row\"  id=\"row-1689039847\">\n\n\t<div id=\"col-75395943\" class=\"col medium-9 small-12 large-9\"  >\n\t\t\t\t<div class=\"col-inner\"  >\n\t\t\t\n\t\t\t\n<h3>Radiaator Ensto Beta 2-BT-EP 250W <\/h3>\n<p>Radiaator t\u00e4pse elektroonilise termostaadiga, mida saab juhtida otse seadmelt v\u00f5i l\u00e4bi allalaaditava Bluetooth-rakenduse (Android ja iOS).<br \/>\nV\u00f5imalik valida erinevate k\u00fcttere\u017eiimide vahel. <\/p>\n\t<div id=\"gap-786608056\" class=\"gap-element clearfix\" style=\"display:block; height:auto;\">\n\t\t\n<style>\n#gap-786608056 {\n  padding-top: 30px;\n}\n<\/style>\n\t<\/div>\n\t\n\t\t<\/div>\n\t\t\t\t\t<\/div>\n\n\t\n\n\t<div id=\"col-699637088\" class=\"col medium-3 small-12 large-3\"  >\n\t\t\t\t<div class=\"col-inner\"  >\n\t\t\t\n\t\t\t\n<h3>Kasutusjuhend <\/h3>\n<p><a href=\"https:\/\/espak.ee\/epood\/wp-content\/uploads\/2023\/05\/0000001984.pdf\"target=\"_blank\" rel=\"noopener noreferrer\"><i class=\"far fa-file-pdf\"><\/i> Kasutusjuhend (PDF)<\/a><\/p>\n<div class=\"is-divider divider clearfix\" ><\/div>\n<p><strong>\u00dcksikasjalikuma n\u00f5u saamiseks v\u00f5tke \u00fchendust:<br \/><\/strong>ENSTO BUILDING SYSTEMS O\u00dc<br \/>Keki 1<br \/>76606<br \/>Keila<br \/>+372 651 2101<\/p>\n<div class=\"is-divider divider clearfix\" ><\/div>\n\t\t<\/div>\n\t\t\t\t\t<\/div>\n\n\t\n<\/div>\n","protected":false},"excerpt":{"rendered":"","protected":false},"featured_media":162006,"comment_status":"closed","ping_status":"closed","template":"","meta":[],"product_brand":[],"product_cat":[2935,2934,3265,3268],"product_tag":[],"class_list":{"0":"post-161649","1":"product","2":"type-product","3":"status-publish","4":"has-post-thumbnail","6":"product_cat-elektrikaubad","7":"product_cat-elektrikaubad-ja-valgustid","8":"product_cat-elektrikute-ja-kliimaseadmed","9":"product_cat-konvektor-radiaatorid","10":"pa_kaubamark-ensto-building-systems-ou","12":"first","13":"instock","14":"sale","15":"taxable","16":"shipping-taxable","17":"purchasable","18":"product-type-simple"},"yoast_head":"<!-- This site is optimized with the Yoast SEO plugin v26.9 - https:\/\/yoast.com\/product\/yoast-seo-wordpress\/ -->\n<title>RADIAATOR ENSTO BETA 2-BT-EP 250W - Espak E-pood<\/title>\n<meta name=\"robots\" content=\"index, follow, max-snippet:-1, max-image-preview:large, max-video-preview:-1\" \/>\n<link rel=\"canonical\" href=\"https:\/\/espak.ee\/epood\/toode\/radiaator-ensto-beta-2-bt-ep-250w\/\" \/>\n<meta property=\"og:locale\" content=\"et_EE\" \/>\n<meta property=\"og:type\" content=\"article\" \/>\n<meta property=\"og:title\" content=\"RADIAATOR ENSTO BETA 2-BT-EP 250W - Espak E-pood\" \/>\n<meta property=\"og:url\" content=\"https:\/\/espak.ee\/epood\/toode\/radiaator-ensto-beta-2-bt-ep-250w\/\" \/>\n<meta property=\"og:site_name\" content=\"Espak E-pood\" \/>\n<meta property=\"article:modified_time\" content=\"2024-10-24T11:23:38+00:00\" \/>\n<meta property=\"og:image\" content=\"https:\/\/espak.ee\/epood\/wp-content\/uploads\/2023\/05\/BETA2-BT-EP_O1.jpg\" \/>\n\t<meta property=\"og:image:width\" content=\"900\" \/>\n\t<meta property=\"og:image:height\" content=\"900\" \/>\n\t<meta property=\"og:image:type\" content=\"image\/jpeg\" \/>\n<meta name=\"twitter:card\" content=\"summary_large_image\" \/>\n<script type=\"application\/ld+json\" class=\"yoast-schema-graph\">{\"@context\":\"https:\/\/schema.org\",\"@graph\":[{\"@type\":\"WebPage\",\"@id\":\"https:\/\/espak.ee\/epood\/toode\/radiaator-ensto-beta-2-bt-ep-250w\/\",\"url\":\"https:\/\/espak.ee\/epood\/toode\/radiaator-ensto-beta-2-bt-ep-250w\/\",\"name\":\"RADIAATOR ENSTO BETA 2-BT-EP 250W - Espak E-pood\",\"isPartOf\":{\"@id\":\"https:\/\/espak.ee\/epood\/#website\"},\"primaryImageOfPage\":{\"@id\":\"https:\/\/espak.ee\/epood\/toode\/radiaator-ensto-beta-2-bt-ep-250w\/#primaryimage\"},\"image\":{\"@id\":\"https:\/\/espak.ee\/epood\/toode\/radiaator-ensto-beta-2-bt-ep-250w\/#primaryimage\"},\"thumbnailUrl\":\"https:\/\/espak.ee\/epood\/wp-content\/uploads\/2023\/05\/BETA2-BT-EP_O1.jpg\",\"datePublished\":\"2023-05-31T06:40:31+00:00\",\"dateModified\":\"2024-10-24T11:23:38+00:00\",\"breadcrumb\":{\"@id\":\"https:\/\/espak.ee\/epood\/toode\/radiaator-ensto-beta-2-bt-ep-250w\/#breadcrumb\"},\"inLanguage\":\"et\",\"potentialAction\":[{\"@type\":\"ReadAction\",\"target\":[\"https:\/\/espak.ee\/epood\/toode\/radiaator-ensto-beta-2-bt-ep-250w\/\"]}]},{\"@type\":\"ImageObject\",\"inLanguage\":\"et\",\"@id\":\"https:\/\/espak.ee\/epood\/toode\/radiaator-ensto-beta-2-bt-ep-250w\/#primaryimage\",\"url\":\"https:\/\/espak.ee\/epood\/wp-content\/uploads\/2023\/05\/BETA2-BT-EP_O1.jpg\",\"contentUrl\":\"https:\/\/espak.ee\/epood\/wp-content\/uploads\/2023\/05\/BETA2-BT-EP_O1.jpg\",\"width\":900,\"height\":900},{\"@type\":\"BreadcrumbList\",\"@id\":\"https:\/\/espak.ee\/epood\/toode\/radiaator-ensto-beta-2-bt-ep-250w\/#breadcrumb\",\"itemListElement\":[{\"@type\":\"ListItem\",\"position\":1,\"name\":\"Home\",\"item\":\"https:\/\/espak.ee\/epood\/\"},{\"@type\":\"ListItem\",\"position\":2,\"name\":\"Tootevalik\",\"item\":\"https:\/\/espak.ee\/epood\/tootevalik\/\"},{\"@type\":\"ListItem\",\"position\":3,\"name\":\"RADIAATOR ENSTO BETA 2-BT-EP 250W\"}]},{\"@type\":\"WebSite\",\"@id\":\"https:\/\/espak.ee\/epood\/#website\",\"url\":\"https:\/\/espak.ee\/epood\/\",\"name\":\"Espak E-pood\",\"description\":\"\",\"potentialAction\":[{\"@type\":\"SearchAction\",\"target\":{\"@type\":\"EntryPoint\",\"urlTemplate\":\"https:\/\/espak.ee\/epood\/?s={search_term_string}\"},\"query-input\":{\"@type\":\"PropertyValueSpecification\",\"valueRequired\":true,\"valueName\":\"search_term_string\"}}],\"inLanguage\":\"et\"}]}<\/script>\n<!-- \/ Yoast SEO plugin. -->","yoast_head_json":{"title":"RADIAATOR ENSTO BETA 2-BT-EP 250W - Espak E-pood","robots":{"index":"index","follow":"follow","max-snippet":"max-snippet:-1","max-image-preview":"max-image-preview:large","max-video-preview":"max-video-preview:-1"},"canonical":"https:\/\/espak.ee\/epood\/toode\/radiaator-ensto-beta-2-bt-ep-250w\/","og_locale":"et_EE","og_type":"article","og_title":"RADIAATOR ENSTO BETA 2-BT-EP 250W - Espak E-pood","og_url":"https:\/\/espak.ee\/epood\/toode\/radiaator-ensto-beta-2-bt-ep-250w\/","og_site_name":"Espak E-pood","article_modified_time":"2024-10-24T11:23:38+00:00","og_image":[{"width":900,"height":900,"url":"https:\/\/espak.ee\/epood\/wp-content\/uploads\/2023\/05\/BETA2-BT-EP_O1.jpg","type":"image\/jpeg"}],"twitter_card":"summary_large_image","schema":{"@context":"https:\/\/schema.org","@graph":[{"@type":"WebPage","@id":"https:\/\/espak.ee\/epood\/toode\/radiaator-ensto-beta-2-bt-ep-250w\/","url":"https:\/\/espak.ee\/epood\/toode\/radiaator-ensto-beta-2-bt-ep-250w\/","name":"RADIAATOR ENSTO BETA 2-BT-EP 250W - Espak E-pood","isPartOf":{"@id":"https:\/\/espak.ee\/epood\/#website"},"primaryImageOfPage":{"@id":"https:\/\/espak.ee\/epood\/toode\/radiaator-ensto-beta-2-bt-ep-250w\/#primaryimage"},"image":{"@id":"https:\/\/espak.ee\/epood\/toode\/radiaator-ensto-beta-2-bt-ep-250w\/#primaryimage"},"thumbnailUrl":"https:\/\/espak.ee\/epood\/wp-content\/uploads\/2023\/05\/BETA2-BT-EP_O1.jpg","datePublished":"2023-05-31T06:40:31+00:00","dateModified":"2024-10-24T11:23:38+00:00","breadcrumb":{"@id":"https:\/\/espak.ee\/epood\/toode\/radiaator-ensto-beta-2-bt-ep-250w\/#breadcrumb"},"inLanguage":"et","potentialAction":[{"@type":"ReadAction","target":["https:\/\/espak.ee\/epood\/toode\/radiaator-ensto-beta-2-bt-ep-250w\/"]}]},{"@type":"ImageObject","inLanguage":"et","@id":"https:\/\/espak.ee\/epood\/toode\/radiaator-ensto-beta-2-bt-ep-250w\/#primaryimage","url":"https:\/\/espak.ee\/epood\/wp-content\/uploads\/2023\/05\/BETA2-BT-EP_O1.jpg","contentUrl":"https:\/\/espak.ee\/epood\/wp-content\/uploads\/2023\/05\/BETA2-BT-EP_O1.jpg","width":900,"height":900},{"@type":"BreadcrumbList","@id":"https:\/\/espak.ee\/epood\/toode\/radiaator-ensto-beta-2-bt-ep-250w\/#breadcrumb","itemListElement":[{"@type":"ListItem","position":1,"name":"Home","item":"https:\/\/espak.ee\/epood\/"},{"@type":"ListItem","position":2,"name":"Tootevalik","item":"https:\/\/espak.ee\/epood\/tootevalik\/"},{"@type":"ListItem","position":3,"name":"RADIAATOR ENSTO BETA 2-BT-EP 250W"}]},{"@type":"WebSite","@id":"https:\/\/espak.ee\/epood\/#website","url":"https:\/\/espak.ee\/epood\/","name":"Espak E-pood","description":"","potentialAction":[{"@type":"SearchAction","target":{"@type":"EntryPoint","urlTemplate":"https:\/\/espak.ee\/epood\/?s={search_term_string}"},"query-input":{"@type":"PropertyValueSpecification","valueRequired":true,"valueName":"search_term_string"}}],"inLanguage":"et"}]}},"_links":{"self":[{"href":"https:\/\/espak.ee\/epood\/wp-json\/wp\/v2\/product\/161649","targetHints":{"allow":["GET"]}}],"collection":[{"href":"https:\/\/espak.ee\/epood\/wp-json\/wp\/v2\/product"}],"about":[{"href":"https:\/\/espak.ee\/epood\/wp-json\/wp\/v2\/types\/product"}],"replies":[{"embeddable":true,"href":"https:\/\/espak.ee\/epood\/wp-json\/wp\/v2\/comments?post=161649"}],"wp:featuredmedia":[{"embeddable":true,"href":"https:\/\/espak.ee\/epood\/wp-json\/wp\/v2\/media\/162006"}],"wp:attachment":[{"href":"https:\/\/espak.ee\/epood\/wp-json\/wp\/v2\/media?parent=161649"}],"wp:term":[{"taxonomy":"product_brand","embeddable":true,"href":"https:\/\/espak.ee\/epood\/wp-json\/wp\/v2\/product_brand?post=161649"},{"taxonomy":"product_cat","embeddable":true,"href":"https:\/\/espak.ee\/epood\/wp-json\/wp\/v2\/product_cat?post=161649"},{"taxonomy":"product_tag","embeddable":true,"href":"https:\/\/espak.ee\/epood\/wp-json\/wp\/v2\/product_tag?post=161649"}],"curies":[{"name":"wp","href":"https:\/\/api.w.org\/{rel}","templated":true}]}}