{"id":161113,"date":"2023-05-27T14:01:45","date_gmt":"2023-05-27T11:01:45","guid":{"rendered":"https:\/\/espak.ee\/epood\/?post_type=product&#038;p=161113"},"modified":"2024-03-23T01:37:19","modified_gmt":"2024-03-22T23:37:19","slug":"ohu-imuvoolik-as001gdas180-le-550mm-191x23-4","status":"publish","type":"product","link":"https:\/\/espak.ee\/epood\/toode\/ohu-imuvoolik-as001gdas180-le-550mm-191x23-4\/","title":{"rendered":"\u00d5HU IMUVOOLIK (AS001G,DAS180-LE) 550MM 191X23-4"},"content":{"rendered":"<div class=\"row\"  id=\"row-509239605\">\n\n\t<div id=\"col-1827626294\" class=\"col medium-9 small-12 large-9\"  >\n\t\t\t\t<div class=\"col-inner\"  >\n\t\t\t\n\t\t\t\n<h2>\u00d5hu imuvoolik Makita<\/h2>\n<p> L\u00e4bim\u00f5\u00f5t: 13 mm.<br \/>\nPikkus: 550 mm. <\/p>\n\t<div id=\"gap-691567839\" class=\"gap-element clearfix\" style=\"display:block; height:auto;\">\n\t\t\n<style>\n#gap-691567839 {\n  padding-top: 30px;\n}\n<\/style>\n\t<\/div>\n\t\n\t\t<\/div>\n\t\t\t\t\t<\/div>\n\n\t\n\n\t<div id=\"col-166722016\" class=\"col medium-3 small-12 large-3\"  >\n\t\t\t\t<div class=\"col-inner\"  >\n\t\t\t\n\t\t\t\n\t<div id=\"gap-2084098306\" class=\"gap-element clearfix\" style=\"display:block; height:auto;\">\n\t\t\n<style>\n#gap-2084098306 {\n  padding-top: 30px;\n}\n<\/style>\n\t<\/div>\n\t\n<p><strong>\u00dcksikasjalikuma n\u00f5u saamiseks v\u00f5tke \u00fchendust:<br \/><\/strong>Espak AS<br \/>Viadukti 42<br \/>11313<br \/>Tallinn<br \/> T\u00f6\u00f6riista osakond +372 6512 335<br \/><a href=\"mailto:tooriist@espak.ee\">tooriist@espak.ee<\/a><\/p>\n\t\t<\/div>\n\t\t\t\t\t<\/div>\n\n\t\n<\/div>\n","protected":false},"excerpt":{"rendered":"","protected":false},"featured_media":161208,"comment_status":"closed","ping_status":"closed","template":"","meta":[],"product_brand":[],"product_cat":[2733,3173,2680,2679],"product_tag":[],"class_list":{"0":"post-161113","1":"product","2":"type-product","3":"status-publish","4":"has-post-thumbnail","6":"product_cat-akutooriistad","7":"product_cat-akutooriistade-tarvikud","8":"product_cat-elektritooriistad","9":"product_cat-tooriistad","10":"pa_kaubamark-makita","12":"first","13":"instock","14":"sale","15":"taxable","16":"shipping-taxable","17":"purchasable","18":"product-type-simple"},"yoast_head":"<!-- This site is optimized with the Yoast SEO plugin v26.9 - https:\/\/yoast.com\/product\/yoast-seo-wordpress\/ -->\n<title>\u00d5HU IMUVOOLIK (AS001G,DAS180-LE) 550MM 191X23-4 - Espak E-pood<\/title>\n<meta name=\"robots\" content=\"index, follow, max-snippet:-1, max-image-preview:large, max-video-preview:-1\" \/>\n<link rel=\"canonical\" href=\"https:\/\/espak.ee\/epood\/toode\/ohu-imuvoolik-as001gdas180-le-550mm-191x23-4\/\" \/>\n<meta property=\"og:locale\" content=\"et_EE\" \/>\n<meta property=\"og:type\" content=\"article\" \/>\n<meta property=\"og:title\" content=\"\u00d5HU IMUVOOLIK (AS001G,DAS180-LE) 550MM 191X23-4 - Espak E-pood\" \/>\n<meta property=\"og:url\" content=\"https:\/\/espak.ee\/epood\/toode\/ohu-imuvoolik-as001gdas180-le-550mm-191x23-4\/\" \/>\n<meta property=\"og:site_name\" content=\"Espak E-pood\" \/>\n<meta property=\"article:modified_time\" content=\"2024-03-22T23:37:19+00:00\" \/>\n<meta property=\"og:image\" content=\"https:\/\/espak.ee\/epood\/wp-content\/uploads\/2023\/05\/191X23-4_C2L0.jpg\" \/>\n\t<meta property=\"og:image:width\" content=\"800\" \/>\n\t<meta property=\"og:image:height\" content=\"800\" \/>\n\t<meta property=\"og:image:type\" content=\"image\/jpeg\" \/>\n<meta name=\"twitter:card\" content=\"summary_large_image\" \/>\n<script type=\"application\/ld+json\" class=\"yoast-schema-graph\">{\"@context\":\"https:\/\/schema.org\",\"@graph\":[{\"@type\":\"WebPage\",\"@id\":\"https:\/\/espak.ee\/epood\/toode\/ohu-imuvoolik-as001gdas180-le-550mm-191x23-4\/\",\"url\":\"https:\/\/espak.ee\/epood\/toode\/ohu-imuvoolik-as001gdas180-le-550mm-191x23-4\/\",\"name\":\"\u00d5HU IMUVOOLIK (AS001G,DAS180-LE) 550MM 191X23-4 - Espak E-pood\",\"isPartOf\":{\"@id\":\"https:\/\/espak.ee\/epood\/#website\"},\"primaryImageOfPage\":{\"@id\":\"https:\/\/espak.ee\/epood\/toode\/ohu-imuvoolik-as001gdas180-le-550mm-191x23-4\/#primaryimage\"},\"image\":{\"@id\":\"https:\/\/espak.ee\/epood\/toode\/ohu-imuvoolik-as001gdas180-le-550mm-191x23-4\/#primaryimage\"},\"thumbnailUrl\":\"https:\/\/espak.ee\/epood\/wp-content\/uploads\/2023\/05\/191X23-4_C2L0.jpg\",\"datePublished\":\"2023-05-27T11:01:45+00:00\",\"dateModified\":\"2024-03-22T23:37:19+00:00\",\"breadcrumb\":{\"@id\":\"https:\/\/espak.ee\/epood\/toode\/ohu-imuvoolik-as001gdas180-le-550mm-191x23-4\/#breadcrumb\"},\"inLanguage\":\"et\",\"potentialAction\":[{\"@type\":\"ReadAction\",\"target\":[\"https:\/\/espak.ee\/epood\/toode\/ohu-imuvoolik-as001gdas180-le-550mm-191x23-4\/\"]}]},{\"@type\":\"ImageObject\",\"inLanguage\":\"et\",\"@id\":\"https:\/\/espak.ee\/epood\/toode\/ohu-imuvoolik-as001gdas180-le-550mm-191x23-4\/#primaryimage\",\"url\":\"https:\/\/espak.ee\/epood\/wp-content\/uploads\/2023\/05\/191X23-4_C2L0.jpg\",\"contentUrl\":\"https:\/\/espak.ee\/epood\/wp-content\/uploads\/2023\/05\/191X23-4_C2L0.jpg\",\"width\":800,\"height\":800},{\"@type\":\"BreadcrumbList\",\"@id\":\"https:\/\/espak.ee\/epood\/toode\/ohu-imuvoolik-as001gdas180-le-550mm-191x23-4\/#breadcrumb\",\"itemListElement\":[{\"@type\":\"ListItem\",\"position\":1,\"name\":\"Home\",\"item\":\"https:\/\/espak.ee\/epood\/\"},{\"@type\":\"ListItem\",\"position\":2,\"name\":\"Tootevalik\",\"item\":\"https:\/\/espak.ee\/epood\/tootevalik\/\"},{\"@type\":\"ListItem\",\"position\":3,\"name\":\"\u00d5HU IMUVOOLIK (AS001G,DAS180-LE) 550MM 191X23-4\"}]},{\"@type\":\"WebSite\",\"@id\":\"https:\/\/espak.ee\/epood\/#website\",\"url\":\"https:\/\/espak.ee\/epood\/\",\"name\":\"Espak E-pood\",\"description\":\"\",\"potentialAction\":[{\"@type\":\"SearchAction\",\"target\":{\"@type\":\"EntryPoint\",\"urlTemplate\":\"https:\/\/espak.ee\/epood\/?s={search_term_string}\"},\"query-input\":{\"@type\":\"PropertyValueSpecification\",\"valueRequired\":true,\"valueName\":\"search_term_string\"}}],\"inLanguage\":\"et\"}]}<\/script>\n<!-- \/ Yoast SEO plugin. -->","yoast_head_json":{"title":"\u00d5HU IMUVOOLIK (AS001G,DAS180-LE) 550MM 191X23-4 - Espak E-pood","robots":{"index":"index","follow":"follow","max-snippet":"max-snippet:-1","max-image-preview":"max-image-preview:large","max-video-preview":"max-video-preview:-1"},"canonical":"https:\/\/espak.ee\/epood\/toode\/ohu-imuvoolik-as001gdas180-le-550mm-191x23-4\/","og_locale":"et_EE","og_type":"article","og_title":"\u00d5HU IMUVOOLIK (AS001G,DAS180-LE) 550MM 191X23-4 - Espak E-pood","og_url":"https:\/\/espak.ee\/epood\/toode\/ohu-imuvoolik-as001gdas180-le-550mm-191x23-4\/","og_site_name":"Espak E-pood","article_modified_time":"2024-03-22T23:37:19+00:00","og_image":[{"width":800,"height":800,"url":"https:\/\/espak.ee\/epood\/wp-content\/uploads\/2023\/05\/191X23-4_C2L0.jpg","type":"image\/jpeg"}],"twitter_card":"summary_large_image","schema":{"@context":"https:\/\/schema.org","@graph":[{"@type":"WebPage","@id":"https:\/\/espak.ee\/epood\/toode\/ohu-imuvoolik-as001gdas180-le-550mm-191x23-4\/","url":"https:\/\/espak.ee\/epood\/toode\/ohu-imuvoolik-as001gdas180-le-550mm-191x23-4\/","name":"\u00d5HU IMUVOOLIK (AS001G,DAS180-LE) 550MM 191X23-4 - Espak E-pood","isPartOf":{"@id":"https:\/\/espak.ee\/epood\/#website"},"primaryImageOfPage":{"@id":"https:\/\/espak.ee\/epood\/toode\/ohu-imuvoolik-as001gdas180-le-550mm-191x23-4\/#primaryimage"},"image":{"@id":"https:\/\/espak.ee\/epood\/toode\/ohu-imuvoolik-as001gdas180-le-550mm-191x23-4\/#primaryimage"},"thumbnailUrl":"https:\/\/espak.ee\/epood\/wp-content\/uploads\/2023\/05\/191X23-4_C2L0.jpg","datePublished":"2023-05-27T11:01:45+00:00","dateModified":"2024-03-22T23:37:19+00:00","breadcrumb":{"@id":"https:\/\/espak.ee\/epood\/toode\/ohu-imuvoolik-as001gdas180-le-550mm-191x23-4\/#breadcrumb"},"inLanguage":"et","potentialAction":[{"@type":"ReadAction","target":["https:\/\/espak.ee\/epood\/toode\/ohu-imuvoolik-as001gdas180-le-550mm-191x23-4\/"]}]},{"@type":"ImageObject","inLanguage":"et","@id":"https:\/\/espak.ee\/epood\/toode\/ohu-imuvoolik-as001gdas180-le-550mm-191x23-4\/#primaryimage","url":"https:\/\/espak.ee\/epood\/wp-content\/uploads\/2023\/05\/191X23-4_C2L0.jpg","contentUrl":"https:\/\/espak.ee\/epood\/wp-content\/uploads\/2023\/05\/191X23-4_C2L0.jpg","width":800,"height":800},{"@type":"BreadcrumbList","@id":"https:\/\/espak.ee\/epood\/toode\/ohu-imuvoolik-as001gdas180-le-550mm-191x23-4\/#breadcrumb","itemListElement":[{"@type":"ListItem","position":1,"name":"Home","item":"https:\/\/espak.ee\/epood\/"},{"@type":"ListItem","position":2,"name":"Tootevalik","item":"https:\/\/espak.ee\/epood\/tootevalik\/"},{"@type":"ListItem","position":3,"name":"\u00d5HU IMUVOOLIK (AS001G,DAS180-LE) 550MM 191X23-4"}]},{"@type":"WebSite","@id":"https:\/\/espak.ee\/epood\/#website","url":"https:\/\/espak.ee\/epood\/","name":"Espak E-pood","description":"","potentialAction":[{"@type":"SearchAction","target":{"@type":"EntryPoint","urlTemplate":"https:\/\/espak.ee\/epood\/?s={search_term_string}"},"query-input":{"@type":"PropertyValueSpecification","valueRequired":true,"valueName":"search_term_string"}}],"inLanguage":"et"}]}},"_links":{"self":[{"href":"https:\/\/espak.ee\/epood\/wp-json\/wp\/v2\/product\/161113","targetHints":{"allow":["GET"]}}],"collection":[{"href":"https:\/\/espak.ee\/epood\/wp-json\/wp\/v2\/product"}],"about":[{"href":"https:\/\/espak.ee\/epood\/wp-json\/wp\/v2\/types\/product"}],"replies":[{"embeddable":true,"href":"https:\/\/espak.ee\/epood\/wp-json\/wp\/v2\/comments?post=161113"}],"wp:featuredmedia":[{"embeddable":true,"href":"https:\/\/espak.ee\/epood\/wp-json\/wp\/v2\/media\/161208"}],"wp:attachment":[{"href":"https:\/\/espak.ee\/epood\/wp-json\/wp\/v2\/media?parent=161113"}],"wp:term":[{"taxonomy":"product_brand","embeddable":true,"href":"https:\/\/espak.ee\/epood\/wp-json\/wp\/v2\/product_brand?post=161113"},{"taxonomy":"product_cat","embeddable":true,"href":"https:\/\/espak.ee\/epood\/wp-json\/wp\/v2\/product_cat?post=161113"},{"taxonomy":"product_tag","embeddable":true,"href":"https:\/\/espak.ee\/epood\/wp-json\/wp\/v2\/product_tag?post=161113"}],"curies":[{"name":"wp","href":"https:\/\/api.w.org\/{rel}","templated":true}]}}