{"id":161063,"date":"2023-05-26T14:03:06","date_gmt":"2023-05-26T11:03:06","guid":{"rendered":"https:\/\/espak.ee\/epood\/?post_type=product&#038;p=161063"},"modified":"2024-04-23T10:20:18","modified_gmt":"2024-04-23T07:20:18","slug":"umbrohutorje-substral-naturen-ultra-500ml","status":"publish","type":"product","link":"https:\/\/espak.ee\/epood\/toode\/umbrohutorje-substral-naturen-ultra-500ml\/","title":{"rendered":"UMBROHUT\u00d5RJE  SUBSTRAL NATUREN ULTRA 500ML"},"content":{"rendered":"<div class=\"row\"  id=\"row-1775223308\">\n\n\t<div id=\"col-1855384101\" class=\"col medium-9 small-12 large-9\"  >\n\t\t\t\t<div class=\"col-inner\"  >\n\t\t\t\n\t\t\t\n<h2>Umbrohut\u00f5rjevahend Substral\u00ae Naturen\u00ae ULTRA, kontsentraat<\/h2>\n<p>Looduslik herbitsiid umbrohtude t\u00f5rjumiseks. Kahjustab k\u00f5iki rohelisi taimi, mille lehtedega kokku puutub. Pritsitud taimede kasv peatub ja need n\u00e4rbuvad. Sobib kasutamiseks teeradadel, kiviteedel, rooside, p\u00f5\u00f5saste, hekkide ja puude all ning sammalde t\u00f5rjumiseks dekoratiivpuude ja -p\u00f5\u00f5saste ridade vahel.<\/p>\n<p>Kasutada sooja, p\u00e4ikesepaistelise ja tuulevaikse ilmaga. Soodsates tingimustes on esmane m\u00f5ju n\u00e4ha juba 2h p\u00e4rast.<\/p>\n<p>Keskkonnateadlikule aednikule:<br \/>\nToode on keskkonnale ohutu, kuna on pinnases biolagunev.<\/p>\n\t<div id=\"gap-213475617\" class=\"gap-element clearfix\" style=\"display:block; height:auto;\">\n\t\t\n<style>\n#gap-213475617 {\n  padding-top: 30px;\n}\n<\/style>\n\t<\/div>\n\t\n<h3>Kasutamise \u00fcksikasjad<\/h3>\n<p><strong>Kasutamine:<\/strong><br \/>\nT\u00f5rjutav taimestik t\u00f6\u00f6delda hoolikalt. Kasuta vahendit ajal, mis on v\u00e4lja toodud etiketil ja lubatud kulunormiga. Maksimaalne kasutamine kasvuperioodil: 4 korda 7 \u2013 21 p\u00e4evase intervalliga. Kulunorm \u00fchekordseks kasutamiseks on 23 ml ainet 300-500 ml vees 10 m2. V\u00e4ltige t\u00f6\u00f6lahuse triivimist\/ sattumist pritsimis ala k\u00f5rval olevatele aladele ja taimedele. P\u00e4rast taimede pruunistumist ja kuivamist v\u00f5ib alustada k\u00fclvamist ja istutamist. Surnud v\u00f5i n\u00e4rbuvad taimed saab kompostida v\u00f5i maasse kaevata ilma et see m\u00f5jutaks hiljem kasvavaid taimi.<\/p>\n<p>\u00c4rge kasutage vahendit:<br \/>\n\u2013 Veeorganismide ja muude kui sihtr\u00fchma taimede kaitsmiseks mitte kasutada mittel\u00e4bilaskvatel pinnastel, nagu n\u00e4iteks asfalt, betoon, t\u00e4navakivid, raudteer\u00f6\u00f6pad, ja teistel juhtudel, kus on suur \u00e4ravoolu oht.<br \/>\n-Sademete(vihm) ajal, kui taimed on m\u00e4rjad vihmast, kastmisest ja enne eeldatavat vihma, sest sademeid, mis esinevad 1 tund p\u00e4rast pihustamist v\u00f5ivad v\u00e4hendada efektiivsust.<\/p>\n<p><p><strong>Koostis:<\/strong> Toimeaine Pelargoonhape 565 g\/l<\/p>\n<p>Taimekaitsevahendite registri nr 841 \/ 14.02.23<br \/>\nUFI: 2DDU-HF J3-MS27-S3PY<\/p>\n<p><strong>Hoiustamine:<\/strong> Hoida originaalpakendis temperatuuril 5\u201330 \u00b0C. Hoida originaalpakendis kuivas, lastele ja lemmikloomadele k\u00e4ttesaamatus kohas. Osaliselt kasutatud toode h\u00e4sti sulgeda.<\/p>\n\t\t<\/div>\n\t\t\t\t\t<\/div>\n\n\t\n\n\t<div id=\"col-1830514420\" class=\"col medium-3 small-12 large-3\"  >\n\t\t\t\t<div class=\"col-inner\"  >\n\t\t\t\n\t\t\t\n\t<div id=\"gap-1214578091\" class=\"gap-element clearfix\" style=\"display:block; height:auto;\">\n\t\t\n<style>\n#gap-1214578091 {\n  padding-top: 30px;\n}\n<\/style>\n\t<\/div>\n\t\n<h3>Ohutusalane teave<\/h3>\n<p><a href=\"https:\/\/espak.ee\/epood\/wp-content\/uploads\/2023\/05\/Umbrohutorje-ULTRA_300000007741_EE_ET_1.0.pdf\"target=\"_blank\" rel=\"noopener noreferrer\"><i class=\"far fa-file-pdf\"><\/i> Ohutuskaart (PDF)<\/a><\/p>\n<div class=\"is-divider divider clearfix\" ><\/div>\n<p><strong>\u00dcksikasjalikuma n\u00f5u saamiseks v\u00f5tke \u00fchendust:<br \/><\/strong>Innotrade Group O\u00dc<br \/>Kanali tee 6<br \/>10112<br \/>Tallinn<br \/>+372 5047793<\/p>\n<div class=\"is-divider divider clearfix\" ><\/div>\n\t\t<\/div>\n\t\t\t\t\t<\/div>\n\n\t\n<\/div>\n","protected":false},"excerpt":{"rendered":"","protected":false},"featured_media":163862,"comment_status":"closed","ping_status":"closed","template":"","meta":[],"product_brand":[],"product_cat":[2789,2788,2878,2877],"product_tag":[],"class_list":{"0":"post-161063","1":"product","2":"type-product","3":"status-publish","4":"has-post-thumbnail","6":"product_cat-aiatarbed","7":"product_cat-aiatarbed-ja-kodukaubad","8":"product_cat-aiavaetised","9":"product_cat-vaetised","10":"pa_kaubamark-innotrade-group-ou","12":"first","13":"outofstock","14":"sale","15":"taxable","16":"shipping-taxable","17":"purchasable","18":"product-type-simple"},"yoast_head":"<!-- This site is optimized with the Yoast SEO plugin v26.9 - https:\/\/yoast.com\/product\/yoast-seo-wordpress\/ -->\n<title>UMBROHUT\u00d5RJE SUBSTRAL NATUREN ULTRA 500ML - Espak E-pood<\/title>\n<meta name=\"robots\" content=\"index, follow, max-snippet:-1, max-image-preview:large, max-video-preview:-1\" \/>\n<link rel=\"canonical\" href=\"https:\/\/espak.ee\/epood\/toode\/umbrohutorje-substral-naturen-ultra-500ml\/\" \/>\n<meta property=\"og:locale\" content=\"et_EE\" \/>\n<meta property=\"og:type\" content=\"article\" \/>\n<meta property=\"og:title\" content=\"UMBROHUT\u00d5RJE SUBSTRAL NATUREN ULTRA 500ML - Espak E-pood\" \/>\n<meta property=\"og:url\" content=\"https:\/\/espak.ee\/epood\/toode\/umbrohutorje-substral-naturen-ultra-500ml\/\" \/>\n<meta property=\"og:site_name\" content=\"Espak E-pood\" \/>\n<meta property=\"article:modified_time\" content=\"2024-04-23T07:20:18+00:00\" \/>\n<meta property=\"og:image\" content=\"https:\/\/espak.ee\/epood\/wp-content\/uploads\/2023\/05\/5907487103307_101330T_SUB-ULTRA-500ML.jpg\" \/>\n\t<meta property=\"og:image:width\" content=\"800\" \/>\n\t<meta property=\"og:image:height\" content=\"800\" \/>\n\t<meta property=\"og:image:type\" content=\"image\/jpeg\" \/>\n<meta name=\"twitter:card\" content=\"summary_large_image\" \/>\n<meta name=\"twitter:label1\" content=\"Est. reading time\" \/>\n\t<meta name=\"twitter:data1\" content=\"1 minut\" \/>\n<script type=\"application\/ld+json\" class=\"yoast-schema-graph\">{\"@context\":\"https:\/\/schema.org\",\"@graph\":[{\"@type\":\"WebPage\",\"@id\":\"https:\/\/espak.ee\/epood\/toode\/umbrohutorje-substral-naturen-ultra-500ml\/\",\"url\":\"https:\/\/espak.ee\/epood\/toode\/umbrohutorje-substral-naturen-ultra-500ml\/\",\"name\":\"UMBROHUT\u00d5RJE SUBSTRAL NATUREN ULTRA 500ML - Espak E-pood\",\"isPartOf\":{\"@id\":\"https:\/\/espak.ee\/epood\/#website\"},\"primaryImageOfPage\":{\"@id\":\"https:\/\/espak.ee\/epood\/toode\/umbrohutorje-substral-naturen-ultra-500ml\/#primaryimage\"},\"image\":{\"@id\":\"https:\/\/espak.ee\/epood\/toode\/umbrohutorje-substral-naturen-ultra-500ml\/#primaryimage\"},\"thumbnailUrl\":\"https:\/\/espak.ee\/epood\/wp-content\/uploads\/2023\/05\/5907487103307_101330T_SUB-ULTRA-500ML.jpg\",\"datePublished\":\"2023-05-26T11:03:06+00:00\",\"dateModified\":\"2024-04-23T07:20:18+00:00\",\"breadcrumb\":{\"@id\":\"https:\/\/espak.ee\/epood\/toode\/umbrohutorje-substral-naturen-ultra-500ml\/#breadcrumb\"},\"inLanguage\":\"et\",\"potentialAction\":[{\"@type\":\"ReadAction\",\"target\":[\"https:\/\/espak.ee\/epood\/toode\/umbrohutorje-substral-naturen-ultra-500ml\/\"]}]},{\"@type\":\"ImageObject\",\"inLanguage\":\"et\",\"@id\":\"https:\/\/espak.ee\/epood\/toode\/umbrohutorje-substral-naturen-ultra-500ml\/#primaryimage\",\"url\":\"https:\/\/espak.ee\/epood\/wp-content\/uploads\/2023\/05\/5907487103307_101330T_SUB-ULTRA-500ML.jpg\",\"contentUrl\":\"https:\/\/espak.ee\/epood\/wp-content\/uploads\/2023\/05\/5907487103307_101330T_SUB-ULTRA-500ML.jpg\",\"width\":800,\"height\":800},{\"@type\":\"BreadcrumbList\",\"@id\":\"https:\/\/espak.ee\/epood\/toode\/umbrohutorje-substral-naturen-ultra-500ml\/#breadcrumb\",\"itemListElement\":[{\"@type\":\"ListItem\",\"position\":1,\"name\":\"Home\",\"item\":\"https:\/\/espak.ee\/epood\/\"},{\"@type\":\"ListItem\",\"position\":2,\"name\":\"Tootevalik\",\"item\":\"https:\/\/espak.ee\/epood\/tootevalik\/\"},{\"@type\":\"ListItem\",\"position\":3,\"name\":\"UMBROHUT\u00d5RJE SUBSTRAL NATUREN ULTRA 500ML\"}]},{\"@type\":\"WebSite\",\"@id\":\"https:\/\/espak.ee\/epood\/#website\",\"url\":\"https:\/\/espak.ee\/epood\/\",\"name\":\"Espak E-pood\",\"description\":\"\",\"potentialAction\":[{\"@type\":\"SearchAction\",\"target\":{\"@type\":\"EntryPoint\",\"urlTemplate\":\"https:\/\/espak.ee\/epood\/?s={search_term_string}\"},\"query-input\":{\"@type\":\"PropertyValueSpecification\",\"valueRequired\":true,\"valueName\":\"search_term_string\"}}],\"inLanguage\":\"et\"}]}<\/script>\n<!-- \/ Yoast SEO plugin. -->","yoast_head_json":{"title":"UMBROHUT\u00d5RJE SUBSTRAL NATUREN ULTRA 500ML - Espak E-pood","robots":{"index":"index","follow":"follow","max-snippet":"max-snippet:-1","max-image-preview":"max-image-preview:large","max-video-preview":"max-video-preview:-1"},"canonical":"https:\/\/espak.ee\/epood\/toode\/umbrohutorje-substral-naturen-ultra-500ml\/","og_locale":"et_EE","og_type":"article","og_title":"UMBROHUT\u00d5RJE SUBSTRAL NATUREN ULTRA 500ML - Espak E-pood","og_url":"https:\/\/espak.ee\/epood\/toode\/umbrohutorje-substral-naturen-ultra-500ml\/","og_site_name":"Espak E-pood","article_modified_time":"2024-04-23T07:20:18+00:00","og_image":[{"width":800,"height":800,"url":"https:\/\/espak.ee\/epood\/wp-content\/uploads\/2023\/05\/5907487103307_101330T_SUB-ULTRA-500ML.jpg","type":"image\/jpeg"}],"twitter_card":"summary_large_image","twitter_misc":{"Est. reading time":"1 minut"},"schema":{"@context":"https:\/\/schema.org","@graph":[{"@type":"WebPage","@id":"https:\/\/espak.ee\/epood\/toode\/umbrohutorje-substral-naturen-ultra-500ml\/","url":"https:\/\/espak.ee\/epood\/toode\/umbrohutorje-substral-naturen-ultra-500ml\/","name":"UMBROHUT\u00d5RJE SUBSTRAL NATUREN ULTRA 500ML - Espak E-pood","isPartOf":{"@id":"https:\/\/espak.ee\/epood\/#website"},"primaryImageOfPage":{"@id":"https:\/\/espak.ee\/epood\/toode\/umbrohutorje-substral-naturen-ultra-500ml\/#primaryimage"},"image":{"@id":"https:\/\/espak.ee\/epood\/toode\/umbrohutorje-substral-naturen-ultra-500ml\/#primaryimage"},"thumbnailUrl":"https:\/\/espak.ee\/epood\/wp-content\/uploads\/2023\/05\/5907487103307_101330T_SUB-ULTRA-500ML.jpg","datePublished":"2023-05-26T11:03:06+00:00","dateModified":"2024-04-23T07:20:18+00:00","breadcrumb":{"@id":"https:\/\/espak.ee\/epood\/toode\/umbrohutorje-substral-naturen-ultra-500ml\/#breadcrumb"},"inLanguage":"et","potentialAction":[{"@type":"ReadAction","target":["https:\/\/espak.ee\/epood\/toode\/umbrohutorje-substral-naturen-ultra-500ml\/"]}]},{"@type":"ImageObject","inLanguage":"et","@id":"https:\/\/espak.ee\/epood\/toode\/umbrohutorje-substral-naturen-ultra-500ml\/#primaryimage","url":"https:\/\/espak.ee\/epood\/wp-content\/uploads\/2023\/05\/5907487103307_101330T_SUB-ULTRA-500ML.jpg","contentUrl":"https:\/\/espak.ee\/epood\/wp-content\/uploads\/2023\/05\/5907487103307_101330T_SUB-ULTRA-500ML.jpg","width":800,"height":800},{"@type":"BreadcrumbList","@id":"https:\/\/espak.ee\/epood\/toode\/umbrohutorje-substral-naturen-ultra-500ml\/#breadcrumb","itemListElement":[{"@type":"ListItem","position":1,"name":"Home","item":"https:\/\/espak.ee\/epood\/"},{"@type":"ListItem","position":2,"name":"Tootevalik","item":"https:\/\/espak.ee\/epood\/tootevalik\/"},{"@type":"ListItem","position":3,"name":"UMBROHUT\u00d5RJE SUBSTRAL NATUREN ULTRA 500ML"}]},{"@type":"WebSite","@id":"https:\/\/espak.ee\/epood\/#website","url":"https:\/\/espak.ee\/epood\/","name":"Espak E-pood","description":"","potentialAction":[{"@type":"SearchAction","target":{"@type":"EntryPoint","urlTemplate":"https:\/\/espak.ee\/epood\/?s={search_term_string}"},"query-input":{"@type":"PropertyValueSpecification","valueRequired":true,"valueName":"search_term_string"}}],"inLanguage":"et"}]}},"_links":{"self":[{"href":"https:\/\/espak.ee\/epood\/wp-json\/wp\/v2\/product\/161063","targetHints":{"allow":["GET"]}}],"collection":[{"href":"https:\/\/espak.ee\/epood\/wp-json\/wp\/v2\/product"}],"about":[{"href":"https:\/\/espak.ee\/epood\/wp-json\/wp\/v2\/types\/product"}],"replies":[{"embeddable":true,"href":"https:\/\/espak.ee\/epood\/wp-json\/wp\/v2\/comments?post=161063"}],"wp:featuredmedia":[{"embeddable":true,"href":"https:\/\/espak.ee\/epood\/wp-json\/wp\/v2\/media\/163862"}],"wp:attachment":[{"href":"https:\/\/espak.ee\/epood\/wp-json\/wp\/v2\/media?parent=161063"}],"wp:term":[{"taxonomy":"product_brand","embeddable":true,"href":"https:\/\/espak.ee\/epood\/wp-json\/wp\/v2\/product_brand?post=161063"},{"taxonomy":"product_cat","embeddable":true,"href":"https:\/\/espak.ee\/epood\/wp-json\/wp\/v2\/product_cat?post=161063"},{"taxonomy":"product_tag","embeddable":true,"href":"https:\/\/espak.ee\/epood\/wp-json\/wp\/v2\/product_tag?post=161063"}],"curies":[{"name":"wp","href":"https:\/\/api.w.org\/{rel}","templated":true}]}}