{"id":160507,"date":"2023-05-24T03:48:49","date_gmt":"2023-05-24T00:48:49","guid":{"rendered":"https:\/\/espak.ee\/epood\/?post_type=product&#038;p=160507"},"modified":"2025-06-05T12:09:52","modified_gmt":"2025-06-05T09:09:52","slug":"koogivalamu-roostevaba-50-sifooniga","status":"publish","type":"product","link":"https:\/\/espak.ee\/epood\/toode\/koogivalamu-roostevaba-50-sifooniga\/","title":{"rendered":"K\u00d6\u00d6GIVALAMU ROOSTEVABA 50 SIFOONIGA"},"content":{"rendered":"<div class=\"row\"  id=\"row-764595676\">\n\n\t<div id=\"col-525218802\" class=\"col medium-9 small-12 large-9\"  >\n\t\t\t\t<div class=\"col-inner\"  >\n\t\t\t\n\t\t\t\n<h3>Roostevaba k\u00f6\u00f6givalamu 50 lay-on 60 <\/h3>\n<p>&#8211; Tootekood: 365S108<br \/>\n&#8211; Roostevabast terasest k\u00f6\u00f6givalamu 50 lay-on 60<br \/>\n&#8211; Valamu m\u00f5\u00f5dud: 500 x 600 mm<br \/>\n&#8211; Sisem\u00f5\u00f5t: \u00d8 354 x 404 x 140 mm<br \/>\n&#8211; Viimistlus: satiin<br \/>\n&#8211; Materjal: roostevabast terasest<br \/>\n&#8211; \u00c4ravooluava l\u00e4bim\u00f5\u00f5t:0,40 mm \/ \u00d8 60<br \/>\n&#8211; Sifoon 1 1\/2 x 70 \u00fclejooksuga<\/p>\n\t<div id=\"gap-2135346898\" class=\"gap-element clearfix\" style=\"display:block; height:auto;\">\n\t\t\n<style>\n#gap-2135346898 {\n  padding-top: 30px;\n}\n<\/style>\n\t<\/div>\n\t\n\t\t<\/div>\n\t\t\t\t\t<\/div>\n\n\t\n\n\t<div id=\"col-1116269181\" class=\"col medium-3 small-12 large-3\"  >\n\t\t\t\t<div class=\"col-inner\"  >\n\t\t\t\n\t\t\t\n<div class=\"is-divider divider clearfix\" ><\/div>\n<p><strong>\u00dcksikasjalikuma n\u00f5u saamiseks v\u00f5tke \u00fchendust:<br \/><\/strong>Espak AS<br \/>Viadukti 42<br \/>11313<br \/>Tallinn<br \/><a href=\"tel:+3726512333\">+372 6 512333<\/a><\/p>\n<div class=\"is-divider divider clearfix\" ><\/div>\n\t\t<\/div>\n\t\t\t\t\t<\/div>\n\n\t\n<\/div>\n","protected":false},"excerpt":{"rendered":"","protected":false},"featured_media":160652,"comment_status":"closed","ping_status":"closed","template":"","meta":[],"product_brand":[],"product_cat":[3193,2819,2820,3194],"product_tag":[],"class_list":{"0":"post-160507","1":"product","2":"type-product","3":"status-publish","4":"has-post-thumbnail","6":"product_cat-koogivalamud","7":"product_cat-sanitaartehnika","8":"product_cat-sanitaartehnika-sanitaartehnika","9":"product_cat-valamud-roostevabast-terasest","10":"pa_kaubamark-franke","12":"first","13":"instock","14":"sale","15":"taxable","16":"shipping-taxable","17":"purchasable","18":"product-type-simple"},"yoast_head":"<!-- This site is optimized with the Yoast SEO plugin v26.9 - https:\/\/yoast.com\/product\/yoast-seo-wordpress\/ -->\n<title>K\u00d6\u00d6GIVALAMU ROOSTEVABA 50 SIFOONIGA - Espak E-pood<\/title>\n<meta name=\"robots\" content=\"index, follow, max-snippet:-1, max-image-preview:large, max-video-preview:-1\" \/>\n<link rel=\"canonical\" href=\"https:\/\/espak.ee\/epood\/?post_type=product&p=160507\" \/>\n<meta property=\"og:locale\" content=\"et_EE\" \/>\n<meta property=\"og:type\" content=\"article\" \/>\n<meta property=\"og:title\" content=\"K\u00d6\u00d6GIVALAMU ROOSTEVABA 50 SIFOONIGA - Espak E-pood\" \/>\n<meta property=\"og:url\" content=\"https:\/\/espak.ee\/epood\/?post_type=product&amp;p=160507\" \/>\n<meta property=\"og:site_name\" content=\"Espak E-pood\" \/>\n<meta property=\"article:modified_time\" content=\"2025-06-05T09:09:52+00:00\" \/>\n<meta property=\"og:image\" content=\"https:\/\/espak.ee\/epood\/wp-content\/uploads\/2023\/05\/456010_D1_block.jpg\" \/>\n\t<meta property=\"og:image:width\" content=\"600\" \/>\n\t<meta property=\"og:image:height\" content=\"600\" \/>\n\t<meta property=\"og:image:type\" content=\"image\/jpeg\" \/>\n<meta name=\"twitter:card\" content=\"summary_large_image\" \/>\n<script type=\"application\/ld+json\" class=\"yoast-schema-graph\">{\"@context\":\"https:\/\/schema.org\",\"@graph\":[{\"@type\":\"WebPage\",\"@id\":\"https:\/\/espak.ee\/epood\/?post_type=product&p=160507\",\"url\":\"https:\/\/espak.ee\/epood\/?post_type=product&p=160507\",\"name\":\"K\u00d6\u00d6GIVALAMU ROOSTEVABA 50 SIFOONIGA - Espak E-pood\",\"isPartOf\":{\"@id\":\"https:\/\/espak.ee\/epood\/#website\"},\"primaryImageOfPage\":{\"@id\":\"https:\/\/espak.ee\/epood\/?post_type=product&p=160507#primaryimage\"},\"image\":{\"@id\":\"https:\/\/espak.ee\/epood\/?post_type=product&p=160507#primaryimage\"},\"thumbnailUrl\":\"https:\/\/espak.ee\/epood\/wp-content\/uploads\/2023\/05\/456010_D1_block.jpg\",\"datePublished\":\"2023-05-24T00:48:49+00:00\",\"dateModified\":\"2025-06-05T09:09:52+00:00\",\"breadcrumb\":{\"@id\":\"https:\/\/espak.ee\/epood\/?post_type=product&p=160507#breadcrumb\"},\"inLanguage\":\"et\",\"potentialAction\":[{\"@type\":\"ReadAction\",\"target\":[\"https:\/\/espak.ee\/epood\/?post_type=product&p=160507\"]}]},{\"@type\":\"ImageObject\",\"inLanguage\":\"et\",\"@id\":\"https:\/\/espak.ee\/epood\/?post_type=product&p=160507#primaryimage\",\"url\":\"https:\/\/espak.ee\/epood\/wp-content\/uploads\/2023\/05\/456010_D1_block.jpg\",\"contentUrl\":\"https:\/\/espak.ee\/epood\/wp-content\/uploads\/2023\/05\/456010_D1_block.jpg\",\"width\":600,\"height\":600},{\"@type\":\"BreadcrumbList\",\"@id\":\"https:\/\/espak.ee\/epood\/?post_type=product&p=160507#breadcrumb\",\"itemListElement\":[{\"@type\":\"ListItem\",\"position\":1,\"name\":\"Home\",\"item\":\"https:\/\/espak.ee\/epood\/\"},{\"@type\":\"ListItem\",\"position\":2,\"name\":\"Tootevalik\",\"item\":\"https:\/\/espak.ee\/epood\/tootevalik\/\"},{\"@type\":\"ListItem\",\"position\":3,\"name\":\"K\u00d6\u00d6GIVALAMU ROOSTEVABA 50 SIFOONIGA\"}]},{\"@type\":\"WebSite\",\"@id\":\"https:\/\/espak.ee\/epood\/#website\",\"url\":\"https:\/\/espak.ee\/epood\/\",\"name\":\"Espak E-pood\",\"description\":\"\",\"potentialAction\":[{\"@type\":\"SearchAction\",\"target\":{\"@type\":\"EntryPoint\",\"urlTemplate\":\"https:\/\/espak.ee\/epood\/?s={search_term_string}\"},\"query-input\":{\"@type\":\"PropertyValueSpecification\",\"valueRequired\":true,\"valueName\":\"search_term_string\"}}],\"inLanguage\":\"et\"}]}<\/script>\n<!-- \/ Yoast SEO plugin. -->","yoast_head_json":{"title":"K\u00d6\u00d6GIVALAMU ROOSTEVABA 50 SIFOONIGA - Espak E-pood","robots":{"index":"index","follow":"follow","max-snippet":"max-snippet:-1","max-image-preview":"max-image-preview:large","max-video-preview":"max-video-preview:-1"},"canonical":"https:\/\/espak.ee\/epood\/?post_type=product&p=160507","og_locale":"et_EE","og_type":"article","og_title":"K\u00d6\u00d6GIVALAMU ROOSTEVABA 50 SIFOONIGA - Espak E-pood","og_url":"https:\/\/espak.ee\/epood\/?post_type=product&p=160507","og_site_name":"Espak E-pood","article_modified_time":"2025-06-05T09:09:52+00:00","og_image":[{"width":600,"height":600,"url":"https:\/\/espak.ee\/epood\/wp-content\/uploads\/2023\/05\/456010_D1_block.jpg","type":"image\/jpeg"}],"twitter_card":"summary_large_image","schema":{"@context":"https:\/\/schema.org","@graph":[{"@type":"WebPage","@id":"https:\/\/espak.ee\/epood\/?post_type=product&p=160507","url":"https:\/\/espak.ee\/epood\/?post_type=product&p=160507","name":"K\u00d6\u00d6GIVALAMU ROOSTEVABA 50 SIFOONIGA - Espak E-pood","isPartOf":{"@id":"https:\/\/espak.ee\/epood\/#website"},"primaryImageOfPage":{"@id":"https:\/\/espak.ee\/epood\/?post_type=product&p=160507#primaryimage"},"image":{"@id":"https:\/\/espak.ee\/epood\/?post_type=product&p=160507#primaryimage"},"thumbnailUrl":"https:\/\/espak.ee\/epood\/wp-content\/uploads\/2023\/05\/456010_D1_block.jpg","datePublished":"2023-05-24T00:48:49+00:00","dateModified":"2025-06-05T09:09:52+00:00","breadcrumb":{"@id":"https:\/\/espak.ee\/epood\/?post_type=product&p=160507#breadcrumb"},"inLanguage":"et","potentialAction":[{"@type":"ReadAction","target":["https:\/\/espak.ee\/epood\/?post_type=product&p=160507"]}]},{"@type":"ImageObject","inLanguage":"et","@id":"https:\/\/espak.ee\/epood\/?post_type=product&p=160507#primaryimage","url":"https:\/\/espak.ee\/epood\/wp-content\/uploads\/2023\/05\/456010_D1_block.jpg","contentUrl":"https:\/\/espak.ee\/epood\/wp-content\/uploads\/2023\/05\/456010_D1_block.jpg","width":600,"height":600},{"@type":"BreadcrumbList","@id":"https:\/\/espak.ee\/epood\/?post_type=product&p=160507#breadcrumb","itemListElement":[{"@type":"ListItem","position":1,"name":"Home","item":"https:\/\/espak.ee\/epood\/"},{"@type":"ListItem","position":2,"name":"Tootevalik","item":"https:\/\/espak.ee\/epood\/tootevalik\/"},{"@type":"ListItem","position":3,"name":"K\u00d6\u00d6GIVALAMU ROOSTEVABA 50 SIFOONIGA"}]},{"@type":"WebSite","@id":"https:\/\/espak.ee\/epood\/#website","url":"https:\/\/espak.ee\/epood\/","name":"Espak E-pood","description":"","potentialAction":[{"@type":"SearchAction","target":{"@type":"EntryPoint","urlTemplate":"https:\/\/espak.ee\/epood\/?s={search_term_string}"},"query-input":{"@type":"PropertyValueSpecification","valueRequired":true,"valueName":"search_term_string"}}],"inLanguage":"et"}]}},"_links":{"self":[{"href":"https:\/\/espak.ee\/epood\/wp-json\/wp\/v2\/product\/160507","targetHints":{"allow":["GET"]}}],"collection":[{"href":"https:\/\/espak.ee\/epood\/wp-json\/wp\/v2\/product"}],"about":[{"href":"https:\/\/espak.ee\/epood\/wp-json\/wp\/v2\/types\/product"}],"replies":[{"embeddable":true,"href":"https:\/\/espak.ee\/epood\/wp-json\/wp\/v2\/comments?post=160507"}],"wp:featuredmedia":[{"embeddable":true,"href":"https:\/\/espak.ee\/epood\/wp-json\/wp\/v2\/media\/160652"}],"wp:attachment":[{"href":"https:\/\/espak.ee\/epood\/wp-json\/wp\/v2\/media?parent=160507"}],"wp:term":[{"taxonomy":"product_brand","embeddable":true,"href":"https:\/\/espak.ee\/epood\/wp-json\/wp\/v2\/product_brand?post=160507"},{"taxonomy":"product_cat","embeddable":true,"href":"https:\/\/espak.ee\/epood\/wp-json\/wp\/v2\/product_cat?post=160507"},{"taxonomy":"product_tag","embeddable":true,"href":"https:\/\/espak.ee\/epood\/wp-json\/wp\/v2\/product_tag?post=160507"}],"curies":[{"name":"wp","href":"https:\/\/api.w.org\/{rel}","templated":true}]}}