{"id":16023,"date":"2020-02-29T03:11:23","date_gmt":"2020-02-29T01:11:23","guid":{"rendered":"https:\/\/espak.ee\/hinnakiri\/?post_type=product&#038;p=16023"},"modified":"2025-12-15T12:45:35","modified_gmt":"2025-12-15T10:45:35","slug":"ilmastikukindel-teip-50mm33m-labipaistev","status":"publish","type":"product","link":"https:\/\/espak.ee\/epood\/toode\/ilmastikukindel-teip-50mm33m-labipaistev\/","title":{"rendered":"ILMASTIKUKINDEL TEIP 50MM*33M L\u00c4BIPAISTEV"},"content":{"rendered":"<div class=\"row\"  id=\"row-773783151\">\n\n\t<div id=\"col-1080959000\" class=\"col medium-9 small-12 large-9\"  >\n\t\t\t\t<div class=\"col-inner\"  >\n\t\t\t\n\t\t\t\n<h2>Ilmastikukindel teip<\/h2>\n<p>Pol\u00fcet\u00fcleenist akr\u00fc\u00fclip\u00f5hise liimainega vastupidav teip. Sobib t\u00e4nu vastupidavusele ja UV-kaitsele t\u00e4iuslikult klaasi ja kile remontimiseks v\u00e4listingimustes.<\/p>\n\t<div id=\"gap-337577483\" class=\"gap-element clearfix\" style=\"display:block; height:auto;\">\n\t\t\n<style>\n#gap-337577483 {\n  padding-top: 30px;\n}\n<\/style>\n\t<\/div>\n\t\n\t\t<\/div>\n\t\t\t\t\t<\/div>\n\n\t\n\n\t<div id=\"col-425868883\" class=\"col medium-3 small-12 large-3\"  >\n\t\t\t\t<div class=\"col-inner\"  >\n\t\t\t\n\t\t\t\n\t<div id=\"gap-2129188766\" class=\"gap-element clearfix\" style=\"display:block; height:auto;\">\n\t\t\n<style>\n#gap-2129188766 {\n  padding-top: 30px;\n}\n<\/style>\n\t<\/div>\n\t\n<div class=\"is-divider divider clearfix\" ><\/div>\n<p><strong>\u00dcksikasjalikuma n\u00f5u saamiseks v\u00f5tke \u00fchendust:<br \/><\/strong>MULTIPACK O\u00dc<br \/>Peterburi tee 49<br \/>11415<br \/>Tallinn<br \/>+372 6056830<\/p>\n<div class=\"is-divider divider clearfix\" ><\/div>\n\t\t<\/div>\n\t\t\t\t\t<\/div>\n\n\t\n<\/div>\n","protected":false},"excerpt":{"rendered":"","protected":false},"featured_media":16483,"comment_status":"closed","ping_status":"open","template":"","meta":[],"product_brand":[],"product_cat":[2909,2908,2907,2683],"product_tag":[],"class_list":{"0":"post-16023","1":"product","2":"type-product","3":"status-publish","4":"has-post-thumbnail","6":"product_cat-eriotstarbelised-teibid","7":"product_cat-teibid","8":"product_cat-teibid-ja-armeerimismaterjalid","9":"product_cat-viimistluskaubad","10":"pa_kaubamark-multipack-ou","12":"first","13":"instock","14":"sale","15":"taxable","16":"shipping-taxable","17":"purchasable","18":"product-type-simple"},"yoast_head":"<!-- This site is optimized with the Yoast SEO plugin v26.9 - https:\/\/yoast.com\/product\/yoast-seo-wordpress\/ -->\n<title>ILMASTIKUKINDEL TEIP 50MM*33M L\u00c4BIPAISTEV - Espak E-pood<\/title>\n<meta name=\"robots\" content=\"index, follow, max-snippet:-1, max-image-preview:large, max-video-preview:-1\" \/>\n<link rel=\"canonical\" href=\"https:\/\/espak.ee\/epood\/toode\/ilmastikukindel-teip-50mm33m-labipaistev\/\" \/>\n<meta property=\"og:locale\" content=\"et_EE\" \/>\n<meta property=\"og:type\" content=\"article\" \/>\n<meta property=\"og:title\" content=\"ILMASTIKUKINDEL TEIP 50MM*33M L\u00c4BIPAISTEV - Espak E-pood\" \/>\n<meta property=\"og:url\" content=\"https:\/\/espak.ee\/epood\/toode\/ilmastikukindel-teip-50mm33m-labipaistev\/\" \/>\n<meta property=\"og:site_name\" content=\"Espak E-pood\" \/>\n<meta property=\"article:modified_time\" content=\"2025-12-15T10:45:35+00:00\" \/>\n<meta property=\"og:image\" content=\"https:\/\/espak.ee\/epood\/wp-content\/uploads\/Ilmastikukindel-teip-50mmx33m-l\u00e4bip.jpg\" \/>\n\t<meta property=\"og:image:width\" content=\"700\" \/>\n\t<meta property=\"og:image:height\" content=\"700\" \/>\n\t<meta property=\"og:image:type\" content=\"image\/jpeg\" \/>\n<meta name=\"twitter:card\" content=\"summary_large_image\" \/>\n<script type=\"application\/ld+json\" class=\"yoast-schema-graph\">{\"@context\":\"https:\/\/schema.org\",\"@graph\":[{\"@type\":\"WebPage\",\"@id\":\"https:\/\/espak.ee\/epood\/toode\/ilmastikukindel-teip-50mm33m-labipaistev\/\",\"url\":\"https:\/\/espak.ee\/epood\/toode\/ilmastikukindel-teip-50mm33m-labipaistev\/\",\"name\":\"ILMASTIKUKINDEL TEIP 50MM*33M L\u00c4BIPAISTEV - Espak E-pood\",\"isPartOf\":{\"@id\":\"https:\/\/espak.ee\/epood\/#website\"},\"primaryImageOfPage\":{\"@id\":\"https:\/\/espak.ee\/epood\/toode\/ilmastikukindel-teip-50mm33m-labipaistev\/#primaryimage\"},\"image\":{\"@id\":\"https:\/\/espak.ee\/epood\/toode\/ilmastikukindel-teip-50mm33m-labipaistev\/#primaryimage\"},\"thumbnailUrl\":\"https:\/\/espak.ee\/epood\/wp-content\/uploads\/Ilmastikukindel-teip-50mmx33m-l\u00e4bip.jpg\",\"datePublished\":\"2020-02-29T01:11:23+00:00\",\"dateModified\":\"2025-12-15T10:45:35+00:00\",\"breadcrumb\":{\"@id\":\"https:\/\/espak.ee\/epood\/toode\/ilmastikukindel-teip-50mm33m-labipaistev\/#breadcrumb\"},\"inLanguage\":\"et\",\"potentialAction\":[{\"@type\":\"ReadAction\",\"target\":[\"https:\/\/espak.ee\/epood\/toode\/ilmastikukindel-teip-50mm33m-labipaistev\/\"]}]},{\"@type\":\"ImageObject\",\"inLanguage\":\"et\",\"@id\":\"https:\/\/espak.ee\/epood\/toode\/ilmastikukindel-teip-50mm33m-labipaistev\/#primaryimage\",\"url\":\"https:\/\/espak.ee\/epood\/wp-content\/uploads\/Ilmastikukindel-teip-50mmx33m-l\u00e4bip.jpg\",\"contentUrl\":\"https:\/\/espak.ee\/epood\/wp-content\/uploads\/Ilmastikukindel-teip-50mmx33m-l\u00e4bip.jpg\",\"width\":700,\"height\":700},{\"@type\":\"BreadcrumbList\",\"@id\":\"https:\/\/espak.ee\/epood\/toode\/ilmastikukindel-teip-50mm33m-labipaistev\/#breadcrumb\",\"itemListElement\":[{\"@type\":\"ListItem\",\"position\":1,\"name\":\"Home\",\"item\":\"https:\/\/espak.ee\/epood\/\"},{\"@type\":\"ListItem\",\"position\":2,\"name\":\"Tootevalik\",\"item\":\"https:\/\/espak.ee\/epood\/tootevalik\/\"},{\"@type\":\"ListItem\",\"position\":3,\"name\":\"ILMASTIKUKINDEL TEIP 50MM*33M L\u00c4BIPAISTEV\"}]},{\"@type\":\"WebSite\",\"@id\":\"https:\/\/espak.ee\/epood\/#website\",\"url\":\"https:\/\/espak.ee\/epood\/\",\"name\":\"Espak E-pood\",\"description\":\"\",\"potentialAction\":[{\"@type\":\"SearchAction\",\"target\":{\"@type\":\"EntryPoint\",\"urlTemplate\":\"https:\/\/espak.ee\/epood\/?s={search_term_string}\"},\"query-input\":{\"@type\":\"PropertyValueSpecification\",\"valueRequired\":true,\"valueName\":\"search_term_string\"}}],\"inLanguage\":\"et\"}]}<\/script>\n<!-- \/ Yoast SEO plugin. -->","yoast_head_json":{"title":"ILMASTIKUKINDEL TEIP 50MM*33M L\u00c4BIPAISTEV - Espak E-pood","robots":{"index":"index","follow":"follow","max-snippet":"max-snippet:-1","max-image-preview":"max-image-preview:large","max-video-preview":"max-video-preview:-1"},"canonical":"https:\/\/espak.ee\/epood\/toode\/ilmastikukindel-teip-50mm33m-labipaistev\/","og_locale":"et_EE","og_type":"article","og_title":"ILMASTIKUKINDEL TEIP 50MM*33M L\u00c4BIPAISTEV - Espak E-pood","og_url":"https:\/\/espak.ee\/epood\/toode\/ilmastikukindel-teip-50mm33m-labipaistev\/","og_site_name":"Espak E-pood","article_modified_time":"2025-12-15T10:45:35+00:00","og_image":[{"width":700,"height":700,"url":"https:\/\/espak.ee\/epood\/wp-content\/uploads\/Ilmastikukindel-teip-50mmx33m-l\u00e4bip.jpg","type":"image\/jpeg"}],"twitter_card":"summary_large_image","schema":{"@context":"https:\/\/schema.org","@graph":[{"@type":"WebPage","@id":"https:\/\/espak.ee\/epood\/toode\/ilmastikukindel-teip-50mm33m-labipaistev\/","url":"https:\/\/espak.ee\/epood\/toode\/ilmastikukindel-teip-50mm33m-labipaistev\/","name":"ILMASTIKUKINDEL TEIP 50MM*33M L\u00c4BIPAISTEV - Espak E-pood","isPartOf":{"@id":"https:\/\/espak.ee\/epood\/#website"},"primaryImageOfPage":{"@id":"https:\/\/espak.ee\/epood\/toode\/ilmastikukindel-teip-50mm33m-labipaistev\/#primaryimage"},"image":{"@id":"https:\/\/espak.ee\/epood\/toode\/ilmastikukindel-teip-50mm33m-labipaistev\/#primaryimage"},"thumbnailUrl":"https:\/\/espak.ee\/epood\/wp-content\/uploads\/Ilmastikukindel-teip-50mmx33m-l\u00e4bip.jpg","datePublished":"2020-02-29T01:11:23+00:00","dateModified":"2025-12-15T10:45:35+00:00","breadcrumb":{"@id":"https:\/\/espak.ee\/epood\/toode\/ilmastikukindel-teip-50mm33m-labipaistev\/#breadcrumb"},"inLanguage":"et","potentialAction":[{"@type":"ReadAction","target":["https:\/\/espak.ee\/epood\/toode\/ilmastikukindel-teip-50mm33m-labipaistev\/"]}]},{"@type":"ImageObject","inLanguage":"et","@id":"https:\/\/espak.ee\/epood\/toode\/ilmastikukindel-teip-50mm33m-labipaistev\/#primaryimage","url":"https:\/\/espak.ee\/epood\/wp-content\/uploads\/Ilmastikukindel-teip-50mmx33m-l\u00e4bip.jpg","contentUrl":"https:\/\/espak.ee\/epood\/wp-content\/uploads\/Ilmastikukindel-teip-50mmx33m-l\u00e4bip.jpg","width":700,"height":700},{"@type":"BreadcrumbList","@id":"https:\/\/espak.ee\/epood\/toode\/ilmastikukindel-teip-50mm33m-labipaistev\/#breadcrumb","itemListElement":[{"@type":"ListItem","position":1,"name":"Home","item":"https:\/\/espak.ee\/epood\/"},{"@type":"ListItem","position":2,"name":"Tootevalik","item":"https:\/\/espak.ee\/epood\/tootevalik\/"},{"@type":"ListItem","position":3,"name":"ILMASTIKUKINDEL TEIP 50MM*33M L\u00c4BIPAISTEV"}]},{"@type":"WebSite","@id":"https:\/\/espak.ee\/epood\/#website","url":"https:\/\/espak.ee\/epood\/","name":"Espak E-pood","description":"","potentialAction":[{"@type":"SearchAction","target":{"@type":"EntryPoint","urlTemplate":"https:\/\/espak.ee\/epood\/?s={search_term_string}"},"query-input":{"@type":"PropertyValueSpecification","valueRequired":true,"valueName":"search_term_string"}}],"inLanguage":"et"}]}},"_links":{"self":[{"href":"https:\/\/espak.ee\/epood\/wp-json\/wp\/v2\/product\/16023","targetHints":{"allow":["GET"]}}],"collection":[{"href":"https:\/\/espak.ee\/epood\/wp-json\/wp\/v2\/product"}],"about":[{"href":"https:\/\/espak.ee\/epood\/wp-json\/wp\/v2\/types\/product"}],"replies":[{"embeddable":true,"href":"https:\/\/espak.ee\/epood\/wp-json\/wp\/v2\/comments?post=16023"}],"wp:featuredmedia":[{"embeddable":true,"href":"https:\/\/espak.ee\/epood\/wp-json\/wp\/v2\/media\/16483"}],"wp:attachment":[{"href":"https:\/\/espak.ee\/epood\/wp-json\/wp\/v2\/media?parent=16023"}],"wp:term":[{"taxonomy":"product_brand","embeddable":true,"href":"https:\/\/espak.ee\/epood\/wp-json\/wp\/v2\/product_brand?post=16023"},{"taxonomy":"product_cat","embeddable":true,"href":"https:\/\/espak.ee\/epood\/wp-json\/wp\/v2\/product_cat?post=16023"},{"taxonomy":"product_tag","embeddable":true,"href":"https:\/\/espak.ee\/epood\/wp-json\/wp\/v2\/product_tag?post=16023"}],"curies":[{"name":"wp","href":"https:\/\/api.w.org\/{rel}","templated":true}]}}