{"id":160075,"date":"2023-05-19T13:48:50","date_gmt":"2023-05-19T10:48:50","guid":{"rendered":"https:\/\/espak.ee\/epood\/?post_type=product&#038;p=160075"},"modified":"2026-03-21T10:19:35","modified_gmt":"2026-03-21T08:19:35","slug":"puitfassaadivarv-veranda-matt-9l","status":"publish","type":"product","link":"https:\/\/espak.ee\/epood\/toode\/puitfassaadivarv-veranda-matt-9l\/","title":{"rendered":"PUITFASSAADIV\u00c4RV VERANDA MATT 9L"},"content":{"rendered":"<div class=\"row\"  id=\"row-183397637\">\n\n\t<div id=\"col-1299891389\" class=\"col medium-9 small-12 large-9\"  >\n\t\t\t\t<div class=\"col-inner\"  >\n\t\t\t\n\t\t\t\n<h2>Puitfassaadiv\u00e4rv Veranda matt<\/h2>\n<p>Matt vesialuseline akr\u00fc\u00fcltv\u00e4rv puitpindade v\u00e4rvimiseks v\u00e4list\u00f6\u00f6del.<\/p>\n<div class=\"message-box relative\" style=\"padding-top:15px;padding-bottom:15px;\"><div class=\"message-box-bg-image bg-fill fill\" ><\/div><div class=\"message-box-bg-overlay bg-fill fill\" ><\/div><div class=\"container relative\"><div class=\"inner last-reset\">\n<div class=\"row align-middle align-center\"  id=\"row-374391552\">\n\n\t<div id=\"col-1448246834\" class=\"col small-12 large-12\"  >\n\t\t\t\t<div class=\"col-inner text-left\"  >\n\t\t\t\n\t\t\t\n<h4>Omadused<\/h4>\n<div class=\"row\"  id=\"row-1972596617\">\n\n\t<div id=\"col-1540727736\" class=\"col medium-6 small-12 large-6\"  >\n\t\t\t\t<div class=\"col-inner\"  >\n\t\t\t\n\t\t\t\n<p><i class=\"fa fa-check fa-2x\"><\/i> <strong> Ilmastikuindel<\/strong><\/p>\n<p><i class=\"fa fa-check fa-2x\"><\/i> <strong> Moodustab vastupidava elastse mati pinnakatte<\/strong><\/p>\n\t\t<\/div>\n\t\t\t\t\n<style>\n#col-1540727736 > .col-inner {\n  margin: 0px 0px 15px 0px;\n}\n<\/style>\n\t<\/div>\n\n\t\n\n\t<div id=\"col-962022422\" class=\"col medium-6 small-12 large-6\"  >\n\t\t\t\t<div class=\"col-inner\"  >\n\t\t\t\n\t\t\t\n<p><i class=\"fa fa-check fa-2x\"><\/i> <strong> Talub h\u00e4sti ilmastiku tingimusi ja s\u00e4ilitab pikaajaliselt 12 aastat kaitsvad ja dekoratviised omadused, kui j\u00e4rgida soovitusi pinna ettevalmistuse, v\u00e4rvimis- ja kasutusn\u00f5uete osas<\/strong><\/p>\n<p><i class=\"fa fa-check fa-2x\"><\/i> <strong>Kiiresti kuivav<\/strong><\/p>\n\t\t<\/div>\n\t\t\t\t\n<style>\n#col-962022422 > .col-inner {\n  margin: 0px 0px 15px 0px;\n}\n<\/style>\n\t<\/div>\n\n\t\n<\/div>\n\t\t<\/div>\n\t\t\t\t\t<\/div>\n\n\t\n<\/div>\n<\/div><\/div><\/div>\n\t<div id=\"gap-1552454513\" class=\"gap-element clearfix\" style=\"display:block; height:auto;\">\n\t\t\n<style>\n#gap-1552454513 {\n  padding-top: 30px;\n}\n<\/style>\n\t<\/div>\n\t\n<h3>Kasutamise \u00fcksikasjad<\/h3>\n<p><strong>Kasutusalad:<\/strong> Puitpindade v\u00e4rvimiseks v\u00e4list\u00f6\u00f6del (puitfassaadid, voodrilauad, piirdeaiad jm).  <\/p>\n<p><strong>V\u00e4rvitavad pinnad:<\/strong> Puitseinad, voodrilauad, piirdeaiad, jm. puitpinnad v\u00e4list\u00f6\u00f6del. Ei sobi horisontaal- ega \u00f5litatud pindade v\u00e4rvimiseks.<\/p>\n<p><strong>Aluspinna ettevalmistus:<\/strong><br \/>\n V\u00e4rvimata pinnad: Puhastada tolmust, roostest jm. mustusest. Hallitusega kaetud kohad puhastada vahendiga Biotol E v\u00f5i Biotol Spray. Kogu v\u00e4rvitav pind kruntida puidukaitsekrundiga Biostop v\u00f5i Biostop Aqua V, soovitavalt ehitust\u00f6\u00f6de algfaasis. Oksakohad puhastada vaigust. Metalldetailid t\u00f6\u00f6delda korrosioonivastase krundiga. Siledad h\u00f6\u00f6veldatud pinnad kruntida v\u00e4rviga Veranda Primer Aqua, mis on lahjendatud veega kuni 25%.<br \/>\nVarem v\u00e4rvitud pinnad: Eemaldada kooruv v\u00e4rv, tolm, rooste jm. mustus. M\u00e4\u00e4rdunud pinnad puhastada vahendiga EasyClean. Hallitusega kaetud kohad puhastada vahendiga Biotol E, Biotol Spray v\u00f5i WoodClean. Puhta puiduni puhastatud pind immutada Biostop v\u00f5i Biostop Aqua V ja kruntida lahjendatud v\u00e4rviga Veranda Primer Aqua. Kruntv\u00e4rv parandab nakkev\u00f5imet ja v\u00e4hendab vaigu l\u00e4biimbumise ohtu.<\/p>\n<p><strong>V\u00e4rvimine:<\/strong> Enne kasutamist v\u00e4rvi hoolikalt segada ja vajadusel vedeldada veega kuni 10% v\u00e4rvi mahust. Toonitud v\u00e4rv segada \u00fches pakendis toonierinevuste v\u00e4ltimiseks. V\u00e4rvida 1&#8230;2 kihis pintsli, rulli v\u00f5i pihustiga. Rulliga v\u00e4rvides soovitame v\u00e4rvipind \u00fcle pintseldada. Eriti hoolikalt v\u00e4rvida laudade otsapinnad.<\/p>\n<p><strong>Hooldamine:<\/strong> V\u00e4rvitud pinna puhastamiseks kasutada vett v\u00f5i vajadusel neutraalseid v\u00f5i n\u00f5rgalt leeliselisi pesemisvahendeid (pH 6..8). Kui v\u00e4rskelt v\u00e4rvitud pind vajab puhastamist, siis soovitame seda teha kuu aega p\u00e4rast v\u00e4rvimist, kui pinnad on saavutanud kulumiskindluse. Hallituse eemaldamiseks kasutada vahendit Biotol E v\u00f5i Biotol Spray.\n<\/p>\n<p><strong>Ohutus:<\/strong> Kahjulik veeorganismidele, pikaajaline toime. Hoiatus! Pihustamisel v\u00f5ivad tekkida ohtlikud sissehingatavad piisad. Pihustatud ainet v\u00f5i udu mitte sisse hingata. Sisaldab 1,2-bensisotiasool-3(2H)-ooni, 2-met\u00fc\u00fclisotiasool-3(2H)-ooni, 3-jodo-2-prop\u00fcn\u00fc\u00fclbut\u00fc\u00fclkarbamaati, reaktsioonisegu 5-kloro-2-met\u00fc\u00fcl-2H-isotiasool-3-oonist ja 2-met\u00fc\u00fcl-2H- isotiasool-3-oonist. V\u00f5ib esile kutsuda allergilise reaktsiooni. Arsti poole p\u00f6\u00f6rdudes v\u00f5tta kaasa toote pakend v\u00f5i etikett. Hoida lastele k\u00e4ttesaamatus kohas.<\/p>\n\t\t<\/div>\n\t\t\t\t\t<\/div>\n\n\t\n\n\t<div id=\"col-1429574452\" class=\"col medium-3 small-12 large-3\"  >\n\t\t\t\t<div class=\"col-inner\"  >\n\t\t\t\n\t\t\t\n\t<div id=\"gap-1431345793\" class=\"gap-element clearfix\" style=\"display:block; height:auto;\">\n\t\t\n<style>\n#gap-1431345793 {\n  padding-top: 30px;\n}\n<\/style>\n\t<\/div>\n\t\n<h3>Tehniline informatsioon<\/h3>\n<p><a href=\"https:\/\/espak.ee\/epood\/wp-content\/uploads\/2023\/05\/WEB_Passport_Eskaro_Veranda-Matt_Estonia_eesti_01.pdf\"target=\"_blank\" rel=\"noopener noreferrer\"><i class=\"far fa-file-pdf\"><\/i> Tehniline info (PDF)<\/a><\/p>\n<div class=\"is-divider divider clearfix\" ><\/div>\n<p><strong>\u00dcksikasjalikuma n\u00f5u saamiseks v\u00f5tke \u00fchendust:<br \/><\/strong>Eskaro AS<br \/>Fosforiidi 20<br \/>Maardu<br \/>+372 6217969<\/p>\n<div class=\"is-divider divider clearfix\" ><\/div>\n\t\t<\/div>\n\t\t\t\t\t<\/div>\n\n\t\n<\/div>\n","protected":false},"excerpt":{"rendered":"","protected":false},"featured_media":162361,"comment_status":"closed","ping_status":"closed","template":"","meta":[],"product_brand":[],"product_cat":[2690,2685,2684,2683],"product_tag":[],"class_list":{"0":"post-160075","1":"product","2":"type-product","3":"status-publish","4":"has-post-thumbnail","6":"product_cat-puiduvarvid","7":"product_cat-varvid","8":"product_cat-varvid-lakid-lahustid-puidukaitsed-olid","9":"product_cat-viimistluskaubad","10":"product_shipping_class-dpd-cold","11":"pa_kaubamark-eskaro-as","13":"first","14":"instock","15":"sale","16":"taxable","17":"shipping-taxable","18":"purchasable","19":"product-type-simple"},"yoast_head":"<!-- This site is optimized with the Yoast SEO plugin v26.9 - https:\/\/yoast.com\/product\/yoast-seo-wordpress\/ -->\n<title>PUITFASSAADIV\u00c4RV VERANDA MATT 9L - Espak E-pood<\/title>\n<meta name=\"robots\" content=\"index, follow, max-snippet:-1, max-image-preview:large, max-video-preview:-1\" \/>\n<link rel=\"canonical\" href=\"https:\/\/espak.ee\/epood\/toode\/puitfassaadivarv-veranda-matt-9l\/\" \/>\n<meta property=\"og:locale\" content=\"et_EE\" \/>\n<meta property=\"og:type\" content=\"article\" \/>\n<meta property=\"og:title\" content=\"PUITFASSAADIV\u00c4RV VERANDA MATT 9L - Espak E-pood\" \/>\n<meta property=\"og:url\" content=\"https:\/\/espak.ee\/epood\/toode\/puitfassaadivarv-veranda-matt-9l\/\" \/>\n<meta property=\"og:site_name\" content=\"Espak E-pood\" \/>\n<meta property=\"article:modified_time\" content=\"2026-03-21T08:19:35+00:00\" \/>\n<meta property=\"og:image\" content=\"https:\/\/espak.ee\/epood\/wp-content\/uploads\/2023\/05\/Eskaro_Veranda_Matt_2023_web_512_est.png\" \/>\n\t<meta property=\"og:image:width\" content=\"350\" \/>\n\t<meta property=\"og:image:height\" content=\"350\" \/>\n\t<meta property=\"og:image:type\" content=\"image\/png\" \/>\n<meta name=\"twitter:card\" content=\"summary_large_image\" \/>\n<meta name=\"twitter:label1\" content=\"Est. reading time\" \/>\n\t<meta name=\"twitter:data1\" content=\"2 minutit\" \/>\n<script type=\"application\/ld+json\" class=\"yoast-schema-graph\">{\"@context\":\"https:\/\/schema.org\",\"@graph\":[{\"@type\":\"WebPage\",\"@id\":\"https:\/\/espak.ee\/epood\/toode\/puitfassaadivarv-veranda-matt-9l\/\",\"url\":\"https:\/\/espak.ee\/epood\/toode\/puitfassaadivarv-veranda-matt-9l\/\",\"name\":\"PUITFASSAADIV\u00c4RV VERANDA MATT 9L - Espak E-pood\",\"isPartOf\":{\"@id\":\"https:\/\/espak.ee\/epood\/#website\"},\"primaryImageOfPage\":{\"@id\":\"https:\/\/espak.ee\/epood\/toode\/puitfassaadivarv-veranda-matt-9l\/#primaryimage\"},\"image\":{\"@id\":\"https:\/\/espak.ee\/epood\/toode\/puitfassaadivarv-veranda-matt-9l\/#primaryimage\"},\"thumbnailUrl\":\"https:\/\/espak.ee\/epood\/wp-content\/uploads\/2023\/05\/Eskaro_Veranda_Matt_2023_web_512_est.png\",\"datePublished\":\"2023-05-19T10:48:50+00:00\",\"dateModified\":\"2026-03-21T08:19:35+00:00\",\"breadcrumb\":{\"@id\":\"https:\/\/espak.ee\/epood\/toode\/puitfassaadivarv-veranda-matt-9l\/#breadcrumb\"},\"inLanguage\":\"et\",\"potentialAction\":[{\"@type\":\"ReadAction\",\"target\":[\"https:\/\/espak.ee\/epood\/toode\/puitfassaadivarv-veranda-matt-9l\/\"]}]},{\"@type\":\"ImageObject\",\"inLanguage\":\"et\",\"@id\":\"https:\/\/espak.ee\/epood\/toode\/puitfassaadivarv-veranda-matt-9l\/#primaryimage\",\"url\":\"https:\/\/espak.ee\/epood\/wp-content\/uploads\/2023\/05\/Eskaro_Veranda_Matt_2023_web_512_est.png\",\"contentUrl\":\"https:\/\/espak.ee\/epood\/wp-content\/uploads\/2023\/05\/Eskaro_Veranda_Matt_2023_web_512_est.png\",\"width\":350,\"height\":350},{\"@type\":\"BreadcrumbList\",\"@id\":\"https:\/\/espak.ee\/epood\/toode\/puitfassaadivarv-veranda-matt-9l\/#breadcrumb\",\"itemListElement\":[{\"@type\":\"ListItem\",\"position\":1,\"name\":\"Home\",\"item\":\"https:\/\/espak.ee\/epood\/\"},{\"@type\":\"ListItem\",\"position\":2,\"name\":\"Tootevalik\",\"item\":\"https:\/\/espak.ee\/epood\/tootevalik\/\"},{\"@type\":\"ListItem\",\"position\":3,\"name\":\"PUITFASSAADIV\u00c4RV VERANDA MATT 9L\"}]},{\"@type\":\"WebSite\",\"@id\":\"https:\/\/espak.ee\/epood\/#website\",\"url\":\"https:\/\/espak.ee\/epood\/\",\"name\":\"Espak E-pood\",\"description\":\"\",\"potentialAction\":[{\"@type\":\"SearchAction\",\"target\":{\"@type\":\"EntryPoint\",\"urlTemplate\":\"https:\/\/espak.ee\/epood\/?s={search_term_string}\"},\"query-input\":{\"@type\":\"PropertyValueSpecification\",\"valueRequired\":true,\"valueName\":\"search_term_string\"}}],\"inLanguage\":\"et\"}]}<\/script>\n<!-- \/ Yoast SEO plugin. -->","yoast_head_json":{"title":"PUITFASSAADIV\u00c4RV VERANDA MATT 9L - Espak E-pood","robots":{"index":"index","follow":"follow","max-snippet":"max-snippet:-1","max-image-preview":"max-image-preview:large","max-video-preview":"max-video-preview:-1"},"canonical":"https:\/\/espak.ee\/epood\/toode\/puitfassaadivarv-veranda-matt-9l\/","og_locale":"et_EE","og_type":"article","og_title":"PUITFASSAADIV\u00c4RV VERANDA MATT 9L - Espak E-pood","og_url":"https:\/\/espak.ee\/epood\/toode\/puitfassaadivarv-veranda-matt-9l\/","og_site_name":"Espak E-pood","article_modified_time":"2026-03-21T08:19:35+00:00","og_image":[{"width":350,"height":350,"url":"https:\/\/espak.ee\/epood\/wp-content\/uploads\/2023\/05\/Eskaro_Veranda_Matt_2023_web_512_est.png","type":"image\/png"}],"twitter_card":"summary_large_image","twitter_misc":{"Est. reading time":"2 minutit"},"schema":{"@context":"https:\/\/schema.org","@graph":[{"@type":"WebPage","@id":"https:\/\/espak.ee\/epood\/toode\/puitfassaadivarv-veranda-matt-9l\/","url":"https:\/\/espak.ee\/epood\/toode\/puitfassaadivarv-veranda-matt-9l\/","name":"PUITFASSAADIV\u00c4RV VERANDA MATT 9L - Espak E-pood","isPartOf":{"@id":"https:\/\/espak.ee\/epood\/#website"},"primaryImageOfPage":{"@id":"https:\/\/espak.ee\/epood\/toode\/puitfassaadivarv-veranda-matt-9l\/#primaryimage"},"image":{"@id":"https:\/\/espak.ee\/epood\/toode\/puitfassaadivarv-veranda-matt-9l\/#primaryimage"},"thumbnailUrl":"https:\/\/espak.ee\/epood\/wp-content\/uploads\/2023\/05\/Eskaro_Veranda_Matt_2023_web_512_est.png","datePublished":"2023-05-19T10:48:50+00:00","dateModified":"2026-03-21T08:19:35+00:00","breadcrumb":{"@id":"https:\/\/espak.ee\/epood\/toode\/puitfassaadivarv-veranda-matt-9l\/#breadcrumb"},"inLanguage":"et","potentialAction":[{"@type":"ReadAction","target":["https:\/\/espak.ee\/epood\/toode\/puitfassaadivarv-veranda-matt-9l\/"]}]},{"@type":"ImageObject","inLanguage":"et","@id":"https:\/\/espak.ee\/epood\/toode\/puitfassaadivarv-veranda-matt-9l\/#primaryimage","url":"https:\/\/espak.ee\/epood\/wp-content\/uploads\/2023\/05\/Eskaro_Veranda_Matt_2023_web_512_est.png","contentUrl":"https:\/\/espak.ee\/epood\/wp-content\/uploads\/2023\/05\/Eskaro_Veranda_Matt_2023_web_512_est.png","width":350,"height":350},{"@type":"BreadcrumbList","@id":"https:\/\/espak.ee\/epood\/toode\/puitfassaadivarv-veranda-matt-9l\/#breadcrumb","itemListElement":[{"@type":"ListItem","position":1,"name":"Home","item":"https:\/\/espak.ee\/epood\/"},{"@type":"ListItem","position":2,"name":"Tootevalik","item":"https:\/\/espak.ee\/epood\/tootevalik\/"},{"@type":"ListItem","position":3,"name":"PUITFASSAADIV\u00c4RV VERANDA MATT 9L"}]},{"@type":"WebSite","@id":"https:\/\/espak.ee\/epood\/#website","url":"https:\/\/espak.ee\/epood\/","name":"Espak E-pood","description":"","potentialAction":[{"@type":"SearchAction","target":{"@type":"EntryPoint","urlTemplate":"https:\/\/espak.ee\/epood\/?s={search_term_string}"},"query-input":{"@type":"PropertyValueSpecification","valueRequired":true,"valueName":"search_term_string"}}],"inLanguage":"et"}]}},"_links":{"self":[{"href":"https:\/\/espak.ee\/epood\/wp-json\/wp\/v2\/product\/160075","targetHints":{"allow":["GET"]}}],"collection":[{"href":"https:\/\/espak.ee\/epood\/wp-json\/wp\/v2\/product"}],"about":[{"href":"https:\/\/espak.ee\/epood\/wp-json\/wp\/v2\/types\/product"}],"replies":[{"embeddable":true,"href":"https:\/\/espak.ee\/epood\/wp-json\/wp\/v2\/comments?post=160075"}],"wp:featuredmedia":[{"embeddable":true,"href":"https:\/\/espak.ee\/epood\/wp-json\/wp\/v2\/media\/162361"}],"wp:attachment":[{"href":"https:\/\/espak.ee\/epood\/wp-json\/wp\/v2\/media?parent=160075"}],"wp:term":[{"taxonomy":"product_brand","embeddable":true,"href":"https:\/\/espak.ee\/epood\/wp-json\/wp\/v2\/product_brand?post=160075"},{"taxonomy":"product_cat","embeddable":true,"href":"https:\/\/espak.ee\/epood\/wp-json\/wp\/v2\/product_cat?post=160075"},{"taxonomy":"product_tag","embeddable":true,"href":"https:\/\/espak.ee\/epood\/wp-json\/wp\/v2\/product_tag?post=160075"}],"curies":[{"name":"wp","href":"https:\/\/api.w.org\/{rel}","templated":true}]}}