{"id":159631,"date":"2023-05-17T03:22:25","date_gmt":"2023-05-17T00:22:25","guid":{"rendered":"https:\/\/espak.ee\/epood\/?post_type=product&#038;p=159631"},"modified":"2024-03-23T01:40:29","modified_gmt":"2024-03-22T23:40:29","slug":"sifooni-uleminek-1-1-2-sk-1-1-4-vk-plast","status":"publish","type":"product","link":"https:\/\/espak.ee\/epood\/toode\/sifooni-uleminek-1-1-2-sk-1-1-4-vk-plast\/","title":{"rendered":"SIFOONI \u00dcLEMINEK 1 1\/2&#8243; SK-1 1\/4&#8243; VK PLAST"},"content":{"rendered":"<div class=\"row\"  id=\"row-1423695450\">\n\n\t<div id=\"col-90163891\" class=\"col medium-9 small-12 large-9\"  >\n\t\t\t\t<div class=\"col-inner\"  >\n\t\t\t\n\t\t\t\n<h3>\u00dcleminek plast 1 1\/2&#8243; SK x 1 1\/4&#8243; VK<\/h3>\n\t<div id=\"gap-1638842589\" class=\"gap-element clearfix\" style=\"display:block; height:auto;\">\n\t\t\n<style>\n#gap-1638842589 {\n  padding-top: 30px;\n}\n<\/style>\n\t<\/div>\n\t\n\t\t<\/div>\n\t\t\t\t\t<\/div>\n\n\t\n\n\t<div id=\"col-636659583\" class=\"col medium-3 small-12 large-3\"  >\n\t\t\t\t<div class=\"col-inner\"  >\n\t\t\t\n\t\t\t\n<div class=\"is-divider divider clearfix\" ><\/div>\n<p><strong>\u00dcksikasjalikuma n\u00f5u saamiseks v\u00f5tke \u00fchendust:<br \/><\/strong>Espak AS<br \/>Viadukti 42<br \/>11313<br \/>Tallinn<br \/><a href=\"tel:+3726512333\">+372 6 512333<\/a><\/p>\n<div class=\"is-divider divider clearfix\" ><\/div>\n\t\t<\/div>\n\t\t\t\t\t<\/div>\n\n\t\n<\/div>\n","protected":false},"excerpt":{"rendered":"","protected":false},"featured_media":159702,"comment_status":"closed","ping_status":"closed","template":"","meta":[],"product_brand":[],"product_cat":[3393,3489,2819,2820],"product_tag":[],"class_list":{"0":"post-159631","1":"product","2":"type-product","3":"status-publish","4":"has-post-thumbnail","6":"product_cat-kanalisatsioon","7":"product_cat-kanalisatsiooni-aravoolususteemid","8":"product_cat-sanitaartehnika","9":"product_cat-sanitaartehnika-sanitaartehnika","10":"pa_kaubamark-biston-ou","12":"first","13":"instock","14":"sale","15":"taxable","16":"shipping-taxable","17":"purchasable","18":"product-type-simple"},"yoast_head":"<!-- This site is optimized with the Yoast SEO plugin v26.9 - https:\/\/yoast.com\/product\/yoast-seo-wordpress\/ -->\n<title>SIFOONI \u00dcLEMINEK 1 1\/2&quot; SK-1 1\/4&quot; VK PLAST - Espak E-pood<\/title>\n<meta name=\"robots\" content=\"index, follow, max-snippet:-1, max-image-preview:large, max-video-preview:-1\" \/>\n<link rel=\"canonical\" href=\"https:\/\/espak.ee\/epood\/toode\/sifooni-uleminek-1-1-2-sk-1-1-4-vk-plast\/\" \/>\n<meta property=\"og:locale\" content=\"et_EE\" \/>\n<meta property=\"og:type\" content=\"article\" \/>\n<meta property=\"og:title\" content=\"SIFOONI \u00dcLEMINEK 1 1\/2&quot; SK-1 1\/4&quot; VK PLAST - Espak E-pood\" \/>\n<meta property=\"og:url\" content=\"https:\/\/espak.ee\/epood\/toode\/sifooni-uleminek-1-1-2-sk-1-1-4-vk-plast\/\" \/>\n<meta property=\"og:site_name\" content=\"Espak E-pood\" \/>\n<meta property=\"article:modified_time\" content=\"2024-03-22T23:40:29+00:00\" \/>\n<meta property=\"og:image\" content=\"https:\/\/espak.ee\/epood\/wp-content\/uploads\/2023\/05\/261551-SEB_D01473000000.jpg\" \/>\n\t<meta property=\"og:image:width\" content=\"855\" \/>\n\t<meta property=\"og:image:height\" content=\"854\" \/>\n\t<meta property=\"og:image:type\" content=\"image\/jpeg\" \/>\n<meta name=\"twitter:card\" content=\"summary_large_image\" \/>\n<script type=\"application\/ld+json\" class=\"yoast-schema-graph\">{\"@context\":\"https:\/\/schema.org\",\"@graph\":[{\"@type\":\"WebPage\",\"@id\":\"https:\/\/espak.ee\/epood\/toode\/sifooni-uleminek-1-1-2-sk-1-1-4-vk-plast\/\",\"url\":\"https:\/\/espak.ee\/epood\/toode\/sifooni-uleminek-1-1-2-sk-1-1-4-vk-plast\/\",\"name\":\"SIFOONI \u00dcLEMINEK 1 1\/2\\\" SK-1 1\/4\\\" VK PLAST - Espak E-pood\",\"isPartOf\":{\"@id\":\"https:\/\/espak.ee\/epood\/#website\"},\"primaryImageOfPage\":{\"@id\":\"https:\/\/espak.ee\/epood\/toode\/sifooni-uleminek-1-1-2-sk-1-1-4-vk-plast\/#primaryimage\"},\"image\":{\"@id\":\"https:\/\/espak.ee\/epood\/toode\/sifooni-uleminek-1-1-2-sk-1-1-4-vk-plast\/#primaryimage\"},\"thumbnailUrl\":\"https:\/\/espak.ee\/epood\/wp-content\/uploads\/2023\/05\/261551-SEB_D01473000000.jpg\",\"datePublished\":\"2023-05-17T00:22:25+00:00\",\"dateModified\":\"2024-03-22T23:40:29+00:00\",\"breadcrumb\":{\"@id\":\"https:\/\/espak.ee\/epood\/toode\/sifooni-uleminek-1-1-2-sk-1-1-4-vk-plast\/#breadcrumb\"},\"inLanguage\":\"et\",\"potentialAction\":[{\"@type\":\"ReadAction\",\"target\":[\"https:\/\/espak.ee\/epood\/toode\/sifooni-uleminek-1-1-2-sk-1-1-4-vk-plast\/\"]}]},{\"@type\":\"ImageObject\",\"inLanguage\":\"et\",\"@id\":\"https:\/\/espak.ee\/epood\/toode\/sifooni-uleminek-1-1-2-sk-1-1-4-vk-plast\/#primaryimage\",\"url\":\"https:\/\/espak.ee\/epood\/wp-content\/uploads\/2023\/05\/261551-SEB_D01473000000.jpg\",\"contentUrl\":\"https:\/\/espak.ee\/epood\/wp-content\/uploads\/2023\/05\/261551-SEB_D01473000000.jpg\",\"width\":855,\"height\":854},{\"@type\":\"BreadcrumbList\",\"@id\":\"https:\/\/espak.ee\/epood\/toode\/sifooni-uleminek-1-1-2-sk-1-1-4-vk-plast\/#breadcrumb\",\"itemListElement\":[{\"@type\":\"ListItem\",\"position\":1,\"name\":\"Home\",\"item\":\"https:\/\/espak.ee\/epood\/\"},{\"@type\":\"ListItem\",\"position\":2,\"name\":\"Tootevalik\",\"item\":\"https:\/\/espak.ee\/epood\/tootevalik\/\"},{\"@type\":\"ListItem\",\"position\":3,\"name\":\"SIFOONI \u00dcLEMINEK 1 1\/2&#8243; SK-1 1\/4&#8243; VK PLAST\"}]},{\"@type\":\"WebSite\",\"@id\":\"https:\/\/espak.ee\/epood\/#website\",\"url\":\"https:\/\/espak.ee\/epood\/\",\"name\":\"Espak E-pood\",\"description\":\"\",\"potentialAction\":[{\"@type\":\"SearchAction\",\"target\":{\"@type\":\"EntryPoint\",\"urlTemplate\":\"https:\/\/espak.ee\/epood\/?s={search_term_string}\"},\"query-input\":{\"@type\":\"PropertyValueSpecification\",\"valueRequired\":true,\"valueName\":\"search_term_string\"}}],\"inLanguage\":\"et\"}]}<\/script>\n<!-- \/ Yoast SEO plugin. -->","yoast_head_json":{"title":"SIFOONI \u00dcLEMINEK 1 1\/2\" SK-1 1\/4\" VK PLAST - Espak E-pood","robots":{"index":"index","follow":"follow","max-snippet":"max-snippet:-1","max-image-preview":"max-image-preview:large","max-video-preview":"max-video-preview:-1"},"canonical":"https:\/\/espak.ee\/epood\/toode\/sifooni-uleminek-1-1-2-sk-1-1-4-vk-plast\/","og_locale":"et_EE","og_type":"article","og_title":"SIFOONI \u00dcLEMINEK 1 1\/2\" SK-1 1\/4\" VK PLAST - Espak E-pood","og_url":"https:\/\/espak.ee\/epood\/toode\/sifooni-uleminek-1-1-2-sk-1-1-4-vk-plast\/","og_site_name":"Espak E-pood","article_modified_time":"2024-03-22T23:40:29+00:00","og_image":[{"width":855,"height":854,"url":"https:\/\/espak.ee\/epood\/wp-content\/uploads\/2023\/05\/261551-SEB_D01473000000.jpg","type":"image\/jpeg"}],"twitter_card":"summary_large_image","schema":{"@context":"https:\/\/schema.org","@graph":[{"@type":"WebPage","@id":"https:\/\/espak.ee\/epood\/toode\/sifooni-uleminek-1-1-2-sk-1-1-4-vk-plast\/","url":"https:\/\/espak.ee\/epood\/toode\/sifooni-uleminek-1-1-2-sk-1-1-4-vk-plast\/","name":"SIFOONI \u00dcLEMINEK 1 1\/2\" SK-1 1\/4\" VK PLAST - Espak E-pood","isPartOf":{"@id":"https:\/\/espak.ee\/epood\/#website"},"primaryImageOfPage":{"@id":"https:\/\/espak.ee\/epood\/toode\/sifooni-uleminek-1-1-2-sk-1-1-4-vk-plast\/#primaryimage"},"image":{"@id":"https:\/\/espak.ee\/epood\/toode\/sifooni-uleminek-1-1-2-sk-1-1-4-vk-plast\/#primaryimage"},"thumbnailUrl":"https:\/\/espak.ee\/epood\/wp-content\/uploads\/2023\/05\/261551-SEB_D01473000000.jpg","datePublished":"2023-05-17T00:22:25+00:00","dateModified":"2024-03-22T23:40:29+00:00","breadcrumb":{"@id":"https:\/\/espak.ee\/epood\/toode\/sifooni-uleminek-1-1-2-sk-1-1-4-vk-plast\/#breadcrumb"},"inLanguage":"et","potentialAction":[{"@type":"ReadAction","target":["https:\/\/espak.ee\/epood\/toode\/sifooni-uleminek-1-1-2-sk-1-1-4-vk-plast\/"]}]},{"@type":"ImageObject","inLanguage":"et","@id":"https:\/\/espak.ee\/epood\/toode\/sifooni-uleminek-1-1-2-sk-1-1-4-vk-plast\/#primaryimage","url":"https:\/\/espak.ee\/epood\/wp-content\/uploads\/2023\/05\/261551-SEB_D01473000000.jpg","contentUrl":"https:\/\/espak.ee\/epood\/wp-content\/uploads\/2023\/05\/261551-SEB_D01473000000.jpg","width":855,"height":854},{"@type":"BreadcrumbList","@id":"https:\/\/espak.ee\/epood\/toode\/sifooni-uleminek-1-1-2-sk-1-1-4-vk-plast\/#breadcrumb","itemListElement":[{"@type":"ListItem","position":1,"name":"Home","item":"https:\/\/espak.ee\/epood\/"},{"@type":"ListItem","position":2,"name":"Tootevalik","item":"https:\/\/espak.ee\/epood\/tootevalik\/"},{"@type":"ListItem","position":3,"name":"SIFOONI \u00dcLEMINEK 1 1\/2&#8243; SK-1 1\/4&#8243; VK PLAST"}]},{"@type":"WebSite","@id":"https:\/\/espak.ee\/epood\/#website","url":"https:\/\/espak.ee\/epood\/","name":"Espak E-pood","description":"","potentialAction":[{"@type":"SearchAction","target":{"@type":"EntryPoint","urlTemplate":"https:\/\/espak.ee\/epood\/?s={search_term_string}"},"query-input":{"@type":"PropertyValueSpecification","valueRequired":true,"valueName":"search_term_string"}}],"inLanguage":"et"}]}},"_links":{"self":[{"href":"https:\/\/espak.ee\/epood\/wp-json\/wp\/v2\/product\/159631","targetHints":{"allow":["GET"]}}],"collection":[{"href":"https:\/\/espak.ee\/epood\/wp-json\/wp\/v2\/product"}],"about":[{"href":"https:\/\/espak.ee\/epood\/wp-json\/wp\/v2\/types\/product"}],"replies":[{"embeddable":true,"href":"https:\/\/espak.ee\/epood\/wp-json\/wp\/v2\/comments?post=159631"}],"wp:featuredmedia":[{"embeddable":true,"href":"https:\/\/espak.ee\/epood\/wp-json\/wp\/v2\/media\/159702"}],"wp:attachment":[{"href":"https:\/\/espak.ee\/epood\/wp-json\/wp\/v2\/media?parent=159631"}],"wp:term":[{"taxonomy":"product_brand","embeddable":true,"href":"https:\/\/espak.ee\/epood\/wp-json\/wp\/v2\/product_brand?post=159631"},{"taxonomy":"product_cat","embeddable":true,"href":"https:\/\/espak.ee\/epood\/wp-json\/wp\/v2\/product_cat?post=159631"},{"taxonomy":"product_tag","embeddable":true,"href":"https:\/\/espak.ee\/epood\/wp-json\/wp\/v2\/product_tag?post=159631"}],"curies":[{"name":"wp","href":"https:\/\/api.w.org\/{rel}","templated":true}]}}