{"id":158852,"date":"2023-05-10T10:21:24","date_gmt":"2023-05-10T07:21:24","guid":{"rendered":"https:\/\/espak.ee\/epood\/?post_type=product&#038;p=158852"},"modified":"2024-03-23T01:42:38","modified_gmt":"2024-03-22T23:42:38","slug":"turvakingad-agate-s3-nr-40","status":"publish","type":"product","link":"https:\/\/espak.ee\/epood\/toode\/turvakingad-agate-s3-nr-40\/","title":{"rendered":"TURVAKINGAD AGATE S3 NR.40"},"content":{"rendered":"<div class=\"row\"  id=\"row-388916514\">\n\n\t<div id=\"col-1695333398\" class=\"col medium-9 small-12 large-9\"  >\n\t\t\t\t<div class=\"col-inner\"  >\n\t\t\t\n\t\t\t\n<h2>COVERGUARD AGATE turvakingad S3 40<\/h2>\n<p>COVERGUARD AGATE turvakingad S3 SRC on avatud madala profiiliga ja valmistatud kaasaegsetest kergetest materjalidest. T\u00f6\u00f6jalan\u00f5udel on terasest varvastekaitse ja naelat\u00f5ke. V\u00e4listald on libisemiskindel isegi keraamilistel plaatidel (SRC). Antistaatiliste omadustega jalan\u00f5udel on tugevast nahast pealismaterjal. P\u00f5rutust absorbeeriv tald.<\/p>\n<p>COVERGUARD AGATE S3 turvakingad vastavad EN ISO 20345: 2011 turvajalatsi professionaalse kasutamise standardile (l\u00f6\u00f6gitaluvus 200J). <\/p>\n<p>&#8211; EN ISO 20345: 2011, S3 SRC<br \/>\n&#8211; Varvastekaitse\/naelat\u00f5ke \u2013 terasest<br \/>\n&#8211; Pealismaterjal \u2013 nahk<br \/>\n&#8211; Vooder \u2013 hingav kangas<br \/>\n&#8211; A: Antistaatilised omadused<br \/>\n&#8211; FO: \u00d5likindel v\u00e4listald<br \/>\n&#8211; SRC (SRA + SRB): Libisemiskindel v\u00e4listald naatriumlaur\u00fc\u00fclsulfaadiga libestatud keraamilisel plaadil ja gl\u00fctserooliga libestatud metallp\u00f5randal<\/p>\n\t<div id=\"gap-1894444448\" class=\"gap-element clearfix\" style=\"display:block; height:auto;\">\n\t\t\n<style>\n#gap-1894444448 {\n  padding-top: 30px;\n}\n<\/style>\n\t<\/div>\n\t\n\t\t<\/div>\n\t\t\t\t\t<\/div>\n\n\t\n\n\t<div id=\"col-475353194\" class=\"col medium-3 small-12 large-3\"  >\n\t\t\t\t<div class=\"col-inner\"  >\n\t\t\t\n\t\t\t\n\t<div id=\"gap-619094079\" class=\"gap-element clearfix\" style=\"display:block; height:auto;\">\n\t\t\n<style>\n#gap-619094079 {\n  padding-top: 30px;\n}\n<\/style>\n\t<\/div>\n\t\n<div class=\"is-divider divider clearfix\" ><\/div>\n<p><strong>\u00dcksikasjalikuma n\u00f5u saamiseks v\u00f5tke \u00fchendust:<br \/><\/strong>Becky AS<br \/>Laki 30A \/ Kadaka tee 129<br \/>12915<br \/>Tallinn<br \/>+372 670 6880<\/p>\n<div class=\"is-divider divider clearfix\" ><\/div>\n\t\t<\/div>\n\t\t\t\t\t<\/div>\n\n\t\n<\/div>\n","protected":false},"excerpt":{"rendered":"","protected":false},"featured_media":158879,"comment_status":"closed","ping_status":"closed","template":"","meta":[],"product_brand":[],"product_cat":[2788,3031,3032,2972],"product_tag":[],"class_list":{"0":"post-158852","1":"product","2":"type-product","3":"status-publish","4":"has-post-thumbnail","6":"product_cat-aiatarbed-ja-kodukaubad","7":"product_cat-jalanoud","8":"product_cat-saapad","9":"product_cat-tookaitsevahendid","10":"pa_kaubamark-becky-as","12":"first","13":"instock","14":"sale","15":"taxable","16":"shipping-taxable","17":"purchasable","18":"product-type-simple"},"yoast_head":"<!-- This site is optimized with the Yoast SEO plugin v26.9 - https:\/\/yoast.com\/product\/yoast-seo-wordpress\/ -->\n<title>TURVAKINGAD AGATE S3 NR.40 - Espak E-pood<\/title>\n<meta name=\"robots\" content=\"index, follow, max-snippet:-1, max-image-preview:large, max-video-preview:-1\" \/>\n<link rel=\"canonical\" href=\"https:\/\/espak.ee\/epood\/toode\/turvakingad-agate-s3-nr-40\/\" \/>\n<meta property=\"og:locale\" content=\"et_EE\" \/>\n<meta property=\"og:type\" content=\"article\" \/>\n<meta property=\"og:title\" content=\"TURVAKINGAD AGATE S3 NR.40 - Espak E-pood\" \/>\n<meta property=\"og:url\" content=\"https:\/\/espak.ee\/epood\/toode\/turvakingad-agate-s3-nr-40\/\" \/>\n<meta property=\"og:site_name\" content=\"Espak E-pood\" \/>\n<meta property=\"article:modified_time\" content=\"2024-03-22T23:42:38+00:00\" \/>\n<meta property=\"og:image\" content=\"https:\/\/espak.ee\/epood\/wp-content\/uploads\/2023\/05\/9AGL01-coverguard-agate-turvakingad-1.jpg\" \/>\n\t<meta property=\"og:image:width\" content=\"800\" \/>\n\t<meta property=\"og:image:height\" content=\"800\" \/>\n\t<meta property=\"og:image:type\" content=\"image\/jpeg\" \/>\n<meta name=\"twitter:card\" content=\"summary_large_image\" \/>\n<meta name=\"twitter:label1\" content=\"Est. reading time\" \/>\n\t<meta name=\"twitter:data1\" content=\"1 minut\" \/>\n<script type=\"application\/ld+json\" class=\"yoast-schema-graph\">{\"@context\":\"https:\/\/schema.org\",\"@graph\":[{\"@type\":\"WebPage\",\"@id\":\"https:\/\/espak.ee\/epood\/toode\/turvakingad-agate-s3-nr-40\/\",\"url\":\"https:\/\/espak.ee\/epood\/toode\/turvakingad-agate-s3-nr-40\/\",\"name\":\"TURVAKINGAD AGATE S3 NR.40 - Espak E-pood\",\"isPartOf\":{\"@id\":\"https:\/\/espak.ee\/epood\/#website\"},\"primaryImageOfPage\":{\"@id\":\"https:\/\/espak.ee\/epood\/toode\/turvakingad-agate-s3-nr-40\/#primaryimage\"},\"image\":{\"@id\":\"https:\/\/espak.ee\/epood\/toode\/turvakingad-agate-s3-nr-40\/#primaryimage\"},\"thumbnailUrl\":\"https:\/\/espak.ee\/epood\/wp-content\/uploads\/2023\/05\/9AGL01-coverguard-agate-turvakingad-1.jpg\",\"datePublished\":\"2023-05-10T07:21:24+00:00\",\"dateModified\":\"2024-03-22T23:42:38+00:00\",\"breadcrumb\":{\"@id\":\"https:\/\/espak.ee\/epood\/toode\/turvakingad-agate-s3-nr-40\/#breadcrumb\"},\"inLanguage\":\"et\",\"potentialAction\":[{\"@type\":\"ReadAction\",\"target\":[\"https:\/\/espak.ee\/epood\/toode\/turvakingad-agate-s3-nr-40\/\"]}]},{\"@type\":\"ImageObject\",\"inLanguage\":\"et\",\"@id\":\"https:\/\/espak.ee\/epood\/toode\/turvakingad-agate-s3-nr-40\/#primaryimage\",\"url\":\"https:\/\/espak.ee\/epood\/wp-content\/uploads\/2023\/05\/9AGL01-coverguard-agate-turvakingad-1.jpg\",\"contentUrl\":\"https:\/\/espak.ee\/epood\/wp-content\/uploads\/2023\/05\/9AGL01-coverguard-agate-turvakingad-1.jpg\",\"width\":800,\"height\":800},{\"@type\":\"BreadcrumbList\",\"@id\":\"https:\/\/espak.ee\/epood\/toode\/turvakingad-agate-s3-nr-40\/#breadcrumb\",\"itemListElement\":[{\"@type\":\"ListItem\",\"position\":1,\"name\":\"Home\",\"item\":\"https:\/\/espak.ee\/epood\/\"},{\"@type\":\"ListItem\",\"position\":2,\"name\":\"Tootevalik\",\"item\":\"https:\/\/espak.ee\/epood\/tootevalik\/\"},{\"@type\":\"ListItem\",\"position\":3,\"name\":\"TURVAKINGAD AGATE S3 NR.40\"}]},{\"@type\":\"WebSite\",\"@id\":\"https:\/\/espak.ee\/epood\/#website\",\"url\":\"https:\/\/espak.ee\/epood\/\",\"name\":\"Espak E-pood\",\"description\":\"\",\"potentialAction\":[{\"@type\":\"SearchAction\",\"target\":{\"@type\":\"EntryPoint\",\"urlTemplate\":\"https:\/\/espak.ee\/epood\/?s={search_term_string}\"},\"query-input\":{\"@type\":\"PropertyValueSpecification\",\"valueRequired\":true,\"valueName\":\"search_term_string\"}}],\"inLanguage\":\"et\"}]}<\/script>\n<!-- \/ Yoast SEO plugin. -->","yoast_head_json":{"title":"TURVAKINGAD AGATE S3 NR.40 - Espak E-pood","robots":{"index":"index","follow":"follow","max-snippet":"max-snippet:-1","max-image-preview":"max-image-preview:large","max-video-preview":"max-video-preview:-1"},"canonical":"https:\/\/espak.ee\/epood\/toode\/turvakingad-agate-s3-nr-40\/","og_locale":"et_EE","og_type":"article","og_title":"TURVAKINGAD AGATE S3 NR.40 - Espak E-pood","og_url":"https:\/\/espak.ee\/epood\/toode\/turvakingad-agate-s3-nr-40\/","og_site_name":"Espak E-pood","article_modified_time":"2024-03-22T23:42:38+00:00","og_image":[{"width":800,"height":800,"url":"https:\/\/espak.ee\/epood\/wp-content\/uploads\/2023\/05\/9AGL01-coverguard-agate-turvakingad-1.jpg","type":"image\/jpeg"}],"twitter_card":"summary_large_image","twitter_misc":{"Est. reading time":"1 minut"},"schema":{"@context":"https:\/\/schema.org","@graph":[{"@type":"WebPage","@id":"https:\/\/espak.ee\/epood\/toode\/turvakingad-agate-s3-nr-40\/","url":"https:\/\/espak.ee\/epood\/toode\/turvakingad-agate-s3-nr-40\/","name":"TURVAKINGAD AGATE S3 NR.40 - Espak E-pood","isPartOf":{"@id":"https:\/\/espak.ee\/epood\/#website"},"primaryImageOfPage":{"@id":"https:\/\/espak.ee\/epood\/toode\/turvakingad-agate-s3-nr-40\/#primaryimage"},"image":{"@id":"https:\/\/espak.ee\/epood\/toode\/turvakingad-agate-s3-nr-40\/#primaryimage"},"thumbnailUrl":"https:\/\/espak.ee\/epood\/wp-content\/uploads\/2023\/05\/9AGL01-coverguard-agate-turvakingad-1.jpg","datePublished":"2023-05-10T07:21:24+00:00","dateModified":"2024-03-22T23:42:38+00:00","breadcrumb":{"@id":"https:\/\/espak.ee\/epood\/toode\/turvakingad-agate-s3-nr-40\/#breadcrumb"},"inLanguage":"et","potentialAction":[{"@type":"ReadAction","target":["https:\/\/espak.ee\/epood\/toode\/turvakingad-agate-s3-nr-40\/"]}]},{"@type":"ImageObject","inLanguage":"et","@id":"https:\/\/espak.ee\/epood\/toode\/turvakingad-agate-s3-nr-40\/#primaryimage","url":"https:\/\/espak.ee\/epood\/wp-content\/uploads\/2023\/05\/9AGL01-coverguard-agate-turvakingad-1.jpg","contentUrl":"https:\/\/espak.ee\/epood\/wp-content\/uploads\/2023\/05\/9AGL01-coverguard-agate-turvakingad-1.jpg","width":800,"height":800},{"@type":"BreadcrumbList","@id":"https:\/\/espak.ee\/epood\/toode\/turvakingad-agate-s3-nr-40\/#breadcrumb","itemListElement":[{"@type":"ListItem","position":1,"name":"Home","item":"https:\/\/espak.ee\/epood\/"},{"@type":"ListItem","position":2,"name":"Tootevalik","item":"https:\/\/espak.ee\/epood\/tootevalik\/"},{"@type":"ListItem","position":3,"name":"TURVAKINGAD AGATE S3 NR.40"}]},{"@type":"WebSite","@id":"https:\/\/espak.ee\/epood\/#website","url":"https:\/\/espak.ee\/epood\/","name":"Espak E-pood","description":"","potentialAction":[{"@type":"SearchAction","target":{"@type":"EntryPoint","urlTemplate":"https:\/\/espak.ee\/epood\/?s={search_term_string}"},"query-input":{"@type":"PropertyValueSpecification","valueRequired":true,"valueName":"search_term_string"}}],"inLanguage":"et"}]}},"_links":{"self":[{"href":"https:\/\/espak.ee\/epood\/wp-json\/wp\/v2\/product\/158852","targetHints":{"allow":["GET"]}}],"collection":[{"href":"https:\/\/espak.ee\/epood\/wp-json\/wp\/v2\/product"}],"about":[{"href":"https:\/\/espak.ee\/epood\/wp-json\/wp\/v2\/types\/product"}],"replies":[{"embeddable":true,"href":"https:\/\/espak.ee\/epood\/wp-json\/wp\/v2\/comments?post=158852"}],"wp:featuredmedia":[{"embeddable":true,"href":"https:\/\/espak.ee\/epood\/wp-json\/wp\/v2\/media\/158879"}],"wp:attachment":[{"href":"https:\/\/espak.ee\/epood\/wp-json\/wp\/v2\/media?parent=158852"}],"wp:term":[{"taxonomy":"product_brand","embeddable":true,"href":"https:\/\/espak.ee\/epood\/wp-json\/wp\/v2\/product_brand?post=158852"},{"taxonomy":"product_cat","embeddable":true,"href":"https:\/\/espak.ee\/epood\/wp-json\/wp\/v2\/product_cat?post=158852"},{"taxonomy":"product_tag","embeddable":true,"href":"https:\/\/espak.ee\/epood\/wp-json\/wp\/v2\/product_tag?post=158852"}],"curies":[{"name":"wp","href":"https:\/\/api.w.org\/{rel}","templated":true}]}}