{"id":158706,"date":"2023-05-09T12:00:32","date_gmt":"2023-05-09T09:00:32","guid":{"rendered":"https:\/\/espak.ee\/epood\/?post_type=product&#038;p=158706"},"modified":"2024-03-23T01:42:47","modified_gmt":"2024-03-22T23:42:47","slug":"turvakummikud-dunlop-purofort-s5-nr39","status":"publish","type":"product","link":"https:\/\/espak.ee\/epood\/toode\/turvakummikud-dunlop-purofort-s5-nr39\/","title":{"rendered":"TURVAKUMMIKUD DUNLOP PUROFORT S5 NR39"},"content":{"rendered":"<div class=\"row\"  id=\"row-481487910\">\n\n\t<div id=\"col-2032190710\" class=\"col medium-9 small-12 large-9\"  >\n\t\t\t\t<div class=\"col-inner\"  >\n\t\t\t\n\t\t\t\n<h2>DUNLOP PUROFORT PU turvakummikud S5 39<\/h2>\n<p>DUNLOP PUROFORT PU turvakummikud S5 CI CR SRC on valmistatud mikrovahustatud pol\u00fcuretaanist. Purofort\u00ae on ainulaadne materjal, milles on miljoneid k\u00f5rgsurve all \u00fchtlaselt jaotatud \u00f5hutaskuid. See on \u00fcsna ainulaadne, kuna Dunlop on maailmas ainus PU saabaste tootja, kes kasutab oma tootmises k\u00f5rgsurvetehnoloogiat. T\u00e4nu \u00fchtlaselt jaotatud miljonitele \u00f5hutaskutele tagab Purofort \u00e4\u00e4rmiselt hea soojaisolatsiooni, hoides jalgu soojana ka k\u00f5ige k\u00fclmemates tingimustes (kuni -20\u00b0C).<\/p>\n<p>DUNLOP PUROFORT PU turvakummikud on kahtlemata parimad pol\u00fcuretaanist saapad ning nende omadused on paremad kui naturaalsest kummist ning primitiivsest pol\u00fcuretaanist kummikutel. Purofort saapad on kuni 35% kergemad kui PVC, kummi v\u00f5i teistest konkureerivatest PU materjalidest saapad. \u00d5likindla v\u00e4listallaga ja antistaatilistel kummikutel on terasest varvastekaitse ja metallist naelat\u00f5ke.<\/p>\n<p>Dunlop Purfort kummikud vastavad EN ISO 20345: 2011 turvajalatsi standardile. <\/p>\n<p>&#8211; EN ISO 20345:2011 S5 CI CR SRC<br \/>\n&#8211; Varvastekaitse materjal \u2013 teras<br \/>\n&#8211; Naelat\u00f5kke materjal \u2013 teras<br \/>\n&#8211; Saapa v\u00e4lisosa ja talla materjal \u2013 Purofort\u00ae<br \/>\n&#8211; FO \u2013 \u00d5likindel v\u00e4listald kergelt puhastatava profiiliga<br \/>\n&#8211; A \u2013 Antistaatilised omadused<br \/>\n&#8211; E \u2013 Energiat absorbeeriv kannaosa<br \/>\n&#8211; CI \u2013 K\u00fclmaisolatsiooniga<br \/>\n&#8211; CR \u2013 L\u00f5ikekindel pealmine osa<br \/>\n&#8211; SRC (SRA + SRB) \u2013 Libisemiskindel v\u00e4listald naatriumlaur\u00fc\u00fclsulfaadiga libestatud keraamilisel plaadil ja gl\u00fctserooliga libestatud metallp\u00f5randal\n<\/p>\n\t<div id=\"gap-787250102\" class=\"gap-element clearfix\" style=\"display:block; height:auto;\">\n\t\t\n<style>\n#gap-787250102 {\n  padding-top: 30px;\n}\n<\/style>\n\t<\/div>\n\t\n\t\t<\/div>\n\t\t\t\t\t<\/div>\n\n\t\n\n\t<div id=\"col-8200956\" class=\"col medium-3 small-12 large-3\"  >\n\t\t\t\t<div class=\"col-inner\"  >\n\t\t\t\n\t\t\t\n\t<div id=\"gap-2095944373\" class=\"gap-element clearfix\" style=\"display:block; height:auto;\">\n\t\t\n<style>\n#gap-2095944373 {\n  padding-top: 30px;\n}\n<\/style>\n\t<\/div>\n\t\n<div class=\"is-divider divider clearfix\" ><\/div>\n<p><strong>\u00dcksikasjalikuma n\u00f5u saamiseks v\u00f5tke \u00fchendust:<br \/><\/strong>Becky AS<br \/>Laki 30A \/ Kadaka tee 129<br \/>12915<br \/>Tallinn<br \/>+372 670 6880<\/p>\n<div class=\"is-divider divider clearfix\" ><\/div>\n\t\t<\/div>\n\t\t\t\t\t<\/div>\n\n\t\n<\/div>\n","protected":false},"excerpt":{"rendered":"","protected":false},"featured_media":158826,"comment_status":"closed","ping_status":"closed","template":"","meta":[],"product_brand":[],"product_cat":[2788,3031,3034,2972],"product_tag":[],"class_list":{"0":"post-158706","1":"product","2":"type-product","3":"status-publish","4":"has-post-thumbnail","6":"product_cat-aiatarbed-ja-kodukaubad","7":"product_cat-jalanoud","8":"product_cat-kummikud","9":"product_cat-tookaitsevahendid","10":"pa_kaubamark-becky-as","12":"first","13":"outofstock","14":"sale","15":"taxable","16":"shipping-taxable","17":"purchasable","18":"product-type-simple"},"yoast_head":"<!-- This site is optimized with the Yoast SEO plugin v26.9 - https:\/\/yoast.com\/product\/yoast-seo-wordpress\/ -->\n<title>TURVAKUMMIKUD DUNLOP PUROFORT S5 NR39 - Espak E-pood<\/title>\n<meta name=\"robots\" content=\"index, follow, max-snippet:-1, max-image-preview:large, max-video-preview:-1\" \/>\n<link rel=\"canonical\" href=\"https:\/\/espak.ee\/epood\/toode\/turvakummikud-dunlop-purofort-s5-nr39\/\" \/>\n<meta property=\"og:locale\" content=\"et_EE\" \/>\n<meta property=\"og:type\" content=\"article\" \/>\n<meta property=\"og:title\" content=\"TURVAKUMMIKUD DUNLOP PUROFORT S5 NR39 - Espak E-pood\" \/>\n<meta property=\"og:url\" content=\"https:\/\/espak.ee\/epood\/toode\/turvakummikud-dunlop-purofort-s5-nr39\/\" \/>\n<meta property=\"og:site_name\" content=\"Espak E-pood\" \/>\n<meta property=\"article:modified_time\" content=\"2024-03-22T23:42:47+00:00\" \/>\n<meta property=\"og:image\" content=\"https:\/\/espak.ee\/epood\/wp-content\/uploads\/2023\/05\/dunlop-purofort-professional-kummikud-9PUSA.png\" \/>\n\t<meta property=\"og:image:width\" content=\"515\" \/>\n\t<meta property=\"og:image:height\" content=\"515\" \/>\n\t<meta property=\"og:image:type\" content=\"image\/png\" \/>\n<meta name=\"twitter:card\" content=\"summary_large_image\" \/>\n<meta name=\"twitter:label1\" content=\"Est. reading time\" \/>\n\t<meta name=\"twitter:data1\" content=\"1 minut\" \/>\n<script type=\"application\/ld+json\" class=\"yoast-schema-graph\">{\"@context\":\"https:\/\/schema.org\",\"@graph\":[{\"@type\":\"WebPage\",\"@id\":\"https:\/\/espak.ee\/epood\/toode\/turvakummikud-dunlop-purofort-s5-nr39\/\",\"url\":\"https:\/\/espak.ee\/epood\/toode\/turvakummikud-dunlop-purofort-s5-nr39\/\",\"name\":\"TURVAKUMMIKUD DUNLOP PUROFORT S5 NR39 - Espak E-pood\",\"isPartOf\":{\"@id\":\"https:\/\/espak.ee\/epood\/#website\"},\"primaryImageOfPage\":{\"@id\":\"https:\/\/espak.ee\/epood\/toode\/turvakummikud-dunlop-purofort-s5-nr39\/#primaryimage\"},\"image\":{\"@id\":\"https:\/\/espak.ee\/epood\/toode\/turvakummikud-dunlop-purofort-s5-nr39\/#primaryimage\"},\"thumbnailUrl\":\"https:\/\/espak.ee\/epood\/wp-content\/uploads\/2023\/05\/dunlop-purofort-professional-kummikud-9PUSA.png\",\"datePublished\":\"2023-05-09T09:00:32+00:00\",\"dateModified\":\"2024-03-22T23:42:47+00:00\",\"breadcrumb\":{\"@id\":\"https:\/\/espak.ee\/epood\/toode\/turvakummikud-dunlop-purofort-s5-nr39\/#breadcrumb\"},\"inLanguage\":\"et\",\"potentialAction\":[{\"@type\":\"ReadAction\",\"target\":[\"https:\/\/espak.ee\/epood\/toode\/turvakummikud-dunlop-purofort-s5-nr39\/\"]}]},{\"@type\":\"ImageObject\",\"inLanguage\":\"et\",\"@id\":\"https:\/\/espak.ee\/epood\/toode\/turvakummikud-dunlop-purofort-s5-nr39\/#primaryimage\",\"url\":\"https:\/\/espak.ee\/epood\/wp-content\/uploads\/2023\/05\/dunlop-purofort-professional-kummikud-9PUSA.png\",\"contentUrl\":\"https:\/\/espak.ee\/epood\/wp-content\/uploads\/2023\/05\/dunlop-purofort-professional-kummikud-9PUSA.png\",\"width\":515,\"height\":515},{\"@type\":\"BreadcrumbList\",\"@id\":\"https:\/\/espak.ee\/epood\/toode\/turvakummikud-dunlop-purofort-s5-nr39\/#breadcrumb\",\"itemListElement\":[{\"@type\":\"ListItem\",\"position\":1,\"name\":\"Home\",\"item\":\"https:\/\/espak.ee\/epood\/\"},{\"@type\":\"ListItem\",\"position\":2,\"name\":\"Tootevalik\",\"item\":\"https:\/\/espak.ee\/epood\/tootevalik\/\"},{\"@type\":\"ListItem\",\"position\":3,\"name\":\"TURVAKUMMIKUD DUNLOP PUROFORT S5 NR39\"}]},{\"@type\":\"WebSite\",\"@id\":\"https:\/\/espak.ee\/epood\/#website\",\"url\":\"https:\/\/espak.ee\/epood\/\",\"name\":\"Espak E-pood\",\"description\":\"\",\"potentialAction\":[{\"@type\":\"SearchAction\",\"target\":{\"@type\":\"EntryPoint\",\"urlTemplate\":\"https:\/\/espak.ee\/epood\/?s={search_term_string}\"},\"query-input\":{\"@type\":\"PropertyValueSpecification\",\"valueRequired\":true,\"valueName\":\"search_term_string\"}}],\"inLanguage\":\"et\"}]}<\/script>\n<!-- \/ Yoast SEO plugin. -->","yoast_head_json":{"title":"TURVAKUMMIKUD DUNLOP PUROFORT S5 NR39 - Espak E-pood","robots":{"index":"index","follow":"follow","max-snippet":"max-snippet:-1","max-image-preview":"max-image-preview:large","max-video-preview":"max-video-preview:-1"},"canonical":"https:\/\/espak.ee\/epood\/toode\/turvakummikud-dunlop-purofort-s5-nr39\/","og_locale":"et_EE","og_type":"article","og_title":"TURVAKUMMIKUD DUNLOP PUROFORT S5 NR39 - Espak E-pood","og_url":"https:\/\/espak.ee\/epood\/toode\/turvakummikud-dunlop-purofort-s5-nr39\/","og_site_name":"Espak E-pood","article_modified_time":"2024-03-22T23:42:47+00:00","og_image":[{"width":515,"height":515,"url":"https:\/\/espak.ee\/epood\/wp-content\/uploads\/2023\/05\/dunlop-purofort-professional-kummikud-9PUSA.png","type":"image\/png"}],"twitter_card":"summary_large_image","twitter_misc":{"Est. reading time":"1 minut"},"schema":{"@context":"https:\/\/schema.org","@graph":[{"@type":"WebPage","@id":"https:\/\/espak.ee\/epood\/toode\/turvakummikud-dunlop-purofort-s5-nr39\/","url":"https:\/\/espak.ee\/epood\/toode\/turvakummikud-dunlop-purofort-s5-nr39\/","name":"TURVAKUMMIKUD DUNLOP PUROFORT S5 NR39 - Espak E-pood","isPartOf":{"@id":"https:\/\/espak.ee\/epood\/#website"},"primaryImageOfPage":{"@id":"https:\/\/espak.ee\/epood\/toode\/turvakummikud-dunlop-purofort-s5-nr39\/#primaryimage"},"image":{"@id":"https:\/\/espak.ee\/epood\/toode\/turvakummikud-dunlop-purofort-s5-nr39\/#primaryimage"},"thumbnailUrl":"https:\/\/espak.ee\/epood\/wp-content\/uploads\/2023\/05\/dunlop-purofort-professional-kummikud-9PUSA.png","datePublished":"2023-05-09T09:00:32+00:00","dateModified":"2024-03-22T23:42:47+00:00","breadcrumb":{"@id":"https:\/\/espak.ee\/epood\/toode\/turvakummikud-dunlop-purofort-s5-nr39\/#breadcrumb"},"inLanguage":"et","potentialAction":[{"@type":"ReadAction","target":["https:\/\/espak.ee\/epood\/toode\/turvakummikud-dunlop-purofort-s5-nr39\/"]}]},{"@type":"ImageObject","inLanguage":"et","@id":"https:\/\/espak.ee\/epood\/toode\/turvakummikud-dunlop-purofort-s5-nr39\/#primaryimage","url":"https:\/\/espak.ee\/epood\/wp-content\/uploads\/2023\/05\/dunlop-purofort-professional-kummikud-9PUSA.png","contentUrl":"https:\/\/espak.ee\/epood\/wp-content\/uploads\/2023\/05\/dunlop-purofort-professional-kummikud-9PUSA.png","width":515,"height":515},{"@type":"BreadcrumbList","@id":"https:\/\/espak.ee\/epood\/toode\/turvakummikud-dunlop-purofort-s5-nr39\/#breadcrumb","itemListElement":[{"@type":"ListItem","position":1,"name":"Home","item":"https:\/\/espak.ee\/epood\/"},{"@type":"ListItem","position":2,"name":"Tootevalik","item":"https:\/\/espak.ee\/epood\/tootevalik\/"},{"@type":"ListItem","position":3,"name":"TURVAKUMMIKUD DUNLOP PUROFORT S5 NR39"}]},{"@type":"WebSite","@id":"https:\/\/espak.ee\/epood\/#website","url":"https:\/\/espak.ee\/epood\/","name":"Espak E-pood","description":"","potentialAction":[{"@type":"SearchAction","target":{"@type":"EntryPoint","urlTemplate":"https:\/\/espak.ee\/epood\/?s={search_term_string}"},"query-input":{"@type":"PropertyValueSpecification","valueRequired":true,"valueName":"search_term_string"}}],"inLanguage":"et"}]}},"_links":{"self":[{"href":"https:\/\/espak.ee\/epood\/wp-json\/wp\/v2\/product\/158706","targetHints":{"allow":["GET"]}}],"collection":[{"href":"https:\/\/espak.ee\/epood\/wp-json\/wp\/v2\/product"}],"about":[{"href":"https:\/\/espak.ee\/epood\/wp-json\/wp\/v2\/types\/product"}],"replies":[{"embeddable":true,"href":"https:\/\/espak.ee\/epood\/wp-json\/wp\/v2\/comments?post=158706"}],"wp:featuredmedia":[{"embeddable":true,"href":"https:\/\/espak.ee\/epood\/wp-json\/wp\/v2\/media\/158826"}],"wp:attachment":[{"href":"https:\/\/espak.ee\/epood\/wp-json\/wp\/v2\/media?parent=158706"}],"wp:term":[{"taxonomy":"product_brand","embeddable":true,"href":"https:\/\/espak.ee\/epood\/wp-json\/wp\/v2\/product_brand?post=158706"},{"taxonomy":"product_cat","embeddable":true,"href":"https:\/\/espak.ee\/epood\/wp-json\/wp\/v2\/product_cat?post=158706"},{"taxonomy":"product_tag","embeddable":true,"href":"https:\/\/espak.ee\/epood\/wp-json\/wp\/v2\/product_tag?post=158706"}],"curies":[{"name":"wp","href":"https:\/\/api.w.org\/{rel}","templated":true}]}}