{"id":15868,"date":"2020-02-27T03:11:25","date_gmt":"2020-02-27T01:11:25","guid":{"rendered":"https:\/\/espak.ee\/hinnakiri\/?post_type=product&#038;p=15868"},"modified":"2025-07-24T08:48:06","modified_gmt":"2025-07-24T05:48:06","slug":"universaalne-teibiga-kattekile-270cm17m","status":"publish","type":"product","link":"https:\/\/espak.ee\/epood\/toode\/universaalne-teibiga-kattekile-270cm17m\/","title":{"rendered":"UNIVERSAALNE TEIBIGA KATTEKILE 270CM*17M"},"content":{"rendered":"<div class=\"row\"  id=\"row-1360198202\">\n\n\t<div id=\"col-1852412498\" class=\"col medium-9 small-12 large-9\"  >\n\t\t\t\t<div class=\"col-inner\"  >\n\t\t\t\n\t\t\t\n<h2>Universaalne teibiga kattekile<\/h2>\n<p>Kaks \u00fches toode: kattekile koos v\u00e4ga kvaliteetse iseliimuva maalriteibiga. Kiire ja lihtne lahendus nii v\u00e4ikeste kui ka suurte pindade kaitsmiseks \u00fchekorraga. Elektrostaatiline \u2013 kile v\u00f5tab kaitstava pinna kuju. Reljeefne kile ei lase v\u00e4rvil laiali valguda. Seda on kiire ja lihtne eemaldada. Eemaldatav ilma liimij\u00e4lgi j\u00e4tmata kuni 5 p\u00e4eva.<\/p>\n\t<div id=\"gap-745033049\" class=\"gap-element clearfix\" style=\"display:block; height:auto;\">\n\t\t\n<style>\n#gap-745033049 {\n  padding-top: 30px;\n}\n<\/style>\n\t<\/div>\n\t\n\t\t<\/div>\n\t\t\t\t\t<\/div>\n\n\t\n\n\t<div id=\"col-1126837647\" class=\"col medium-3 small-12 large-3\"  >\n\t\t\t\t<div class=\"col-inner\"  >\n\t\t\t\n\t\t\t\n\t<div id=\"gap-1915431207\" class=\"gap-element clearfix\" style=\"display:block; height:auto;\">\n\t\t\n<style>\n#gap-1915431207 {\n  padding-top: 30px;\n}\n<\/style>\n\t<\/div>\n\t\n<div class=\"is-divider divider clearfix\" ><\/div>\n<p><strong>\u00dcksikasjalikuma n\u00f5u saamiseks v\u00f5tke \u00fchendust:<br \/><\/strong>MULTIPACK O\u00dc<br \/>Peterburi tee 49<br \/>11415<br \/>Tallinn<br \/>+372 6056830<\/p>\n<div class=\"is-divider divider clearfix\" ><\/div>\n\t\t<\/div>\n\t\t\t\t\t<\/div>\n\n\t\n<\/div>\n","protected":false},"excerpt":{"rendered":"","protected":false},"featured_media":16307,"comment_status":"closed","ping_status":"open","template":"","meta":[],"product_brand":[],"product_cat":[2926,2908,2907,2683],"product_tag":[],"class_list":{"0":"post-15868","1":"product","2":"type-product","3":"status-publish","4":"has-post-thumbnail","6":"product_cat-kattekiled-ja-paberid","7":"product_cat-teibid","8":"product_cat-teibid-ja-armeerimismaterjalid","9":"product_cat-viimistluskaubad","10":"pa_kaubamark-multipack-ou","12":"first","13":"instock","14":"sale","15":"taxable","16":"shipping-taxable","17":"purchasable","18":"product-type-simple"},"yoast_head":"<!-- This site is optimized with the Yoast SEO plugin v26.9 - https:\/\/yoast.com\/product\/yoast-seo-wordpress\/ -->\n<title>UNIVERSAALNE TEIBIGA KATTEKILE 270CM*17M - Espak E-pood<\/title>\n<meta name=\"robots\" content=\"index, follow, max-snippet:-1, max-image-preview:large, max-video-preview:-1\" \/>\n<link rel=\"canonical\" href=\"https:\/\/espak.ee\/epood\/toode\/universaalne-teibiga-kattekile-270cm17m\/\" \/>\n<meta property=\"og:locale\" content=\"et_EE\" \/>\n<meta property=\"og:type\" content=\"article\" \/>\n<meta property=\"og:title\" content=\"UNIVERSAALNE TEIBIGA KATTEKILE 270CM*17M - Espak E-pood\" \/>\n<meta property=\"og:url\" content=\"https:\/\/espak.ee\/epood\/toode\/universaalne-teibiga-kattekile-270cm17m\/\" \/>\n<meta property=\"og:site_name\" content=\"Espak E-pood\" \/>\n<meta property=\"article:modified_time\" content=\"2025-07-24T05:48:06+00:00\" \/>\n<meta property=\"og:image\" content=\"https:\/\/espak.ee\/epood\/wp-content\/uploads\/Universaalne-teibiga-kattekile-270cmx17m.jpg\" \/>\n\t<meta property=\"og:image:width\" content=\"700\" \/>\n\t<meta property=\"og:image:height\" content=\"700\" \/>\n\t<meta property=\"og:image:type\" content=\"image\/jpeg\" \/>\n<meta name=\"twitter:card\" content=\"summary_large_image\" \/>\n<script type=\"application\/ld+json\" class=\"yoast-schema-graph\">{\"@context\":\"https:\/\/schema.org\",\"@graph\":[{\"@type\":\"WebPage\",\"@id\":\"https:\/\/espak.ee\/epood\/toode\/universaalne-teibiga-kattekile-270cm17m\/\",\"url\":\"https:\/\/espak.ee\/epood\/toode\/universaalne-teibiga-kattekile-270cm17m\/\",\"name\":\"UNIVERSAALNE TEIBIGA KATTEKILE 270CM*17M - Espak E-pood\",\"isPartOf\":{\"@id\":\"https:\/\/espak.ee\/epood\/#website\"},\"primaryImageOfPage\":{\"@id\":\"https:\/\/espak.ee\/epood\/toode\/universaalne-teibiga-kattekile-270cm17m\/#primaryimage\"},\"image\":{\"@id\":\"https:\/\/espak.ee\/epood\/toode\/universaalne-teibiga-kattekile-270cm17m\/#primaryimage\"},\"thumbnailUrl\":\"https:\/\/espak.ee\/epood\/wp-content\/uploads\/Universaalne-teibiga-kattekile-270cmx17m.jpg\",\"datePublished\":\"2020-02-27T01:11:25+00:00\",\"dateModified\":\"2025-07-24T05:48:06+00:00\",\"breadcrumb\":{\"@id\":\"https:\/\/espak.ee\/epood\/toode\/universaalne-teibiga-kattekile-270cm17m\/#breadcrumb\"},\"inLanguage\":\"et\",\"potentialAction\":[{\"@type\":\"ReadAction\",\"target\":[\"https:\/\/espak.ee\/epood\/toode\/universaalne-teibiga-kattekile-270cm17m\/\"]}]},{\"@type\":\"ImageObject\",\"inLanguage\":\"et\",\"@id\":\"https:\/\/espak.ee\/epood\/toode\/universaalne-teibiga-kattekile-270cm17m\/#primaryimage\",\"url\":\"https:\/\/espak.ee\/epood\/wp-content\/uploads\/Universaalne-teibiga-kattekile-270cmx17m.jpg\",\"contentUrl\":\"https:\/\/espak.ee\/epood\/wp-content\/uploads\/Universaalne-teibiga-kattekile-270cmx17m.jpg\",\"width\":700,\"height\":700},{\"@type\":\"BreadcrumbList\",\"@id\":\"https:\/\/espak.ee\/epood\/toode\/universaalne-teibiga-kattekile-270cm17m\/#breadcrumb\",\"itemListElement\":[{\"@type\":\"ListItem\",\"position\":1,\"name\":\"Home\",\"item\":\"https:\/\/espak.ee\/epood\/\"},{\"@type\":\"ListItem\",\"position\":2,\"name\":\"Tootevalik\",\"item\":\"https:\/\/espak.ee\/epood\/tootevalik\/\"},{\"@type\":\"ListItem\",\"position\":3,\"name\":\"UNIVERSAALNE TEIBIGA KATTEKILE 270CM*17M\"}]},{\"@type\":\"WebSite\",\"@id\":\"https:\/\/espak.ee\/epood\/#website\",\"url\":\"https:\/\/espak.ee\/epood\/\",\"name\":\"Espak E-pood\",\"description\":\"\",\"potentialAction\":[{\"@type\":\"SearchAction\",\"target\":{\"@type\":\"EntryPoint\",\"urlTemplate\":\"https:\/\/espak.ee\/epood\/?s={search_term_string}\"},\"query-input\":{\"@type\":\"PropertyValueSpecification\",\"valueRequired\":true,\"valueName\":\"search_term_string\"}}],\"inLanguage\":\"et\"}]}<\/script>\n<!-- \/ Yoast SEO plugin. -->","yoast_head_json":{"title":"UNIVERSAALNE TEIBIGA KATTEKILE 270CM*17M - Espak E-pood","robots":{"index":"index","follow":"follow","max-snippet":"max-snippet:-1","max-image-preview":"max-image-preview:large","max-video-preview":"max-video-preview:-1"},"canonical":"https:\/\/espak.ee\/epood\/toode\/universaalne-teibiga-kattekile-270cm17m\/","og_locale":"et_EE","og_type":"article","og_title":"UNIVERSAALNE TEIBIGA KATTEKILE 270CM*17M - Espak E-pood","og_url":"https:\/\/espak.ee\/epood\/toode\/universaalne-teibiga-kattekile-270cm17m\/","og_site_name":"Espak E-pood","article_modified_time":"2025-07-24T05:48:06+00:00","og_image":[{"width":700,"height":700,"url":"https:\/\/espak.ee\/epood\/wp-content\/uploads\/Universaalne-teibiga-kattekile-270cmx17m.jpg","type":"image\/jpeg"}],"twitter_card":"summary_large_image","schema":{"@context":"https:\/\/schema.org","@graph":[{"@type":"WebPage","@id":"https:\/\/espak.ee\/epood\/toode\/universaalne-teibiga-kattekile-270cm17m\/","url":"https:\/\/espak.ee\/epood\/toode\/universaalne-teibiga-kattekile-270cm17m\/","name":"UNIVERSAALNE TEIBIGA KATTEKILE 270CM*17M - Espak E-pood","isPartOf":{"@id":"https:\/\/espak.ee\/epood\/#website"},"primaryImageOfPage":{"@id":"https:\/\/espak.ee\/epood\/toode\/universaalne-teibiga-kattekile-270cm17m\/#primaryimage"},"image":{"@id":"https:\/\/espak.ee\/epood\/toode\/universaalne-teibiga-kattekile-270cm17m\/#primaryimage"},"thumbnailUrl":"https:\/\/espak.ee\/epood\/wp-content\/uploads\/Universaalne-teibiga-kattekile-270cmx17m.jpg","datePublished":"2020-02-27T01:11:25+00:00","dateModified":"2025-07-24T05:48:06+00:00","breadcrumb":{"@id":"https:\/\/espak.ee\/epood\/toode\/universaalne-teibiga-kattekile-270cm17m\/#breadcrumb"},"inLanguage":"et","potentialAction":[{"@type":"ReadAction","target":["https:\/\/espak.ee\/epood\/toode\/universaalne-teibiga-kattekile-270cm17m\/"]}]},{"@type":"ImageObject","inLanguage":"et","@id":"https:\/\/espak.ee\/epood\/toode\/universaalne-teibiga-kattekile-270cm17m\/#primaryimage","url":"https:\/\/espak.ee\/epood\/wp-content\/uploads\/Universaalne-teibiga-kattekile-270cmx17m.jpg","contentUrl":"https:\/\/espak.ee\/epood\/wp-content\/uploads\/Universaalne-teibiga-kattekile-270cmx17m.jpg","width":700,"height":700},{"@type":"BreadcrumbList","@id":"https:\/\/espak.ee\/epood\/toode\/universaalne-teibiga-kattekile-270cm17m\/#breadcrumb","itemListElement":[{"@type":"ListItem","position":1,"name":"Home","item":"https:\/\/espak.ee\/epood\/"},{"@type":"ListItem","position":2,"name":"Tootevalik","item":"https:\/\/espak.ee\/epood\/tootevalik\/"},{"@type":"ListItem","position":3,"name":"UNIVERSAALNE TEIBIGA KATTEKILE 270CM*17M"}]},{"@type":"WebSite","@id":"https:\/\/espak.ee\/epood\/#website","url":"https:\/\/espak.ee\/epood\/","name":"Espak E-pood","description":"","potentialAction":[{"@type":"SearchAction","target":{"@type":"EntryPoint","urlTemplate":"https:\/\/espak.ee\/epood\/?s={search_term_string}"},"query-input":{"@type":"PropertyValueSpecification","valueRequired":true,"valueName":"search_term_string"}}],"inLanguage":"et"}]}},"_links":{"self":[{"href":"https:\/\/espak.ee\/epood\/wp-json\/wp\/v2\/product\/15868","targetHints":{"allow":["GET"]}}],"collection":[{"href":"https:\/\/espak.ee\/epood\/wp-json\/wp\/v2\/product"}],"about":[{"href":"https:\/\/espak.ee\/epood\/wp-json\/wp\/v2\/types\/product"}],"replies":[{"embeddable":true,"href":"https:\/\/espak.ee\/epood\/wp-json\/wp\/v2\/comments?post=15868"}],"wp:featuredmedia":[{"embeddable":true,"href":"https:\/\/espak.ee\/epood\/wp-json\/wp\/v2\/media\/16307"}],"wp:attachment":[{"href":"https:\/\/espak.ee\/epood\/wp-json\/wp\/v2\/media?parent=15868"}],"wp:term":[{"taxonomy":"product_brand","embeddable":true,"href":"https:\/\/espak.ee\/epood\/wp-json\/wp\/v2\/product_brand?post=15868"},{"taxonomy":"product_cat","embeddable":true,"href":"https:\/\/espak.ee\/epood\/wp-json\/wp\/v2\/product_cat?post=15868"},{"taxonomy":"product_tag","embeddable":true,"href":"https:\/\/espak.ee\/epood\/wp-json\/wp\/v2\/product_tag?post=15868"}],"curies":[{"name":"wp","href":"https:\/\/api.w.org\/{rel}","templated":true}]}}