{"id":158418,"date":"2023-05-06T01:31:12","date_gmt":"2023-05-05T22:31:12","guid":{"rendered":"https:\/\/espak.ee\/epood\/?post_type=product&#038;p=158418"},"modified":"2024-03-23T01:42:30","modified_gmt":"2024-03-22T23:42:30","slug":"toosaapad-almiteks-06-nr-46","status":"publish","type":"product","link":"https:\/\/espak.ee\/epood\/toode\/toosaapad-almiteks-06-nr-46\/","title":{"rendered":"T\u00d6\u00d6SAAPAD ALMITEKS 06 NR.46"},"content":{"rendered":"<div class=\"row\"  id=\"row-1616876715\">\n\n\t<div id=\"col-390705148\" class=\"col medium-9 small-12 large-9\"  >\n\t\t\t\t<div class=\"col-inner\"  >\n\t\t\t\n\t\t\t\n<h2>ALMITEKS 06 t\u00f6\u00f6saapad 46<\/h2>\n<p>ALMITEKS 06 t\u00f6\u00f6saapad on k\u00f5rge profiiliga ja valmistatud naturaalsest ja vastupidavast kroomnahast. Saabastel on \u00f5li- ja bensiinikindel v\u00e4listald. Jalatsite vooder on isoleeritud materjalist, mis sobib aastaringseks kasutamiseks.<\/p>\n<p>&#8211; Jalatsi pealis: naturaalne kroomnahk; kirsa<br \/>\n&#8211; Vooder: materjal, mis sobib aastaringseks kasutamiseks<br \/>\n&#8211; V\u00e4listald: \u00f5li-ja bensiinikindlast materjalist<\/p>\n\t\t<\/div>\n\t\t\t\t\t<\/div>\n\n\t\n\n\t<div id=\"col-657569297\" class=\"col medium-3 small-12 large-3\"  >\n\t\t\t\t<div class=\"col-inner\"  >\n\t\t\t\n\t\t\t\n\t<div id=\"gap-836099038\" class=\"gap-element clearfix\" style=\"display:block; height:auto;\">\n\t\t\n<style>\n#gap-836099038 {\n  padding-top: 30px;\n}\n<\/style>\n\t<\/div>\n\t\n<div class=\"is-divider divider clearfix\" ><\/div>\n<p><strong>\u00dcksikasjalikuma n\u00f5u saamiseks v\u00f5tke \u00fchendust:<br \/><\/strong>Becky AS<br \/>Laki 30A \/ Kadaka tee 129<br \/>12915<br \/>Tallinn<br \/>+372 670 6880<\/p>\n<div class=\"is-divider divider clearfix\" ><\/div>\n\t\t<\/div>\n\t\t\t\t\t<\/div>\n\n\t\n<\/div>\n","protected":false},"excerpt":{"rendered":"","protected":false},"featured_media":158768,"comment_status":"closed","ping_status":"closed","template":"","meta":[],"product_brand":[],"product_cat":[2788,3031,3032,2972],"product_tag":[],"class_list":{"0":"post-158418","1":"product","2":"type-product","3":"status-publish","4":"has-post-thumbnail","6":"product_cat-aiatarbed-ja-kodukaubad","7":"product_cat-jalanoud","8":"product_cat-saapad","9":"product_cat-tookaitsevahendid","10":"pa_kaubamark-becky-as","12":"first","13":"outofstock","14":"sale","15":"taxable","16":"shipping-taxable","17":"purchasable","18":"product-type-simple"},"yoast_head":"<!-- This site is optimized with the Yoast SEO plugin v26.9 - https:\/\/yoast.com\/product\/yoast-seo-wordpress\/ -->\n<title>T\u00d6\u00d6SAAPAD ALMITEKS 06 NR.46 - Espak E-pood<\/title>\n<meta name=\"robots\" content=\"index, follow, max-snippet:-1, max-image-preview:large, max-video-preview:-1\" \/>\n<link rel=\"canonical\" href=\"https:\/\/espak.ee\/epood\/toode\/toosaapad-almiteks-06-nr-46\/\" \/>\n<meta property=\"og:locale\" content=\"et_EE\" \/>\n<meta property=\"og:type\" content=\"article\" \/>\n<meta property=\"og:title\" content=\"T\u00d6\u00d6SAAPAD ALMITEKS 06 NR.46 - Espak E-pood\" \/>\n<meta property=\"og:url\" content=\"https:\/\/espak.ee\/epood\/toode\/toosaapad-almiteks-06-nr-46\/\" \/>\n<meta property=\"og:site_name\" content=\"Espak E-pood\" \/>\n<meta property=\"article:modified_time\" content=\"2024-03-22T23:42:30+00:00\" \/>\n<meta property=\"og:image\" content=\"https:\/\/espak.ee\/epood\/wp-content\/uploads\/2023\/05\/Almiteks-066-768x768-1.jpg\" \/>\n\t<meta property=\"og:image:width\" content=\"768\" \/>\n\t<meta property=\"og:image:height\" content=\"768\" \/>\n\t<meta property=\"og:image:type\" content=\"image\/jpeg\" \/>\n<meta name=\"twitter:card\" content=\"summary_large_image\" \/>\n<script type=\"application\/ld+json\" class=\"yoast-schema-graph\">{\"@context\":\"https:\/\/schema.org\",\"@graph\":[{\"@type\":\"WebPage\",\"@id\":\"https:\/\/espak.ee\/epood\/toode\/toosaapad-almiteks-06-nr-46\/\",\"url\":\"https:\/\/espak.ee\/epood\/toode\/toosaapad-almiteks-06-nr-46\/\",\"name\":\"T\u00d6\u00d6SAAPAD ALMITEKS 06 NR.46 - Espak E-pood\",\"isPartOf\":{\"@id\":\"https:\/\/espak.ee\/epood\/#website\"},\"primaryImageOfPage\":{\"@id\":\"https:\/\/espak.ee\/epood\/toode\/toosaapad-almiteks-06-nr-46\/#primaryimage\"},\"image\":{\"@id\":\"https:\/\/espak.ee\/epood\/toode\/toosaapad-almiteks-06-nr-46\/#primaryimage\"},\"thumbnailUrl\":\"https:\/\/espak.ee\/epood\/wp-content\/uploads\/2023\/05\/Almiteks-066-768x768-1.jpg\",\"datePublished\":\"2023-05-05T22:31:12+00:00\",\"dateModified\":\"2024-03-22T23:42:30+00:00\",\"breadcrumb\":{\"@id\":\"https:\/\/espak.ee\/epood\/toode\/toosaapad-almiteks-06-nr-46\/#breadcrumb\"},\"inLanguage\":\"et\",\"potentialAction\":[{\"@type\":\"ReadAction\",\"target\":[\"https:\/\/espak.ee\/epood\/toode\/toosaapad-almiteks-06-nr-46\/\"]}]},{\"@type\":\"ImageObject\",\"inLanguage\":\"et\",\"@id\":\"https:\/\/espak.ee\/epood\/toode\/toosaapad-almiteks-06-nr-46\/#primaryimage\",\"url\":\"https:\/\/espak.ee\/epood\/wp-content\/uploads\/2023\/05\/Almiteks-066-768x768-1.jpg\",\"contentUrl\":\"https:\/\/espak.ee\/epood\/wp-content\/uploads\/2023\/05\/Almiteks-066-768x768-1.jpg\",\"width\":768,\"height\":768},{\"@type\":\"BreadcrumbList\",\"@id\":\"https:\/\/espak.ee\/epood\/toode\/toosaapad-almiteks-06-nr-46\/#breadcrumb\",\"itemListElement\":[{\"@type\":\"ListItem\",\"position\":1,\"name\":\"Home\",\"item\":\"https:\/\/espak.ee\/epood\/\"},{\"@type\":\"ListItem\",\"position\":2,\"name\":\"Tootevalik\",\"item\":\"https:\/\/espak.ee\/epood\/tootevalik\/\"},{\"@type\":\"ListItem\",\"position\":3,\"name\":\"T\u00d6\u00d6SAAPAD ALMITEKS 06 NR.46\"}]},{\"@type\":\"WebSite\",\"@id\":\"https:\/\/espak.ee\/epood\/#website\",\"url\":\"https:\/\/espak.ee\/epood\/\",\"name\":\"Espak E-pood\",\"description\":\"\",\"potentialAction\":[{\"@type\":\"SearchAction\",\"target\":{\"@type\":\"EntryPoint\",\"urlTemplate\":\"https:\/\/espak.ee\/epood\/?s={search_term_string}\"},\"query-input\":{\"@type\":\"PropertyValueSpecification\",\"valueRequired\":true,\"valueName\":\"search_term_string\"}}],\"inLanguage\":\"et\"}]}<\/script>\n<!-- \/ Yoast SEO plugin. -->","yoast_head_json":{"title":"T\u00d6\u00d6SAAPAD ALMITEKS 06 NR.46 - Espak E-pood","robots":{"index":"index","follow":"follow","max-snippet":"max-snippet:-1","max-image-preview":"max-image-preview:large","max-video-preview":"max-video-preview:-1"},"canonical":"https:\/\/espak.ee\/epood\/toode\/toosaapad-almiteks-06-nr-46\/","og_locale":"et_EE","og_type":"article","og_title":"T\u00d6\u00d6SAAPAD ALMITEKS 06 NR.46 - Espak E-pood","og_url":"https:\/\/espak.ee\/epood\/toode\/toosaapad-almiteks-06-nr-46\/","og_site_name":"Espak E-pood","article_modified_time":"2024-03-22T23:42:30+00:00","og_image":[{"width":768,"height":768,"url":"https:\/\/espak.ee\/epood\/wp-content\/uploads\/2023\/05\/Almiteks-066-768x768-1.jpg","type":"image\/jpeg"}],"twitter_card":"summary_large_image","schema":{"@context":"https:\/\/schema.org","@graph":[{"@type":"WebPage","@id":"https:\/\/espak.ee\/epood\/toode\/toosaapad-almiteks-06-nr-46\/","url":"https:\/\/espak.ee\/epood\/toode\/toosaapad-almiteks-06-nr-46\/","name":"T\u00d6\u00d6SAAPAD ALMITEKS 06 NR.46 - Espak E-pood","isPartOf":{"@id":"https:\/\/espak.ee\/epood\/#website"},"primaryImageOfPage":{"@id":"https:\/\/espak.ee\/epood\/toode\/toosaapad-almiteks-06-nr-46\/#primaryimage"},"image":{"@id":"https:\/\/espak.ee\/epood\/toode\/toosaapad-almiteks-06-nr-46\/#primaryimage"},"thumbnailUrl":"https:\/\/espak.ee\/epood\/wp-content\/uploads\/2023\/05\/Almiteks-066-768x768-1.jpg","datePublished":"2023-05-05T22:31:12+00:00","dateModified":"2024-03-22T23:42:30+00:00","breadcrumb":{"@id":"https:\/\/espak.ee\/epood\/toode\/toosaapad-almiteks-06-nr-46\/#breadcrumb"},"inLanguage":"et","potentialAction":[{"@type":"ReadAction","target":["https:\/\/espak.ee\/epood\/toode\/toosaapad-almiteks-06-nr-46\/"]}]},{"@type":"ImageObject","inLanguage":"et","@id":"https:\/\/espak.ee\/epood\/toode\/toosaapad-almiteks-06-nr-46\/#primaryimage","url":"https:\/\/espak.ee\/epood\/wp-content\/uploads\/2023\/05\/Almiteks-066-768x768-1.jpg","contentUrl":"https:\/\/espak.ee\/epood\/wp-content\/uploads\/2023\/05\/Almiteks-066-768x768-1.jpg","width":768,"height":768},{"@type":"BreadcrumbList","@id":"https:\/\/espak.ee\/epood\/toode\/toosaapad-almiteks-06-nr-46\/#breadcrumb","itemListElement":[{"@type":"ListItem","position":1,"name":"Home","item":"https:\/\/espak.ee\/epood\/"},{"@type":"ListItem","position":2,"name":"Tootevalik","item":"https:\/\/espak.ee\/epood\/tootevalik\/"},{"@type":"ListItem","position":3,"name":"T\u00d6\u00d6SAAPAD ALMITEKS 06 NR.46"}]},{"@type":"WebSite","@id":"https:\/\/espak.ee\/epood\/#website","url":"https:\/\/espak.ee\/epood\/","name":"Espak E-pood","description":"","potentialAction":[{"@type":"SearchAction","target":{"@type":"EntryPoint","urlTemplate":"https:\/\/espak.ee\/epood\/?s={search_term_string}"},"query-input":{"@type":"PropertyValueSpecification","valueRequired":true,"valueName":"search_term_string"}}],"inLanguage":"et"}]}},"_links":{"self":[{"href":"https:\/\/espak.ee\/epood\/wp-json\/wp\/v2\/product\/158418","targetHints":{"allow":["GET"]}}],"collection":[{"href":"https:\/\/espak.ee\/epood\/wp-json\/wp\/v2\/product"}],"about":[{"href":"https:\/\/espak.ee\/epood\/wp-json\/wp\/v2\/types\/product"}],"replies":[{"embeddable":true,"href":"https:\/\/espak.ee\/epood\/wp-json\/wp\/v2\/comments?post=158418"}],"wp:featuredmedia":[{"embeddable":true,"href":"https:\/\/espak.ee\/epood\/wp-json\/wp\/v2\/media\/158768"}],"wp:attachment":[{"href":"https:\/\/espak.ee\/epood\/wp-json\/wp\/v2\/media?parent=158418"}],"wp:term":[{"taxonomy":"product_brand","embeddable":true,"href":"https:\/\/espak.ee\/epood\/wp-json\/wp\/v2\/product_brand?post=158418"},{"taxonomy":"product_cat","embeddable":true,"href":"https:\/\/espak.ee\/epood\/wp-json\/wp\/v2\/product_cat?post=158418"},{"taxonomy":"product_tag","embeddable":true,"href":"https:\/\/espak.ee\/epood\/wp-json\/wp\/v2\/product_tag?post=158418"}],"curies":[{"name":"wp","href":"https:\/\/api.w.org\/{rel}","templated":true}]}}