{"id":158243,"date":"2023-05-05T11:12:26","date_gmt":"2023-05-05T08:12:26","guid":{"rendered":"https:\/\/espak.ee\/epood\/?post_type=product&#038;p=158243"},"modified":"2024-03-23T01:43:42","modified_gmt":"2024-03-22T23:43:42","slug":"turvasaapad-otto-s3-45","status":"publish","type":"product","link":"https:\/\/espak.ee\/epood\/toode\/turvasaapad-otto-s3-45\/","title":{"rendered":"TURVASAAPAD OTTO S3 45"},"content":{"rendered":"<div class=\"row\"  id=\"row-1025253322\">\n\n\t<div id=\"col-657924856\" class=\"col medium-9 small-12 large-9\"  >\n\t\t\t\t<div class=\"col-inner\"  >\n\t\t\t\n\t\t\t\n<h2>WORTEX OTTO turvasaapad S3 45<\/h2>\n<p>WORTEX OTTO turvasaapad S3 SRC on mugav ja kindel valik. Saabastel on terasest varvastekaitse ja naelat\u00f5ke tallas. V\u00e4ga hea haarduvusega v\u00e4listald on \u00f5likindel. K\u00f5rgetel saabastel on t\u00f5mbeaasad jalan\u00f5ude mugavamaks jalga panemiseks. Topelt \u00f5mblustega ja sooja voodriga saapad on veekindlad. Pehmendusega s\u00e4\u00e4re servad. Saapa nina on kaetud kummist kaitsega.<\/p>\n<p>&#8211; Terasest turvanina<br \/>\n&#8211; Terasest naelat\u00f5ke<br \/>\n&#8211; Libisemiskindel PU tald<br \/>\n&#8211; Veekindlad<br \/>\n&#8211; SRC: SRA+SRB: Libisemiskindel tald keraamilistel plaatidel + Libisemiskindel tald metallplaadil, mida on libestatud gl\u00fctserooliga<br \/>\n&#8211; A: Antistaatiline tald<br \/>\n&#8211; E: P\u00f5rutust absorbeeriv kand<\/p>\n\t\t<\/div>\n\t\t\t\t\t<\/div>\n\n\t\n\n\t<div id=\"col-1323847359\" class=\"col medium-3 small-12 large-3\"  >\n\t\t\t\t<div class=\"col-inner\"  >\n\t\t\t\n\t\t\t\n\t<div id=\"gap-334959494\" class=\"gap-element clearfix\" style=\"display:block; height:auto;\">\n\t\t\n<style>\n#gap-334959494 {\n  padding-top: 30px;\n}\n<\/style>\n\t<\/div>\n\t\n<div class=\"is-divider divider clearfix\" ><\/div>\n<p><strong>\u00dcksikasjalikuma n\u00f5u saamiseks v\u00f5tke \u00fchendust:<br \/><\/strong>Becky AS<br \/>Laki 30A \/ Kadaka tee 129<br \/>12915<br \/>Tallinn<br \/>+372 670 6880<\/p>\n<div class=\"is-divider divider clearfix\" ><\/div>\n\t\t<\/div>\n\t\t\t\t\t<\/div>\n\n\t\n<\/div>\n","protected":false},"excerpt":{"rendered":"","protected":false},"featured_media":158728,"comment_status":"closed","ping_status":"closed","template":"","meta":[],"product_brand":[],"product_cat":[2788,3031,4636,2972],"product_tag":[],"class_list":{"0":"post-158243","1":"product","2":"type-product","3":"status-publish","4":"has-post-thumbnail","6":"product_cat-aiatarbed-ja-kodukaubad","7":"product_cat-jalanoud","8":"product_cat-talvesaapad","9":"product_cat-tookaitsevahendid","10":"pa_kaubamark-becky-as","12":"first","13":"instock","14":"sale","15":"taxable","16":"shipping-taxable","17":"purchasable","18":"product-type-simple"},"yoast_head":"<!-- This site is optimized with the Yoast SEO plugin v26.9 - https:\/\/yoast.com\/product\/yoast-seo-wordpress\/ -->\n<title>TURVASAAPAD OTTO S3 45 - Espak E-pood<\/title>\n<meta name=\"robots\" content=\"index, follow, max-snippet:-1, max-image-preview:large, max-video-preview:-1\" \/>\n<link rel=\"canonical\" href=\"https:\/\/espak.ee\/epood\/toode\/turvasaapad-otto-s3-45\/\" \/>\n<meta property=\"og:locale\" content=\"et_EE\" \/>\n<meta property=\"og:type\" content=\"article\" \/>\n<meta property=\"og:title\" content=\"TURVASAAPAD OTTO S3 45 - Espak E-pood\" \/>\n<meta property=\"og:url\" content=\"https:\/\/espak.ee\/epood\/toode\/turvasaapad-otto-s3-45\/\" \/>\n<meta property=\"og:site_name\" content=\"Espak E-pood\" \/>\n<meta property=\"article:modified_time\" content=\"2024-03-22T23:43:42+00:00\" \/>\n<meta property=\"og:image\" content=\"https:\/\/espak.ee\/epood\/wp-content\/uploads\/2023\/05\/Wortex-OTTO-S3-SRC-turvasaapad_3.jpg\" \/>\n\t<meta property=\"og:image:width\" content=\"600\" \/>\n\t<meta property=\"og:image:height\" content=\"600\" \/>\n\t<meta property=\"og:image:type\" content=\"image\/jpeg\" \/>\n<meta name=\"twitter:card\" content=\"summary_large_image\" \/>\n<meta name=\"twitter:label1\" content=\"Est. reading time\" \/>\n\t<meta name=\"twitter:data1\" content=\"1 minut\" \/>\n<script type=\"application\/ld+json\" class=\"yoast-schema-graph\">{\"@context\":\"https:\/\/schema.org\",\"@graph\":[{\"@type\":\"WebPage\",\"@id\":\"https:\/\/espak.ee\/epood\/toode\/turvasaapad-otto-s3-45\/\",\"url\":\"https:\/\/espak.ee\/epood\/toode\/turvasaapad-otto-s3-45\/\",\"name\":\"TURVASAAPAD OTTO S3 45 - Espak E-pood\",\"isPartOf\":{\"@id\":\"https:\/\/espak.ee\/epood\/#website\"},\"primaryImageOfPage\":{\"@id\":\"https:\/\/espak.ee\/epood\/toode\/turvasaapad-otto-s3-45\/#primaryimage\"},\"image\":{\"@id\":\"https:\/\/espak.ee\/epood\/toode\/turvasaapad-otto-s3-45\/#primaryimage\"},\"thumbnailUrl\":\"https:\/\/espak.ee\/epood\/wp-content\/uploads\/2023\/05\/Wortex-OTTO-S3-SRC-turvasaapad_3.jpg\",\"datePublished\":\"2023-05-05T08:12:26+00:00\",\"dateModified\":\"2024-03-22T23:43:42+00:00\",\"breadcrumb\":{\"@id\":\"https:\/\/espak.ee\/epood\/toode\/turvasaapad-otto-s3-45\/#breadcrumb\"},\"inLanguage\":\"et\",\"potentialAction\":[{\"@type\":\"ReadAction\",\"target\":[\"https:\/\/espak.ee\/epood\/toode\/turvasaapad-otto-s3-45\/\"]}]},{\"@type\":\"ImageObject\",\"inLanguage\":\"et\",\"@id\":\"https:\/\/espak.ee\/epood\/toode\/turvasaapad-otto-s3-45\/#primaryimage\",\"url\":\"https:\/\/espak.ee\/epood\/wp-content\/uploads\/2023\/05\/Wortex-OTTO-S3-SRC-turvasaapad_3.jpg\",\"contentUrl\":\"https:\/\/espak.ee\/epood\/wp-content\/uploads\/2023\/05\/Wortex-OTTO-S3-SRC-turvasaapad_3.jpg\",\"width\":600,\"height\":600},{\"@type\":\"BreadcrumbList\",\"@id\":\"https:\/\/espak.ee\/epood\/toode\/turvasaapad-otto-s3-45\/#breadcrumb\",\"itemListElement\":[{\"@type\":\"ListItem\",\"position\":1,\"name\":\"Home\",\"item\":\"https:\/\/espak.ee\/epood\/\"},{\"@type\":\"ListItem\",\"position\":2,\"name\":\"Tootevalik\",\"item\":\"https:\/\/espak.ee\/epood\/tootevalik\/\"},{\"@type\":\"ListItem\",\"position\":3,\"name\":\"TURVASAAPAD OTTO S3 45\"}]},{\"@type\":\"WebSite\",\"@id\":\"https:\/\/espak.ee\/epood\/#website\",\"url\":\"https:\/\/espak.ee\/epood\/\",\"name\":\"Espak E-pood\",\"description\":\"\",\"potentialAction\":[{\"@type\":\"SearchAction\",\"target\":{\"@type\":\"EntryPoint\",\"urlTemplate\":\"https:\/\/espak.ee\/epood\/?s={search_term_string}\"},\"query-input\":{\"@type\":\"PropertyValueSpecification\",\"valueRequired\":true,\"valueName\":\"search_term_string\"}}],\"inLanguage\":\"et\"}]}<\/script>\n<!-- \/ Yoast SEO plugin. -->","yoast_head_json":{"title":"TURVASAAPAD OTTO S3 45 - Espak E-pood","robots":{"index":"index","follow":"follow","max-snippet":"max-snippet:-1","max-image-preview":"max-image-preview:large","max-video-preview":"max-video-preview:-1"},"canonical":"https:\/\/espak.ee\/epood\/toode\/turvasaapad-otto-s3-45\/","og_locale":"et_EE","og_type":"article","og_title":"TURVASAAPAD OTTO S3 45 - Espak E-pood","og_url":"https:\/\/espak.ee\/epood\/toode\/turvasaapad-otto-s3-45\/","og_site_name":"Espak E-pood","article_modified_time":"2024-03-22T23:43:42+00:00","og_image":[{"width":600,"height":600,"url":"https:\/\/espak.ee\/epood\/wp-content\/uploads\/2023\/05\/Wortex-OTTO-S3-SRC-turvasaapad_3.jpg","type":"image\/jpeg"}],"twitter_card":"summary_large_image","twitter_misc":{"Est. reading time":"1 minut"},"schema":{"@context":"https:\/\/schema.org","@graph":[{"@type":"WebPage","@id":"https:\/\/espak.ee\/epood\/toode\/turvasaapad-otto-s3-45\/","url":"https:\/\/espak.ee\/epood\/toode\/turvasaapad-otto-s3-45\/","name":"TURVASAAPAD OTTO S3 45 - Espak E-pood","isPartOf":{"@id":"https:\/\/espak.ee\/epood\/#website"},"primaryImageOfPage":{"@id":"https:\/\/espak.ee\/epood\/toode\/turvasaapad-otto-s3-45\/#primaryimage"},"image":{"@id":"https:\/\/espak.ee\/epood\/toode\/turvasaapad-otto-s3-45\/#primaryimage"},"thumbnailUrl":"https:\/\/espak.ee\/epood\/wp-content\/uploads\/2023\/05\/Wortex-OTTO-S3-SRC-turvasaapad_3.jpg","datePublished":"2023-05-05T08:12:26+00:00","dateModified":"2024-03-22T23:43:42+00:00","breadcrumb":{"@id":"https:\/\/espak.ee\/epood\/toode\/turvasaapad-otto-s3-45\/#breadcrumb"},"inLanguage":"et","potentialAction":[{"@type":"ReadAction","target":["https:\/\/espak.ee\/epood\/toode\/turvasaapad-otto-s3-45\/"]}]},{"@type":"ImageObject","inLanguage":"et","@id":"https:\/\/espak.ee\/epood\/toode\/turvasaapad-otto-s3-45\/#primaryimage","url":"https:\/\/espak.ee\/epood\/wp-content\/uploads\/2023\/05\/Wortex-OTTO-S3-SRC-turvasaapad_3.jpg","contentUrl":"https:\/\/espak.ee\/epood\/wp-content\/uploads\/2023\/05\/Wortex-OTTO-S3-SRC-turvasaapad_3.jpg","width":600,"height":600},{"@type":"BreadcrumbList","@id":"https:\/\/espak.ee\/epood\/toode\/turvasaapad-otto-s3-45\/#breadcrumb","itemListElement":[{"@type":"ListItem","position":1,"name":"Home","item":"https:\/\/espak.ee\/epood\/"},{"@type":"ListItem","position":2,"name":"Tootevalik","item":"https:\/\/espak.ee\/epood\/tootevalik\/"},{"@type":"ListItem","position":3,"name":"TURVASAAPAD OTTO S3 45"}]},{"@type":"WebSite","@id":"https:\/\/espak.ee\/epood\/#website","url":"https:\/\/espak.ee\/epood\/","name":"Espak E-pood","description":"","potentialAction":[{"@type":"SearchAction","target":{"@type":"EntryPoint","urlTemplate":"https:\/\/espak.ee\/epood\/?s={search_term_string}"},"query-input":{"@type":"PropertyValueSpecification","valueRequired":true,"valueName":"search_term_string"}}],"inLanguage":"et"}]}},"_links":{"self":[{"href":"https:\/\/espak.ee\/epood\/wp-json\/wp\/v2\/product\/158243","targetHints":{"allow":["GET"]}}],"collection":[{"href":"https:\/\/espak.ee\/epood\/wp-json\/wp\/v2\/product"}],"about":[{"href":"https:\/\/espak.ee\/epood\/wp-json\/wp\/v2\/types\/product"}],"replies":[{"embeddable":true,"href":"https:\/\/espak.ee\/epood\/wp-json\/wp\/v2\/comments?post=158243"}],"wp:featuredmedia":[{"embeddable":true,"href":"https:\/\/espak.ee\/epood\/wp-json\/wp\/v2\/media\/158728"}],"wp:attachment":[{"href":"https:\/\/espak.ee\/epood\/wp-json\/wp\/v2\/media?parent=158243"}],"wp:term":[{"taxonomy":"product_brand","embeddable":true,"href":"https:\/\/espak.ee\/epood\/wp-json\/wp\/v2\/product_brand?post=158243"},{"taxonomy":"product_cat","embeddable":true,"href":"https:\/\/espak.ee\/epood\/wp-json\/wp\/v2\/product_cat?post=158243"},{"taxonomy":"product_tag","embeddable":true,"href":"https:\/\/espak.ee\/epood\/wp-json\/wp\/v2\/product_tag?post=158243"}],"curies":[{"name":"wp","href":"https:\/\/api.w.org\/{rel}","templated":true}]}}