{"id":157809,"date":"2023-05-03T11:31:59","date_gmt":"2023-05-03T08:31:59","guid":{"rendered":"https:\/\/espak.ee\/epood\/?post_type=product&#038;p=157809"},"modified":"2024-03-23T01:45:09","modified_gmt":"2024-03-22T23:45:09","slug":"aiareha-tm1848","status":"publish","type":"product","link":"https:\/\/espak.ee\/epood\/toode\/aiareha-tm1848\/","title":{"rendered":"AIAREHA TM1848"},"content":{"rendered":"<div class=\"row\"  id=\"row-953192207\">\n\n\t<div id=\"col-582001840\" class=\"col medium-9 small-12 large-9\"  >\n\t\t\t\t<div class=\"col-inner\"  >\n\t\t\t\n\t\t\t\n<h3>Aiareha<\/h3>\n<p>&#8211; Valmistatud kvaliteetsest roostevabast terasest<br \/>\n&#8211; Pikendatud vars tagab vastupidavuse ja mugavuse t\u00f6\u00f6tamisel<br \/>\n&#8211; Naturaalsest, immutatud puidust k\u00e4epide<\/p>\n<p>FINLAND BIONIC seeria &#8211; preemium klassi aiat\u00f6\u00f6riistad.<br \/>\nT\u00f6\u00f6osa on valmistatud roostevabast terasest ja on kindlalt puidust k\u00e4epideme k\u00fclge kinnitatud. Immutatud k\u00e4epide tagab hea kaitse.<br \/>\nSelle seeria erip\u00e4ra on asjaolu, et t\u00f6\u00f6riistadel on pikendatud vars. T\u00e4nu sellele saab t\u00f6\u00f6riist lisapikkust &#8211; laiemate vagude ja lillepeenardega on lihtsam t\u00f6\u00f6tada.<br \/>\nT\u00f6\u00f6osa on v\u00e4ga vastupidav &#8211; kvaliteetse keevisliite ja suurenenud metalli paksusega.<br \/>\nHooldus on \u00e4\u00e4rmiselt lihtne &#8211; lihtsalt peske puhta veega ja p\u00fchkige lapiga kuivaks.<\/p>\n\t<div id=\"gap-723037906\" class=\"gap-element clearfix\" style=\"display:block; height:auto;\">\n\t\t\n<style>\n#gap-723037906 {\n  padding-top: 30px;\n}\n<\/style>\n\t<\/div>\n\t\n\t\t<\/div>\n\t\t\t\t\t<\/div>\n\n\t\n\n\t<div id=\"col-409187548\" class=\"col medium-3 small-12 large-3\"  >\n\t\t\t\t<div class=\"col-inner\"  >\n\t\t\t\n\t\t\t\n\t<div id=\"gap-1653097178\" class=\"gap-element clearfix\" style=\"display:block; height:auto;\">\n\t\t\n<style>\n#gap-1653097178 {\n  padding-top: 30px;\n}\n<\/style>\n\t<\/div>\n\t\n<p><strong>\u00dcksikasjalikuma n\u00f5u saamiseks v\u00f5tke \u00fchendust:<br \/><\/strong>Espak AS<br \/>Viadukti 42<br \/>11313<br \/>Tallinn<br \/>+372 6 512333<\/p>\n\t\t<\/div>\n\t\t\t\t\t<\/div>\n\n\t\n<\/div>\n","protected":false},"excerpt":{"rendered":"","protected":false},"featured_media":158021,"comment_status":"closed","ping_status":"closed","template":"","meta":[],"product_brand":[],"product_cat":[2789,2788,3341,3362],"product_tag":[],"class_list":{"0":"post-157809","1":"product","2":"type-product","3":"status-publish","4":"has-post-thumbnail","6":"product_cat-aiatarbed","7":"product_cat-aiatarbed-ja-kodukaubad","8":"product_cat-aiatooriistad","9":"product_cat-vaiketooriistad-aeda","10":"pa_kaubamark-toolmarketing-ou","12":"first","13":"instock","14":"sale","15":"taxable","16":"shipping-taxable","17":"purchasable","18":"product-type-simple"},"yoast_head":"<!-- This site is optimized with the Yoast SEO plugin v26.9 - https:\/\/yoast.com\/product\/yoast-seo-wordpress\/ -->\n<title>AIAREHA TM1848 - Espak E-pood<\/title>\n<meta name=\"robots\" content=\"index, follow, max-snippet:-1, max-image-preview:large, max-video-preview:-1\" \/>\n<link rel=\"canonical\" href=\"https:\/\/espak.ee\/epood\/toode\/aiareha-tm1848\/\" \/>\n<meta property=\"og:locale\" content=\"et_EE\" \/>\n<meta property=\"og:type\" content=\"article\" \/>\n<meta property=\"og:title\" content=\"AIAREHA TM1848 - Espak E-pood\" \/>\n<meta property=\"og:url\" content=\"https:\/\/espak.ee\/epood\/toode\/aiareha-tm1848\/\" \/>\n<meta property=\"og:site_name\" content=\"Espak E-pood\" \/>\n<meta property=\"article:modified_time\" content=\"2024-03-22T23:45:09+00:00\" \/>\n<meta property=\"og:image\" content=\"https:\/\/espak.ee\/epood\/wp-content\/uploads\/2023\/05\/1848-e1683180572496.jpg\" \/>\n\t<meta property=\"og:image:width\" content=\"624\" \/>\n\t<meta property=\"og:image:height\" content=\"624\" \/>\n\t<meta property=\"og:image:type\" content=\"image\/jpeg\" \/>\n<meta name=\"twitter:card\" content=\"summary_large_image\" \/>\n<meta name=\"twitter:label1\" content=\"Est. reading time\" \/>\n\t<meta name=\"twitter:data1\" content=\"1 minut\" \/>\n<script type=\"application\/ld+json\" class=\"yoast-schema-graph\">{\"@context\":\"https:\/\/schema.org\",\"@graph\":[{\"@type\":\"WebPage\",\"@id\":\"https:\/\/espak.ee\/epood\/toode\/aiareha-tm1848\/\",\"url\":\"https:\/\/espak.ee\/epood\/toode\/aiareha-tm1848\/\",\"name\":\"AIAREHA TM1848 - Espak E-pood\",\"isPartOf\":{\"@id\":\"https:\/\/espak.ee\/epood\/#website\"},\"primaryImageOfPage\":{\"@id\":\"https:\/\/espak.ee\/epood\/toode\/aiareha-tm1848\/#primaryimage\"},\"image\":{\"@id\":\"https:\/\/espak.ee\/epood\/toode\/aiareha-tm1848\/#primaryimage\"},\"thumbnailUrl\":\"https:\/\/espak.ee\/epood\/wp-content\/uploads\/2023\/05\/1848-e1683180572496.jpg\",\"datePublished\":\"2023-05-03T08:31:59+00:00\",\"dateModified\":\"2024-03-22T23:45:09+00:00\",\"breadcrumb\":{\"@id\":\"https:\/\/espak.ee\/epood\/toode\/aiareha-tm1848\/#breadcrumb\"},\"inLanguage\":\"et\",\"potentialAction\":[{\"@type\":\"ReadAction\",\"target\":[\"https:\/\/espak.ee\/epood\/toode\/aiareha-tm1848\/\"]}]},{\"@type\":\"ImageObject\",\"inLanguage\":\"et\",\"@id\":\"https:\/\/espak.ee\/epood\/toode\/aiareha-tm1848\/#primaryimage\",\"url\":\"https:\/\/espak.ee\/epood\/wp-content\/uploads\/2023\/05\/1848-e1683180572496.jpg\",\"contentUrl\":\"https:\/\/espak.ee\/epood\/wp-content\/uploads\/2023\/05\/1848-e1683180572496.jpg\",\"width\":624,\"height\":624},{\"@type\":\"BreadcrumbList\",\"@id\":\"https:\/\/espak.ee\/epood\/toode\/aiareha-tm1848\/#breadcrumb\",\"itemListElement\":[{\"@type\":\"ListItem\",\"position\":1,\"name\":\"Home\",\"item\":\"https:\/\/espak.ee\/epood\/\"},{\"@type\":\"ListItem\",\"position\":2,\"name\":\"Tootevalik\",\"item\":\"https:\/\/espak.ee\/epood\/tootevalik\/\"},{\"@type\":\"ListItem\",\"position\":3,\"name\":\"AIAREHA TM1848\"}]},{\"@type\":\"WebSite\",\"@id\":\"https:\/\/espak.ee\/epood\/#website\",\"url\":\"https:\/\/espak.ee\/epood\/\",\"name\":\"Espak E-pood\",\"description\":\"\",\"potentialAction\":[{\"@type\":\"SearchAction\",\"target\":{\"@type\":\"EntryPoint\",\"urlTemplate\":\"https:\/\/espak.ee\/epood\/?s={search_term_string}\"},\"query-input\":{\"@type\":\"PropertyValueSpecification\",\"valueRequired\":true,\"valueName\":\"search_term_string\"}}],\"inLanguage\":\"et\"}]}<\/script>\n<!-- \/ Yoast SEO plugin. -->","yoast_head_json":{"title":"AIAREHA TM1848 - Espak E-pood","robots":{"index":"index","follow":"follow","max-snippet":"max-snippet:-1","max-image-preview":"max-image-preview:large","max-video-preview":"max-video-preview:-1"},"canonical":"https:\/\/espak.ee\/epood\/toode\/aiareha-tm1848\/","og_locale":"et_EE","og_type":"article","og_title":"AIAREHA TM1848 - Espak E-pood","og_url":"https:\/\/espak.ee\/epood\/toode\/aiareha-tm1848\/","og_site_name":"Espak E-pood","article_modified_time":"2024-03-22T23:45:09+00:00","og_image":[{"width":624,"height":624,"url":"https:\/\/espak.ee\/epood\/wp-content\/uploads\/2023\/05\/1848-e1683180572496.jpg","type":"image\/jpeg"}],"twitter_card":"summary_large_image","twitter_misc":{"Est. reading time":"1 minut"},"schema":{"@context":"https:\/\/schema.org","@graph":[{"@type":"WebPage","@id":"https:\/\/espak.ee\/epood\/toode\/aiareha-tm1848\/","url":"https:\/\/espak.ee\/epood\/toode\/aiareha-tm1848\/","name":"AIAREHA TM1848 - Espak E-pood","isPartOf":{"@id":"https:\/\/espak.ee\/epood\/#website"},"primaryImageOfPage":{"@id":"https:\/\/espak.ee\/epood\/toode\/aiareha-tm1848\/#primaryimage"},"image":{"@id":"https:\/\/espak.ee\/epood\/toode\/aiareha-tm1848\/#primaryimage"},"thumbnailUrl":"https:\/\/espak.ee\/epood\/wp-content\/uploads\/2023\/05\/1848-e1683180572496.jpg","datePublished":"2023-05-03T08:31:59+00:00","dateModified":"2024-03-22T23:45:09+00:00","breadcrumb":{"@id":"https:\/\/espak.ee\/epood\/toode\/aiareha-tm1848\/#breadcrumb"},"inLanguage":"et","potentialAction":[{"@type":"ReadAction","target":["https:\/\/espak.ee\/epood\/toode\/aiareha-tm1848\/"]}]},{"@type":"ImageObject","inLanguage":"et","@id":"https:\/\/espak.ee\/epood\/toode\/aiareha-tm1848\/#primaryimage","url":"https:\/\/espak.ee\/epood\/wp-content\/uploads\/2023\/05\/1848-e1683180572496.jpg","contentUrl":"https:\/\/espak.ee\/epood\/wp-content\/uploads\/2023\/05\/1848-e1683180572496.jpg","width":624,"height":624},{"@type":"BreadcrumbList","@id":"https:\/\/espak.ee\/epood\/toode\/aiareha-tm1848\/#breadcrumb","itemListElement":[{"@type":"ListItem","position":1,"name":"Home","item":"https:\/\/espak.ee\/epood\/"},{"@type":"ListItem","position":2,"name":"Tootevalik","item":"https:\/\/espak.ee\/epood\/tootevalik\/"},{"@type":"ListItem","position":3,"name":"AIAREHA TM1848"}]},{"@type":"WebSite","@id":"https:\/\/espak.ee\/epood\/#website","url":"https:\/\/espak.ee\/epood\/","name":"Espak E-pood","description":"","potentialAction":[{"@type":"SearchAction","target":{"@type":"EntryPoint","urlTemplate":"https:\/\/espak.ee\/epood\/?s={search_term_string}"},"query-input":{"@type":"PropertyValueSpecification","valueRequired":true,"valueName":"search_term_string"}}],"inLanguage":"et"}]}},"_links":{"self":[{"href":"https:\/\/espak.ee\/epood\/wp-json\/wp\/v2\/product\/157809","targetHints":{"allow":["GET"]}}],"collection":[{"href":"https:\/\/espak.ee\/epood\/wp-json\/wp\/v2\/product"}],"about":[{"href":"https:\/\/espak.ee\/epood\/wp-json\/wp\/v2\/types\/product"}],"replies":[{"embeddable":true,"href":"https:\/\/espak.ee\/epood\/wp-json\/wp\/v2\/comments?post=157809"}],"wp:featuredmedia":[{"embeddable":true,"href":"https:\/\/espak.ee\/epood\/wp-json\/wp\/v2\/media\/158021"}],"wp:attachment":[{"href":"https:\/\/espak.ee\/epood\/wp-json\/wp\/v2\/media?parent=157809"}],"wp:term":[{"taxonomy":"product_brand","embeddable":true,"href":"https:\/\/espak.ee\/epood\/wp-json\/wp\/v2\/product_brand?post=157809"},{"taxonomy":"product_cat","embeddable":true,"href":"https:\/\/espak.ee\/epood\/wp-json\/wp\/v2\/product_cat?post=157809"},{"taxonomy":"product_tag","embeddable":true,"href":"https:\/\/espak.ee\/epood\/wp-json\/wp\/v2\/product_tag?post=157809"}],"curies":[{"name":"wp","href":"https:\/\/api.w.org\/{rel}","templated":true}]}}