{"id":157494,"date":"2023-04-29T03:19:26","date_gmt":"2023-04-29T00:19:26","guid":{"rendered":"https:\/\/espak.ee\/epood\/?post_type=product&#038;p=157494"},"modified":"2024-03-23T01:45:57","modified_gmt":"2024-03-22T23:45:57","slug":"sunteetilisest-nahast-tookindad-3511-xxl-11","status":"publish","type":"product","link":"https:\/\/espak.ee\/epood\/toode\/sunteetilisest-nahast-tookindad-3511-xxl-11\/","title":{"rendered":"S\u00dcNTEETILISEST NAHAST T\u00d6\u00d6KINDAD 3511 XXL\/11"},"content":{"rendered":"<div class=\"row\"  id=\"row-20341395\">\n\n\t<div id=\"col-1767070809\" class=\"col medium-9 small-12 large-9\"  >\n\t\t\t\t<div class=\"col-inner\"  >\n\t\t\t\n\t\t\t\n<h2>WORTEX s\u00fcnteetilised nahast talvekindad 11<\/h2>\n<p>WORTEX 3507\u20263511 s\u00fcnteetilisest nahast talvekindad on suure kulumiskindlusega ja v\u00e4ga mugavad. T\u00f6\u00f6kinnastel on \u00f5hukesest ja elastsest s\u00fcnteetilisest Amara nahast kaetud peopesa ja nimetiss\u00f5rm. Kinnaste k\u00e4eseljal on nailonriie, millel sisse on \u00f5mmeldud elastne kummiriba. Soe ja pehme pol\u00fcestervooder. WORTEX s\u00fcnteetilisest nahast t\u00f6\u00f6kindad voodriga sobivad kasutamiseks k\u00fclmades tingimustes igap\u00e4evat\u00f6\u00f6deks.<\/p>\n\t\t<\/div>\n\t\t\t\t\t<\/div>\n\n\t\n\n\t<div id=\"col-1787599321\" class=\"col medium-3 small-12 large-3\"  >\n\t\t\t\t<div class=\"col-inner\"  >\n\t\t\t\n\t\t\t\n\t<div id=\"gap-1416737310\" class=\"gap-element clearfix\" style=\"display:block; height:auto;\">\n\t\t\n<style>\n#gap-1416737310 {\n  padding-top: 30px;\n}\n<\/style>\n\t<\/div>\n\t\n<div class=\"is-divider divider clearfix\" ><\/div>\n<p><strong>\u00dcksikasjalikuma n\u00f5u saamiseks v\u00f5tke \u00fchendust:<br \/><\/strong>Becky AS<br \/>Laki 30A \/ Kadaka tee 129<br \/>12915<br \/>Tallinn<br \/>+372 670 6880<\/p>\n<div class=\"is-divider divider clearfix\" ><\/div>\n\t\t<\/div>\n\t\t\t\t\t<\/div>\n\n\t\n<\/div>\n","protected":false},"excerpt":{"rendered":"","protected":false},"featured_media":158608,"comment_status":"closed","ping_status":"closed","template":"","meta":[],"product_brand":[],"product_cat":[2788,2976,2979,2972],"product_tag":[],"class_list":{"0":"post-157494","1":"product","2":"type-product","3":"status-publish","4":"has-post-thumbnail","6":"product_cat-aiatarbed-ja-kodukaubad","7":"product_cat-kindad","8":"product_cat-talvekindad","9":"product_cat-tookaitsevahendid","10":"pa_kaubamark-becky-as","12":"first","13":"outofstock","14":"sale","15":"taxable","16":"shipping-taxable","17":"purchasable","18":"product-type-simple"},"yoast_head":"<!-- This site is optimized with the Yoast SEO plugin v26.9 - https:\/\/yoast.com\/product\/yoast-seo-wordpress\/ -->\n<title>S\u00dcNTEETILISEST NAHAST T\u00d6\u00d6KINDAD 3511 XXL\/11 - Espak E-pood<\/title>\n<meta name=\"robots\" content=\"index, follow, max-snippet:-1, max-image-preview:large, max-video-preview:-1\" \/>\n<link rel=\"canonical\" href=\"https:\/\/espak.ee\/epood\/toode\/sunteetilisest-nahast-tookindad-3511-xxl-11\/\" \/>\n<meta property=\"og:locale\" content=\"et_EE\" \/>\n<meta property=\"og:type\" content=\"article\" \/>\n<meta property=\"og:title\" content=\"S\u00dcNTEETILISEST NAHAST T\u00d6\u00d6KINDAD 3511 XXL\/11 - Espak E-pood\" \/>\n<meta property=\"og:url\" content=\"https:\/\/espak.ee\/epood\/toode\/sunteetilisest-nahast-tookindad-3511-xxl-11\/\" \/>\n<meta property=\"og:site_name\" content=\"Espak E-pood\" \/>\n<meta property=\"article:modified_time\" content=\"2024-03-22T23:45:57+00:00\" \/>\n<meta property=\"og:image\" content=\"https:\/\/espak.ee\/epood\/wp-content\/uploads\/2023\/04\/35073508350935103511_wortex_sunteetilised_talvekindad_tiitel.png.jpg\" \/>\n\t<meta property=\"og:image:width\" content=\"800\" \/>\n\t<meta property=\"og:image:height\" content=\"800\" \/>\n\t<meta property=\"og:image:type\" content=\"image\/jpeg\" \/>\n<meta name=\"twitter:card\" content=\"summary_large_image\" \/>\n<script type=\"application\/ld+json\" class=\"yoast-schema-graph\">{\"@context\":\"https:\/\/schema.org\",\"@graph\":[{\"@type\":\"WebPage\",\"@id\":\"https:\/\/espak.ee\/epood\/toode\/sunteetilisest-nahast-tookindad-3511-xxl-11\/\",\"url\":\"https:\/\/espak.ee\/epood\/toode\/sunteetilisest-nahast-tookindad-3511-xxl-11\/\",\"name\":\"S\u00dcNTEETILISEST NAHAST T\u00d6\u00d6KINDAD 3511 XXL\/11 - Espak E-pood\",\"isPartOf\":{\"@id\":\"https:\/\/espak.ee\/epood\/#website\"},\"primaryImageOfPage\":{\"@id\":\"https:\/\/espak.ee\/epood\/toode\/sunteetilisest-nahast-tookindad-3511-xxl-11\/#primaryimage\"},\"image\":{\"@id\":\"https:\/\/espak.ee\/epood\/toode\/sunteetilisest-nahast-tookindad-3511-xxl-11\/#primaryimage\"},\"thumbnailUrl\":\"https:\/\/espak.ee\/epood\/wp-content\/uploads\/2023\/04\/35073508350935103511_wortex_sunteetilised_talvekindad_tiitel.png.jpg\",\"datePublished\":\"2023-04-29T00:19:26+00:00\",\"dateModified\":\"2024-03-22T23:45:57+00:00\",\"breadcrumb\":{\"@id\":\"https:\/\/espak.ee\/epood\/toode\/sunteetilisest-nahast-tookindad-3511-xxl-11\/#breadcrumb\"},\"inLanguage\":\"et\",\"potentialAction\":[{\"@type\":\"ReadAction\",\"target\":[\"https:\/\/espak.ee\/epood\/toode\/sunteetilisest-nahast-tookindad-3511-xxl-11\/\"]}]},{\"@type\":\"ImageObject\",\"inLanguage\":\"et\",\"@id\":\"https:\/\/espak.ee\/epood\/toode\/sunteetilisest-nahast-tookindad-3511-xxl-11\/#primaryimage\",\"url\":\"https:\/\/espak.ee\/epood\/wp-content\/uploads\/2023\/04\/35073508350935103511_wortex_sunteetilised_talvekindad_tiitel.png.jpg\",\"contentUrl\":\"https:\/\/espak.ee\/epood\/wp-content\/uploads\/2023\/04\/35073508350935103511_wortex_sunteetilised_talvekindad_tiitel.png.jpg\",\"width\":800,\"height\":800},{\"@type\":\"BreadcrumbList\",\"@id\":\"https:\/\/espak.ee\/epood\/toode\/sunteetilisest-nahast-tookindad-3511-xxl-11\/#breadcrumb\",\"itemListElement\":[{\"@type\":\"ListItem\",\"position\":1,\"name\":\"Home\",\"item\":\"https:\/\/espak.ee\/epood\/\"},{\"@type\":\"ListItem\",\"position\":2,\"name\":\"Tootevalik\",\"item\":\"https:\/\/espak.ee\/epood\/tootevalik\/\"},{\"@type\":\"ListItem\",\"position\":3,\"name\":\"S\u00dcNTEETILISEST NAHAST T\u00d6\u00d6KINDAD 3511 XXL\/11\"}]},{\"@type\":\"WebSite\",\"@id\":\"https:\/\/espak.ee\/epood\/#website\",\"url\":\"https:\/\/espak.ee\/epood\/\",\"name\":\"Espak E-pood\",\"description\":\"\",\"potentialAction\":[{\"@type\":\"SearchAction\",\"target\":{\"@type\":\"EntryPoint\",\"urlTemplate\":\"https:\/\/espak.ee\/epood\/?s={search_term_string}\"},\"query-input\":{\"@type\":\"PropertyValueSpecification\",\"valueRequired\":true,\"valueName\":\"search_term_string\"}}],\"inLanguage\":\"et\"}]}<\/script>\n<!-- \/ Yoast SEO plugin. -->","yoast_head_json":{"title":"S\u00dcNTEETILISEST NAHAST T\u00d6\u00d6KINDAD 3511 XXL\/11 - Espak E-pood","robots":{"index":"index","follow":"follow","max-snippet":"max-snippet:-1","max-image-preview":"max-image-preview:large","max-video-preview":"max-video-preview:-1"},"canonical":"https:\/\/espak.ee\/epood\/toode\/sunteetilisest-nahast-tookindad-3511-xxl-11\/","og_locale":"et_EE","og_type":"article","og_title":"S\u00dcNTEETILISEST NAHAST T\u00d6\u00d6KINDAD 3511 XXL\/11 - Espak E-pood","og_url":"https:\/\/espak.ee\/epood\/toode\/sunteetilisest-nahast-tookindad-3511-xxl-11\/","og_site_name":"Espak E-pood","article_modified_time":"2024-03-22T23:45:57+00:00","og_image":[{"width":800,"height":800,"url":"https:\/\/espak.ee\/epood\/wp-content\/uploads\/2023\/04\/35073508350935103511_wortex_sunteetilised_talvekindad_tiitel.png.jpg","type":"image\/jpeg"}],"twitter_card":"summary_large_image","schema":{"@context":"https:\/\/schema.org","@graph":[{"@type":"WebPage","@id":"https:\/\/espak.ee\/epood\/toode\/sunteetilisest-nahast-tookindad-3511-xxl-11\/","url":"https:\/\/espak.ee\/epood\/toode\/sunteetilisest-nahast-tookindad-3511-xxl-11\/","name":"S\u00dcNTEETILISEST NAHAST T\u00d6\u00d6KINDAD 3511 XXL\/11 - Espak E-pood","isPartOf":{"@id":"https:\/\/espak.ee\/epood\/#website"},"primaryImageOfPage":{"@id":"https:\/\/espak.ee\/epood\/toode\/sunteetilisest-nahast-tookindad-3511-xxl-11\/#primaryimage"},"image":{"@id":"https:\/\/espak.ee\/epood\/toode\/sunteetilisest-nahast-tookindad-3511-xxl-11\/#primaryimage"},"thumbnailUrl":"https:\/\/espak.ee\/epood\/wp-content\/uploads\/2023\/04\/35073508350935103511_wortex_sunteetilised_talvekindad_tiitel.png.jpg","datePublished":"2023-04-29T00:19:26+00:00","dateModified":"2024-03-22T23:45:57+00:00","breadcrumb":{"@id":"https:\/\/espak.ee\/epood\/toode\/sunteetilisest-nahast-tookindad-3511-xxl-11\/#breadcrumb"},"inLanguage":"et","potentialAction":[{"@type":"ReadAction","target":["https:\/\/espak.ee\/epood\/toode\/sunteetilisest-nahast-tookindad-3511-xxl-11\/"]}]},{"@type":"ImageObject","inLanguage":"et","@id":"https:\/\/espak.ee\/epood\/toode\/sunteetilisest-nahast-tookindad-3511-xxl-11\/#primaryimage","url":"https:\/\/espak.ee\/epood\/wp-content\/uploads\/2023\/04\/35073508350935103511_wortex_sunteetilised_talvekindad_tiitel.png.jpg","contentUrl":"https:\/\/espak.ee\/epood\/wp-content\/uploads\/2023\/04\/35073508350935103511_wortex_sunteetilised_talvekindad_tiitel.png.jpg","width":800,"height":800},{"@type":"BreadcrumbList","@id":"https:\/\/espak.ee\/epood\/toode\/sunteetilisest-nahast-tookindad-3511-xxl-11\/#breadcrumb","itemListElement":[{"@type":"ListItem","position":1,"name":"Home","item":"https:\/\/espak.ee\/epood\/"},{"@type":"ListItem","position":2,"name":"Tootevalik","item":"https:\/\/espak.ee\/epood\/tootevalik\/"},{"@type":"ListItem","position":3,"name":"S\u00dcNTEETILISEST NAHAST T\u00d6\u00d6KINDAD 3511 XXL\/11"}]},{"@type":"WebSite","@id":"https:\/\/espak.ee\/epood\/#website","url":"https:\/\/espak.ee\/epood\/","name":"Espak E-pood","description":"","potentialAction":[{"@type":"SearchAction","target":{"@type":"EntryPoint","urlTemplate":"https:\/\/espak.ee\/epood\/?s={search_term_string}"},"query-input":{"@type":"PropertyValueSpecification","valueRequired":true,"valueName":"search_term_string"}}],"inLanguage":"et"}]}},"_links":{"self":[{"href":"https:\/\/espak.ee\/epood\/wp-json\/wp\/v2\/product\/157494","targetHints":{"allow":["GET"]}}],"collection":[{"href":"https:\/\/espak.ee\/epood\/wp-json\/wp\/v2\/product"}],"about":[{"href":"https:\/\/espak.ee\/epood\/wp-json\/wp\/v2\/types\/product"}],"replies":[{"embeddable":true,"href":"https:\/\/espak.ee\/epood\/wp-json\/wp\/v2\/comments?post=157494"}],"wp:featuredmedia":[{"embeddable":true,"href":"https:\/\/espak.ee\/epood\/wp-json\/wp\/v2\/media\/158608"}],"wp:attachment":[{"href":"https:\/\/espak.ee\/epood\/wp-json\/wp\/v2\/media?parent=157494"}],"wp:term":[{"taxonomy":"product_brand","embeddable":true,"href":"https:\/\/espak.ee\/epood\/wp-json\/wp\/v2\/product_brand?post=157494"},{"taxonomy":"product_cat","embeddable":true,"href":"https:\/\/espak.ee\/epood\/wp-json\/wp\/v2\/product_cat?post=157494"},{"taxonomy":"product_tag","embeddable":true,"href":"https:\/\/espak.ee\/epood\/wp-json\/wp\/v2\/product_tag?post=157494"}],"curies":[{"name":"wp","href":"https:\/\/api.w.org\/{rel}","templated":true}]}}