{"id":157416,"date":"2023-04-28T11:45:54","date_gmt":"2023-04-28T08:45:54","guid":{"rendered":"https:\/\/espak.ee\/epood\/?post_type=product&#038;p=157416"},"modified":"2024-03-23T01:46:05","modified_gmt":"2024-03-22T23:46:05","slug":"matkasaapad-bennon-terenno-high-44","status":"publish","type":"product","link":"https:\/\/espak.ee\/epood\/toode\/matkasaapad-bennon-terenno-high-44\/","title":{"rendered":"MATKASAAPAD BENNON TERENNO HIGH 44"},"content":{"rendered":"<div class=\"row\"  id=\"row-1300218242\">\n\n\t<div id=\"col-2110089069\" class=\"col medium-9 small-12 large-9\"  >\n\t\t\t\t<div class=\"col-inner\"  >\n\t\t\t\n\t\t\t\n<h2>BENNON TERENNO matkasaapad 44<\/h2>\n<p>BENNON Terenno matkasaapad. Klassikalistel matkasaabastel on vetth\u00fclgav pealismaterjal ning veekindel REGI- TEX\u00ae membraan. Uuenduslik Vibram\u00ae tald tagab hea haarduvuse nii pehmel kui ka kivisel maastikul. Saabaste ninaosas on tugevdatud kummiga kaitse, mis pikendab jalatsite eluiga. Kvaliteetne veekindel materjal pakub t\u00e4iendavat kaitset lume, vee ja k\u00fclma eest, tagades erakordse mugavuse ja stabiilsuse ka ekstreemsetes ilmastikutingimustes.<\/p>\n<p>&#8211; Pealismaterjal: Nahk<br \/>\n&#8211; Vooder: REGI-TEX\u00ae membraan + MESH vooder<br \/>\n&#8211; Sisetald: ABSORBA sisetald<br \/>\n&#8211; V\u00e4listald: Kummist Vibram\u00ae S1021 v\u00e4listald<\/p>\n\t\t<\/div>\n\t\t\t\t\t<\/div>\n\n\t\n\n\t<div id=\"col-341971671\" class=\"col medium-3 small-12 large-3\"  >\n\t\t\t\t<div class=\"col-inner\"  >\n\t\t\t\n\t\t\t\n\t<div id=\"gap-1748173748\" class=\"gap-element clearfix\" style=\"display:block; height:auto;\">\n\t\t\n<style>\n#gap-1748173748 {\n  padding-top: 30px;\n}\n<\/style>\n\t<\/div>\n\t\n<div class=\"is-divider divider clearfix\" ><\/div>\n<p><strong>\u00dcksikasjalikuma n\u00f5u saamiseks v\u00f5tke \u00fchendust:<br \/><\/strong>Becky AS<br \/>Laki 30A \/ Kadaka tee 129<br \/>12915<br \/>Tallinn<br \/>+372 670 6880<\/p>\n<div class=\"is-divider divider clearfix\" ><\/div>\n\t\t<\/div>\n\t\t\t\t\t<\/div>\n\n\t\n<\/div>\n","protected":false},"excerpt":{"rendered":"","protected":false},"featured_media":158568,"comment_status":"closed","ping_status":"closed","template":"","meta":[],"product_brand":[],"product_cat":[2788,3031,3035,2972],"product_tag":[],"class_list":{"0":"post-157416","1":"product","2":"type-product","3":"status-publish","4":"has-post-thumbnail","6":"product_cat-aiatarbed-ja-kodukaubad","7":"product_cat-jalanoud","8":"product_cat-kingad","9":"product_cat-tookaitsevahendid","10":"pa_kaubamark-becky-as","12":"first","13":"outofstock","14":"sale","15":"taxable","16":"shipping-taxable","17":"purchasable","18":"product-type-simple"},"yoast_head":"<!-- This site is optimized with the Yoast SEO plugin v26.9 - https:\/\/yoast.com\/product\/yoast-seo-wordpress\/ -->\n<title>MATKASAAPAD BENNON TERENNO HIGH 44 - Espak E-pood<\/title>\n<meta name=\"robots\" content=\"index, follow, max-snippet:-1, max-image-preview:large, max-video-preview:-1\" \/>\n<link rel=\"canonical\" href=\"https:\/\/espak.ee\/epood\/toode\/matkasaapad-bennon-terenno-high-44\/\" \/>\n<meta property=\"og:locale\" content=\"et_EE\" \/>\n<meta property=\"og:type\" content=\"article\" \/>\n<meta property=\"og:title\" content=\"MATKASAAPAD BENNON TERENNO HIGH 44 - Espak E-pood\" \/>\n<meta property=\"og:url\" content=\"https:\/\/espak.ee\/epood\/toode\/matkasaapad-bennon-terenno-high-44\/\" \/>\n<meta property=\"og:site_name\" content=\"Espak E-pood\" \/>\n<meta property=\"article:modified_time\" content=\"2024-03-22T23:46:05+00:00\" \/>\n<meta property=\"og:image\" content=\"https:\/\/espak.ee\/epood\/wp-content\/uploads\/2023\/04\/BENNON-matkasaapad.jpg.jpg\" \/>\n\t<meta property=\"og:image:width\" content=\"800\" \/>\n\t<meta property=\"og:image:height\" content=\"800\" \/>\n\t<meta property=\"og:image:type\" content=\"image\/jpeg\" \/>\n<meta name=\"twitter:card\" content=\"summary_large_image\" \/>\n<meta name=\"twitter:label1\" content=\"Est. reading time\" \/>\n\t<meta name=\"twitter:data1\" content=\"1 minut\" \/>\n<script type=\"application\/ld+json\" class=\"yoast-schema-graph\">{\"@context\":\"https:\/\/schema.org\",\"@graph\":[{\"@type\":\"WebPage\",\"@id\":\"https:\/\/espak.ee\/epood\/toode\/matkasaapad-bennon-terenno-high-44\/\",\"url\":\"https:\/\/espak.ee\/epood\/toode\/matkasaapad-bennon-terenno-high-44\/\",\"name\":\"MATKASAAPAD BENNON TERENNO HIGH 44 - Espak E-pood\",\"isPartOf\":{\"@id\":\"https:\/\/espak.ee\/epood\/#website\"},\"primaryImageOfPage\":{\"@id\":\"https:\/\/espak.ee\/epood\/toode\/matkasaapad-bennon-terenno-high-44\/#primaryimage\"},\"image\":{\"@id\":\"https:\/\/espak.ee\/epood\/toode\/matkasaapad-bennon-terenno-high-44\/#primaryimage\"},\"thumbnailUrl\":\"https:\/\/espak.ee\/epood\/wp-content\/uploads\/2023\/04\/BENNON-matkasaapad.jpg.jpg\",\"datePublished\":\"2023-04-28T08:45:54+00:00\",\"dateModified\":\"2024-03-22T23:46:05+00:00\",\"breadcrumb\":{\"@id\":\"https:\/\/espak.ee\/epood\/toode\/matkasaapad-bennon-terenno-high-44\/#breadcrumb\"},\"inLanguage\":\"et\",\"potentialAction\":[{\"@type\":\"ReadAction\",\"target\":[\"https:\/\/espak.ee\/epood\/toode\/matkasaapad-bennon-terenno-high-44\/\"]}]},{\"@type\":\"ImageObject\",\"inLanguage\":\"et\",\"@id\":\"https:\/\/espak.ee\/epood\/toode\/matkasaapad-bennon-terenno-high-44\/#primaryimage\",\"url\":\"https:\/\/espak.ee\/epood\/wp-content\/uploads\/2023\/04\/BENNON-matkasaapad.jpg.jpg\",\"contentUrl\":\"https:\/\/espak.ee\/epood\/wp-content\/uploads\/2023\/04\/BENNON-matkasaapad.jpg.jpg\",\"width\":800,\"height\":800},{\"@type\":\"BreadcrumbList\",\"@id\":\"https:\/\/espak.ee\/epood\/toode\/matkasaapad-bennon-terenno-high-44\/#breadcrumb\",\"itemListElement\":[{\"@type\":\"ListItem\",\"position\":1,\"name\":\"Home\",\"item\":\"https:\/\/espak.ee\/epood\/\"},{\"@type\":\"ListItem\",\"position\":2,\"name\":\"Tootevalik\",\"item\":\"https:\/\/espak.ee\/epood\/tootevalik\/\"},{\"@type\":\"ListItem\",\"position\":3,\"name\":\"MATKASAAPAD BENNON TERENNO HIGH 44\"}]},{\"@type\":\"WebSite\",\"@id\":\"https:\/\/espak.ee\/epood\/#website\",\"url\":\"https:\/\/espak.ee\/epood\/\",\"name\":\"Espak E-pood\",\"description\":\"\",\"potentialAction\":[{\"@type\":\"SearchAction\",\"target\":{\"@type\":\"EntryPoint\",\"urlTemplate\":\"https:\/\/espak.ee\/epood\/?s={search_term_string}\"},\"query-input\":{\"@type\":\"PropertyValueSpecification\",\"valueRequired\":true,\"valueName\":\"search_term_string\"}}],\"inLanguage\":\"et\"}]}<\/script>\n<!-- \/ Yoast SEO plugin. -->","yoast_head_json":{"title":"MATKASAAPAD BENNON TERENNO HIGH 44 - Espak E-pood","robots":{"index":"index","follow":"follow","max-snippet":"max-snippet:-1","max-image-preview":"max-image-preview:large","max-video-preview":"max-video-preview:-1"},"canonical":"https:\/\/espak.ee\/epood\/toode\/matkasaapad-bennon-terenno-high-44\/","og_locale":"et_EE","og_type":"article","og_title":"MATKASAAPAD BENNON TERENNO HIGH 44 - Espak E-pood","og_url":"https:\/\/espak.ee\/epood\/toode\/matkasaapad-bennon-terenno-high-44\/","og_site_name":"Espak E-pood","article_modified_time":"2024-03-22T23:46:05+00:00","og_image":[{"width":800,"height":800,"url":"https:\/\/espak.ee\/epood\/wp-content\/uploads\/2023\/04\/BENNON-matkasaapad.jpg.jpg","type":"image\/jpeg"}],"twitter_card":"summary_large_image","twitter_misc":{"Est. reading time":"1 minut"},"schema":{"@context":"https:\/\/schema.org","@graph":[{"@type":"WebPage","@id":"https:\/\/espak.ee\/epood\/toode\/matkasaapad-bennon-terenno-high-44\/","url":"https:\/\/espak.ee\/epood\/toode\/matkasaapad-bennon-terenno-high-44\/","name":"MATKASAAPAD BENNON TERENNO HIGH 44 - Espak E-pood","isPartOf":{"@id":"https:\/\/espak.ee\/epood\/#website"},"primaryImageOfPage":{"@id":"https:\/\/espak.ee\/epood\/toode\/matkasaapad-bennon-terenno-high-44\/#primaryimage"},"image":{"@id":"https:\/\/espak.ee\/epood\/toode\/matkasaapad-bennon-terenno-high-44\/#primaryimage"},"thumbnailUrl":"https:\/\/espak.ee\/epood\/wp-content\/uploads\/2023\/04\/BENNON-matkasaapad.jpg.jpg","datePublished":"2023-04-28T08:45:54+00:00","dateModified":"2024-03-22T23:46:05+00:00","breadcrumb":{"@id":"https:\/\/espak.ee\/epood\/toode\/matkasaapad-bennon-terenno-high-44\/#breadcrumb"},"inLanguage":"et","potentialAction":[{"@type":"ReadAction","target":["https:\/\/espak.ee\/epood\/toode\/matkasaapad-bennon-terenno-high-44\/"]}]},{"@type":"ImageObject","inLanguage":"et","@id":"https:\/\/espak.ee\/epood\/toode\/matkasaapad-bennon-terenno-high-44\/#primaryimage","url":"https:\/\/espak.ee\/epood\/wp-content\/uploads\/2023\/04\/BENNON-matkasaapad.jpg.jpg","contentUrl":"https:\/\/espak.ee\/epood\/wp-content\/uploads\/2023\/04\/BENNON-matkasaapad.jpg.jpg","width":800,"height":800},{"@type":"BreadcrumbList","@id":"https:\/\/espak.ee\/epood\/toode\/matkasaapad-bennon-terenno-high-44\/#breadcrumb","itemListElement":[{"@type":"ListItem","position":1,"name":"Home","item":"https:\/\/espak.ee\/epood\/"},{"@type":"ListItem","position":2,"name":"Tootevalik","item":"https:\/\/espak.ee\/epood\/tootevalik\/"},{"@type":"ListItem","position":3,"name":"MATKASAAPAD BENNON TERENNO HIGH 44"}]},{"@type":"WebSite","@id":"https:\/\/espak.ee\/epood\/#website","url":"https:\/\/espak.ee\/epood\/","name":"Espak E-pood","description":"","potentialAction":[{"@type":"SearchAction","target":{"@type":"EntryPoint","urlTemplate":"https:\/\/espak.ee\/epood\/?s={search_term_string}"},"query-input":{"@type":"PropertyValueSpecification","valueRequired":true,"valueName":"search_term_string"}}],"inLanguage":"et"}]}},"_links":{"self":[{"href":"https:\/\/espak.ee\/epood\/wp-json\/wp\/v2\/product\/157416","targetHints":{"allow":["GET"]}}],"collection":[{"href":"https:\/\/espak.ee\/epood\/wp-json\/wp\/v2\/product"}],"about":[{"href":"https:\/\/espak.ee\/epood\/wp-json\/wp\/v2\/types\/product"}],"replies":[{"embeddable":true,"href":"https:\/\/espak.ee\/epood\/wp-json\/wp\/v2\/comments?post=157416"}],"wp:featuredmedia":[{"embeddable":true,"href":"https:\/\/espak.ee\/epood\/wp-json\/wp\/v2\/media\/158568"}],"wp:attachment":[{"href":"https:\/\/espak.ee\/epood\/wp-json\/wp\/v2\/media?parent=157416"}],"wp:term":[{"taxonomy":"product_brand","embeddable":true,"href":"https:\/\/espak.ee\/epood\/wp-json\/wp\/v2\/product_brand?post=157416"},{"taxonomy":"product_cat","embeddable":true,"href":"https:\/\/espak.ee\/epood\/wp-json\/wp\/v2\/product_cat?post=157416"},{"taxonomy":"product_tag","embeddable":true,"href":"https:\/\/espak.ee\/epood\/wp-json\/wp\/v2\/product_tag?post=157416"}],"curies":[{"name":"wp","href":"https:\/\/api.w.org\/{rel}","templated":true}]}}