{"id":157068,"date":"2023-04-22T08:31:58","date_gmt":"2023-04-22T05:31:58","guid":{"rendered":"https:\/\/espak.ee\/epood\/?post_type=product&#038;p=157068"},"modified":"2026-01-27T08:52:16","modified_gmt":"2026-01-27T06:52:16","slug":"puhastusvahend-kivi-ja-kahhelporandatele-emsa-1l","status":"publish","type":"product","link":"https:\/\/espak.ee\/epood\/toode\/puhastusvahend-kivi-ja-kahhelporandatele-emsa-1l\/","title":{"rendered":"PUHASTUSVAHEND KIVI- JA KAHHELP\u00d5RANDATELE EMSA 1L"},"content":{"rendered":"<div class=\"row\"  id=\"row-294888211\">\n\n\t<div id=\"col-583509160\" class=\"col medium-9 small-12 large-9\"  >\n\t\t\t\t<div class=\"col-inner\"  >\n\t\t\t\n\t\t\t\n<h3>Emsal puhastusvahend kivi- ja kahhelp\u00f5randatele 1l<\/h3>\n<p>Puhastusvahend kivist ja kahhelplaatidega kaetud p\u00f5randate puhastamiseks ja hooldamiseks.<br \/>\nVahend sisaldab looduslikke impegneeriva toimega aineid, mis annavad p\u00f5randatele nn. BIOPROTECT kaitse.<br \/>\nSee tagab p\u00fcsiva kaitse mustuse ja veeplekkide vastu, v\u00e4rvide s\u00e4ilimise, naturaalse l\u00e4ike ning kerge igap\u00e4evase hoolduse.<br \/>\nV\u00f5ib kasutada nii sise- kui ka v\u00e4listingimustes.<br \/>\nSobib poorsetele kivip\u00f5randatele nagu n\u00e4iteks terracotta, marmor, terrazzo, graniit ja kiltkivi; glasuuritud, k\u00f5rgl\u00e4ikega ja portselanist kahhelp\u00f5randatele ja kiviplaatidega p\u00f5randatele.<br \/>\n\u00d5ues sobib vahend kasutamiseks r\u00f5dudel, terrassidel, treppidel ja aknalaudadel. Ideaalne toode ka hauakivide puhastamiseks.<\/p>\n<p><strong>Kasutamine:<\/strong> J\u00e4rgida p\u00f5randakattematerjalide valmistaja poolseid instruktsioone.<br \/>\nLahjendamata toode ei sobi k\u00f5ikidele glasuuritud ja k\u00f5rgl\u00e4ikega plaaditud p\u00f5randatele, portselanplaatidele, kiltkivile ja graniidile.<\/p>\n<p>1. Tavap\u00e4rane puhastamine ja hooldus. Lisada 2 korgit\u00e4it vahendit 5 l leigele veele. Pesta niiske lapi abil p\u00f5rand puhtaks.<\/p>\n<p>2. Esmakordne kasutamine ja hooldus. Kui p\u00f5rand ja vuugivahed on v\u00e4ga m\u00e4\u00e4rdunud v\u00f5i kui soovitakse maha v\u00f5tta vanad vahakihid, puhastada p\u00f5rand esmalt Emsal tugevatoimelise puhastusvahendi abil.<\/p>\n<p>Seej\u00e4rel t\u00f6\u00f6delda p\u00f5randat sektsioonide kaupa: valada vahendit lahjendamata kujul niiskele puuvillasele lapile ja kanda see \u00fchtlaselt p\u00f5randale.<\/p>\n<p>Lasta t\u00e4ielikult kuivada, v\u00e4ltida sellel ajal p\u00f5randal k\u00e4imist. P\u00e4rast kuivamist moodustub p\u00f5randale loomulik l\u00e4ige.<\/p>\n<p><strong>Koostisosad:<\/strong> <5% anioonseid pindaktiivseid aineid, l\u00f5hnaaineid, heks\u00fc\u00fcltsinnamaali, benisotiasolinooni, met\u00fc\u00fclisotiasolinooni. <\/p>\n<p><strong>Ettevaatust:<\/strong> Hoida lastele k\u00e4ttesaamatus kohas. V\u00e4ltida k\u00fclmumist.\n<\/p>\n\t\t<\/div>\n\t\t\t\t\t<\/div>\n\n\t\n\n\t<div id=\"col-768784559\" class=\"col medium-3 small-12 large-3\"  >\n\t\t\t\t<div class=\"col-inner\"  >\n\t\t\t\n\t\t\t\n<p><strong>\u00dcksikasjalikuma n\u00f5u saamiseks v\u00f5tke \u00fchendust:<br \/><\/strong>AbeStock AS<br \/>Mustjuure 9<br \/>10618<br \/>Tallinn<br \/>+372 650 5550<\/p>\n<div class=\"is-divider divider clearfix\" ><\/div>\n\t\t<\/div>\n\t\t\t\t\t<\/div>\n\n\t\n<\/div>\n","protected":false},"excerpt":{"rendered":"","protected":false},"featured_media":157947,"comment_status":"closed","ping_status":"closed","template":"","meta":[],"product_brand":[],"product_cat":[2788,4216,4217,4526],"product_tag":[],"class_list":{"0":"post-157068","1":"product","2":"type-product","3":"status-publish","4":"has-post-thumbnail","6":"product_cat-aiatarbed-ja-kodukaubad","7":"product_cat-kodukeemia","8":"product_cat-kodukeemia-kodukeemia","9":"product_cat-porandapesu-ja-vaha","10":"pa_kaubamark-abestock-as","12":"first","13":"instock","14":"sale","15":"taxable","16":"shipping-taxable","17":"purchasable","18":"product-type-simple"},"yoast_head":"<!-- This site is optimized with the Yoast SEO plugin v26.9 - https:\/\/yoast.com\/product\/yoast-seo-wordpress\/ -->\n<title>PUHASTUSVAHEND KIVI- JA KAHHELP\u00d5RANDATELE EMSA 1L - Espak E-pood<\/title>\n<meta name=\"robots\" content=\"index, follow, max-snippet:-1, max-image-preview:large, max-video-preview:-1\" \/>\n<link rel=\"canonical\" href=\"https:\/\/espak.ee\/epood\/toode\/puhastusvahend-kivi-ja-kahhelporandatele-emsa-1l\/\" \/>\n<meta property=\"og:locale\" content=\"et_EE\" \/>\n<meta property=\"og:type\" content=\"article\" \/>\n<meta property=\"og:title\" content=\"PUHASTUSVAHEND KIVI- JA KAHHELP\u00d5RANDATELE EMSA 1L - Espak E-pood\" \/>\n<meta property=\"og:url\" content=\"https:\/\/espak.ee\/epood\/toode\/puhastusvahend-kivi-ja-kahhelporandatele-emsa-1l\/\" \/>\n<meta property=\"og:site_name\" content=\"Espak E-pood\" \/>\n<meta property=\"article:modified_time\" content=\"2026-01-27T06:52:16+00:00\" \/>\n<meta property=\"og:image\" content=\"https:\/\/espak.ee\/epood\/wp-content\/uploads\/2023\/04\/emsal-puhvahkivi-ja-kahhelporandad-1l.jpg-e1683116443619.png\" \/>\n\t<meta property=\"og:image:width\" content=\"899\" \/>\n\t<meta property=\"og:image:height\" content=\"899\" \/>\n\t<meta property=\"og:image:type\" content=\"image\/png\" \/>\n<meta name=\"twitter:card\" content=\"summary_large_image\" \/>\n<meta name=\"twitter:label1\" content=\"Est. reading time\" \/>\n\t<meta name=\"twitter:data1\" content=\"1 minut\" \/>\n<script type=\"application\/ld+json\" class=\"yoast-schema-graph\">{\"@context\":\"https:\/\/schema.org\",\"@graph\":[{\"@type\":\"WebPage\",\"@id\":\"https:\/\/espak.ee\/epood\/toode\/puhastusvahend-kivi-ja-kahhelporandatele-emsa-1l\/\",\"url\":\"https:\/\/espak.ee\/epood\/toode\/puhastusvahend-kivi-ja-kahhelporandatele-emsa-1l\/\",\"name\":\"PUHASTUSVAHEND KIVI- JA KAHHELP\u00d5RANDATELE EMSA 1L - Espak E-pood\",\"isPartOf\":{\"@id\":\"https:\/\/espak.ee\/epood\/#website\"},\"primaryImageOfPage\":{\"@id\":\"https:\/\/espak.ee\/epood\/toode\/puhastusvahend-kivi-ja-kahhelporandatele-emsa-1l\/#primaryimage\"},\"image\":{\"@id\":\"https:\/\/espak.ee\/epood\/toode\/puhastusvahend-kivi-ja-kahhelporandatele-emsa-1l\/#primaryimage\"},\"thumbnailUrl\":\"https:\/\/espak.ee\/epood\/wp-content\/uploads\/2023\/04\/emsal-puhvahkivi-ja-kahhelporandad-1l.jpg-e1683116443619.png\",\"datePublished\":\"2023-04-22T05:31:58+00:00\",\"dateModified\":\"2026-01-27T06:52:16+00:00\",\"breadcrumb\":{\"@id\":\"https:\/\/espak.ee\/epood\/toode\/puhastusvahend-kivi-ja-kahhelporandatele-emsa-1l\/#breadcrumb\"},\"inLanguage\":\"et\",\"potentialAction\":[{\"@type\":\"ReadAction\",\"target\":[\"https:\/\/espak.ee\/epood\/toode\/puhastusvahend-kivi-ja-kahhelporandatele-emsa-1l\/\"]}]},{\"@type\":\"ImageObject\",\"inLanguage\":\"et\",\"@id\":\"https:\/\/espak.ee\/epood\/toode\/puhastusvahend-kivi-ja-kahhelporandatele-emsa-1l\/#primaryimage\",\"url\":\"https:\/\/espak.ee\/epood\/wp-content\/uploads\/2023\/04\/emsal-puhvahkivi-ja-kahhelporandad-1l.jpg-e1683116443619.png\",\"contentUrl\":\"https:\/\/espak.ee\/epood\/wp-content\/uploads\/2023\/04\/emsal-puhvahkivi-ja-kahhelporandad-1l.jpg-e1683116443619.png\",\"width\":899,\"height\":899},{\"@type\":\"BreadcrumbList\",\"@id\":\"https:\/\/espak.ee\/epood\/toode\/puhastusvahend-kivi-ja-kahhelporandatele-emsa-1l\/#breadcrumb\",\"itemListElement\":[{\"@type\":\"ListItem\",\"position\":1,\"name\":\"Home\",\"item\":\"https:\/\/espak.ee\/epood\/\"},{\"@type\":\"ListItem\",\"position\":2,\"name\":\"Tootevalik\",\"item\":\"https:\/\/espak.ee\/epood\/tootevalik\/\"},{\"@type\":\"ListItem\",\"position\":3,\"name\":\"PUHASTUSVAHEND KIVI- JA KAHHELP\u00d5RANDATELE EMSA 1L\"}]},{\"@type\":\"WebSite\",\"@id\":\"https:\/\/espak.ee\/epood\/#website\",\"url\":\"https:\/\/espak.ee\/epood\/\",\"name\":\"Espak E-pood\",\"description\":\"\",\"potentialAction\":[{\"@type\":\"SearchAction\",\"target\":{\"@type\":\"EntryPoint\",\"urlTemplate\":\"https:\/\/espak.ee\/epood\/?s={search_term_string}\"},\"query-input\":{\"@type\":\"PropertyValueSpecification\",\"valueRequired\":true,\"valueName\":\"search_term_string\"}}],\"inLanguage\":\"et\"}]}<\/script>\n<!-- \/ Yoast SEO plugin. -->","yoast_head_json":{"title":"PUHASTUSVAHEND KIVI- JA KAHHELP\u00d5RANDATELE EMSA 1L - Espak E-pood","robots":{"index":"index","follow":"follow","max-snippet":"max-snippet:-1","max-image-preview":"max-image-preview:large","max-video-preview":"max-video-preview:-1"},"canonical":"https:\/\/espak.ee\/epood\/toode\/puhastusvahend-kivi-ja-kahhelporandatele-emsa-1l\/","og_locale":"et_EE","og_type":"article","og_title":"PUHASTUSVAHEND KIVI- JA KAHHELP\u00d5RANDATELE EMSA 1L - Espak E-pood","og_url":"https:\/\/espak.ee\/epood\/toode\/puhastusvahend-kivi-ja-kahhelporandatele-emsa-1l\/","og_site_name":"Espak E-pood","article_modified_time":"2026-01-27T06:52:16+00:00","og_image":[{"width":899,"height":899,"url":"https:\/\/espak.ee\/epood\/wp-content\/uploads\/2023\/04\/emsal-puhvahkivi-ja-kahhelporandad-1l.jpg-e1683116443619.png","type":"image\/png"}],"twitter_card":"summary_large_image","twitter_misc":{"Est. reading time":"1 minut"},"schema":{"@context":"https:\/\/schema.org","@graph":[{"@type":"WebPage","@id":"https:\/\/espak.ee\/epood\/toode\/puhastusvahend-kivi-ja-kahhelporandatele-emsa-1l\/","url":"https:\/\/espak.ee\/epood\/toode\/puhastusvahend-kivi-ja-kahhelporandatele-emsa-1l\/","name":"PUHASTUSVAHEND KIVI- JA KAHHELP\u00d5RANDATELE EMSA 1L - Espak E-pood","isPartOf":{"@id":"https:\/\/espak.ee\/epood\/#website"},"primaryImageOfPage":{"@id":"https:\/\/espak.ee\/epood\/toode\/puhastusvahend-kivi-ja-kahhelporandatele-emsa-1l\/#primaryimage"},"image":{"@id":"https:\/\/espak.ee\/epood\/toode\/puhastusvahend-kivi-ja-kahhelporandatele-emsa-1l\/#primaryimage"},"thumbnailUrl":"https:\/\/espak.ee\/epood\/wp-content\/uploads\/2023\/04\/emsal-puhvahkivi-ja-kahhelporandad-1l.jpg-e1683116443619.png","datePublished":"2023-04-22T05:31:58+00:00","dateModified":"2026-01-27T06:52:16+00:00","breadcrumb":{"@id":"https:\/\/espak.ee\/epood\/toode\/puhastusvahend-kivi-ja-kahhelporandatele-emsa-1l\/#breadcrumb"},"inLanguage":"et","potentialAction":[{"@type":"ReadAction","target":["https:\/\/espak.ee\/epood\/toode\/puhastusvahend-kivi-ja-kahhelporandatele-emsa-1l\/"]}]},{"@type":"ImageObject","inLanguage":"et","@id":"https:\/\/espak.ee\/epood\/toode\/puhastusvahend-kivi-ja-kahhelporandatele-emsa-1l\/#primaryimage","url":"https:\/\/espak.ee\/epood\/wp-content\/uploads\/2023\/04\/emsal-puhvahkivi-ja-kahhelporandad-1l.jpg-e1683116443619.png","contentUrl":"https:\/\/espak.ee\/epood\/wp-content\/uploads\/2023\/04\/emsal-puhvahkivi-ja-kahhelporandad-1l.jpg-e1683116443619.png","width":899,"height":899},{"@type":"BreadcrumbList","@id":"https:\/\/espak.ee\/epood\/toode\/puhastusvahend-kivi-ja-kahhelporandatele-emsa-1l\/#breadcrumb","itemListElement":[{"@type":"ListItem","position":1,"name":"Home","item":"https:\/\/espak.ee\/epood\/"},{"@type":"ListItem","position":2,"name":"Tootevalik","item":"https:\/\/espak.ee\/epood\/tootevalik\/"},{"@type":"ListItem","position":3,"name":"PUHASTUSVAHEND KIVI- JA KAHHELP\u00d5RANDATELE EMSA 1L"}]},{"@type":"WebSite","@id":"https:\/\/espak.ee\/epood\/#website","url":"https:\/\/espak.ee\/epood\/","name":"Espak E-pood","description":"","potentialAction":[{"@type":"SearchAction","target":{"@type":"EntryPoint","urlTemplate":"https:\/\/espak.ee\/epood\/?s={search_term_string}"},"query-input":{"@type":"PropertyValueSpecification","valueRequired":true,"valueName":"search_term_string"}}],"inLanguage":"et"}]}},"_links":{"self":[{"href":"https:\/\/espak.ee\/epood\/wp-json\/wp\/v2\/product\/157068","targetHints":{"allow":["GET"]}}],"collection":[{"href":"https:\/\/espak.ee\/epood\/wp-json\/wp\/v2\/product"}],"about":[{"href":"https:\/\/espak.ee\/epood\/wp-json\/wp\/v2\/types\/product"}],"replies":[{"embeddable":true,"href":"https:\/\/espak.ee\/epood\/wp-json\/wp\/v2\/comments?post=157068"}],"wp:featuredmedia":[{"embeddable":true,"href":"https:\/\/espak.ee\/epood\/wp-json\/wp\/v2\/media\/157947"}],"wp:attachment":[{"href":"https:\/\/espak.ee\/epood\/wp-json\/wp\/v2\/media?parent=157068"}],"wp:term":[{"taxonomy":"product_brand","embeddable":true,"href":"https:\/\/espak.ee\/epood\/wp-json\/wp\/v2\/product_brand?post=157068"},{"taxonomy":"product_cat","embeddable":true,"href":"https:\/\/espak.ee\/epood\/wp-json\/wp\/v2\/product_cat?post=157068"},{"taxonomy":"product_tag","embeddable":true,"href":"https:\/\/espak.ee\/epood\/wp-json\/wp\/v2\/product_tag?post=157068"}],"curies":[{"name":"wp","href":"https:\/\/api.w.org\/{rel}","templated":true}]}}