{"id":157053,"date":"2023-04-22T01:49:19","date_gmt":"2023-04-21T22:49:19","guid":{"rendered":"https:\/\/espak.ee\/epood\/?post_type=product&#038;p=157053"},"modified":"2026-02-08T13:22:47","modified_gmt":"2026-02-08T11:22:47","slug":"torupuhastaja-yplon-1l","status":"publish","type":"product","link":"https:\/\/espak.ee\/epood\/toode\/torupuhastaja-yplon-1l\/","title":{"rendered":"TORUPUHASTAJA YPLON 1L"},"content":{"rendered":"<div class=\"row\"  id=\"row-498640222\">\n\n\t<div id=\"col-1446675472\" class=\"col medium-9 small-12 large-9\"  >\n\t\t\t\t<div class=\"col-inner\"  >\n\t\t\t\n\t\t\t\n<h3>Torupuhastaja Yplon 1L<\/h3>\n<p>Torupuhastusvahendiga saab puhastada h\u00f5lpsasti ummistusi.<\/p>\n<p><strong>Kasutamine:<\/strong> Valada 0,5 liitrit vahendit ummistunud torusse, ka siis kui sinna on kogunenud vesi. Lasta toimida v\u00e4hemalt poolt tundi v\u00f5i raskemate ummistuste korral terve \u00f6\u00f6. Lohutada rohke veega.<\/p>\n<p>Mitte kokku segada teiste vahenditega. Pudel avada ettevaatlikult ja seda mitte surudes. Sulgeda turvakork p\u00e4rast kasutamist. Mitte valada vahendit teise pudelisse, mitte kasutada t\u00fchjaks saanud pudelit, enne pudeli \u00e4ra viskamist loputa see puhtaks. Mitte kasutada vahendit alumiiniumil. Mitte kasutada kuuma vett.<\/p>\n<p>Enneta torude t\u00e4ielikku ummistumist.<\/p>\n<p>J\u00e4rgida valmistajatehase poolseid instruktsioone.<\/p>\n<p>Turvakorgi avamiseks suruda kergelt korgile ja keerata.<\/p>\n<p><strong>Ettevaatust:<\/strong>Sisaldab: naatriumh\u00fcdroksiid. V\u00f5ib s\u00f6\u00f6vitada metalli.<br \/>\nP\u00f5hjustab rasket nahas\u00f6\u00f6vitust ja silmakahjustust. Arsti poole p\u00f6\u00f6rdudes v\u00f5tta kaasa toote pakend v\u00f5i etikett.<br \/>\nHoida lastele k\u00e4ttesaamatus kohas.<br \/>\nEnne kasutamist tutvuda etiketil oleva infoga.<br \/>\nHoida \u00fcksnes originaalpakendis.<br \/>\nKanda kaitsekindaid\/ kaitser\u00f5ivastust\/ kaitseprille.<br \/>\nNAHALE (v\u00f5i juustele) SATTUMISE KORRAL v\u00f5tta viivitamatult k\u00f5ik saastunud r\u00f5ivad seljast. Loputada nahka veega\/ loputada du\u0161\u0161i all.<br \/>\nSILMA SATTUMISE KORRAL loputada mitme minuti jooksul ettevaatlikult veega. Eemaldada kontaktl\u00e4\u00e4tsed, kui neid kasutatakse ja kui neid on kerge eemaldada. Loputada veel kord. V\u00f5tta viivitamatult \u00fchendust M\u00dcRGISTUSTEABEKESKUSEGA\/ arstiga.<br \/>\nMahavoolanud toode absorbeerida, et see ei kahjustaks teisi materjale.<br \/>\nHoida lukustatult. <\/p>\n\t\t<\/div>\n\t\t\t\t\t<\/div>\n\n\t\n\n\t<div id=\"col-1453915900\" class=\"col medium-3 small-12 large-3\"  >\n\t\t\t\t<div class=\"col-inner\"  >\n\t\t\t\n\t\t\t\n<p><strong>\u00dcksikasjalikuma n\u00f5u saamiseks v\u00f5tke \u00fchendust:<br \/><\/strong>AbeStock AS<br \/>Mustjuure 9<br \/>10618<br \/>Tallinn<br \/>+372 650 5550<\/p>\n<div class=\"is-divider divider clearfix\" ><\/div>\n\t\t<\/div>\n\t\t\t\t\t<\/div>\n\n\t\n<\/div>\n","protected":false},"excerpt":{"rendered":"","protected":false},"featured_media":157926,"comment_status":"closed","ping_status":"closed","template":"","meta":[],"product_brand":[],"product_cat":[2788,4216,4217,4328],"product_tag":[],"class_list":{"0":"post-157053","1":"product","2":"type-product","3":"status-publish","4":"has-post-thumbnail","6":"product_cat-aiatarbed-ja-kodukaubad","7":"product_cat-kodukeemia","8":"product_cat-kodukeemia-kodukeemia","9":"product_cat-wc-ja-vannitoa-puhastusvahendid","10":"pa_kaubamark-abestock-as","12":"first","13":"instock","14":"sale","15":"taxable","16":"shipping-taxable","17":"purchasable","18":"product-type-simple"},"yoast_head":"<!-- This site is optimized with the Yoast SEO plugin v26.9 - https:\/\/yoast.com\/product\/yoast-seo-wordpress\/ -->\n<title>TORUPUHASTAJA YPLON 1L - Espak E-pood<\/title>\n<meta name=\"robots\" content=\"index, follow, max-snippet:-1, max-image-preview:large, max-video-preview:-1\" \/>\n<link rel=\"canonical\" href=\"https:\/\/espak.ee\/epood\/toode\/torupuhastaja-yplon-1l\/\" \/>\n<meta property=\"og:locale\" content=\"et_EE\" \/>\n<meta property=\"og:type\" content=\"article\" \/>\n<meta property=\"og:title\" content=\"TORUPUHASTAJA YPLON 1L - Espak E-pood\" \/>\n<meta property=\"og:url\" content=\"https:\/\/espak.ee\/epood\/toode\/torupuhastaja-yplon-1l\/\" \/>\n<meta property=\"og:site_name\" content=\"Espak E-pood\" \/>\n<meta property=\"article:modified_time\" content=\"2026-02-08T11:22:47+00:00\" \/>\n<meta property=\"og:image\" content=\"https:\/\/espak.ee\/epood\/wp-content\/uploads\/2023\/04\/torupuhastaja-yplon-1l-e1683113569673.jpg\" \/>\n\t<meta property=\"og:image:width\" content=\"799\" \/>\n\t<meta property=\"og:image:height\" content=\"799\" \/>\n\t<meta property=\"og:image:type\" content=\"image\/jpeg\" \/>\n<meta name=\"twitter:card\" content=\"summary_large_image\" \/>\n<meta name=\"twitter:label1\" content=\"Est. reading time\" \/>\n\t<meta name=\"twitter:data1\" content=\"1 minut\" \/>\n<script type=\"application\/ld+json\" class=\"yoast-schema-graph\">{\"@context\":\"https:\/\/schema.org\",\"@graph\":[{\"@type\":\"WebPage\",\"@id\":\"https:\/\/espak.ee\/epood\/toode\/torupuhastaja-yplon-1l\/\",\"url\":\"https:\/\/espak.ee\/epood\/toode\/torupuhastaja-yplon-1l\/\",\"name\":\"TORUPUHASTAJA YPLON 1L - Espak E-pood\",\"isPartOf\":{\"@id\":\"https:\/\/espak.ee\/epood\/#website\"},\"primaryImageOfPage\":{\"@id\":\"https:\/\/espak.ee\/epood\/toode\/torupuhastaja-yplon-1l\/#primaryimage\"},\"image\":{\"@id\":\"https:\/\/espak.ee\/epood\/toode\/torupuhastaja-yplon-1l\/#primaryimage\"},\"thumbnailUrl\":\"https:\/\/espak.ee\/epood\/wp-content\/uploads\/2023\/04\/torupuhastaja-yplon-1l-e1683113569673.jpg\",\"datePublished\":\"2023-04-21T22:49:19+00:00\",\"dateModified\":\"2026-02-08T11:22:47+00:00\",\"breadcrumb\":{\"@id\":\"https:\/\/espak.ee\/epood\/toode\/torupuhastaja-yplon-1l\/#breadcrumb\"},\"inLanguage\":\"et\",\"potentialAction\":[{\"@type\":\"ReadAction\",\"target\":[\"https:\/\/espak.ee\/epood\/toode\/torupuhastaja-yplon-1l\/\"]}]},{\"@type\":\"ImageObject\",\"inLanguage\":\"et\",\"@id\":\"https:\/\/espak.ee\/epood\/toode\/torupuhastaja-yplon-1l\/#primaryimage\",\"url\":\"https:\/\/espak.ee\/epood\/wp-content\/uploads\/2023\/04\/torupuhastaja-yplon-1l-e1683113569673.jpg\",\"contentUrl\":\"https:\/\/espak.ee\/epood\/wp-content\/uploads\/2023\/04\/torupuhastaja-yplon-1l-e1683113569673.jpg\",\"width\":799,\"height\":799},{\"@type\":\"BreadcrumbList\",\"@id\":\"https:\/\/espak.ee\/epood\/toode\/torupuhastaja-yplon-1l\/#breadcrumb\",\"itemListElement\":[{\"@type\":\"ListItem\",\"position\":1,\"name\":\"Home\",\"item\":\"https:\/\/espak.ee\/epood\/\"},{\"@type\":\"ListItem\",\"position\":2,\"name\":\"Tootevalik\",\"item\":\"https:\/\/espak.ee\/epood\/tootevalik\/\"},{\"@type\":\"ListItem\",\"position\":3,\"name\":\"TORUPUHASTAJA YPLON 1L\"}]},{\"@type\":\"WebSite\",\"@id\":\"https:\/\/espak.ee\/epood\/#website\",\"url\":\"https:\/\/espak.ee\/epood\/\",\"name\":\"Espak E-pood\",\"description\":\"\",\"potentialAction\":[{\"@type\":\"SearchAction\",\"target\":{\"@type\":\"EntryPoint\",\"urlTemplate\":\"https:\/\/espak.ee\/epood\/?s={search_term_string}\"},\"query-input\":{\"@type\":\"PropertyValueSpecification\",\"valueRequired\":true,\"valueName\":\"search_term_string\"}}],\"inLanguage\":\"et\"}]}<\/script>\n<!-- \/ Yoast SEO plugin. -->","yoast_head_json":{"title":"TORUPUHASTAJA YPLON 1L - Espak E-pood","robots":{"index":"index","follow":"follow","max-snippet":"max-snippet:-1","max-image-preview":"max-image-preview:large","max-video-preview":"max-video-preview:-1"},"canonical":"https:\/\/espak.ee\/epood\/toode\/torupuhastaja-yplon-1l\/","og_locale":"et_EE","og_type":"article","og_title":"TORUPUHASTAJA YPLON 1L - Espak E-pood","og_url":"https:\/\/espak.ee\/epood\/toode\/torupuhastaja-yplon-1l\/","og_site_name":"Espak E-pood","article_modified_time":"2026-02-08T11:22:47+00:00","og_image":[{"width":799,"height":799,"url":"https:\/\/espak.ee\/epood\/wp-content\/uploads\/2023\/04\/torupuhastaja-yplon-1l-e1683113569673.jpg","type":"image\/jpeg"}],"twitter_card":"summary_large_image","twitter_misc":{"Est. reading time":"1 minut"},"schema":{"@context":"https:\/\/schema.org","@graph":[{"@type":"WebPage","@id":"https:\/\/espak.ee\/epood\/toode\/torupuhastaja-yplon-1l\/","url":"https:\/\/espak.ee\/epood\/toode\/torupuhastaja-yplon-1l\/","name":"TORUPUHASTAJA YPLON 1L - Espak E-pood","isPartOf":{"@id":"https:\/\/espak.ee\/epood\/#website"},"primaryImageOfPage":{"@id":"https:\/\/espak.ee\/epood\/toode\/torupuhastaja-yplon-1l\/#primaryimage"},"image":{"@id":"https:\/\/espak.ee\/epood\/toode\/torupuhastaja-yplon-1l\/#primaryimage"},"thumbnailUrl":"https:\/\/espak.ee\/epood\/wp-content\/uploads\/2023\/04\/torupuhastaja-yplon-1l-e1683113569673.jpg","datePublished":"2023-04-21T22:49:19+00:00","dateModified":"2026-02-08T11:22:47+00:00","breadcrumb":{"@id":"https:\/\/espak.ee\/epood\/toode\/torupuhastaja-yplon-1l\/#breadcrumb"},"inLanguage":"et","potentialAction":[{"@type":"ReadAction","target":["https:\/\/espak.ee\/epood\/toode\/torupuhastaja-yplon-1l\/"]}]},{"@type":"ImageObject","inLanguage":"et","@id":"https:\/\/espak.ee\/epood\/toode\/torupuhastaja-yplon-1l\/#primaryimage","url":"https:\/\/espak.ee\/epood\/wp-content\/uploads\/2023\/04\/torupuhastaja-yplon-1l-e1683113569673.jpg","contentUrl":"https:\/\/espak.ee\/epood\/wp-content\/uploads\/2023\/04\/torupuhastaja-yplon-1l-e1683113569673.jpg","width":799,"height":799},{"@type":"BreadcrumbList","@id":"https:\/\/espak.ee\/epood\/toode\/torupuhastaja-yplon-1l\/#breadcrumb","itemListElement":[{"@type":"ListItem","position":1,"name":"Home","item":"https:\/\/espak.ee\/epood\/"},{"@type":"ListItem","position":2,"name":"Tootevalik","item":"https:\/\/espak.ee\/epood\/tootevalik\/"},{"@type":"ListItem","position":3,"name":"TORUPUHASTAJA YPLON 1L"}]},{"@type":"WebSite","@id":"https:\/\/espak.ee\/epood\/#website","url":"https:\/\/espak.ee\/epood\/","name":"Espak E-pood","description":"","potentialAction":[{"@type":"SearchAction","target":{"@type":"EntryPoint","urlTemplate":"https:\/\/espak.ee\/epood\/?s={search_term_string}"},"query-input":{"@type":"PropertyValueSpecification","valueRequired":true,"valueName":"search_term_string"}}],"inLanguage":"et"}]}},"_links":{"self":[{"href":"https:\/\/espak.ee\/epood\/wp-json\/wp\/v2\/product\/157053","targetHints":{"allow":["GET"]}}],"collection":[{"href":"https:\/\/espak.ee\/epood\/wp-json\/wp\/v2\/product"}],"about":[{"href":"https:\/\/espak.ee\/epood\/wp-json\/wp\/v2\/types\/product"}],"replies":[{"embeddable":true,"href":"https:\/\/espak.ee\/epood\/wp-json\/wp\/v2\/comments?post=157053"}],"wp:featuredmedia":[{"embeddable":true,"href":"https:\/\/espak.ee\/epood\/wp-json\/wp\/v2\/media\/157926"}],"wp:attachment":[{"href":"https:\/\/espak.ee\/epood\/wp-json\/wp\/v2\/media?parent=157053"}],"wp:term":[{"taxonomy":"product_brand","embeddable":true,"href":"https:\/\/espak.ee\/epood\/wp-json\/wp\/v2\/product_brand?post=157053"},{"taxonomy":"product_cat","embeddable":true,"href":"https:\/\/espak.ee\/epood\/wp-json\/wp\/v2\/product_cat?post=157053"},{"taxonomy":"product_tag","embeddable":true,"href":"https:\/\/espak.ee\/epood\/wp-json\/wp\/v2\/product_tag?post=157053"}],"curies":[{"name":"wp","href":"https:\/\/api.w.org\/{rel}","templated":true}]}}