{"id":157037,"date":"2023-04-22T01:33:02","date_gmt":"2023-04-21T22:33:02","guid":{"rendered":"https:\/\/espak.ee\/epood\/?post_type=product&#038;p=157037"},"modified":"2025-07-07T20:28:16","modified_gmt":"2025-07-07T17:28:16","slug":"keraamilise-pliidi-puhastusvahend-eres-0225l","status":"publish","type":"product","link":"https:\/\/espak.ee\/epood\/toode\/keraamilise-pliidi-puhastusvahend-eres-0225l\/","title":{"rendered":"KERAAMILISE PLIIDI PUHASTUSVAHEND ERES 0,225L"},"content":{"rendered":"<div class=\"row\"  id=\"row-1727327282\">\n\n\t<div id=\"col-928156870\" class=\"col medium-9 small-12 large-9\"  >\n\t\t\t\t<div class=\"col-inner\"  >\n\t\t\t\n\t\t\t\n<h3>Keraamilise pliidi puhastusvahend Eres 225ml<\/h3>\n<p>Keraamiliste- ja induktsioonpliitide puhastamiseks. Eemaldab tugevalt kinnitunud ja k\u00f5rbenud toiduj\u00e4\u00e4gid, mustuse ning rasva j\u00e4ttes pinnad s\u00e4ravalt l\u00e4ikivaks.<br \/>\nPuhastamise j\u00e4rel moodustub pinnale l\u00e4bipaistev kaitsekile, mis takistab toidu kinnik\u00f5rbemist ja t\u00f5rjub tolmu.<\/p>\n<p>Kasutamine: Raputada pudelit. Eemaldada puhastatavalt pinnalt suurem mustus. Piserdada vahend pliidile, h\u00f5\u00f5ruda niiske lapi v\u00f5i \u0161vammiga, seej\u00e4rel p\u00fchkida puhtaks kuiva lapiga.<\/p>\n<p>Koostis: <5% anioonsed pindaktiivsed ained, 5-15% alifaatsed h\u00fcdrokarboonid, limoneen, apelsiinikoore \u00f5li, linalool, bensisotiasolinoon.\n\nPudel ja kork on 100% taaskasutatavast materjalist, vahendi koostises olevad pindaktiivsed ained on taimsest toorainest ja biolagunevad.\n\n<strong>Ettevaatust:<\/strong> S\u00f6\u00f6biv. Hoida lastele k\u00e4ttesaamatus kohas. P\u00f5hjustab raskeid silmakahjustusi. SILMA SATTUMISE KORRAL: loputada mitme minuti jooksul ettevaatlikult veega. Eemaldada kontaktl\u00e4\u00e4tsed, kui neid kasutatakse ja kui neid on kerge eemaldada. Loputada veel kord. Halva enesetunde korral v\u00f5tta \u00fchendust M\u00dcRGISTUSTEABEKESKUSE v\u00f5i arstiga.  <\/p>\n\t\t<\/div>\n\t\t\t\t\t<\/div>\n\n\t\n\n\t<div id=\"col-815271616\" class=\"col medium-3 small-12 large-3\"  >\n\t\t\t\t<div class=\"col-inner\"  >\n\t\t\t\n\t\t\t\n<p><strong>\u00dcksikasjalikuma n\u00f5u saamiseks v\u00f5tke \u00fchendust:<br \/><\/strong>AbeStock AS<br \/>Mustjuure 9<br \/>10618<br \/>Tallinn<br \/>+372 650 5550<\/p>\n<div class=\"is-divider divider clearfix\" ><\/div>\n\t\t<\/div>\n\t\t\t\t\t<\/div>\n\n\t\n<\/div>\n","protected":false},"excerpt":{"rendered":"","protected":false},"featured_media":157901,"comment_status":"closed","ping_status":"closed","template":"","meta":[],"product_brand":[],"product_cat":[4527,2788,4216,4217],"product_tag":[],"class_list":{"0":"post-157037","1":"product","2":"type-product","3":"status-publish","4":"has-post-thumbnail","6":"product_cat-ahjude-kaminate-ja-pliitide-puhastus","7":"product_cat-aiatarbed-ja-kodukaubad","8":"product_cat-kodukeemia","9":"product_cat-kodukeemia-kodukeemia","10":"pa_kaubamark-abestock-as","12":"first","13":"instock","14":"sale","15":"taxable","16":"shipping-taxable","17":"purchasable","18":"product-type-simple"},"yoast_head":"<!-- This site is optimized with the Yoast SEO plugin v26.9 - https:\/\/yoast.com\/product\/yoast-seo-wordpress\/ -->\n<title>KERAAMILISE PLIIDI PUHASTUSVAHEND ERES 0,225L - Espak E-pood<\/title>\n<meta name=\"robots\" content=\"index, follow, max-snippet:-1, max-image-preview:large, max-video-preview:-1\" \/>\n<link rel=\"canonical\" href=\"https:\/\/espak.ee\/epood\/toode\/keraamilise-pliidi-puhastusvahend-eres-0225l\/\" \/>\n<meta property=\"og:locale\" content=\"et_EE\" \/>\n<meta property=\"og:type\" content=\"article\" \/>\n<meta property=\"og:title\" content=\"KERAAMILISE PLIIDI PUHASTUSVAHEND ERES 0,225L - Espak E-pood\" \/>\n<meta property=\"og:url\" content=\"https:\/\/espak.ee\/epood\/toode\/keraamilise-pliidi-puhastusvahend-eres-0225l\/\" \/>\n<meta property=\"og:site_name\" content=\"Espak E-pood\" \/>\n<meta property=\"article:modified_time\" content=\"2025-07-07T17:28:16+00:00\" \/>\n<meta property=\"og:image\" content=\"https:\/\/espak.ee\/epood\/wp-content\/uploads\/2023\/04\/keraamilise-pliidi-puhastusvahend-eres-225-ml.jpg.jpg\" \/>\n\t<meta property=\"og:image:width\" content=\"800\" \/>\n\t<meta property=\"og:image:height\" content=\"800\" \/>\n\t<meta property=\"og:image:type\" content=\"image\/jpeg\" \/>\n<meta name=\"twitter:card\" content=\"summary_large_image\" \/>\n<script type=\"application\/ld+json\" class=\"yoast-schema-graph\">{\"@context\":\"https:\/\/schema.org\",\"@graph\":[{\"@type\":\"WebPage\",\"@id\":\"https:\/\/espak.ee\/epood\/toode\/keraamilise-pliidi-puhastusvahend-eres-0225l\/\",\"url\":\"https:\/\/espak.ee\/epood\/toode\/keraamilise-pliidi-puhastusvahend-eres-0225l\/\",\"name\":\"KERAAMILISE PLIIDI PUHASTUSVAHEND ERES 0,225L - Espak E-pood\",\"isPartOf\":{\"@id\":\"https:\/\/espak.ee\/epood\/#website\"},\"primaryImageOfPage\":{\"@id\":\"https:\/\/espak.ee\/epood\/toode\/keraamilise-pliidi-puhastusvahend-eres-0225l\/#primaryimage\"},\"image\":{\"@id\":\"https:\/\/espak.ee\/epood\/toode\/keraamilise-pliidi-puhastusvahend-eres-0225l\/#primaryimage\"},\"thumbnailUrl\":\"https:\/\/espak.ee\/epood\/wp-content\/uploads\/2023\/04\/keraamilise-pliidi-puhastusvahend-eres-225-ml.jpg.jpg\",\"datePublished\":\"2023-04-21T22:33:02+00:00\",\"dateModified\":\"2025-07-07T17:28:16+00:00\",\"breadcrumb\":{\"@id\":\"https:\/\/espak.ee\/epood\/toode\/keraamilise-pliidi-puhastusvahend-eres-0225l\/#breadcrumb\"},\"inLanguage\":\"et\",\"potentialAction\":[{\"@type\":\"ReadAction\",\"target\":[\"https:\/\/espak.ee\/epood\/toode\/keraamilise-pliidi-puhastusvahend-eres-0225l\/\"]}]},{\"@type\":\"ImageObject\",\"inLanguage\":\"et\",\"@id\":\"https:\/\/espak.ee\/epood\/toode\/keraamilise-pliidi-puhastusvahend-eres-0225l\/#primaryimage\",\"url\":\"https:\/\/espak.ee\/epood\/wp-content\/uploads\/2023\/04\/keraamilise-pliidi-puhastusvahend-eres-225-ml.jpg.jpg\",\"contentUrl\":\"https:\/\/espak.ee\/epood\/wp-content\/uploads\/2023\/04\/keraamilise-pliidi-puhastusvahend-eres-225-ml.jpg.jpg\",\"width\":800,\"height\":800},{\"@type\":\"BreadcrumbList\",\"@id\":\"https:\/\/espak.ee\/epood\/toode\/keraamilise-pliidi-puhastusvahend-eres-0225l\/#breadcrumb\",\"itemListElement\":[{\"@type\":\"ListItem\",\"position\":1,\"name\":\"Home\",\"item\":\"https:\/\/espak.ee\/epood\/\"},{\"@type\":\"ListItem\",\"position\":2,\"name\":\"Tootevalik\",\"item\":\"https:\/\/espak.ee\/epood\/tootevalik\/\"},{\"@type\":\"ListItem\",\"position\":3,\"name\":\"KERAAMILISE PLIIDI PUHASTUSVAHEND ERES 0,225L\"}]},{\"@type\":\"WebSite\",\"@id\":\"https:\/\/espak.ee\/epood\/#website\",\"url\":\"https:\/\/espak.ee\/epood\/\",\"name\":\"Espak E-pood\",\"description\":\"\",\"potentialAction\":[{\"@type\":\"SearchAction\",\"target\":{\"@type\":\"EntryPoint\",\"urlTemplate\":\"https:\/\/espak.ee\/epood\/?s={search_term_string}\"},\"query-input\":{\"@type\":\"PropertyValueSpecification\",\"valueRequired\":true,\"valueName\":\"search_term_string\"}}],\"inLanguage\":\"et\"}]}<\/script>\n<!-- \/ Yoast SEO plugin. -->","yoast_head_json":{"title":"KERAAMILISE PLIIDI PUHASTUSVAHEND ERES 0,225L - Espak E-pood","robots":{"index":"index","follow":"follow","max-snippet":"max-snippet:-1","max-image-preview":"max-image-preview:large","max-video-preview":"max-video-preview:-1"},"canonical":"https:\/\/espak.ee\/epood\/toode\/keraamilise-pliidi-puhastusvahend-eres-0225l\/","og_locale":"et_EE","og_type":"article","og_title":"KERAAMILISE PLIIDI PUHASTUSVAHEND ERES 0,225L - Espak E-pood","og_url":"https:\/\/espak.ee\/epood\/toode\/keraamilise-pliidi-puhastusvahend-eres-0225l\/","og_site_name":"Espak E-pood","article_modified_time":"2025-07-07T17:28:16+00:00","og_image":[{"width":800,"height":800,"url":"https:\/\/espak.ee\/epood\/wp-content\/uploads\/2023\/04\/keraamilise-pliidi-puhastusvahend-eres-225-ml.jpg.jpg","type":"image\/jpeg"}],"twitter_card":"summary_large_image","schema":{"@context":"https:\/\/schema.org","@graph":[{"@type":"WebPage","@id":"https:\/\/espak.ee\/epood\/toode\/keraamilise-pliidi-puhastusvahend-eres-0225l\/","url":"https:\/\/espak.ee\/epood\/toode\/keraamilise-pliidi-puhastusvahend-eres-0225l\/","name":"KERAAMILISE PLIIDI PUHASTUSVAHEND ERES 0,225L - Espak E-pood","isPartOf":{"@id":"https:\/\/espak.ee\/epood\/#website"},"primaryImageOfPage":{"@id":"https:\/\/espak.ee\/epood\/toode\/keraamilise-pliidi-puhastusvahend-eres-0225l\/#primaryimage"},"image":{"@id":"https:\/\/espak.ee\/epood\/toode\/keraamilise-pliidi-puhastusvahend-eres-0225l\/#primaryimage"},"thumbnailUrl":"https:\/\/espak.ee\/epood\/wp-content\/uploads\/2023\/04\/keraamilise-pliidi-puhastusvahend-eres-225-ml.jpg.jpg","datePublished":"2023-04-21T22:33:02+00:00","dateModified":"2025-07-07T17:28:16+00:00","breadcrumb":{"@id":"https:\/\/espak.ee\/epood\/toode\/keraamilise-pliidi-puhastusvahend-eres-0225l\/#breadcrumb"},"inLanguage":"et","potentialAction":[{"@type":"ReadAction","target":["https:\/\/espak.ee\/epood\/toode\/keraamilise-pliidi-puhastusvahend-eres-0225l\/"]}]},{"@type":"ImageObject","inLanguage":"et","@id":"https:\/\/espak.ee\/epood\/toode\/keraamilise-pliidi-puhastusvahend-eres-0225l\/#primaryimage","url":"https:\/\/espak.ee\/epood\/wp-content\/uploads\/2023\/04\/keraamilise-pliidi-puhastusvahend-eres-225-ml.jpg.jpg","contentUrl":"https:\/\/espak.ee\/epood\/wp-content\/uploads\/2023\/04\/keraamilise-pliidi-puhastusvahend-eres-225-ml.jpg.jpg","width":800,"height":800},{"@type":"BreadcrumbList","@id":"https:\/\/espak.ee\/epood\/toode\/keraamilise-pliidi-puhastusvahend-eres-0225l\/#breadcrumb","itemListElement":[{"@type":"ListItem","position":1,"name":"Home","item":"https:\/\/espak.ee\/epood\/"},{"@type":"ListItem","position":2,"name":"Tootevalik","item":"https:\/\/espak.ee\/epood\/tootevalik\/"},{"@type":"ListItem","position":3,"name":"KERAAMILISE PLIIDI PUHASTUSVAHEND ERES 0,225L"}]},{"@type":"WebSite","@id":"https:\/\/espak.ee\/epood\/#website","url":"https:\/\/espak.ee\/epood\/","name":"Espak E-pood","description":"","potentialAction":[{"@type":"SearchAction","target":{"@type":"EntryPoint","urlTemplate":"https:\/\/espak.ee\/epood\/?s={search_term_string}"},"query-input":{"@type":"PropertyValueSpecification","valueRequired":true,"valueName":"search_term_string"}}],"inLanguage":"et"}]}},"_links":{"self":[{"href":"https:\/\/espak.ee\/epood\/wp-json\/wp\/v2\/product\/157037","targetHints":{"allow":["GET"]}}],"collection":[{"href":"https:\/\/espak.ee\/epood\/wp-json\/wp\/v2\/product"}],"about":[{"href":"https:\/\/espak.ee\/epood\/wp-json\/wp\/v2\/types\/product"}],"replies":[{"embeddable":true,"href":"https:\/\/espak.ee\/epood\/wp-json\/wp\/v2\/comments?post=157037"}],"wp:featuredmedia":[{"embeddable":true,"href":"https:\/\/espak.ee\/epood\/wp-json\/wp\/v2\/media\/157901"}],"wp:attachment":[{"href":"https:\/\/espak.ee\/epood\/wp-json\/wp\/v2\/media?parent=157037"}],"wp:term":[{"taxonomy":"product_brand","embeddable":true,"href":"https:\/\/espak.ee\/epood\/wp-json\/wp\/v2\/product_brand?post=157037"},{"taxonomy":"product_cat","embeddable":true,"href":"https:\/\/espak.ee\/epood\/wp-json\/wp\/v2\/product_cat?post=157037"},{"taxonomy":"product_tag","embeddable":true,"href":"https:\/\/espak.ee\/epood\/wp-json\/wp\/v2\/product_tag?post=157037"}],"curies":[{"name":"wp","href":"https:\/\/api.w.org\/{rel}","templated":true}]}}