{"id":157036,"date":"2023-04-22T01:33:02","date_gmt":"2023-04-21T22:33:02","guid":{"rendered":"https:\/\/espak.ee\/epood\/?post_type=product&#038;p=157036"},"modified":"2025-08-14T09:49:17","modified_gmt":"2025-08-14T06:49:17","slug":"kaminaklaaside-puhastusvahend-starwax-500ml","status":"publish","type":"product","link":"https:\/\/espak.ee\/epood\/toode\/kaminaklaaside-puhastusvahend-starwax-500ml\/","title":{"rendered":"KAMINAKLAASIDE PUHASTUSVAHEND STARWAX 500ML"},"content":{"rendered":"<div class=\"row\"  id=\"row-304920916\">\n\n\t<div id=\"col-1381030150\" class=\"col medium-9 small-12 large-9\"  >\n\t\t\t\t<div class=\"col-inner\"  >\n\t\t\t\n\t\t\t\n<h3>Kaminaklaaside puhastusvahend Starwax 500ml<\/h3>\n<p>Klaaskeraamika, kamina- ja ahjuklaaside puhastamiseks.<\/p>\n<p>Eemaldab suitsu- ja n\u00f5eplekid. V\u00e4ldib toidurasva plekkide tekkimist. Kasutada k\u00fclmadel pindadel. Aktiivne puhastusvaht.<br \/>\nEi sisalda naatriumh\u00fcdroksiidi. Ei riku isolatsiooni.<br \/>\nVastab seadusandlusele, mis on kehtestatud toiduainetega kokku puutuda lubatud pindade puhastusvahendite kohta.<\/p>\n<p><strong>Kasutamine:<\/strong> Esmalt vajutada pihusti all olev punast v\u00e4rvi kaitseriiv alla, seej\u00e4rel vajutada tugevalt pihusti k\u00e4epidemele, mille tulemusena eemaldub pihusti ees olev kaitseklapp.<br \/>\nSeej\u00e4rel pihustada ca 20 cm kauguselt k\u00fclmale puhastatavale pinnale ja lasta sel toimida m\u00f5ned minutid.<br \/>\nPuhastada k\u00e4snaga. Loputada pind sooja veega \u00fcle ja lasta kuivada. <\/p>\n<p><strong>Koostis:<\/strong> <5% anioonseid pindaktiivseid aineid, parf\u00fc\u00fcme, allergeenseid l\u00f5hnaaineid tsitraal, limoneen.\n\n<strong>Ettevaatust:<\/strong> Sisaldab kaaliumh\u00fcdroksiidi  <\/p>\n\t\t<\/div>\n\t\t\t\t\t<\/div>\n\n\t\n\n\t<div id=\"col-2061241618\" class=\"col medium-3 small-12 large-3\"  >\n\t\t\t\t<div class=\"col-inner\"  >\n\t\t\t\n\t\t\t\n<p><strong>\u00dcksikasjalikuma n\u00f5u saamiseks v\u00f5tke \u00fchendust:<br \/><\/strong>AbeStock AS<br \/>Mustjuure 9<br \/>10618<br \/>Tallinn<br \/>+372 650 5550<\/p>\n<div class=\"is-divider divider clearfix\" ><\/div>\n\t\t<\/div>\n\t\t\t\t\t<\/div>\n\n\t\n<\/div>\n","protected":false},"excerpt":{"rendered":"","protected":false},"featured_media":157903,"comment_status":"closed","ping_status":"closed","template":"","meta":[],"product_brand":[],"product_cat":[4527,2788,4216,4217],"product_tag":[],"class_list":{"0":"post-157036","1":"product","2":"type-product","3":"status-publish","4":"has-post-thumbnail","6":"product_cat-ahjude-kaminate-ja-pliitide-puhastus","7":"product_cat-aiatarbed-ja-kodukaubad","8":"product_cat-kodukeemia","9":"product_cat-kodukeemia-kodukeemia","10":"pa_kaubamark-abestock-as","12":"first","13":"outofstock","14":"sale","15":"taxable","16":"shipping-taxable","17":"purchasable","18":"product-type-simple"},"yoast_head":"<!-- This site is optimized with the Yoast SEO plugin v26.9 - https:\/\/yoast.com\/product\/yoast-seo-wordpress\/ -->\n<title>KAMINAKLAASIDE PUHASTUSVAHEND STARWAX 500ML - Espak E-pood<\/title>\n<meta name=\"robots\" content=\"index, follow, max-snippet:-1, max-image-preview:large, max-video-preview:-1\" \/>\n<link rel=\"canonical\" href=\"https:\/\/espak.ee\/epood\/toode\/kaminaklaaside-puhastusvahend-starwax-500ml\/\" \/>\n<meta property=\"og:locale\" content=\"et_EE\" \/>\n<meta property=\"og:type\" content=\"article\" \/>\n<meta property=\"og:title\" content=\"KAMINAKLAASIDE PUHASTUSVAHEND STARWAX 500ML - Espak E-pood\" \/>\n<meta property=\"og:url\" content=\"https:\/\/espak.ee\/epood\/toode\/kaminaklaaside-puhastusvahend-starwax-500ml\/\" \/>\n<meta property=\"og:site_name\" content=\"Espak E-pood\" \/>\n<meta property=\"article:modified_time\" content=\"2025-08-14T06:49:17+00:00\" \/>\n<meta property=\"og:image\" content=\"https:\/\/espak.ee\/epood\/wp-content\/uploads\/2023\/04\/starwax-kaminaklaaside-puhastusvahend-500ml-e1683111275756.jpg\" \/>\n\t<meta property=\"og:image:width\" content=\"799\" \/>\n\t<meta property=\"og:image:height\" content=\"799\" \/>\n\t<meta property=\"og:image:type\" content=\"image\/jpeg\" \/>\n<meta name=\"twitter:card\" content=\"summary_large_image\" \/>\n<meta name=\"twitter:label1\" content=\"Est. reading time\" \/>\n\t<meta name=\"twitter:data1\" content=\"1 minut\" \/>\n<script type=\"application\/ld+json\" class=\"yoast-schema-graph\">{\"@context\":\"https:\/\/schema.org\",\"@graph\":[{\"@type\":\"WebPage\",\"@id\":\"https:\/\/espak.ee\/epood\/toode\/kaminaklaaside-puhastusvahend-starwax-500ml\/\",\"url\":\"https:\/\/espak.ee\/epood\/toode\/kaminaklaaside-puhastusvahend-starwax-500ml\/\",\"name\":\"KAMINAKLAASIDE PUHASTUSVAHEND STARWAX 500ML - Espak E-pood\",\"isPartOf\":{\"@id\":\"https:\/\/espak.ee\/epood\/#website\"},\"primaryImageOfPage\":{\"@id\":\"https:\/\/espak.ee\/epood\/toode\/kaminaklaaside-puhastusvahend-starwax-500ml\/#primaryimage\"},\"image\":{\"@id\":\"https:\/\/espak.ee\/epood\/toode\/kaminaklaaside-puhastusvahend-starwax-500ml\/#primaryimage\"},\"thumbnailUrl\":\"https:\/\/espak.ee\/epood\/wp-content\/uploads\/2023\/04\/starwax-kaminaklaaside-puhastusvahend-500ml-e1683111275756.jpg\",\"datePublished\":\"2023-04-21T22:33:02+00:00\",\"dateModified\":\"2025-08-14T06:49:17+00:00\",\"breadcrumb\":{\"@id\":\"https:\/\/espak.ee\/epood\/toode\/kaminaklaaside-puhastusvahend-starwax-500ml\/#breadcrumb\"},\"inLanguage\":\"et\",\"potentialAction\":[{\"@type\":\"ReadAction\",\"target\":[\"https:\/\/espak.ee\/epood\/toode\/kaminaklaaside-puhastusvahend-starwax-500ml\/\"]}]},{\"@type\":\"ImageObject\",\"inLanguage\":\"et\",\"@id\":\"https:\/\/espak.ee\/epood\/toode\/kaminaklaaside-puhastusvahend-starwax-500ml\/#primaryimage\",\"url\":\"https:\/\/espak.ee\/epood\/wp-content\/uploads\/2023\/04\/starwax-kaminaklaaside-puhastusvahend-500ml-e1683111275756.jpg\",\"contentUrl\":\"https:\/\/espak.ee\/epood\/wp-content\/uploads\/2023\/04\/starwax-kaminaklaaside-puhastusvahend-500ml-e1683111275756.jpg\",\"width\":799,\"height\":799},{\"@type\":\"BreadcrumbList\",\"@id\":\"https:\/\/espak.ee\/epood\/toode\/kaminaklaaside-puhastusvahend-starwax-500ml\/#breadcrumb\",\"itemListElement\":[{\"@type\":\"ListItem\",\"position\":1,\"name\":\"Home\",\"item\":\"https:\/\/espak.ee\/epood\/\"},{\"@type\":\"ListItem\",\"position\":2,\"name\":\"Tootevalik\",\"item\":\"https:\/\/espak.ee\/epood\/tootevalik\/\"},{\"@type\":\"ListItem\",\"position\":3,\"name\":\"KAMINAKLAASIDE PUHASTUSVAHEND STARWAX 500ML\"}]},{\"@type\":\"WebSite\",\"@id\":\"https:\/\/espak.ee\/epood\/#website\",\"url\":\"https:\/\/espak.ee\/epood\/\",\"name\":\"Espak E-pood\",\"description\":\"\",\"potentialAction\":[{\"@type\":\"SearchAction\",\"target\":{\"@type\":\"EntryPoint\",\"urlTemplate\":\"https:\/\/espak.ee\/epood\/?s={search_term_string}\"},\"query-input\":{\"@type\":\"PropertyValueSpecification\",\"valueRequired\":true,\"valueName\":\"search_term_string\"}}],\"inLanguage\":\"et\"}]}<\/script>\n<!-- \/ Yoast SEO plugin. -->","yoast_head_json":{"title":"KAMINAKLAASIDE PUHASTUSVAHEND STARWAX 500ML - Espak E-pood","robots":{"index":"index","follow":"follow","max-snippet":"max-snippet:-1","max-image-preview":"max-image-preview:large","max-video-preview":"max-video-preview:-1"},"canonical":"https:\/\/espak.ee\/epood\/toode\/kaminaklaaside-puhastusvahend-starwax-500ml\/","og_locale":"et_EE","og_type":"article","og_title":"KAMINAKLAASIDE PUHASTUSVAHEND STARWAX 500ML - Espak E-pood","og_url":"https:\/\/espak.ee\/epood\/toode\/kaminaklaaside-puhastusvahend-starwax-500ml\/","og_site_name":"Espak E-pood","article_modified_time":"2025-08-14T06:49:17+00:00","og_image":[{"width":799,"height":799,"url":"https:\/\/espak.ee\/epood\/wp-content\/uploads\/2023\/04\/starwax-kaminaklaaside-puhastusvahend-500ml-e1683111275756.jpg","type":"image\/jpeg"}],"twitter_card":"summary_large_image","twitter_misc":{"Est. reading time":"1 minut"},"schema":{"@context":"https:\/\/schema.org","@graph":[{"@type":"WebPage","@id":"https:\/\/espak.ee\/epood\/toode\/kaminaklaaside-puhastusvahend-starwax-500ml\/","url":"https:\/\/espak.ee\/epood\/toode\/kaminaklaaside-puhastusvahend-starwax-500ml\/","name":"KAMINAKLAASIDE PUHASTUSVAHEND STARWAX 500ML - Espak E-pood","isPartOf":{"@id":"https:\/\/espak.ee\/epood\/#website"},"primaryImageOfPage":{"@id":"https:\/\/espak.ee\/epood\/toode\/kaminaklaaside-puhastusvahend-starwax-500ml\/#primaryimage"},"image":{"@id":"https:\/\/espak.ee\/epood\/toode\/kaminaklaaside-puhastusvahend-starwax-500ml\/#primaryimage"},"thumbnailUrl":"https:\/\/espak.ee\/epood\/wp-content\/uploads\/2023\/04\/starwax-kaminaklaaside-puhastusvahend-500ml-e1683111275756.jpg","datePublished":"2023-04-21T22:33:02+00:00","dateModified":"2025-08-14T06:49:17+00:00","breadcrumb":{"@id":"https:\/\/espak.ee\/epood\/toode\/kaminaklaaside-puhastusvahend-starwax-500ml\/#breadcrumb"},"inLanguage":"et","potentialAction":[{"@type":"ReadAction","target":["https:\/\/espak.ee\/epood\/toode\/kaminaklaaside-puhastusvahend-starwax-500ml\/"]}]},{"@type":"ImageObject","inLanguage":"et","@id":"https:\/\/espak.ee\/epood\/toode\/kaminaklaaside-puhastusvahend-starwax-500ml\/#primaryimage","url":"https:\/\/espak.ee\/epood\/wp-content\/uploads\/2023\/04\/starwax-kaminaklaaside-puhastusvahend-500ml-e1683111275756.jpg","contentUrl":"https:\/\/espak.ee\/epood\/wp-content\/uploads\/2023\/04\/starwax-kaminaklaaside-puhastusvahend-500ml-e1683111275756.jpg","width":799,"height":799},{"@type":"BreadcrumbList","@id":"https:\/\/espak.ee\/epood\/toode\/kaminaklaaside-puhastusvahend-starwax-500ml\/#breadcrumb","itemListElement":[{"@type":"ListItem","position":1,"name":"Home","item":"https:\/\/espak.ee\/epood\/"},{"@type":"ListItem","position":2,"name":"Tootevalik","item":"https:\/\/espak.ee\/epood\/tootevalik\/"},{"@type":"ListItem","position":3,"name":"KAMINAKLAASIDE PUHASTUSVAHEND STARWAX 500ML"}]},{"@type":"WebSite","@id":"https:\/\/espak.ee\/epood\/#website","url":"https:\/\/espak.ee\/epood\/","name":"Espak E-pood","description":"","potentialAction":[{"@type":"SearchAction","target":{"@type":"EntryPoint","urlTemplate":"https:\/\/espak.ee\/epood\/?s={search_term_string}"},"query-input":{"@type":"PropertyValueSpecification","valueRequired":true,"valueName":"search_term_string"}}],"inLanguage":"et"}]}},"_links":{"self":[{"href":"https:\/\/espak.ee\/epood\/wp-json\/wp\/v2\/product\/157036","targetHints":{"allow":["GET"]}}],"collection":[{"href":"https:\/\/espak.ee\/epood\/wp-json\/wp\/v2\/product"}],"about":[{"href":"https:\/\/espak.ee\/epood\/wp-json\/wp\/v2\/types\/product"}],"replies":[{"embeddable":true,"href":"https:\/\/espak.ee\/epood\/wp-json\/wp\/v2\/comments?post=157036"}],"wp:featuredmedia":[{"embeddable":true,"href":"https:\/\/espak.ee\/epood\/wp-json\/wp\/v2\/media\/157903"}],"wp:attachment":[{"href":"https:\/\/espak.ee\/epood\/wp-json\/wp\/v2\/media?parent=157036"}],"wp:term":[{"taxonomy":"product_brand","embeddable":true,"href":"https:\/\/espak.ee\/epood\/wp-json\/wp\/v2\/product_brand?post=157036"},{"taxonomy":"product_cat","embeddable":true,"href":"https:\/\/espak.ee\/epood\/wp-json\/wp\/v2\/product_cat?post=157036"},{"taxonomy":"product_tag","embeddable":true,"href":"https:\/\/espak.ee\/epood\/wp-json\/wp\/v2\/product_tag?post=157036"}],"curies":[{"name":"wp","href":"https:\/\/api.w.org\/{rel}","templated":true}]}}