{"id":156560,"date":"2023-04-19T12:01:24","date_gmt":"2023-04-19T09:01:24","guid":{"rendered":"https:\/\/espak.ee\/epood\/?post_type=product&#038;p=156560"},"modified":"2024-03-23T01:48:30","modified_gmt":"2024-03-22T23:48:30","slug":"patarei-duracell-li-dl-1632-3v-1tk","status":"publish","type":"product","link":"https:\/\/espak.ee\/epood\/toode\/patarei-duracell-li-dl-1632-3v-1tk\/","title":{"rendered":"PATAREI DURACELL LI DL 1632 3V 1TK"},"content":{"rendered":"<div class=\"row\"  id=\"row-493477512\">\n\n\t<div id=\"col-267441084\" class=\"col medium-9 small-12 large-9\"  >\n\t\t\t\t<div class=\"col-inner\"  >\n\t\t\t\n\t\t\t\n<h3>Patarei Duracell DL 1632 3V liitium 1tk<\/h3>\n\t\t<\/div>\n\t\t\t\t\t<\/div>\n\n\t\n\n\t<div id=\"col-1963817625\" class=\"col medium-3 small-12 large-3\"  >\n\t\t\t\t<div class=\"col-inner\"  >\n\t\t\t\n\t\t\t\n<p><strong>\u00dcksikasjalikuma n\u00f5u saamiseks v\u00f5tke \u00fchendust:<br \/><\/strong>AbeStock AS<br \/>Mustjuure 9<br \/>10618<br \/>Tallinn<br \/>+372 650 5550<\/p>\n<div class=\"is-divider divider clearfix\" ><\/div>\n\t\t<\/div>\n\t\t\t\t\t<\/div>\n\n\t\n<\/div>\n","protected":false},"excerpt":{"rendered":"","protected":false},"featured_media":156582,"comment_status":"closed","ping_status":"closed","template":"","meta":[],"product_brand":[],"product_cat":[2935,2934,3289,3288],"product_tag":[],"class_list":{"0":"post-156560","1":"product","2":"type-product","3":"status-publish","4":"has-post-thumbnail","6":"product_cat-elektrikaubad","7":"product_cat-elektrikaubad-ja-valgustid","8":"product_cat-patareid","9":"product_cat-taskulambid-ja-patareid","10":"pa_kaubamark-abestock-as","12":"first","13":"instock","14":"sale","15":"taxable","16":"shipping-taxable","17":"purchasable","18":"product-type-simple"},"yoast_head":"<!-- This site is optimized with the Yoast SEO plugin v26.9 - https:\/\/yoast.com\/product\/yoast-seo-wordpress\/ -->\n<title>PATAREI DURACELL LI DL 1632 3V 1TK - Espak E-pood<\/title>\n<meta name=\"robots\" content=\"index, follow, max-snippet:-1, max-image-preview:large, max-video-preview:-1\" \/>\n<link rel=\"canonical\" href=\"https:\/\/espak.ee\/epood\/toode\/patarei-duracell-li-dl-1632-3v-1tk\/\" \/>\n<meta property=\"og:locale\" content=\"et_EE\" \/>\n<meta property=\"og:type\" content=\"article\" \/>\n<meta property=\"og:title\" content=\"PATAREI DURACELL LI DL 1632 3V 1TK - Espak E-pood\" \/>\n<meta property=\"og:url\" content=\"https:\/\/espak.ee\/epood\/toode\/patarei-duracell-li-dl-1632-3v-1tk\/\" \/>\n<meta property=\"og:site_name\" content=\"Espak E-pood\" \/>\n<meta property=\"article:modified_time\" content=\"2024-03-22T23:48:30+00:00\" \/>\n<meta property=\"og:image\" content=\"https:\/\/espak.ee\/epood\/wp-content\/uploads\/2023\/04\/duracell-patarei-dl-1632-3v-liitium-1tk-3-e1681901360362.jpg\" \/>\n\t<meta property=\"og:image:width\" content=\"799\" \/>\n\t<meta property=\"og:image:height\" content=\"799\" \/>\n\t<meta property=\"og:image:type\" content=\"image\/jpeg\" \/>\n<meta name=\"twitter:card\" content=\"summary_large_image\" \/>\n<script type=\"application\/ld+json\" class=\"yoast-schema-graph\">{\"@context\":\"https:\/\/schema.org\",\"@graph\":[{\"@type\":\"WebPage\",\"@id\":\"https:\/\/espak.ee\/epood\/toode\/patarei-duracell-li-dl-1632-3v-1tk\/\",\"url\":\"https:\/\/espak.ee\/epood\/toode\/patarei-duracell-li-dl-1632-3v-1tk\/\",\"name\":\"PATAREI DURACELL LI DL 1632 3V 1TK - Espak E-pood\",\"isPartOf\":{\"@id\":\"https:\/\/espak.ee\/epood\/#website\"},\"primaryImageOfPage\":{\"@id\":\"https:\/\/espak.ee\/epood\/toode\/patarei-duracell-li-dl-1632-3v-1tk\/#primaryimage\"},\"image\":{\"@id\":\"https:\/\/espak.ee\/epood\/toode\/patarei-duracell-li-dl-1632-3v-1tk\/#primaryimage\"},\"thumbnailUrl\":\"https:\/\/espak.ee\/epood\/wp-content\/uploads\/2023\/04\/duracell-patarei-dl-1632-3v-liitium-1tk-3-e1681901360362.jpg\",\"datePublished\":\"2023-04-19T09:01:24+00:00\",\"dateModified\":\"2024-03-22T23:48:30+00:00\",\"breadcrumb\":{\"@id\":\"https:\/\/espak.ee\/epood\/toode\/patarei-duracell-li-dl-1632-3v-1tk\/#breadcrumb\"},\"inLanguage\":\"et\",\"potentialAction\":[{\"@type\":\"ReadAction\",\"target\":[\"https:\/\/espak.ee\/epood\/toode\/patarei-duracell-li-dl-1632-3v-1tk\/\"]}]},{\"@type\":\"ImageObject\",\"inLanguage\":\"et\",\"@id\":\"https:\/\/espak.ee\/epood\/toode\/patarei-duracell-li-dl-1632-3v-1tk\/#primaryimage\",\"url\":\"https:\/\/espak.ee\/epood\/wp-content\/uploads\/2023\/04\/duracell-patarei-dl-1632-3v-liitium-1tk-3-e1681901360362.jpg\",\"contentUrl\":\"https:\/\/espak.ee\/epood\/wp-content\/uploads\/2023\/04\/duracell-patarei-dl-1632-3v-liitium-1tk-3-e1681901360362.jpg\",\"width\":799,\"height\":799},{\"@type\":\"BreadcrumbList\",\"@id\":\"https:\/\/espak.ee\/epood\/toode\/patarei-duracell-li-dl-1632-3v-1tk\/#breadcrumb\",\"itemListElement\":[{\"@type\":\"ListItem\",\"position\":1,\"name\":\"Home\",\"item\":\"https:\/\/espak.ee\/epood\/\"},{\"@type\":\"ListItem\",\"position\":2,\"name\":\"Tootevalik\",\"item\":\"https:\/\/espak.ee\/epood\/tootevalik\/\"},{\"@type\":\"ListItem\",\"position\":3,\"name\":\"PATAREI DURACELL LI DL 1632 3V 1TK\"}]},{\"@type\":\"WebSite\",\"@id\":\"https:\/\/espak.ee\/epood\/#website\",\"url\":\"https:\/\/espak.ee\/epood\/\",\"name\":\"Espak E-pood\",\"description\":\"\",\"potentialAction\":[{\"@type\":\"SearchAction\",\"target\":{\"@type\":\"EntryPoint\",\"urlTemplate\":\"https:\/\/espak.ee\/epood\/?s={search_term_string}\"},\"query-input\":{\"@type\":\"PropertyValueSpecification\",\"valueRequired\":true,\"valueName\":\"search_term_string\"}}],\"inLanguage\":\"et\"}]}<\/script>\n<!-- \/ Yoast SEO plugin. -->","yoast_head_json":{"title":"PATAREI DURACELL LI DL 1632 3V 1TK - Espak E-pood","robots":{"index":"index","follow":"follow","max-snippet":"max-snippet:-1","max-image-preview":"max-image-preview:large","max-video-preview":"max-video-preview:-1"},"canonical":"https:\/\/espak.ee\/epood\/toode\/patarei-duracell-li-dl-1632-3v-1tk\/","og_locale":"et_EE","og_type":"article","og_title":"PATAREI DURACELL LI DL 1632 3V 1TK - Espak E-pood","og_url":"https:\/\/espak.ee\/epood\/toode\/patarei-duracell-li-dl-1632-3v-1tk\/","og_site_name":"Espak E-pood","article_modified_time":"2024-03-22T23:48:30+00:00","og_image":[{"width":799,"height":799,"url":"https:\/\/espak.ee\/epood\/wp-content\/uploads\/2023\/04\/duracell-patarei-dl-1632-3v-liitium-1tk-3-e1681901360362.jpg","type":"image\/jpeg"}],"twitter_card":"summary_large_image","schema":{"@context":"https:\/\/schema.org","@graph":[{"@type":"WebPage","@id":"https:\/\/espak.ee\/epood\/toode\/patarei-duracell-li-dl-1632-3v-1tk\/","url":"https:\/\/espak.ee\/epood\/toode\/patarei-duracell-li-dl-1632-3v-1tk\/","name":"PATAREI DURACELL LI DL 1632 3V 1TK - Espak E-pood","isPartOf":{"@id":"https:\/\/espak.ee\/epood\/#website"},"primaryImageOfPage":{"@id":"https:\/\/espak.ee\/epood\/toode\/patarei-duracell-li-dl-1632-3v-1tk\/#primaryimage"},"image":{"@id":"https:\/\/espak.ee\/epood\/toode\/patarei-duracell-li-dl-1632-3v-1tk\/#primaryimage"},"thumbnailUrl":"https:\/\/espak.ee\/epood\/wp-content\/uploads\/2023\/04\/duracell-patarei-dl-1632-3v-liitium-1tk-3-e1681901360362.jpg","datePublished":"2023-04-19T09:01:24+00:00","dateModified":"2024-03-22T23:48:30+00:00","breadcrumb":{"@id":"https:\/\/espak.ee\/epood\/toode\/patarei-duracell-li-dl-1632-3v-1tk\/#breadcrumb"},"inLanguage":"et","potentialAction":[{"@type":"ReadAction","target":["https:\/\/espak.ee\/epood\/toode\/patarei-duracell-li-dl-1632-3v-1tk\/"]}]},{"@type":"ImageObject","inLanguage":"et","@id":"https:\/\/espak.ee\/epood\/toode\/patarei-duracell-li-dl-1632-3v-1tk\/#primaryimage","url":"https:\/\/espak.ee\/epood\/wp-content\/uploads\/2023\/04\/duracell-patarei-dl-1632-3v-liitium-1tk-3-e1681901360362.jpg","contentUrl":"https:\/\/espak.ee\/epood\/wp-content\/uploads\/2023\/04\/duracell-patarei-dl-1632-3v-liitium-1tk-3-e1681901360362.jpg","width":799,"height":799},{"@type":"BreadcrumbList","@id":"https:\/\/espak.ee\/epood\/toode\/patarei-duracell-li-dl-1632-3v-1tk\/#breadcrumb","itemListElement":[{"@type":"ListItem","position":1,"name":"Home","item":"https:\/\/espak.ee\/epood\/"},{"@type":"ListItem","position":2,"name":"Tootevalik","item":"https:\/\/espak.ee\/epood\/tootevalik\/"},{"@type":"ListItem","position":3,"name":"PATAREI DURACELL LI DL 1632 3V 1TK"}]},{"@type":"WebSite","@id":"https:\/\/espak.ee\/epood\/#website","url":"https:\/\/espak.ee\/epood\/","name":"Espak E-pood","description":"","potentialAction":[{"@type":"SearchAction","target":{"@type":"EntryPoint","urlTemplate":"https:\/\/espak.ee\/epood\/?s={search_term_string}"},"query-input":{"@type":"PropertyValueSpecification","valueRequired":true,"valueName":"search_term_string"}}],"inLanguage":"et"}]}},"_links":{"self":[{"href":"https:\/\/espak.ee\/epood\/wp-json\/wp\/v2\/product\/156560","targetHints":{"allow":["GET"]}}],"collection":[{"href":"https:\/\/espak.ee\/epood\/wp-json\/wp\/v2\/product"}],"about":[{"href":"https:\/\/espak.ee\/epood\/wp-json\/wp\/v2\/types\/product"}],"replies":[{"embeddable":true,"href":"https:\/\/espak.ee\/epood\/wp-json\/wp\/v2\/comments?post=156560"}],"wp:featuredmedia":[{"embeddable":true,"href":"https:\/\/espak.ee\/epood\/wp-json\/wp\/v2\/media\/156582"}],"wp:attachment":[{"href":"https:\/\/espak.ee\/epood\/wp-json\/wp\/v2\/media?parent=156560"}],"wp:term":[{"taxonomy":"product_brand","embeddable":true,"href":"https:\/\/espak.ee\/epood\/wp-json\/wp\/v2\/product_brand?post=156560"},{"taxonomy":"product_cat","embeddable":true,"href":"https:\/\/espak.ee\/epood\/wp-json\/wp\/v2\/product_cat?post=156560"},{"taxonomy":"product_tag","embeddable":true,"href":"https:\/\/espak.ee\/epood\/wp-json\/wp\/v2\/product_tag?post=156560"}],"curies":[{"name":"wp","href":"https:\/\/api.w.org\/{rel}","templated":true}]}}