{"id":155698,"date":"2023-04-12T09:24:47","date_gmt":"2023-04-12T06:24:47","guid":{"rendered":"https:\/\/espak.ee\/epood\/?post_type=product&#038;p=155698"},"modified":"2024-03-23T01:49:58","modified_gmt":"2024-03-22T23:49:58","slug":"trepikasipuu-nurk-45-425mm-roostevaba-teras","status":"publish","type":"product","link":"https:\/\/espak.ee\/epood\/toode\/trepikasipuu-nurk-45-425mm-roostevaba-teras\/","title":{"rendered":"TREPIK\u00c4SIPUU NURK 45 42,5MM ROOSTEVABA TERAS"},"content":{"rendered":"<div class=\"row\"  id=\"row-1273435022\">\n\n\t<div id=\"col-526758499\" class=\"col medium-9 small-12 large-9\"  >\n\t\t\t\t<div class=\"col-inner\"  >\n\t\t\t\n\t\t\t\n<h3>Trepik\u00e4sipuu nurk 45\u00ba 42,5mm roostevaba teras<\/h3>\n\t\t<\/div>\n\t\t\t\t\t<\/div>\n\n\t\n\n\t<div id=\"col-1751625340\" class=\"col medium-3 small-12 large-3\"  >\n\t\t\t\t<div class=\"col-inner\"  >\n\t\t\t\n\t\t\t\n<div class=\"is-divider divider clearfix\" ><\/div>\n<p><strong>\u00dcksikasjalikuma n\u00f5u saamiseks v\u00f5tke \u00fchendust:<br \/><\/strong>Sister O\u00dc<br \/>Laki 26<br \/>12915<br \/>Tallinn<br \/>+372 670 3631<\/p>\n\t\t<\/div>\n\t\t\t\t\t<\/div>\n\n\t\n<\/div>\n","protected":false},"excerpt":{"rendered":"","protected":false},"featured_media":155899,"comment_status":"closed","ping_status":"closed","template":"","meta":[],"product_brand":[],"product_cat":[2894,2893,3294,3049],"product_tag":[],"class_list":{"0":"post-155698","1":"product","2":"type-product","3":"status-publish","4":"has-post-thumbnail","6":"product_cat-rauakaubad-rauakaubad","7":"product_cat-rauakaubad","8":"product_cat-trepikasipuuhoidjad","9":"product_cat-trepikasipuuhoidjad-ja-trepid","10":"pa_kaubamark-sister-ou","12":"first","13":"instock","14":"sale","15":"taxable","16":"shipping-taxable","17":"purchasable","18":"product-type-simple"},"yoast_head":"<!-- This site is optimized with the Yoast SEO plugin v26.9 - https:\/\/yoast.com\/product\/yoast-seo-wordpress\/ -->\n<title>TREPIK\u00c4SIPUU NURK 45 42,5MM ROOSTEVABA TERAS - Espak E-pood<\/title>\n<meta name=\"robots\" content=\"index, follow, max-snippet:-1, max-image-preview:large, max-video-preview:-1\" \/>\n<link rel=\"canonical\" href=\"https:\/\/espak.ee\/epood\/toode\/trepikasipuu-nurk-45-425mm-roostevaba-teras\/\" \/>\n<meta property=\"og:locale\" content=\"et_EE\" \/>\n<meta property=\"og:type\" content=\"article\" \/>\n<meta property=\"og:title\" content=\"TREPIK\u00c4SIPUU NURK 45 42,5MM ROOSTEVABA TERAS - Espak E-pood\" \/>\n<meta property=\"og:url\" content=\"https:\/\/espak.ee\/epood\/toode\/trepikasipuu-nurk-45-425mm-roostevaba-teras\/\" \/>\n<meta property=\"og:site_name\" content=\"Espak E-pood\" \/>\n<meta property=\"article:modified_time\" content=\"2024-03-22T23:49:58+00:00\" \/>\n<meta property=\"og:image\" content=\"https:\/\/espak.ee\/epood\/wp-content\/uploads\/2023\/04\/large_hrc42545.jpg\" \/>\n\t<meta property=\"og:image:width\" content=\"600\" \/>\n\t<meta property=\"og:image:height\" content=\"600\" \/>\n\t<meta property=\"og:image:type\" content=\"image\/jpeg\" \/>\n<meta name=\"twitter:card\" content=\"summary_large_image\" \/>\n<script type=\"application\/ld+json\" class=\"yoast-schema-graph\">{\"@context\":\"https:\/\/schema.org\",\"@graph\":[{\"@type\":\"WebPage\",\"@id\":\"https:\/\/espak.ee\/epood\/toode\/trepikasipuu-nurk-45-425mm-roostevaba-teras\/\",\"url\":\"https:\/\/espak.ee\/epood\/toode\/trepikasipuu-nurk-45-425mm-roostevaba-teras\/\",\"name\":\"TREPIK\u00c4SIPUU NURK 45 42,5MM ROOSTEVABA TERAS - Espak E-pood\",\"isPartOf\":{\"@id\":\"https:\/\/espak.ee\/epood\/#website\"},\"primaryImageOfPage\":{\"@id\":\"https:\/\/espak.ee\/epood\/toode\/trepikasipuu-nurk-45-425mm-roostevaba-teras\/#primaryimage\"},\"image\":{\"@id\":\"https:\/\/espak.ee\/epood\/toode\/trepikasipuu-nurk-45-425mm-roostevaba-teras\/#primaryimage\"},\"thumbnailUrl\":\"https:\/\/espak.ee\/epood\/wp-content\/uploads\/2023\/04\/large_hrc42545.jpg\",\"datePublished\":\"2023-04-12T06:24:47+00:00\",\"dateModified\":\"2024-03-22T23:49:58+00:00\",\"breadcrumb\":{\"@id\":\"https:\/\/espak.ee\/epood\/toode\/trepikasipuu-nurk-45-425mm-roostevaba-teras\/#breadcrumb\"},\"inLanguage\":\"et\",\"potentialAction\":[{\"@type\":\"ReadAction\",\"target\":[\"https:\/\/espak.ee\/epood\/toode\/trepikasipuu-nurk-45-425mm-roostevaba-teras\/\"]}]},{\"@type\":\"ImageObject\",\"inLanguage\":\"et\",\"@id\":\"https:\/\/espak.ee\/epood\/toode\/trepikasipuu-nurk-45-425mm-roostevaba-teras\/#primaryimage\",\"url\":\"https:\/\/espak.ee\/epood\/wp-content\/uploads\/2023\/04\/large_hrc42545.jpg\",\"contentUrl\":\"https:\/\/espak.ee\/epood\/wp-content\/uploads\/2023\/04\/large_hrc42545.jpg\",\"width\":600,\"height\":600},{\"@type\":\"BreadcrumbList\",\"@id\":\"https:\/\/espak.ee\/epood\/toode\/trepikasipuu-nurk-45-425mm-roostevaba-teras\/#breadcrumb\",\"itemListElement\":[{\"@type\":\"ListItem\",\"position\":1,\"name\":\"Home\",\"item\":\"https:\/\/espak.ee\/epood\/\"},{\"@type\":\"ListItem\",\"position\":2,\"name\":\"Tootevalik\",\"item\":\"https:\/\/espak.ee\/epood\/tootevalik\/\"},{\"@type\":\"ListItem\",\"position\":3,\"name\":\"TREPIK\u00c4SIPUU NURK 45 42,5MM ROOSTEVABA TERAS\"}]},{\"@type\":\"WebSite\",\"@id\":\"https:\/\/espak.ee\/epood\/#website\",\"url\":\"https:\/\/espak.ee\/epood\/\",\"name\":\"Espak E-pood\",\"description\":\"\",\"potentialAction\":[{\"@type\":\"SearchAction\",\"target\":{\"@type\":\"EntryPoint\",\"urlTemplate\":\"https:\/\/espak.ee\/epood\/?s={search_term_string}\"},\"query-input\":{\"@type\":\"PropertyValueSpecification\",\"valueRequired\":true,\"valueName\":\"search_term_string\"}}],\"inLanguage\":\"et\"}]}<\/script>\n<!-- \/ Yoast SEO plugin. -->","yoast_head_json":{"title":"TREPIK\u00c4SIPUU NURK 45 42,5MM ROOSTEVABA TERAS - Espak E-pood","robots":{"index":"index","follow":"follow","max-snippet":"max-snippet:-1","max-image-preview":"max-image-preview:large","max-video-preview":"max-video-preview:-1"},"canonical":"https:\/\/espak.ee\/epood\/toode\/trepikasipuu-nurk-45-425mm-roostevaba-teras\/","og_locale":"et_EE","og_type":"article","og_title":"TREPIK\u00c4SIPUU NURK 45 42,5MM ROOSTEVABA TERAS - Espak E-pood","og_url":"https:\/\/espak.ee\/epood\/toode\/trepikasipuu-nurk-45-425mm-roostevaba-teras\/","og_site_name":"Espak E-pood","article_modified_time":"2024-03-22T23:49:58+00:00","og_image":[{"width":600,"height":600,"url":"https:\/\/espak.ee\/epood\/wp-content\/uploads\/2023\/04\/large_hrc42545.jpg","type":"image\/jpeg"}],"twitter_card":"summary_large_image","schema":{"@context":"https:\/\/schema.org","@graph":[{"@type":"WebPage","@id":"https:\/\/espak.ee\/epood\/toode\/trepikasipuu-nurk-45-425mm-roostevaba-teras\/","url":"https:\/\/espak.ee\/epood\/toode\/trepikasipuu-nurk-45-425mm-roostevaba-teras\/","name":"TREPIK\u00c4SIPUU NURK 45 42,5MM ROOSTEVABA TERAS - Espak E-pood","isPartOf":{"@id":"https:\/\/espak.ee\/epood\/#website"},"primaryImageOfPage":{"@id":"https:\/\/espak.ee\/epood\/toode\/trepikasipuu-nurk-45-425mm-roostevaba-teras\/#primaryimage"},"image":{"@id":"https:\/\/espak.ee\/epood\/toode\/trepikasipuu-nurk-45-425mm-roostevaba-teras\/#primaryimage"},"thumbnailUrl":"https:\/\/espak.ee\/epood\/wp-content\/uploads\/2023\/04\/large_hrc42545.jpg","datePublished":"2023-04-12T06:24:47+00:00","dateModified":"2024-03-22T23:49:58+00:00","breadcrumb":{"@id":"https:\/\/espak.ee\/epood\/toode\/trepikasipuu-nurk-45-425mm-roostevaba-teras\/#breadcrumb"},"inLanguage":"et","potentialAction":[{"@type":"ReadAction","target":["https:\/\/espak.ee\/epood\/toode\/trepikasipuu-nurk-45-425mm-roostevaba-teras\/"]}]},{"@type":"ImageObject","inLanguage":"et","@id":"https:\/\/espak.ee\/epood\/toode\/trepikasipuu-nurk-45-425mm-roostevaba-teras\/#primaryimage","url":"https:\/\/espak.ee\/epood\/wp-content\/uploads\/2023\/04\/large_hrc42545.jpg","contentUrl":"https:\/\/espak.ee\/epood\/wp-content\/uploads\/2023\/04\/large_hrc42545.jpg","width":600,"height":600},{"@type":"BreadcrumbList","@id":"https:\/\/espak.ee\/epood\/toode\/trepikasipuu-nurk-45-425mm-roostevaba-teras\/#breadcrumb","itemListElement":[{"@type":"ListItem","position":1,"name":"Home","item":"https:\/\/espak.ee\/epood\/"},{"@type":"ListItem","position":2,"name":"Tootevalik","item":"https:\/\/espak.ee\/epood\/tootevalik\/"},{"@type":"ListItem","position":3,"name":"TREPIK\u00c4SIPUU NURK 45 42,5MM ROOSTEVABA TERAS"}]},{"@type":"WebSite","@id":"https:\/\/espak.ee\/epood\/#website","url":"https:\/\/espak.ee\/epood\/","name":"Espak E-pood","description":"","potentialAction":[{"@type":"SearchAction","target":{"@type":"EntryPoint","urlTemplate":"https:\/\/espak.ee\/epood\/?s={search_term_string}"},"query-input":{"@type":"PropertyValueSpecification","valueRequired":true,"valueName":"search_term_string"}}],"inLanguage":"et"}]}},"_links":{"self":[{"href":"https:\/\/espak.ee\/epood\/wp-json\/wp\/v2\/product\/155698","targetHints":{"allow":["GET"]}}],"collection":[{"href":"https:\/\/espak.ee\/epood\/wp-json\/wp\/v2\/product"}],"about":[{"href":"https:\/\/espak.ee\/epood\/wp-json\/wp\/v2\/types\/product"}],"replies":[{"embeddable":true,"href":"https:\/\/espak.ee\/epood\/wp-json\/wp\/v2\/comments?post=155698"}],"wp:featuredmedia":[{"embeddable":true,"href":"https:\/\/espak.ee\/epood\/wp-json\/wp\/v2\/media\/155899"}],"wp:attachment":[{"href":"https:\/\/espak.ee\/epood\/wp-json\/wp\/v2\/media?parent=155698"}],"wp:term":[{"taxonomy":"product_brand","embeddable":true,"href":"https:\/\/espak.ee\/epood\/wp-json\/wp\/v2\/product_brand?post=155698"},{"taxonomy":"product_cat","embeddable":true,"href":"https:\/\/espak.ee\/epood\/wp-json\/wp\/v2\/product_cat?post=155698"},{"taxonomy":"product_tag","embeddable":true,"href":"https:\/\/espak.ee\/epood\/wp-json\/wp\/v2\/product_tag?post=155698"}],"curies":[{"name":"wp","href":"https:\/\/api.w.org\/{rel}","templated":true}]}}