{"id":155451,"date":"2023-04-11T08:31:20","date_gmt":"2023-04-11T05:31:20","guid":{"rendered":"https:\/\/espak.ee\/epood\/?post_type=product&#038;p=155451"},"modified":"2026-04-16T10:13:19","modified_gmt":"2026-04-16T07:13:19","slug":"biohuumuse-konsentraat-lilledele-05l","status":"publish","type":"product","link":"https:\/\/espak.ee\/epood\/toode\/biohuumuse-konsentraat-lilledele-05l\/","title":{"rendered":"BIOHUUMUSE KONSENTRAAT LILLEDELE 0,5L"},"content":{"rendered":"<div class=\"row\"  id=\"row-767762218\">\n\n\t<div id=\"col-508425192\" class=\"col medium-9 small-12 large-9\"  >\n\t\t\t\t<div class=\"col-inner\"  >\n\t\t\t\n\t\t\t\n<h3>Biohuumuse konsentraat lilledele 0,5L <\/h3>\n<p>Toitevedelik on valmistatud vihmaussi s\u00f5nnikust. Toitelahus on tasakaalustatud toiteainete kogumik, mis on \u00f6koloogiliselt puhas ja naturaalne. See sisaldab vihmaussis\u00f5nnikust olevaid humiinaineid, fulfo- ja aminohappeid, vitamiine, looduslikke f\u00fctohormoone, mulla mikroorganismide eoseid, mikro- ja makroelemente. Sobib toa- ja v\u00e4litaimede kastmiseks, aed- ja puuviljade kastmiseks.<\/p>\n<p>Toode parandab pinnase agrokeemilisi omadusi, kiirendab idanemist, juurdumist ning suurendab saagikust, v\u00e4hendab p\u00f5llumajandustoodete nitraadi sisaldust ja taimede haigusi. Toode ei ole inertsed ega sisalda patogeenseid organisme ja umbrohuseemneid ning vihmausse. \u00dcle doseerimise ohtu ei ole!<\/p>\n<p>Soovitav kasutada toitevedeliku juurte kaudu kastmisel vahekorras 1:100, st 2-3 korgit\u00e4it 1 liitri vee kohta kuni paar korda kuus. Sobib ka taime lehtedele ja vartele piserdamiseks vahekorras  1:100, 2-3 korgit\u00e4it 1 liitri vee kohta kuni paar korda kuus.<\/p>\n<p>Koostis: Biohuumus, vesi. Ei ole lisatud mineraalv\u00e4etist.\n <\/p>\n\t\t<\/div>\n\t\t\t\t\t<\/div>\n\n\t\n\n\t<div id=\"col-1623548025\" class=\"col medium-3 small-12 large-3\"  >\n\t\t\t\t<div class=\"col-inner\"  >\n\t\t\t\n\t\t\t\n<div class=\"is-divider divider clearfix\" ><\/div>\n<p><strong>\u00dcksikasjalikuma n\u00f5u saamiseks v\u00f5tke \u00fchendust:<br \/><\/strong>Ussimo O\u00dc<br \/>Huntaugu\/1, T\u00e4hkvere k\u00fcla<br \/>48521<br \/>J\u00f5gevamaa<\/p>\n\t\t<\/div>\n\t\t\t\t\t<\/div>\n\n\t\n<\/div>\n","protected":false},"excerpt":{"rendered":"","protected":false},"featured_media":155784,"comment_status":"closed","ping_status":"closed","template":"","meta":[],"product_brand":[],"product_cat":[2789,2788,2879,2880],"product_tag":[],"class_list":{"0":"post-155451","1":"product","2":"type-product","3":"status-publish","4":"has-post-thumbnail","6":"product_cat-aiatarbed","7":"product_cat-aiatarbed-ja-kodukaubad","8":"product_cat-aiaturbad-ja-mullad","9":"product_cat-lillemullad","10":"pa_kaubamark-ussimo-ou","12":"first","13":"outofstock","14":"sale","15":"taxable","16":"shipping-taxable","17":"purchasable","18":"product-type-simple"},"yoast_head":"<!-- This site is optimized with the Yoast SEO plugin v26.9 - https:\/\/yoast.com\/product\/yoast-seo-wordpress\/ -->\n<title>BIOHUUMUSE KONSENTRAAT LILLEDELE 0,5L - Espak E-pood<\/title>\n<meta name=\"robots\" content=\"index, follow, max-snippet:-1, max-image-preview:large, max-video-preview:-1\" \/>\n<link rel=\"canonical\" href=\"https:\/\/espak.ee\/epood\/toode\/biohuumuse-konsentraat-lilledele-05l\/\" \/>\n<meta property=\"og:locale\" content=\"et_EE\" \/>\n<meta property=\"og:type\" content=\"article\" \/>\n<meta property=\"og:title\" content=\"BIOHUUMUSE KONSENTRAAT LILLEDELE 0,5L - Espak E-pood\" \/>\n<meta property=\"og:url\" content=\"https:\/\/espak.ee\/epood\/toode\/biohuumuse-konsentraat-lilledele-05l\/\" \/>\n<meta property=\"og:site_name\" content=\"Espak E-pood\" \/>\n<meta property=\"article:modified_time\" content=\"2026-04-16T07:13:19+00:00\" \/>\n<meta property=\"og:image\" content=\"https:\/\/espak.ee\/epood\/wp-content\/uploads\/2023\/04\/Tootepilt-3-Varjuga.jpg\" \/>\n\t<meta property=\"og:image:width\" content=\"660\" \/>\n\t<meta property=\"og:image:height\" content=\"660\" \/>\n\t<meta property=\"og:image:type\" content=\"image\/jpeg\" \/>\n<meta name=\"twitter:card\" content=\"summary_large_image\" \/>\n<meta name=\"twitter:label1\" content=\"Est. reading time\" \/>\n\t<meta name=\"twitter:data1\" content=\"1 minut\" \/>\n<script type=\"application\/ld+json\" class=\"yoast-schema-graph\">{\"@context\":\"https:\/\/schema.org\",\"@graph\":[{\"@type\":\"WebPage\",\"@id\":\"https:\/\/espak.ee\/epood\/toode\/biohuumuse-konsentraat-lilledele-05l\/\",\"url\":\"https:\/\/espak.ee\/epood\/toode\/biohuumuse-konsentraat-lilledele-05l\/\",\"name\":\"BIOHUUMUSE KONSENTRAAT LILLEDELE 0,5L - Espak E-pood\",\"isPartOf\":{\"@id\":\"https:\/\/espak.ee\/epood\/#website\"},\"primaryImageOfPage\":{\"@id\":\"https:\/\/espak.ee\/epood\/toode\/biohuumuse-konsentraat-lilledele-05l\/#primaryimage\"},\"image\":{\"@id\":\"https:\/\/espak.ee\/epood\/toode\/biohuumuse-konsentraat-lilledele-05l\/#primaryimage\"},\"thumbnailUrl\":\"https:\/\/espak.ee\/epood\/wp-content\/uploads\/2023\/04\/Tootepilt-3-Varjuga.jpg\",\"datePublished\":\"2023-04-11T05:31:20+00:00\",\"dateModified\":\"2026-04-16T07:13:19+00:00\",\"breadcrumb\":{\"@id\":\"https:\/\/espak.ee\/epood\/toode\/biohuumuse-konsentraat-lilledele-05l\/#breadcrumb\"},\"inLanguage\":\"et\",\"potentialAction\":[{\"@type\":\"ReadAction\",\"target\":[\"https:\/\/espak.ee\/epood\/toode\/biohuumuse-konsentraat-lilledele-05l\/\"]}]},{\"@type\":\"ImageObject\",\"inLanguage\":\"et\",\"@id\":\"https:\/\/espak.ee\/epood\/toode\/biohuumuse-konsentraat-lilledele-05l\/#primaryimage\",\"url\":\"https:\/\/espak.ee\/epood\/wp-content\/uploads\/2023\/04\/Tootepilt-3-Varjuga.jpg\",\"contentUrl\":\"https:\/\/espak.ee\/epood\/wp-content\/uploads\/2023\/04\/Tootepilt-3-Varjuga.jpg\",\"width\":660,\"height\":660},{\"@type\":\"BreadcrumbList\",\"@id\":\"https:\/\/espak.ee\/epood\/toode\/biohuumuse-konsentraat-lilledele-05l\/#breadcrumb\",\"itemListElement\":[{\"@type\":\"ListItem\",\"position\":1,\"name\":\"Home\",\"item\":\"https:\/\/espak.ee\/epood\/\"},{\"@type\":\"ListItem\",\"position\":2,\"name\":\"Tootevalik\",\"item\":\"https:\/\/espak.ee\/epood\/tootevalik\/\"},{\"@type\":\"ListItem\",\"position\":3,\"name\":\"BIOHUUMUSE KONSENTRAAT LILLEDELE 0,5L\"}]},{\"@type\":\"WebSite\",\"@id\":\"https:\/\/espak.ee\/epood\/#website\",\"url\":\"https:\/\/espak.ee\/epood\/\",\"name\":\"Espak E-pood\",\"description\":\"\",\"potentialAction\":[{\"@type\":\"SearchAction\",\"target\":{\"@type\":\"EntryPoint\",\"urlTemplate\":\"https:\/\/espak.ee\/epood\/?s={search_term_string}\"},\"query-input\":{\"@type\":\"PropertyValueSpecification\",\"valueRequired\":true,\"valueName\":\"search_term_string\"}}],\"inLanguage\":\"et\"}]}<\/script>\n<!-- \/ Yoast SEO plugin. -->","yoast_head_json":{"title":"BIOHUUMUSE KONSENTRAAT LILLEDELE 0,5L - Espak E-pood","robots":{"index":"index","follow":"follow","max-snippet":"max-snippet:-1","max-image-preview":"max-image-preview:large","max-video-preview":"max-video-preview:-1"},"canonical":"https:\/\/espak.ee\/epood\/toode\/biohuumuse-konsentraat-lilledele-05l\/","og_locale":"et_EE","og_type":"article","og_title":"BIOHUUMUSE KONSENTRAAT LILLEDELE 0,5L - Espak E-pood","og_url":"https:\/\/espak.ee\/epood\/toode\/biohuumuse-konsentraat-lilledele-05l\/","og_site_name":"Espak E-pood","article_modified_time":"2026-04-16T07:13:19+00:00","og_image":[{"width":660,"height":660,"url":"https:\/\/espak.ee\/epood\/wp-content\/uploads\/2023\/04\/Tootepilt-3-Varjuga.jpg","type":"image\/jpeg"}],"twitter_card":"summary_large_image","twitter_misc":{"Est. reading time":"1 minut"},"schema":{"@context":"https:\/\/schema.org","@graph":[{"@type":"WebPage","@id":"https:\/\/espak.ee\/epood\/toode\/biohuumuse-konsentraat-lilledele-05l\/","url":"https:\/\/espak.ee\/epood\/toode\/biohuumuse-konsentraat-lilledele-05l\/","name":"BIOHUUMUSE KONSENTRAAT LILLEDELE 0,5L - Espak E-pood","isPartOf":{"@id":"https:\/\/espak.ee\/epood\/#website"},"primaryImageOfPage":{"@id":"https:\/\/espak.ee\/epood\/toode\/biohuumuse-konsentraat-lilledele-05l\/#primaryimage"},"image":{"@id":"https:\/\/espak.ee\/epood\/toode\/biohuumuse-konsentraat-lilledele-05l\/#primaryimage"},"thumbnailUrl":"https:\/\/espak.ee\/epood\/wp-content\/uploads\/2023\/04\/Tootepilt-3-Varjuga.jpg","datePublished":"2023-04-11T05:31:20+00:00","dateModified":"2026-04-16T07:13:19+00:00","breadcrumb":{"@id":"https:\/\/espak.ee\/epood\/toode\/biohuumuse-konsentraat-lilledele-05l\/#breadcrumb"},"inLanguage":"et","potentialAction":[{"@type":"ReadAction","target":["https:\/\/espak.ee\/epood\/toode\/biohuumuse-konsentraat-lilledele-05l\/"]}]},{"@type":"ImageObject","inLanguage":"et","@id":"https:\/\/espak.ee\/epood\/toode\/biohuumuse-konsentraat-lilledele-05l\/#primaryimage","url":"https:\/\/espak.ee\/epood\/wp-content\/uploads\/2023\/04\/Tootepilt-3-Varjuga.jpg","contentUrl":"https:\/\/espak.ee\/epood\/wp-content\/uploads\/2023\/04\/Tootepilt-3-Varjuga.jpg","width":660,"height":660},{"@type":"BreadcrumbList","@id":"https:\/\/espak.ee\/epood\/toode\/biohuumuse-konsentraat-lilledele-05l\/#breadcrumb","itemListElement":[{"@type":"ListItem","position":1,"name":"Home","item":"https:\/\/espak.ee\/epood\/"},{"@type":"ListItem","position":2,"name":"Tootevalik","item":"https:\/\/espak.ee\/epood\/tootevalik\/"},{"@type":"ListItem","position":3,"name":"BIOHUUMUSE KONSENTRAAT LILLEDELE 0,5L"}]},{"@type":"WebSite","@id":"https:\/\/espak.ee\/epood\/#website","url":"https:\/\/espak.ee\/epood\/","name":"Espak E-pood","description":"","potentialAction":[{"@type":"SearchAction","target":{"@type":"EntryPoint","urlTemplate":"https:\/\/espak.ee\/epood\/?s={search_term_string}"},"query-input":{"@type":"PropertyValueSpecification","valueRequired":true,"valueName":"search_term_string"}}],"inLanguage":"et"}]}},"_links":{"self":[{"href":"https:\/\/espak.ee\/epood\/wp-json\/wp\/v2\/product\/155451","targetHints":{"allow":["GET"]}}],"collection":[{"href":"https:\/\/espak.ee\/epood\/wp-json\/wp\/v2\/product"}],"about":[{"href":"https:\/\/espak.ee\/epood\/wp-json\/wp\/v2\/types\/product"}],"replies":[{"embeddable":true,"href":"https:\/\/espak.ee\/epood\/wp-json\/wp\/v2\/comments?post=155451"}],"wp:featuredmedia":[{"embeddable":true,"href":"https:\/\/espak.ee\/epood\/wp-json\/wp\/v2\/media\/155784"}],"wp:attachment":[{"href":"https:\/\/espak.ee\/epood\/wp-json\/wp\/v2\/media?parent=155451"}],"wp:term":[{"taxonomy":"product_brand","embeddable":true,"href":"https:\/\/espak.ee\/epood\/wp-json\/wp\/v2\/product_brand?post=155451"},{"taxonomy":"product_cat","embeddable":true,"href":"https:\/\/espak.ee\/epood\/wp-json\/wp\/v2\/product_cat?post=155451"},{"taxonomy":"product_tag","embeddable":true,"href":"https:\/\/espak.ee\/epood\/wp-json\/wp\/v2\/product_tag?post=155451"}],"curies":[{"name":"wp","href":"https:\/\/api.w.org\/{rel}","templated":true}]}}