{"id":155434,"date":"2023-04-11T05:10:45","date_gmt":"2023-04-11T02:10:45","guid":{"rendered":"https:\/\/espak.ee\/epood\/?post_type=product&#038;p=155434"},"modified":"2026-04-12T20:04:34","modified_gmt":"2026-04-12T17:04:34","slug":"biohuumus-universaalne-25l","status":"publish","type":"product","link":"https:\/\/espak.ee\/epood\/toode\/biohuumus-universaalne-25l\/","title":{"rendered":"BIOHUUMUS UNIVERSAALNE 2,5L"},"content":{"rendered":"<div class=\"row\"  id=\"row-1355249991\">\n\n\t<div id=\"col-586362932\" class=\"col medium-9 small-12 large-9\"  >\n\t\t\t\t<div class=\"col-inner\"  >\n\t\t\t\n\t\t\t\n<h3>Biohuumus Universaalne mahev\u00e4etis 2,5L <\/h3>\n<p>Biohuumus e vermicompost e vihmaussis\u00f5nnik on uudne \u00f6koloogiliselt puhas, kompleksne, tasakaalustatud ja k\u00f5rge efektiivsusega huumuse koostisse kuuluv t\u00e4isorgaaniline v\u00e4etis k\u00f5igi taimeliikide jaoks.<br \/>\nSeda toodetakse s\u00f5nnikuusside abil orgaanilist ainet \u00fcmber t\u00f6\u00f6deldes. Peamiseks tooraineks on veises\u00f5nnik. Sobivad ka muud nii p\u00f5llumajandusest, t\u00f6\u00f6stusest, kui kodumajapidamisest p\u00e4rinevad orgaanilised j\u00e4\u00e4tmed.<\/p>\n<p><strong>Kasutamise eelised:<\/strong><br \/>\nTagab v\u00e4iksemate kulutustega tervisliku ja \u00f6koloogiliselt puhta toidu, sest:<br \/>\n*On taimedele kergesti omastatav, kiirendab idanemist ja kasvu \u2013 suurem saak rutem k\u00e4tte.<br \/>\n*T\u00f5stab taimede haiguskindlust, saagi kvaliteeti ja maitseomadusi.<br \/>\n*V\u00e4hendab taimedes nitraatide ja nitritite ning muude kahjulike \u00fchendite sisaldust.<br \/>\n*Koheselt kasutatav, loob soodsa keskkonna kasulikele mulla mikroorganismidele.<br \/>\n*Parandab p\u00fcsivalt mulla struktuuri ja m\u00f5jutab mulla viljakust kuni 5 aastat peale v\u00e4etamist.<br \/>\n*Ei sisalda patogeene, kahjurite mune, umbrohtude juuri ja seemneid, on l\u00f5hnatu.<br \/>\n*Pole vaja kasutada mineraalv\u00e4etist, piisab lisav\u00e4etamisest biohuumuse-, v\u00f5i selle leotisega.<br \/>\n*5-10 korda v\u00e4iksem kulunorm v\u00f5rreldes s\u00f5nniku v\u00f5i tavakompostiga.<br \/>\n*100% looduslik, ideaalselt sobilik kasutamiseks mahekasvatuses ning tehiskeskkondades.<\/p>\n<p><strong>Koostis:<\/strong><br \/>\n*Niiskusesisaldus 40-45%, organilise aine kuivkaalus kuni 32% humiinaineid.<br \/>\n*N1-2%; P1,5-3%; K1,2-2%; makroelemendid Na, Ca, Mg; mikroelemendid Fe, Mn jm.<\/p>\n<p> <strong>Kasutamine:<\/strong><br \/>\n*V\u00f5ib taimedele anda aastaringselt, parim m\u00f5ju aktiivsel kasvuperioodil.<br \/>\n*Toataimedele (keskmine suurus) 2-3 supilusikat\u00e4it 2 kuu tagant mulda segada.<br \/>\n*\u00dche- ja mitmeaastaste k\u00f6\u00f6giviljakultuuride (nt tomat, kurk, maasikas, kartul) istutusauku segada 0,2-0,5 liitrit.<br \/>\n*Viljapuude ja -p\u00f5\u00f5saste istutusauku segada s\u00f5ltuvalt istiku suurusest 2-4 liitrit. J\u00e4rgnevatel aastatel lisav\u00e4etisena v\u00f5ra ulatuses 1 liiter\/m\u00b2.<br \/>\n*Ilutaimedele ca kuuendik istutusaugu mahust. Enamike taimegruppide (sh roosid, okaspuud jm p\u00fcsikud) osas vastun\u00e4idustusi ei ole.<br \/>\n*Enne seemnete k\u00fclvi v\u00f5i v\u00e4iksemate taimede (nt k\u00fc\u00fcslauk, sibul jm) istutamist segada mulla pindmisse kihti 1-2 liitrit\/m\u00b2.  Saavutamaks parimat, lisada 1-2 kuu tagant juurde 1 liiter\/m\u00b2.<br \/>\n*Kasvumulla saamiseks segada mulla ja\/v\u00f5i turbaga vahekorras 1:3-5, vajadusel lisada liiva.<\/p>\n<p> *Kastmislahuse saamiseks lisada \u00e4mbri vee kohta 0,2 liitrit biohuumust ja j\u00e4tta \u00f6\u00f6p\u00e4evaks seisma. Valminud lahust lahjendada 1-2 koguse veega. Tahke j\u00e4\u00e4k sobib taimede v\u00e4etamiseks.<\/p>\n<p> *Kogused arvestatud keskmise viljakusega muldadele, v\u00e4heviljakatel v\u00f5ib  kuni 1,5 korda norme suurendada.<br \/>\n*\u00dcledoseerimise ohtu ei ole, kuid taimedele parima kasvukeskkonna loomiseks on m\u00f5istlik j\u00e4lgida soovituslikke koguseid.<br \/>\n*Toode ei aegu, kuid \u00fcle 5 aastasel hoiustamisel v\u00e4heneb m\u00f5ju.<\/p>\n\t\t<\/div>\n\t\t\t\t\t<\/div>\n\n\t\n\n\t<div id=\"col-621507212\" class=\"col medium-3 small-12 large-3\"  >\n\t\t\t\t<div class=\"col-inner\"  >\n\t\t\t\n\t\t\t\n<div class=\"is-divider divider clearfix\" ><\/div>\n<p><strong>\u00dcksikasjalikuma n\u00f5u saamiseks v\u00f5tke \u00fchendust:<br \/><\/strong>Ussimo O\u00dc<br \/>Huntaugu\/1, T\u00e4hkvere k\u00fcla<br \/>48521<br \/>J\u00f5gevamaa<\/p>\n\t\t<\/div>\n\t\t\t\t\t<\/div>\n\n\t\n<\/div>\n","protected":false},"excerpt":{"rendered":"","protected":false},"featured_media":155771,"comment_status":"closed","ping_status":"closed","template":"","meta":[],"product_brand":[],"product_cat":[2789,2788,2879,2880],"product_tag":[],"class_list":{"0":"post-155434","1":"product","2":"type-product","3":"status-publish","4":"has-post-thumbnail","6":"product_cat-aiatarbed","7":"product_cat-aiatarbed-ja-kodukaubad","8":"product_cat-aiaturbad-ja-mullad","9":"product_cat-lillemullad","10":"pa_kaubamark-ussimo-ou","12":"first","13":"instock","14":"sale","15":"taxable","16":"shipping-taxable","17":"purchasable","18":"product-type-simple"},"yoast_head":"<!-- This site is optimized with the Yoast SEO plugin v26.9 - https:\/\/yoast.com\/product\/yoast-seo-wordpress\/ -->\n<title>BIOHUUMUS UNIVERSAALNE 2,5L - Espak E-pood<\/title>\n<meta name=\"robots\" content=\"index, follow, max-snippet:-1, max-image-preview:large, max-video-preview:-1\" \/>\n<link rel=\"canonical\" href=\"https:\/\/espak.ee\/epood\/toode\/biohuumus-universaalne-25l\/\" \/>\n<meta property=\"og:locale\" content=\"et_EE\" \/>\n<meta property=\"og:type\" content=\"article\" \/>\n<meta property=\"og:title\" content=\"BIOHUUMUS UNIVERSAALNE 2,5L - Espak E-pood\" \/>\n<meta property=\"og:url\" content=\"https:\/\/espak.ee\/epood\/toode\/biohuumus-universaalne-25l\/\" \/>\n<meta property=\"og:site_name\" content=\"Espak E-pood\" \/>\n<meta property=\"article:modified_time\" content=\"2026-04-12T17:04:34+00:00\" \/>\n<meta property=\"og:image\" content=\"https:\/\/espak.ee\/epood\/wp-content\/uploads\/2023\/04\/Univarsaalne-Mahevaetis_A-1024x1024.png\" \/>\n\t<meta property=\"og:image:width\" content=\"1024\" \/>\n\t<meta property=\"og:image:height\" content=\"1024\" \/>\n\t<meta property=\"og:image:type\" content=\"image\/png\" \/>\n<meta name=\"twitter:card\" content=\"summary_large_image\" \/>\n<meta name=\"twitter:label1\" content=\"Est. reading time\" \/>\n\t<meta name=\"twitter:data1\" content=\"2 minutit\" \/>\n<script type=\"application\/ld+json\" class=\"yoast-schema-graph\">{\"@context\":\"https:\/\/schema.org\",\"@graph\":[{\"@type\":\"WebPage\",\"@id\":\"https:\/\/espak.ee\/epood\/toode\/biohuumus-universaalne-25l\/\",\"url\":\"https:\/\/espak.ee\/epood\/toode\/biohuumus-universaalne-25l\/\",\"name\":\"BIOHUUMUS UNIVERSAALNE 2,5L - Espak E-pood\",\"isPartOf\":{\"@id\":\"https:\/\/espak.ee\/epood\/#website\"},\"primaryImageOfPage\":{\"@id\":\"https:\/\/espak.ee\/epood\/toode\/biohuumus-universaalne-25l\/#primaryimage\"},\"image\":{\"@id\":\"https:\/\/espak.ee\/epood\/toode\/biohuumus-universaalne-25l\/#primaryimage\"},\"thumbnailUrl\":\"https:\/\/espak.ee\/epood\/wp-content\/uploads\/2023\/04\/Univarsaalne-Mahevaetis_A.png\",\"datePublished\":\"2023-04-11T02:10:45+00:00\",\"dateModified\":\"2026-04-12T17:04:34+00:00\",\"breadcrumb\":{\"@id\":\"https:\/\/espak.ee\/epood\/toode\/biohuumus-universaalne-25l\/#breadcrumb\"},\"inLanguage\":\"et\",\"potentialAction\":[{\"@type\":\"ReadAction\",\"target\":[\"https:\/\/espak.ee\/epood\/toode\/biohuumus-universaalne-25l\/\"]}]},{\"@type\":\"ImageObject\",\"inLanguage\":\"et\",\"@id\":\"https:\/\/espak.ee\/epood\/toode\/biohuumus-universaalne-25l\/#primaryimage\",\"url\":\"https:\/\/espak.ee\/epood\/wp-content\/uploads\/2023\/04\/Univarsaalne-Mahevaetis_A.png\",\"contentUrl\":\"https:\/\/espak.ee\/epood\/wp-content\/uploads\/2023\/04\/Univarsaalne-Mahevaetis_A.png\",\"width\":2048,\"height\":2048},{\"@type\":\"BreadcrumbList\",\"@id\":\"https:\/\/espak.ee\/epood\/toode\/biohuumus-universaalne-25l\/#breadcrumb\",\"itemListElement\":[{\"@type\":\"ListItem\",\"position\":1,\"name\":\"Home\",\"item\":\"https:\/\/espak.ee\/epood\/\"},{\"@type\":\"ListItem\",\"position\":2,\"name\":\"Tootevalik\",\"item\":\"https:\/\/espak.ee\/epood\/tootevalik\/\"},{\"@type\":\"ListItem\",\"position\":3,\"name\":\"BIOHUUMUS UNIVERSAALNE 2,5L\"}]},{\"@type\":\"WebSite\",\"@id\":\"https:\/\/espak.ee\/epood\/#website\",\"url\":\"https:\/\/espak.ee\/epood\/\",\"name\":\"Espak E-pood\",\"description\":\"\",\"potentialAction\":[{\"@type\":\"SearchAction\",\"target\":{\"@type\":\"EntryPoint\",\"urlTemplate\":\"https:\/\/espak.ee\/epood\/?s={search_term_string}\"},\"query-input\":{\"@type\":\"PropertyValueSpecification\",\"valueRequired\":true,\"valueName\":\"search_term_string\"}}],\"inLanguage\":\"et\"}]}<\/script>\n<!-- \/ Yoast SEO plugin. -->","yoast_head_json":{"title":"BIOHUUMUS UNIVERSAALNE 2,5L - Espak E-pood","robots":{"index":"index","follow":"follow","max-snippet":"max-snippet:-1","max-image-preview":"max-image-preview:large","max-video-preview":"max-video-preview:-1"},"canonical":"https:\/\/espak.ee\/epood\/toode\/biohuumus-universaalne-25l\/","og_locale":"et_EE","og_type":"article","og_title":"BIOHUUMUS UNIVERSAALNE 2,5L - Espak E-pood","og_url":"https:\/\/espak.ee\/epood\/toode\/biohuumus-universaalne-25l\/","og_site_name":"Espak E-pood","article_modified_time":"2026-04-12T17:04:34+00:00","og_image":[{"width":1024,"height":1024,"url":"https:\/\/espak.ee\/epood\/wp-content\/uploads\/2023\/04\/Univarsaalne-Mahevaetis_A-1024x1024.png","type":"image\/png"}],"twitter_card":"summary_large_image","twitter_misc":{"Est. reading time":"2 minutit"},"schema":{"@context":"https:\/\/schema.org","@graph":[{"@type":"WebPage","@id":"https:\/\/espak.ee\/epood\/toode\/biohuumus-universaalne-25l\/","url":"https:\/\/espak.ee\/epood\/toode\/biohuumus-universaalne-25l\/","name":"BIOHUUMUS UNIVERSAALNE 2,5L - Espak E-pood","isPartOf":{"@id":"https:\/\/espak.ee\/epood\/#website"},"primaryImageOfPage":{"@id":"https:\/\/espak.ee\/epood\/toode\/biohuumus-universaalne-25l\/#primaryimage"},"image":{"@id":"https:\/\/espak.ee\/epood\/toode\/biohuumus-universaalne-25l\/#primaryimage"},"thumbnailUrl":"https:\/\/espak.ee\/epood\/wp-content\/uploads\/2023\/04\/Univarsaalne-Mahevaetis_A.png","datePublished":"2023-04-11T02:10:45+00:00","dateModified":"2026-04-12T17:04:34+00:00","breadcrumb":{"@id":"https:\/\/espak.ee\/epood\/toode\/biohuumus-universaalne-25l\/#breadcrumb"},"inLanguage":"et","potentialAction":[{"@type":"ReadAction","target":["https:\/\/espak.ee\/epood\/toode\/biohuumus-universaalne-25l\/"]}]},{"@type":"ImageObject","inLanguage":"et","@id":"https:\/\/espak.ee\/epood\/toode\/biohuumus-universaalne-25l\/#primaryimage","url":"https:\/\/espak.ee\/epood\/wp-content\/uploads\/2023\/04\/Univarsaalne-Mahevaetis_A.png","contentUrl":"https:\/\/espak.ee\/epood\/wp-content\/uploads\/2023\/04\/Univarsaalne-Mahevaetis_A.png","width":2048,"height":2048},{"@type":"BreadcrumbList","@id":"https:\/\/espak.ee\/epood\/toode\/biohuumus-universaalne-25l\/#breadcrumb","itemListElement":[{"@type":"ListItem","position":1,"name":"Home","item":"https:\/\/espak.ee\/epood\/"},{"@type":"ListItem","position":2,"name":"Tootevalik","item":"https:\/\/espak.ee\/epood\/tootevalik\/"},{"@type":"ListItem","position":3,"name":"BIOHUUMUS UNIVERSAALNE 2,5L"}]},{"@type":"WebSite","@id":"https:\/\/espak.ee\/epood\/#website","url":"https:\/\/espak.ee\/epood\/","name":"Espak E-pood","description":"","potentialAction":[{"@type":"SearchAction","target":{"@type":"EntryPoint","urlTemplate":"https:\/\/espak.ee\/epood\/?s={search_term_string}"},"query-input":{"@type":"PropertyValueSpecification","valueRequired":true,"valueName":"search_term_string"}}],"inLanguage":"et"}]}},"_links":{"self":[{"href":"https:\/\/espak.ee\/epood\/wp-json\/wp\/v2\/product\/155434","targetHints":{"allow":["GET"]}}],"collection":[{"href":"https:\/\/espak.ee\/epood\/wp-json\/wp\/v2\/product"}],"about":[{"href":"https:\/\/espak.ee\/epood\/wp-json\/wp\/v2\/types\/product"}],"replies":[{"embeddable":true,"href":"https:\/\/espak.ee\/epood\/wp-json\/wp\/v2\/comments?post=155434"}],"wp:featuredmedia":[{"embeddable":true,"href":"https:\/\/espak.ee\/epood\/wp-json\/wp\/v2\/media\/155771"}],"wp:attachment":[{"href":"https:\/\/espak.ee\/epood\/wp-json\/wp\/v2\/media?parent=155434"}],"wp:term":[{"taxonomy":"product_brand","embeddable":true,"href":"https:\/\/espak.ee\/epood\/wp-json\/wp\/v2\/product_brand?post=155434"},{"taxonomy":"product_cat","embeddable":true,"href":"https:\/\/espak.ee\/epood\/wp-json\/wp\/v2\/product_cat?post=155434"},{"taxonomy":"product_tag","embeddable":true,"href":"https:\/\/espak.ee\/epood\/wp-json\/wp\/v2\/product_tag?post=155434"}],"curies":[{"name":"wp","href":"https:\/\/api.w.org\/{rel}","templated":true}]}}