{"id":155433,"date":"2023-04-11T05:10:45","date_gmt":"2023-04-11T02:10:45","guid":{"rendered":"https:\/\/espak.ee\/epood\/?post_type=product&#038;p=155433"},"modified":"2026-03-21T02:04:22","modified_gmt":"2026-03-21T00:04:22","slug":"ettekasvatussegu-biohuumusega-5l","status":"publish","type":"product","link":"https:\/\/espak.ee\/epood\/toode\/ettekasvatussegu-biohuumusega-5l\/","title":{"rendered":"ETTEKASVATUSSEGU BIOHUUMUSEGA 5L"},"content":{"rendered":"<div class=\"row\"  id=\"row-1855291081\">\n\n\t<div id=\"col-1439062472\" class=\"col medium-9 small-12 large-9\"  >\n\t\t\t\t<div class=\"col-inner\"  >\n\t\t\t\n\t\t\t\n<h3>Ettekasvatussegu biohuumusega 5L <\/h3>\n<p>Sobib seemnete k\u00fclviks ja taimede ettekasvatamiseks. Segu koostis on v\u00e4lja t\u00f6\u00f6tatud selliselt, et seeme saaks v\u00e4ga h\u00e4sti idaneda ja juurduda, misj\u00e4rel vajab taim \u00fcmberistutamist rammusasse p\u00fcsikusegusse v\u00f5i lisav\u00e4etamist vedela biohuumusega. Samuti on segu suure imamisv\u00f5imega ja t\u00e4nu sellel tagab taimele optimaalse niiskustaseme. 2017 aastal saavutas meie ettekasvatussegu Maakodu k\u00fclvimuldade testil suurte Soome firmade ees parima tulemuse.<\/p>\n<p>Sobilik ka p\u00fcsikute, maitsetaimede ja k\u00f6\u00f6giviljade kasvatamiseks toas, katmikalal ja v\u00e4litingimustes. Hea kasutamiseks r\u00f5dukastides ja terrasspeenardes. Vajab 1 kuu m\u00f6\u00f6dumisel lisav\u00e4etamist biohuumusega v\u00f5i kastmist vedela biohuumusega.<\/p>\n<p>Koostis: Biohuumus, hele kvaliteetturvas, liiv, dolomiidituhk. Ei ole lisatud mineraalv\u00e4etist.\n <\/p>\n\t\t<\/div>\n\t\t\t\t\t<\/div>\n\n\t\n\n\t<div id=\"col-1258965654\" class=\"col medium-3 small-12 large-3\"  >\n\t\t\t\t<div class=\"col-inner\"  >\n\t\t\t\n\t\t\t\n<div class=\"is-divider divider clearfix\" ><\/div>\n<p><strong>\u00dcksikasjalikuma n\u00f5u saamiseks v\u00f5tke \u00fchendust:<br \/><\/strong>Ussimo O\u00dc<br \/>Huntaugu\/1, T\u00e4hkvere k\u00fcla<br \/>48521<br \/>J\u00f5gevamaa<\/p>\n\t\t<\/div>\n\t\t\t\t\t<\/div>\n\n\t\n<\/div>\n","protected":false},"excerpt":{"rendered":"","protected":false},"featured_media":155788,"comment_status":"closed","ping_status":"closed","template":"","meta":[],"product_brand":[],"product_cat":[2789,2788,2879,2880],"product_tag":[],"class_list":{"0":"post-155433","1":"product","2":"type-product","3":"status-publish","4":"has-post-thumbnail","6":"product_cat-aiatarbed","7":"product_cat-aiatarbed-ja-kodukaubad","8":"product_cat-aiaturbad-ja-mullad","9":"product_cat-lillemullad","10":"pa_kaubamark-ussimo-ou","12":"first","13":"instock","14":"sale","15":"taxable","16":"shipping-taxable","17":"purchasable","18":"product-type-simple"},"yoast_head":"<!-- This site is optimized with the Yoast SEO plugin v26.9 - https:\/\/yoast.com\/product\/yoast-seo-wordpress\/ -->\n<title>ETTEKASVATUSSEGU BIOHUUMUSEGA 5L - Espak E-pood<\/title>\n<meta name=\"robots\" content=\"index, follow, max-snippet:-1, max-image-preview:large, max-video-preview:-1\" \/>\n<link rel=\"canonical\" href=\"https:\/\/espak.ee\/epood\/toode\/ettekasvatussegu-biohuumusega-5l\/\" \/>\n<meta property=\"og:locale\" content=\"et_EE\" \/>\n<meta property=\"og:type\" content=\"article\" \/>\n<meta property=\"og:title\" content=\"ETTEKASVATUSSEGU BIOHUUMUSEGA 5L - Espak E-pood\" \/>\n<meta property=\"og:url\" content=\"https:\/\/espak.ee\/epood\/toode\/ettekasvatussegu-biohuumusega-5l\/\" \/>\n<meta property=\"og:site_name\" content=\"Espak E-pood\" \/>\n<meta property=\"article:modified_time\" content=\"2026-03-21T00:04:22+00:00\" \/>\n<meta property=\"og:image\" content=\"https:\/\/espak.ee\/epood\/wp-content\/uploads\/2023\/04\/Ettekasvatussegu_A-1024x1024.png\" \/>\n\t<meta property=\"og:image:width\" content=\"1024\" \/>\n\t<meta property=\"og:image:height\" content=\"1024\" \/>\n\t<meta property=\"og:image:type\" content=\"image\/png\" \/>\n<meta name=\"twitter:card\" content=\"summary_large_image\" \/>\n<meta name=\"twitter:label1\" content=\"Est. reading time\" \/>\n\t<meta name=\"twitter:data1\" content=\"1 minut\" \/>\n<script type=\"application\/ld+json\" class=\"yoast-schema-graph\">{\"@context\":\"https:\/\/schema.org\",\"@graph\":[{\"@type\":\"WebPage\",\"@id\":\"https:\/\/espak.ee\/epood\/toode\/ettekasvatussegu-biohuumusega-5l\/\",\"url\":\"https:\/\/espak.ee\/epood\/toode\/ettekasvatussegu-biohuumusega-5l\/\",\"name\":\"ETTEKASVATUSSEGU BIOHUUMUSEGA 5L - Espak E-pood\",\"isPartOf\":{\"@id\":\"https:\/\/espak.ee\/epood\/#website\"},\"primaryImageOfPage\":{\"@id\":\"https:\/\/espak.ee\/epood\/toode\/ettekasvatussegu-biohuumusega-5l\/#primaryimage\"},\"image\":{\"@id\":\"https:\/\/espak.ee\/epood\/toode\/ettekasvatussegu-biohuumusega-5l\/#primaryimage\"},\"thumbnailUrl\":\"https:\/\/espak.ee\/epood\/wp-content\/uploads\/2023\/04\/Ettekasvatussegu_A.png\",\"datePublished\":\"2023-04-11T02:10:45+00:00\",\"dateModified\":\"2026-03-21T00:04:22+00:00\",\"breadcrumb\":{\"@id\":\"https:\/\/espak.ee\/epood\/toode\/ettekasvatussegu-biohuumusega-5l\/#breadcrumb\"},\"inLanguage\":\"et\",\"potentialAction\":[{\"@type\":\"ReadAction\",\"target\":[\"https:\/\/espak.ee\/epood\/toode\/ettekasvatussegu-biohuumusega-5l\/\"]}]},{\"@type\":\"ImageObject\",\"inLanguage\":\"et\",\"@id\":\"https:\/\/espak.ee\/epood\/toode\/ettekasvatussegu-biohuumusega-5l\/#primaryimage\",\"url\":\"https:\/\/espak.ee\/epood\/wp-content\/uploads\/2023\/04\/Ettekasvatussegu_A.png\",\"contentUrl\":\"https:\/\/espak.ee\/epood\/wp-content\/uploads\/2023\/04\/Ettekasvatussegu_A.png\",\"width\":2048,\"height\":2048},{\"@type\":\"BreadcrumbList\",\"@id\":\"https:\/\/espak.ee\/epood\/toode\/ettekasvatussegu-biohuumusega-5l\/#breadcrumb\",\"itemListElement\":[{\"@type\":\"ListItem\",\"position\":1,\"name\":\"Home\",\"item\":\"https:\/\/espak.ee\/epood\/\"},{\"@type\":\"ListItem\",\"position\":2,\"name\":\"Tootevalik\",\"item\":\"https:\/\/espak.ee\/epood\/tootevalik\/\"},{\"@type\":\"ListItem\",\"position\":3,\"name\":\"ETTEKASVATUSSEGU BIOHUUMUSEGA 5L\"}]},{\"@type\":\"WebSite\",\"@id\":\"https:\/\/espak.ee\/epood\/#website\",\"url\":\"https:\/\/espak.ee\/epood\/\",\"name\":\"Espak E-pood\",\"description\":\"\",\"potentialAction\":[{\"@type\":\"SearchAction\",\"target\":{\"@type\":\"EntryPoint\",\"urlTemplate\":\"https:\/\/espak.ee\/epood\/?s={search_term_string}\"},\"query-input\":{\"@type\":\"PropertyValueSpecification\",\"valueRequired\":true,\"valueName\":\"search_term_string\"}}],\"inLanguage\":\"et\"}]}<\/script>\n<!-- \/ Yoast SEO plugin. -->","yoast_head_json":{"title":"ETTEKASVATUSSEGU BIOHUUMUSEGA 5L - Espak E-pood","robots":{"index":"index","follow":"follow","max-snippet":"max-snippet:-1","max-image-preview":"max-image-preview:large","max-video-preview":"max-video-preview:-1"},"canonical":"https:\/\/espak.ee\/epood\/toode\/ettekasvatussegu-biohuumusega-5l\/","og_locale":"et_EE","og_type":"article","og_title":"ETTEKASVATUSSEGU BIOHUUMUSEGA 5L - Espak E-pood","og_url":"https:\/\/espak.ee\/epood\/toode\/ettekasvatussegu-biohuumusega-5l\/","og_site_name":"Espak E-pood","article_modified_time":"2026-03-21T00:04:22+00:00","og_image":[{"width":1024,"height":1024,"url":"https:\/\/espak.ee\/epood\/wp-content\/uploads\/2023\/04\/Ettekasvatussegu_A-1024x1024.png","type":"image\/png"}],"twitter_card":"summary_large_image","twitter_misc":{"Est. reading time":"1 minut"},"schema":{"@context":"https:\/\/schema.org","@graph":[{"@type":"WebPage","@id":"https:\/\/espak.ee\/epood\/toode\/ettekasvatussegu-biohuumusega-5l\/","url":"https:\/\/espak.ee\/epood\/toode\/ettekasvatussegu-biohuumusega-5l\/","name":"ETTEKASVATUSSEGU BIOHUUMUSEGA 5L - Espak E-pood","isPartOf":{"@id":"https:\/\/espak.ee\/epood\/#website"},"primaryImageOfPage":{"@id":"https:\/\/espak.ee\/epood\/toode\/ettekasvatussegu-biohuumusega-5l\/#primaryimage"},"image":{"@id":"https:\/\/espak.ee\/epood\/toode\/ettekasvatussegu-biohuumusega-5l\/#primaryimage"},"thumbnailUrl":"https:\/\/espak.ee\/epood\/wp-content\/uploads\/2023\/04\/Ettekasvatussegu_A.png","datePublished":"2023-04-11T02:10:45+00:00","dateModified":"2026-03-21T00:04:22+00:00","breadcrumb":{"@id":"https:\/\/espak.ee\/epood\/toode\/ettekasvatussegu-biohuumusega-5l\/#breadcrumb"},"inLanguage":"et","potentialAction":[{"@type":"ReadAction","target":["https:\/\/espak.ee\/epood\/toode\/ettekasvatussegu-biohuumusega-5l\/"]}]},{"@type":"ImageObject","inLanguage":"et","@id":"https:\/\/espak.ee\/epood\/toode\/ettekasvatussegu-biohuumusega-5l\/#primaryimage","url":"https:\/\/espak.ee\/epood\/wp-content\/uploads\/2023\/04\/Ettekasvatussegu_A.png","contentUrl":"https:\/\/espak.ee\/epood\/wp-content\/uploads\/2023\/04\/Ettekasvatussegu_A.png","width":2048,"height":2048},{"@type":"BreadcrumbList","@id":"https:\/\/espak.ee\/epood\/toode\/ettekasvatussegu-biohuumusega-5l\/#breadcrumb","itemListElement":[{"@type":"ListItem","position":1,"name":"Home","item":"https:\/\/espak.ee\/epood\/"},{"@type":"ListItem","position":2,"name":"Tootevalik","item":"https:\/\/espak.ee\/epood\/tootevalik\/"},{"@type":"ListItem","position":3,"name":"ETTEKASVATUSSEGU BIOHUUMUSEGA 5L"}]},{"@type":"WebSite","@id":"https:\/\/espak.ee\/epood\/#website","url":"https:\/\/espak.ee\/epood\/","name":"Espak E-pood","description":"","potentialAction":[{"@type":"SearchAction","target":{"@type":"EntryPoint","urlTemplate":"https:\/\/espak.ee\/epood\/?s={search_term_string}"},"query-input":{"@type":"PropertyValueSpecification","valueRequired":true,"valueName":"search_term_string"}}],"inLanguage":"et"}]}},"_links":{"self":[{"href":"https:\/\/espak.ee\/epood\/wp-json\/wp\/v2\/product\/155433","targetHints":{"allow":["GET"]}}],"collection":[{"href":"https:\/\/espak.ee\/epood\/wp-json\/wp\/v2\/product"}],"about":[{"href":"https:\/\/espak.ee\/epood\/wp-json\/wp\/v2\/types\/product"}],"replies":[{"embeddable":true,"href":"https:\/\/espak.ee\/epood\/wp-json\/wp\/v2\/comments?post=155433"}],"wp:featuredmedia":[{"embeddable":true,"href":"https:\/\/espak.ee\/epood\/wp-json\/wp\/v2\/media\/155788"}],"wp:attachment":[{"href":"https:\/\/espak.ee\/epood\/wp-json\/wp\/v2\/media?parent=155433"}],"wp:term":[{"taxonomy":"product_brand","embeddable":true,"href":"https:\/\/espak.ee\/epood\/wp-json\/wp\/v2\/product_brand?post=155433"},{"taxonomy":"product_cat","embeddable":true,"href":"https:\/\/espak.ee\/epood\/wp-json\/wp\/v2\/product_cat?post=155433"},{"taxonomy":"product_tag","embeddable":true,"href":"https:\/\/espak.ee\/epood\/wp-json\/wp\/v2\/product_tag?post=155433"}],"curies":[{"name":"wp","href":"https:\/\/api.w.org\/{rel}","templated":true}]}}