{"id":15531,"date":"2020-02-20T03:10:59","date_gmt":"2020-02-20T01:10:59","guid":{"rendered":"https:\/\/espak.ee\/hinnakiri\/?post_type=product&#038;p=15531"},"modified":"2026-02-17T09:07:38","modified_gmt":"2026-02-17T07:07:38","slug":"terrassi-olitamise-padi-anza-2-in-1-319800","status":"publish","type":"product","link":"https:\/\/espak.ee\/epood\/toode\/terrassi-olitamise-padi-anza-2-in-1-319800\/","title":{"rendered":"TERRASSIPADI ANZA 2-IN-1"},"content":{"rendered":"<div class=\"row\"  id=\"row-908934736\">\n\n\t<div id=\"col-306402909\" class=\"col medium-9 small-12 large-9\"  >\n\t\t\t\t<div class=\"col-inner\"  >\n\t\t\t\n\t\t\t\n<h3>Terrassi \u00f5litamise padi Anza 2-in-1<\/h3>\n<p>Kaks \u00fches terrassipadi terrassi \u00f5litamiseks ja lihvimiseks. Terrassipadjale saab kinnitada \u00f5litamise padja v\u00f5i takjakinnitusega lihvpaberi. Sobib vee- v\u00f5i lahustip\u00f5histele puidu\u00f5lidele. Muudab t\u00f6\u00f6 tegemise oluliselt efektiivsemaks ja mugavamaks v\u00f5rreldes pintsliga. Terrassipadjaga \u00f5litades saab pinnale kanda \u00fchtlase \u00f5hukese kihi (u. kahele terrassilauale korraga).<br \/>\nSobib kasutada koos Anza pikendusvarrega. <\/p>\n\t<div id=\"gap-122066644\" class=\"gap-element clearfix\" style=\"display:block; height:auto;\">\n\t\t\n<style>\n#gap-122066644 {\n  padding-top: 30px;\n}\n<\/style>\n\t<\/div>\n\t\n\t\t<\/div>\n\t\t\t\t\t<\/div>\n\n\t\n\n\t<div id=\"col-873688804\" class=\"col medium-3 small-12 large-3\"  >\n\t\t\t\t<div class=\"col-inner\"  >\n\t\t\t\n\t\t\t\n<h3>K\u00fcsi v\u00e4rvimisalast n\u00f5u:<\/h3>\n<p><a href=\"https:\/\/www.vivacolor.ee\/varviliin\" target=\"_blank\" rel=\"noopener noreferrer\"><img decoding=\"async\" class=\"alignnone size-full\" src=\"https:\/\/espak.ee\/epood\/wp-content\/uploads\/2023\/05\/TIK_Color_Line_EST2022_vert_BG_turqoise.jpg\" alt=\"\" width=\"158\" height=\"234\" \/><\/a><\/p>\n\t\t<\/div>\n\t\t\t\t\t<\/div>\n\n\t\n<\/div>\n","protected":false},"excerpt":{"rendered":"","protected":false},"featured_media":46295,"comment_status":"closed","ping_status":"closed","template":"","meta":[],"product_brand":[],"product_cat":[2715,2716,2830,2683],"product_tag":[],"class_list":{"0":"post-15531","1":"product","2":"type-product","3":"status-publish","4":"has-post-thumbnail","6":"product_cat-maalritarbed","7":"product_cat-maalritarbed-maalritarbed","8":"product_cat-varvirullid-ja-tarvikud","9":"product_cat-viimistluskaubad","10":"pa_kaubamark-tikkurila","12":"first","13":"instock","14":"sale","15":"taxable","16":"shipping-taxable","17":"purchasable","18":"product-type-simple"},"yoast_head":"<!-- This site is optimized with the Yoast SEO plugin v26.9 - https:\/\/yoast.com\/product\/yoast-seo-wordpress\/ -->\n<title>TERRASSIPADI ANZA 2-IN-1 - Espak E-pood<\/title>\n<meta name=\"robots\" content=\"index, follow, max-snippet:-1, max-image-preview:large, max-video-preview:-1\" \/>\n<link rel=\"canonical\" href=\"https:\/\/espak.ee\/epood\/toode\/terrassi-olitamise-padi-anza-2-in-1-319800\/\" \/>\n<meta property=\"og:locale\" content=\"et_EE\" \/>\n<meta property=\"og:type\" content=\"article\" \/>\n<meta property=\"og:title\" content=\"TERRASSIPADI ANZA 2-IN-1 - Espak E-pood\" \/>\n<meta property=\"og:url\" content=\"https:\/\/espak.ee\/epood\/toode\/terrassi-olitamise-padi-anza-2-in-1-319800\/\" \/>\n<meta property=\"og:site_name\" content=\"Espak E-pood\" \/>\n<meta property=\"article:modified_time\" content=\"2026-02-17T07:07:38+00:00\" \/>\n<meta property=\"og:image\" content=\"https:\/\/espak.ee\/epood\/wp-content\/uploads\/319800.jpg\" \/>\n\t<meta property=\"og:image:width\" content=\"1080\" \/>\n\t<meta property=\"og:image:height\" content=\"1080\" \/>\n\t<meta property=\"og:image:type\" content=\"image\/jpeg\" \/>\n<meta name=\"twitter:card\" content=\"summary_large_image\" \/>\n<script type=\"application\/ld+json\" class=\"yoast-schema-graph\">{\"@context\":\"https:\/\/schema.org\",\"@graph\":[{\"@type\":\"WebPage\",\"@id\":\"https:\/\/espak.ee\/epood\/toode\/terrassi-olitamise-padi-anza-2-in-1-319800\/\",\"url\":\"https:\/\/espak.ee\/epood\/toode\/terrassi-olitamise-padi-anza-2-in-1-319800\/\",\"name\":\"TERRASSIPADI ANZA 2-IN-1 - Espak E-pood\",\"isPartOf\":{\"@id\":\"https:\/\/espak.ee\/epood\/#website\"},\"primaryImageOfPage\":{\"@id\":\"https:\/\/espak.ee\/epood\/toode\/terrassi-olitamise-padi-anza-2-in-1-319800\/#primaryimage\"},\"image\":{\"@id\":\"https:\/\/espak.ee\/epood\/toode\/terrassi-olitamise-padi-anza-2-in-1-319800\/#primaryimage\"},\"thumbnailUrl\":\"https:\/\/espak.ee\/epood\/wp-content\/uploads\/319800.jpg\",\"datePublished\":\"2020-02-20T01:10:59+00:00\",\"dateModified\":\"2026-02-17T07:07:38+00:00\",\"breadcrumb\":{\"@id\":\"https:\/\/espak.ee\/epood\/toode\/terrassi-olitamise-padi-anza-2-in-1-319800\/#breadcrumb\"},\"inLanguage\":\"et\",\"potentialAction\":[{\"@type\":\"ReadAction\",\"target\":[\"https:\/\/espak.ee\/epood\/toode\/terrassi-olitamise-padi-anza-2-in-1-319800\/\"]}]},{\"@type\":\"ImageObject\",\"inLanguage\":\"et\",\"@id\":\"https:\/\/espak.ee\/epood\/toode\/terrassi-olitamise-padi-anza-2-in-1-319800\/#primaryimage\",\"url\":\"https:\/\/espak.ee\/epood\/wp-content\/uploads\/319800.jpg\",\"contentUrl\":\"https:\/\/espak.ee\/epood\/wp-content\/uploads\/319800.jpg\",\"width\":1080,\"height\":1080},{\"@type\":\"BreadcrumbList\",\"@id\":\"https:\/\/espak.ee\/epood\/toode\/terrassi-olitamise-padi-anza-2-in-1-319800\/#breadcrumb\",\"itemListElement\":[{\"@type\":\"ListItem\",\"position\":1,\"name\":\"Home\",\"item\":\"https:\/\/espak.ee\/epood\/\"},{\"@type\":\"ListItem\",\"position\":2,\"name\":\"Tootevalik\",\"item\":\"https:\/\/espak.ee\/epood\/tootevalik\/\"},{\"@type\":\"ListItem\",\"position\":3,\"name\":\"TERRASSIPADI ANZA 2-IN-1\"}]},{\"@type\":\"WebSite\",\"@id\":\"https:\/\/espak.ee\/epood\/#website\",\"url\":\"https:\/\/espak.ee\/epood\/\",\"name\":\"Espak E-pood\",\"description\":\"\",\"potentialAction\":[{\"@type\":\"SearchAction\",\"target\":{\"@type\":\"EntryPoint\",\"urlTemplate\":\"https:\/\/espak.ee\/epood\/?s={search_term_string}\"},\"query-input\":{\"@type\":\"PropertyValueSpecification\",\"valueRequired\":true,\"valueName\":\"search_term_string\"}}],\"inLanguage\":\"et\"}]}<\/script>\n<!-- \/ Yoast SEO plugin. -->","yoast_head_json":{"title":"TERRASSIPADI ANZA 2-IN-1 - Espak E-pood","robots":{"index":"index","follow":"follow","max-snippet":"max-snippet:-1","max-image-preview":"max-image-preview:large","max-video-preview":"max-video-preview:-1"},"canonical":"https:\/\/espak.ee\/epood\/toode\/terrassi-olitamise-padi-anza-2-in-1-319800\/","og_locale":"et_EE","og_type":"article","og_title":"TERRASSIPADI ANZA 2-IN-1 - Espak E-pood","og_url":"https:\/\/espak.ee\/epood\/toode\/terrassi-olitamise-padi-anza-2-in-1-319800\/","og_site_name":"Espak E-pood","article_modified_time":"2026-02-17T07:07:38+00:00","og_image":[{"width":1080,"height":1080,"url":"https:\/\/espak.ee\/epood\/wp-content\/uploads\/319800.jpg","type":"image\/jpeg"}],"twitter_card":"summary_large_image","schema":{"@context":"https:\/\/schema.org","@graph":[{"@type":"WebPage","@id":"https:\/\/espak.ee\/epood\/toode\/terrassi-olitamise-padi-anza-2-in-1-319800\/","url":"https:\/\/espak.ee\/epood\/toode\/terrassi-olitamise-padi-anza-2-in-1-319800\/","name":"TERRASSIPADI ANZA 2-IN-1 - Espak E-pood","isPartOf":{"@id":"https:\/\/espak.ee\/epood\/#website"},"primaryImageOfPage":{"@id":"https:\/\/espak.ee\/epood\/toode\/terrassi-olitamise-padi-anza-2-in-1-319800\/#primaryimage"},"image":{"@id":"https:\/\/espak.ee\/epood\/toode\/terrassi-olitamise-padi-anza-2-in-1-319800\/#primaryimage"},"thumbnailUrl":"https:\/\/espak.ee\/epood\/wp-content\/uploads\/319800.jpg","datePublished":"2020-02-20T01:10:59+00:00","dateModified":"2026-02-17T07:07:38+00:00","breadcrumb":{"@id":"https:\/\/espak.ee\/epood\/toode\/terrassi-olitamise-padi-anza-2-in-1-319800\/#breadcrumb"},"inLanguage":"et","potentialAction":[{"@type":"ReadAction","target":["https:\/\/espak.ee\/epood\/toode\/terrassi-olitamise-padi-anza-2-in-1-319800\/"]}]},{"@type":"ImageObject","inLanguage":"et","@id":"https:\/\/espak.ee\/epood\/toode\/terrassi-olitamise-padi-anza-2-in-1-319800\/#primaryimage","url":"https:\/\/espak.ee\/epood\/wp-content\/uploads\/319800.jpg","contentUrl":"https:\/\/espak.ee\/epood\/wp-content\/uploads\/319800.jpg","width":1080,"height":1080},{"@type":"BreadcrumbList","@id":"https:\/\/espak.ee\/epood\/toode\/terrassi-olitamise-padi-anza-2-in-1-319800\/#breadcrumb","itemListElement":[{"@type":"ListItem","position":1,"name":"Home","item":"https:\/\/espak.ee\/epood\/"},{"@type":"ListItem","position":2,"name":"Tootevalik","item":"https:\/\/espak.ee\/epood\/tootevalik\/"},{"@type":"ListItem","position":3,"name":"TERRASSIPADI ANZA 2-IN-1"}]},{"@type":"WebSite","@id":"https:\/\/espak.ee\/epood\/#website","url":"https:\/\/espak.ee\/epood\/","name":"Espak E-pood","description":"","potentialAction":[{"@type":"SearchAction","target":{"@type":"EntryPoint","urlTemplate":"https:\/\/espak.ee\/epood\/?s={search_term_string}"},"query-input":{"@type":"PropertyValueSpecification","valueRequired":true,"valueName":"search_term_string"}}],"inLanguage":"et"}]}},"_links":{"self":[{"href":"https:\/\/espak.ee\/epood\/wp-json\/wp\/v2\/product\/15531","targetHints":{"allow":["GET"]}}],"collection":[{"href":"https:\/\/espak.ee\/epood\/wp-json\/wp\/v2\/product"}],"about":[{"href":"https:\/\/espak.ee\/epood\/wp-json\/wp\/v2\/types\/product"}],"replies":[{"embeddable":true,"href":"https:\/\/espak.ee\/epood\/wp-json\/wp\/v2\/comments?post=15531"}],"wp:featuredmedia":[{"embeddable":true,"href":"https:\/\/espak.ee\/epood\/wp-json\/wp\/v2\/media\/46295"}],"wp:attachment":[{"href":"https:\/\/espak.ee\/epood\/wp-json\/wp\/v2\/media?parent=15531"}],"wp:term":[{"taxonomy":"product_brand","embeddable":true,"href":"https:\/\/espak.ee\/epood\/wp-json\/wp\/v2\/product_brand?post=15531"},{"taxonomy":"product_cat","embeddable":true,"href":"https:\/\/espak.ee\/epood\/wp-json\/wp\/v2\/product_cat?post=15531"},{"taxonomy":"product_tag","embeddable":true,"href":"https:\/\/espak.ee\/epood\/wp-json\/wp\/v2\/product_tag?post=15531"}],"curies":[{"name":"wp","href":"https:\/\/api.w.org\/{rel}","templated":true}]}}