{"id":15479,"date":"2020-02-19T03:11:00","date_gmt":"2020-02-19T01:11:00","guid":{"rendered":"https:\/\/espak.ee\/hinnakiri\/?post_type=product&#038;p=15479"},"modified":"2026-02-13T11:15:17","modified_gmt":"2026-02-13T09:15:17","slug":"uhendusplaat-1203002","status":"publish","type":"product","link":"https:\/\/espak.ee\/epood\/toode\/uhendusplaat-1203002\/","title":{"rendered":"\u00dcHENDUSPLAAT 120*300*2"},"content":{"rendered":"<div class=\"row\"  id=\"row-43500681\">\n\n\t<div id=\"col-1136194940\" class=\"col medium-9 small-12 large-9\"  >\n\t\t\t\t<div class=\"col-inner\"  >\n\t\t\t\n\t\t\t\n<p><strong>Kasutamine<\/strong><br \/>\nFMG naelutusplaatidel on puitkonstruktsioonide ehituses palju erinevaid rakendusi. Neid kasutatakse eelk\u00f5ige s\u00f5restike ja liittalade valmistamiseks.<\/p>\n<p><strong>Paigaldamine<\/strong><br \/>\nFMG naelutusplaadid kinnitatakse 4,0 mm klassi III ankurnaelte v\u00f5i v\u00f5rdv\u00e4\u00e4rsete kruvidega (5,0 mm), kusjuures paigalduss\u00fcgavus on v\u00e4hemalt 40 mm. \u00dchendatavad puitdetailid peavad olema \u00fchelaiused. \u00dche liitekoha kohta tuleb alati kasutada kaht naelutusplaati ja plaadi k\u00f5ige v\u00e4limised naelad\/kruvid kinnitatakse esimesena. Serva- ja otsakauguse puhul tuleb j\u00e4rgida puittarindeid k\u00e4sitleva standardi n\u00f5udeid.<\/p>\n<p><strong>Terase margid<\/strong><br \/>\n2,0 mm DX 53 + Z 275 standardi DIN 1052 kohaselt.<\/p>\n<p>FMG naelutusplaadid valmistatakse standardi DIN EN 14545 kohaselt.<br \/>\nToode omab CE-m\u00e4rgist.<\/p>\n\t\t<\/div>\n\t\t\t\t\t<\/div>\n\n\t\n<\/div>\n","protected":false},"excerpt":{"rendered":"","protected":false},"featured_media":15559,"comment_status":"closed","ping_status":"open","template":"","meta":[],"product_brand":[],"product_cat":[2917,2918,2893,2925],"product_tag":[],"class_list":{"0":"post-15479","1":"product","2":"type-product","3":"status-publish","4":"has-post-thumbnail","6":"product_cat-kinnitustarvikud","7":"product_cat-metallnurgad","8":"product_cat-rauakaubad","9":"product_cat-uhendusplaadid","10":"pa_kaubamark-frap-metall-gmbh-co-kg","12":"first","13":"instock","14":"sale","15":"taxable","16":"shipping-taxable","17":"purchasable","18":"product-type-simple"},"yoast_head":"<!-- This site is optimized with the Yoast SEO plugin v26.9 - https:\/\/yoast.com\/product\/yoast-seo-wordpress\/ -->\n<title>\u00dcHENDUSPLAAT 120*300*2 - Espak E-pood<\/title>\n<meta name=\"robots\" content=\"index, follow, max-snippet:-1, max-image-preview:large, max-video-preview:-1\" \/>\n<link rel=\"canonical\" href=\"https:\/\/espak.ee\/epood\/toode\/uhendusplaat-1203002\/\" \/>\n<meta property=\"og:locale\" content=\"et_EE\" \/>\n<meta property=\"og:type\" content=\"article\" \/>\n<meta property=\"og:title\" content=\"\u00dcHENDUSPLAAT 120*300*2 - Espak E-pood\" \/>\n<meta property=\"og:url\" content=\"https:\/\/espak.ee\/epood\/toode\/uhendusplaat-1203002\/\" \/>\n<meta property=\"og:site_name\" content=\"Espak E-pood\" \/>\n<meta property=\"article:modified_time\" content=\"2026-02-13T09:15:17+00:00\" \/>\n<meta property=\"og:image\" content=\"https:\/\/espak.ee\/epood\/wp-content\/uploads\/\u00dcHENDUSPLAAT-120x300x2.jpg\" \/>\n\t<meta property=\"og:image:width\" content=\"1000\" \/>\n\t<meta property=\"og:image:height\" content=\"1000\" \/>\n\t<meta property=\"og:image:type\" content=\"image\/jpeg\" \/>\n<meta name=\"twitter:card\" content=\"summary_large_image\" \/>\n<meta name=\"twitter:label1\" content=\"Est. reading time\" \/>\n\t<meta name=\"twitter:data1\" content=\"1 minut\" \/>\n<script type=\"application\/ld+json\" class=\"yoast-schema-graph\">{\"@context\":\"https:\/\/schema.org\",\"@graph\":[{\"@type\":\"WebPage\",\"@id\":\"https:\/\/espak.ee\/epood\/toode\/uhendusplaat-1203002\/\",\"url\":\"https:\/\/espak.ee\/epood\/toode\/uhendusplaat-1203002\/\",\"name\":\"\u00dcHENDUSPLAAT 120*300*2 - Espak E-pood\",\"isPartOf\":{\"@id\":\"https:\/\/espak.ee\/epood\/#website\"},\"primaryImageOfPage\":{\"@id\":\"https:\/\/espak.ee\/epood\/toode\/uhendusplaat-1203002\/#primaryimage\"},\"image\":{\"@id\":\"https:\/\/espak.ee\/epood\/toode\/uhendusplaat-1203002\/#primaryimage\"},\"thumbnailUrl\":\"https:\/\/espak.ee\/epood\/wp-content\/uploads\/\u00dcHENDUSPLAAT-120x300x2.jpg\",\"datePublished\":\"2020-02-19T01:11:00+00:00\",\"dateModified\":\"2026-02-13T09:15:17+00:00\",\"breadcrumb\":{\"@id\":\"https:\/\/espak.ee\/epood\/toode\/uhendusplaat-1203002\/#breadcrumb\"},\"inLanguage\":\"et\",\"potentialAction\":[{\"@type\":\"ReadAction\",\"target\":[\"https:\/\/espak.ee\/epood\/toode\/uhendusplaat-1203002\/\"]}]},{\"@type\":\"ImageObject\",\"inLanguage\":\"et\",\"@id\":\"https:\/\/espak.ee\/epood\/toode\/uhendusplaat-1203002\/#primaryimage\",\"url\":\"https:\/\/espak.ee\/epood\/wp-content\/uploads\/\u00dcHENDUSPLAAT-120x300x2.jpg\",\"contentUrl\":\"https:\/\/espak.ee\/epood\/wp-content\/uploads\/\u00dcHENDUSPLAAT-120x300x2.jpg\",\"width\":1000,\"height\":1000},{\"@type\":\"BreadcrumbList\",\"@id\":\"https:\/\/espak.ee\/epood\/toode\/uhendusplaat-1203002\/#breadcrumb\",\"itemListElement\":[{\"@type\":\"ListItem\",\"position\":1,\"name\":\"Home\",\"item\":\"https:\/\/espak.ee\/epood\/\"},{\"@type\":\"ListItem\",\"position\":2,\"name\":\"Tootevalik\",\"item\":\"https:\/\/espak.ee\/epood\/tootevalik\/\"},{\"@type\":\"ListItem\",\"position\":3,\"name\":\"\u00dcHENDUSPLAAT 120*300*2\"}]},{\"@type\":\"WebSite\",\"@id\":\"https:\/\/espak.ee\/epood\/#website\",\"url\":\"https:\/\/espak.ee\/epood\/\",\"name\":\"Espak E-pood\",\"description\":\"\",\"potentialAction\":[{\"@type\":\"SearchAction\",\"target\":{\"@type\":\"EntryPoint\",\"urlTemplate\":\"https:\/\/espak.ee\/epood\/?s={search_term_string}\"},\"query-input\":{\"@type\":\"PropertyValueSpecification\",\"valueRequired\":true,\"valueName\":\"search_term_string\"}}],\"inLanguage\":\"et\"}]}<\/script>\n<!-- \/ Yoast SEO plugin. -->","yoast_head_json":{"title":"\u00dcHENDUSPLAAT 120*300*2 - Espak E-pood","robots":{"index":"index","follow":"follow","max-snippet":"max-snippet:-1","max-image-preview":"max-image-preview:large","max-video-preview":"max-video-preview:-1"},"canonical":"https:\/\/espak.ee\/epood\/toode\/uhendusplaat-1203002\/","og_locale":"et_EE","og_type":"article","og_title":"\u00dcHENDUSPLAAT 120*300*2 - Espak E-pood","og_url":"https:\/\/espak.ee\/epood\/toode\/uhendusplaat-1203002\/","og_site_name":"Espak E-pood","article_modified_time":"2026-02-13T09:15:17+00:00","og_image":[{"width":1000,"height":1000,"url":"https:\/\/espak.ee\/epood\/wp-content\/uploads\/\u00dcHENDUSPLAAT-120x300x2.jpg","type":"image\/jpeg"}],"twitter_card":"summary_large_image","twitter_misc":{"Est. reading time":"1 minut"},"schema":{"@context":"https:\/\/schema.org","@graph":[{"@type":"WebPage","@id":"https:\/\/espak.ee\/epood\/toode\/uhendusplaat-1203002\/","url":"https:\/\/espak.ee\/epood\/toode\/uhendusplaat-1203002\/","name":"\u00dcHENDUSPLAAT 120*300*2 - Espak E-pood","isPartOf":{"@id":"https:\/\/espak.ee\/epood\/#website"},"primaryImageOfPage":{"@id":"https:\/\/espak.ee\/epood\/toode\/uhendusplaat-1203002\/#primaryimage"},"image":{"@id":"https:\/\/espak.ee\/epood\/toode\/uhendusplaat-1203002\/#primaryimage"},"thumbnailUrl":"https:\/\/espak.ee\/epood\/wp-content\/uploads\/\u00dcHENDUSPLAAT-120x300x2.jpg","datePublished":"2020-02-19T01:11:00+00:00","dateModified":"2026-02-13T09:15:17+00:00","breadcrumb":{"@id":"https:\/\/espak.ee\/epood\/toode\/uhendusplaat-1203002\/#breadcrumb"},"inLanguage":"et","potentialAction":[{"@type":"ReadAction","target":["https:\/\/espak.ee\/epood\/toode\/uhendusplaat-1203002\/"]}]},{"@type":"ImageObject","inLanguage":"et","@id":"https:\/\/espak.ee\/epood\/toode\/uhendusplaat-1203002\/#primaryimage","url":"https:\/\/espak.ee\/epood\/wp-content\/uploads\/\u00dcHENDUSPLAAT-120x300x2.jpg","contentUrl":"https:\/\/espak.ee\/epood\/wp-content\/uploads\/\u00dcHENDUSPLAAT-120x300x2.jpg","width":1000,"height":1000},{"@type":"BreadcrumbList","@id":"https:\/\/espak.ee\/epood\/toode\/uhendusplaat-1203002\/#breadcrumb","itemListElement":[{"@type":"ListItem","position":1,"name":"Home","item":"https:\/\/espak.ee\/epood\/"},{"@type":"ListItem","position":2,"name":"Tootevalik","item":"https:\/\/espak.ee\/epood\/tootevalik\/"},{"@type":"ListItem","position":3,"name":"\u00dcHENDUSPLAAT 120*300*2"}]},{"@type":"WebSite","@id":"https:\/\/espak.ee\/epood\/#website","url":"https:\/\/espak.ee\/epood\/","name":"Espak E-pood","description":"","potentialAction":[{"@type":"SearchAction","target":{"@type":"EntryPoint","urlTemplate":"https:\/\/espak.ee\/epood\/?s={search_term_string}"},"query-input":{"@type":"PropertyValueSpecification","valueRequired":true,"valueName":"search_term_string"}}],"inLanguage":"et"}]}},"_links":{"self":[{"href":"https:\/\/espak.ee\/epood\/wp-json\/wp\/v2\/product\/15479","targetHints":{"allow":["GET"]}}],"collection":[{"href":"https:\/\/espak.ee\/epood\/wp-json\/wp\/v2\/product"}],"about":[{"href":"https:\/\/espak.ee\/epood\/wp-json\/wp\/v2\/types\/product"}],"replies":[{"embeddable":true,"href":"https:\/\/espak.ee\/epood\/wp-json\/wp\/v2\/comments?post=15479"}],"wp:featuredmedia":[{"embeddable":true,"href":"https:\/\/espak.ee\/epood\/wp-json\/wp\/v2\/media\/15559"}],"wp:attachment":[{"href":"https:\/\/espak.ee\/epood\/wp-json\/wp\/v2\/media?parent=15479"}],"wp:term":[{"taxonomy":"product_brand","embeddable":true,"href":"https:\/\/espak.ee\/epood\/wp-json\/wp\/v2\/product_brand?post=15479"},{"taxonomy":"product_cat","embeddable":true,"href":"https:\/\/espak.ee\/epood\/wp-json\/wp\/v2\/product_cat?post=15479"},{"taxonomy":"product_tag","embeddable":true,"href":"https:\/\/espak.ee\/epood\/wp-json\/wp\/v2\/product_tag?post=15479"}],"curies":[{"name":"wp","href":"https:\/\/api.w.org\/{rel}","templated":true}]}}