{"id":154714,"date":"2023-04-04T13:18:05","date_gmt":"2023-04-04T10:18:05","guid":{"rendered":"https:\/\/espak.ee\/epood\/?post_type=product&#038;p=154714"},"modified":"2025-01-08T21:22:30","modified_gmt":"2025-01-08T19:22:30","slug":"valamu-franke-urban-ubg-610-56-560500mm-onyx-2","status":"publish","type":"product","link":"https:\/\/espak.ee\/epood\/toode\/valamu-franke-urban-ubg-610-56-560500mm-onyx-2\/","title":{"rendered":"VALAMU FRANKE URBAN UBG 610-56 560*500MM ONYX"},"content":{"rendered":"<div class=\"row\"  id=\"row-1771620017\">\n\n\t<div id=\"col-590267605\" class=\"col medium-9 small-12 large-9\"  >\n\t\t\t\t<div class=\"col-inner\"  >\n\t\t\t\n\t\t\t\n<h3>Valamu Franke Urban UBG 610-56 560x500mm Onyx<\/h3>\n<p>Mudel: UBG 610-56<br \/>\nAluskapp: 60 cm<br \/>\nM\u00f5\u00f5dud: 560 x 500 mm<br \/>\nV\u00e4ljal\u00f5ige: 540 x 480 mm (R=15mm)<br \/>\nKausi m\u00f5\u00f5tmed: 503 \/425 \/220 mm<br \/>\n Paigaldamine: tasapinnaline v\u00f5i s\u00fcvistatav<br \/>\n Materjal: Fragranit+ antibakteriaalne<br \/>\n Ventiil: nupuga avatav 31\u20442\u201d ventiil<br \/>\nVentiili juhtimine: \u00dcmar keeratav nupp s\u00f5ela avamiseks v\u00f5i sulgemiseks<br \/>\n\u00dclevool: katteplaadiga \u00fclevool<br \/>\nSegisti auk: ilma aukudeta (2 x 35 mm altpoolt puuritud augud)<br \/>\n T\u00f6\u00f6pind s\u00fcvistamiseks: min 30 mm paksune<br \/>\nT\u00f6\u00f6pind tasapinnaliseks kinnituseks: min 38 mm paksune <\/p>\n\t\t<\/div>\n\t\t\t\t\t<\/div>\n\n\t\n\n\t<div id=\"col-1525679971\" class=\"col medium-3 small-12 large-3\"  >\n\t\t\t\t<div class=\"col-inner\"  >\n\t\t\t\n\t\t\t\n<div class=\"is-divider divider clearfix\" ><\/div>\n<p><strong>\u00dcksikasjalikuma n\u00f5u saamiseks v\u00f5tke \u00fchendust:<br \/><\/strong>Espak AS<br \/>Viadukti 42<br \/>11313<br \/>Tallinn<br \/>+372 6 512333<\/p>\n\t\t<\/div>\n\t\t\t\t\t<\/div>\n\n\t\n<\/div>\n","protected":false},"excerpt":{"rendered":"","protected":false},"featured_media":166609,"comment_status":"closed","ping_status":"closed","template":"","meta":[],"product_brand":[],"product_cat":[3193,2820,2819,3194],"product_tag":[],"class_list":{"0":"post-154714","1":"product","2":"type-product","3":"status-publish","4":"has-post-thumbnail","6":"product_cat-koogivalamud","7":"product_cat-sanitaartehnika-sanitaartehnika","8":"product_cat-sanitaartehnika","9":"product_cat-valamud-roostevabast-terasest","10":"pa_kaubamark-franke","12":"first","13":"outofstock","14":"sale","15":"taxable","16":"shipping-taxable","17":"purchasable","18":"product-type-simple"},"yoast_head":"<!-- This site is optimized with the Yoast SEO plugin v26.9 - https:\/\/yoast.com\/product\/yoast-seo-wordpress\/ -->\n<title>VALAMU FRANKE URBAN UBG 610-56 560*500MM ONYX - Espak E-pood<\/title>\n<meta name=\"robots\" content=\"index, follow, max-snippet:-1, max-image-preview:large, max-video-preview:-1\" \/>\n<link rel=\"canonical\" href=\"https:\/\/espak.ee\/epood\/toode\/valamu-franke-urban-ubg-610-56-560500mm-onyx-2\/\" \/>\n<meta property=\"og:locale\" content=\"et_EE\" \/>\n<meta property=\"og:type\" content=\"article\" \/>\n<meta property=\"og:title\" content=\"VALAMU FRANKE URBAN UBG 610-56 560*500MM ONYX - Espak E-pood\" \/>\n<meta property=\"og:url\" content=\"https:\/\/espak.ee\/epood\/toode\/valamu-franke-urban-ubg-610-56-560500mm-onyx-2\/\" \/>\n<meta property=\"og:site_name\" content=\"Espak E-pood\" \/>\n<meta property=\"article:modified_time\" content=\"2025-01-08T19:22:30+00:00\" \/>\n<meta property=\"og:image\" content=\"https:\/\/espak.ee\/epood\/wp-content\/uploads\/2023\/04\/PP001_114.0551.427.jpg.jpg\" \/>\n\t<meta property=\"og:image:width\" content=\"800\" \/>\n\t<meta property=\"og:image:height\" content=\"800\" \/>\n\t<meta property=\"og:image:type\" content=\"image\/jpeg\" \/>\n<meta name=\"twitter:card\" content=\"summary_large_image\" \/>\n<meta name=\"twitter:label1\" content=\"Est. reading time\" \/>\n\t<meta name=\"twitter:data1\" content=\"1 minut\" \/>\n<script type=\"application\/ld+json\" class=\"yoast-schema-graph\">{\"@context\":\"https:\/\/schema.org\",\"@graph\":[{\"@type\":\"WebPage\",\"@id\":\"https:\/\/espak.ee\/epood\/toode\/valamu-franke-urban-ubg-610-56-560500mm-onyx-2\/\",\"url\":\"https:\/\/espak.ee\/epood\/toode\/valamu-franke-urban-ubg-610-56-560500mm-onyx-2\/\",\"name\":\"VALAMU FRANKE URBAN UBG 610-56 560*500MM ONYX - Espak E-pood\",\"isPartOf\":{\"@id\":\"https:\/\/espak.ee\/epood\/#website\"},\"primaryImageOfPage\":{\"@id\":\"https:\/\/espak.ee\/epood\/toode\/valamu-franke-urban-ubg-610-56-560500mm-onyx-2\/#primaryimage\"},\"image\":{\"@id\":\"https:\/\/espak.ee\/epood\/toode\/valamu-franke-urban-ubg-610-56-560500mm-onyx-2\/#primaryimage\"},\"thumbnailUrl\":\"https:\/\/espak.ee\/epood\/wp-content\/uploads\/2023\/04\/PP001_114.0551.427.jpg.jpg\",\"datePublished\":\"2023-04-04T10:18:05+00:00\",\"dateModified\":\"2025-01-08T19:22:30+00:00\",\"breadcrumb\":{\"@id\":\"https:\/\/espak.ee\/epood\/toode\/valamu-franke-urban-ubg-610-56-560500mm-onyx-2\/#breadcrumb\"},\"inLanguage\":\"et\",\"potentialAction\":[{\"@type\":\"ReadAction\",\"target\":[\"https:\/\/espak.ee\/epood\/toode\/valamu-franke-urban-ubg-610-56-560500mm-onyx-2\/\"]}]},{\"@type\":\"ImageObject\",\"inLanguage\":\"et\",\"@id\":\"https:\/\/espak.ee\/epood\/toode\/valamu-franke-urban-ubg-610-56-560500mm-onyx-2\/#primaryimage\",\"url\":\"https:\/\/espak.ee\/epood\/wp-content\/uploads\/2023\/04\/PP001_114.0551.427.jpg.jpg\",\"contentUrl\":\"https:\/\/espak.ee\/epood\/wp-content\/uploads\/2023\/04\/PP001_114.0551.427.jpg.jpg\",\"width\":800,\"height\":800},{\"@type\":\"BreadcrumbList\",\"@id\":\"https:\/\/espak.ee\/epood\/toode\/valamu-franke-urban-ubg-610-56-560500mm-onyx-2\/#breadcrumb\",\"itemListElement\":[{\"@type\":\"ListItem\",\"position\":1,\"name\":\"Home\",\"item\":\"https:\/\/espak.ee\/epood\/\"},{\"@type\":\"ListItem\",\"position\":2,\"name\":\"Tootevalik\",\"item\":\"https:\/\/espak.ee\/epood\/tootevalik\/\"},{\"@type\":\"ListItem\",\"position\":3,\"name\":\"VALAMU FRANKE URBAN UBG 610-56 560*500MM ONYX\"}]},{\"@type\":\"WebSite\",\"@id\":\"https:\/\/espak.ee\/epood\/#website\",\"url\":\"https:\/\/espak.ee\/epood\/\",\"name\":\"Espak E-pood\",\"description\":\"\",\"potentialAction\":[{\"@type\":\"SearchAction\",\"target\":{\"@type\":\"EntryPoint\",\"urlTemplate\":\"https:\/\/espak.ee\/epood\/?s={search_term_string}\"},\"query-input\":{\"@type\":\"PropertyValueSpecification\",\"valueRequired\":true,\"valueName\":\"search_term_string\"}}],\"inLanguage\":\"et\"}]}<\/script>\n<!-- \/ Yoast SEO plugin. -->","yoast_head_json":{"title":"VALAMU FRANKE URBAN UBG 610-56 560*500MM ONYX - Espak E-pood","robots":{"index":"index","follow":"follow","max-snippet":"max-snippet:-1","max-image-preview":"max-image-preview:large","max-video-preview":"max-video-preview:-1"},"canonical":"https:\/\/espak.ee\/epood\/toode\/valamu-franke-urban-ubg-610-56-560500mm-onyx-2\/","og_locale":"et_EE","og_type":"article","og_title":"VALAMU FRANKE URBAN UBG 610-56 560*500MM ONYX - Espak E-pood","og_url":"https:\/\/espak.ee\/epood\/toode\/valamu-franke-urban-ubg-610-56-560500mm-onyx-2\/","og_site_name":"Espak E-pood","article_modified_time":"2025-01-08T19:22:30+00:00","og_image":[{"width":800,"height":800,"url":"https:\/\/espak.ee\/epood\/wp-content\/uploads\/2023\/04\/PP001_114.0551.427.jpg.jpg","type":"image\/jpeg"}],"twitter_card":"summary_large_image","twitter_misc":{"Est. reading time":"1 minut"},"schema":{"@context":"https:\/\/schema.org","@graph":[{"@type":"WebPage","@id":"https:\/\/espak.ee\/epood\/toode\/valamu-franke-urban-ubg-610-56-560500mm-onyx-2\/","url":"https:\/\/espak.ee\/epood\/toode\/valamu-franke-urban-ubg-610-56-560500mm-onyx-2\/","name":"VALAMU FRANKE URBAN UBG 610-56 560*500MM ONYX - Espak E-pood","isPartOf":{"@id":"https:\/\/espak.ee\/epood\/#website"},"primaryImageOfPage":{"@id":"https:\/\/espak.ee\/epood\/toode\/valamu-franke-urban-ubg-610-56-560500mm-onyx-2\/#primaryimage"},"image":{"@id":"https:\/\/espak.ee\/epood\/toode\/valamu-franke-urban-ubg-610-56-560500mm-onyx-2\/#primaryimage"},"thumbnailUrl":"https:\/\/espak.ee\/epood\/wp-content\/uploads\/2023\/04\/PP001_114.0551.427.jpg.jpg","datePublished":"2023-04-04T10:18:05+00:00","dateModified":"2025-01-08T19:22:30+00:00","breadcrumb":{"@id":"https:\/\/espak.ee\/epood\/toode\/valamu-franke-urban-ubg-610-56-560500mm-onyx-2\/#breadcrumb"},"inLanguage":"et","potentialAction":[{"@type":"ReadAction","target":["https:\/\/espak.ee\/epood\/toode\/valamu-franke-urban-ubg-610-56-560500mm-onyx-2\/"]}]},{"@type":"ImageObject","inLanguage":"et","@id":"https:\/\/espak.ee\/epood\/toode\/valamu-franke-urban-ubg-610-56-560500mm-onyx-2\/#primaryimage","url":"https:\/\/espak.ee\/epood\/wp-content\/uploads\/2023\/04\/PP001_114.0551.427.jpg.jpg","contentUrl":"https:\/\/espak.ee\/epood\/wp-content\/uploads\/2023\/04\/PP001_114.0551.427.jpg.jpg","width":800,"height":800},{"@type":"BreadcrumbList","@id":"https:\/\/espak.ee\/epood\/toode\/valamu-franke-urban-ubg-610-56-560500mm-onyx-2\/#breadcrumb","itemListElement":[{"@type":"ListItem","position":1,"name":"Home","item":"https:\/\/espak.ee\/epood\/"},{"@type":"ListItem","position":2,"name":"Tootevalik","item":"https:\/\/espak.ee\/epood\/tootevalik\/"},{"@type":"ListItem","position":3,"name":"VALAMU FRANKE URBAN UBG 610-56 560*500MM ONYX"}]},{"@type":"WebSite","@id":"https:\/\/espak.ee\/epood\/#website","url":"https:\/\/espak.ee\/epood\/","name":"Espak E-pood","description":"","potentialAction":[{"@type":"SearchAction","target":{"@type":"EntryPoint","urlTemplate":"https:\/\/espak.ee\/epood\/?s={search_term_string}"},"query-input":{"@type":"PropertyValueSpecification","valueRequired":true,"valueName":"search_term_string"}}],"inLanguage":"et"}]}},"_links":{"self":[{"href":"https:\/\/espak.ee\/epood\/wp-json\/wp\/v2\/product\/154714","targetHints":{"allow":["GET"]}}],"collection":[{"href":"https:\/\/espak.ee\/epood\/wp-json\/wp\/v2\/product"}],"about":[{"href":"https:\/\/espak.ee\/epood\/wp-json\/wp\/v2\/types\/product"}],"replies":[{"embeddable":true,"href":"https:\/\/espak.ee\/epood\/wp-json\/wp\/v2\/comments?post=154714"}],"wp:featuredmedia":[{"embeddable":true,"href":"https:\/\/espak.ee\/epood\/wp-json\/wp\/v2\/media\/166609"}],"wp:attachment":[{"href":"https:\/\/espak.ee\/epood\/wp-json\/wp\/v2\/media?parent=154714"}],"wp:term":[{"taxonomy":"product_brand","embeddable":true,"href":"https:\/\/espak.ee\/epood\/wp-json\/wp\/v2\/product_brand?post=154714"},{"taxonomy":"product_cat","embeddable":true,"href":"https:\/\/espak.ee\/epood\/wp-json\/wp\/v2\/product_cat?post=154714"},{"taxonomy":"product_tag","embeddable":true,"href":"https:\/\/espak.ee\/epood\/wp-json\/wp\/v2\/product_tag?post=154714"}],"curies":[{"name":"wp","href":"https:\/\/api.w.org\/{rel}","templated":true}]}}