{"id":154184,"date":"2023-03-30T02:21:02","date_gmt":"2023-03-29T23:21:02","guid":{"rendered":"https:\/\/espak.ee\/epood\/?post_type=product&#038;p=154184"},"modified":"2025-05-25T18:31:01","modified_gmt":"2025-05-25T15:31:01","slug":"muruseeme-koduaiamuru-5kg-baltic-agro","status":"publish","type":"product","link":"https:\/\/espak.ee\/epood\/toode\/muruseeme-koduaiamuru-5kg-baltic-agro\/","title":{"rendered":"MURUSEEME KODUAIAMURU 5KG BALTIC AGRO"},"content":{"rendered":"<div class=\"row\"  id=\"row-710322032\">\n\n\t<div id=\"col-1382557369\" class=\"col medium-9 small-12 large-9\"  >\n\t\t\t\t<div class=\"col-inner\"  >\n\t\t\t\n\t\t\t\n<h3>Koduaiamuru 5kg Baltic Agro<\/h3>\n<p>Koduaiamuru koosneb peenelehelistest liikidest, millest saab tiheda ja madalakasvulise muruvaiba. Segu kasvab nii p\u00e4ikese k\u00e4es kui varjus. On vastupidav ja taastub kahjustustest h\u00e4sti. Sobib h\u00e4sti koduaedadesse, m\u00e4nguv\u00e4ljakutele, haljasaladele.<\/p>\n<p><strong>Kasutusjuhend:<\/strong><br \/>\nParim k\u00fclviaeg varakevadel, hilissuvel v\u00f5i varas\u00fcgisel. Muru k\u00fclvamisel: jaota seemned kahte v\u00f5rdsesse ossa. Kasutades ristk\u00fclvi, k\u00fclva seemned \u00fchtlaselt mullapinnale. Enne k\u00fclvi rehitse murukamar tugevasti l\u00e4bi. K\u00fclvi j\u00e4rel tihenda pind kergelt. Kasta idanemise ajal (umbes 3 n\u00e4dala jooksul), et t\u00e4rkav muru ei kuivaks. Hooldamisel: niida esimest korda, kui muru on 8-10 cm k\u00f5rgune. Seej\u00e4rel niida kord n\u00e4dalas (keskmine k\u00f5rgus 3,5 cm). Tekkinud t\u00fchikud murus t\u00e4ida mullaga ning k\u00fclva peale uus muruseeme. 5 kg = 250 m\u00b2.\n<\/p>\n<\/p>\n\t\t<\/div>\n\t\t\t\t\t<\/div>\n\n\t\n\n\t<div id=\"col-362427418\" class=\"col medium-3 small-12 large-3\"  >\n\t\t\t\t<div class=\"col-inner\"  >\n\t\t\t\n\t\t\t\n<p><strong>\u00dcksikasjalikuma n\u00f5u saamiseks v\u00f5tke \u00fchendust:<br \/><\/strong>Baltic Agro AS<br \/> Rukki tee 8<br \/> Lehmja k\u00fcla<br \/> Rae vald<br \/> Telefon +372 606 2260<\/p>\n\t\t<\/div>\n\t\t\t\t\t<\/div>\n\n\t\n<\/div>\n","protected":false},"excerpt":{"rendered":"","protected":false},"featured_media":154205,"comment_status":"closed","ping_status":"closed","template":"","meta":[],"product_brand":[],"product_cat":[2789,2788,3471,3346],"product_tag":[],"class_list":{"0":"post-154184","1":"product","2":"type-product","3":"status-publish","4":"has-post-thumbnail","6":"product_cat-aiatarbed","7":"product_cat-aiatarbed-ja-kodukaubad","8":"product_cat-muruseemned","9":"product_cat-seemned-ja-sibulad","10":"pa_kaubamark-baltic-agro-as","12":"first","13":"instock","14":"sale","15":"taxable","16":"shipping-taxable","17":"purchasable","18":"product-type-simple"},"yoast_head":"<!-- This site is optimized with the Yoast SEO plugin v26.9 - https:\/\/yoast.com\/product\/yoast-seo-wordpress\/ -->\n<title>MURUSEEME KODUAIAMURU 5KG BALTIC AGRO - Espak E-pood<\/title>\n<meta name=\"robots\" content=\"index, follow, max-snippet:-1, max-image-preview:large, max-video-preview:-1\" \/>\n<link rel=\"canonical\" href=\"https:\/\/espak.ee\/epood\/toode\/muruseeme-koduaiamuru-5kg-baltic-agro\/\" \/>\n<meta property=\"og:locale\" content=\"et_EE\" \/>\n<meta property=\"og:type\" content=\"article\" \/>\n<meta property=\"og:title\" content=\"MURUSEEME KODUAIAMURU 5KG BALTIC AGRO - Espak E-pood\" \/>\n<meta property=\"og:url\" content=\"https:\/\/espak.ee\/epood\/toode\/muruseeme-koduaiamuru-5kg-baltic-agro\/\" \/>\n<meta property=\"og:site_name\" content=\"Espak E-pood\" \/>\n<meta property=\"article:modified_time\" content=\"2025-05-25T15:31:01+00:00\" \/>\n<meta property=\"og:image\" content=\"https:\/\/espak.ee\/epood\/wp-content\/uploads\/2023\/03\/773d5ab8_1920x1080-1-2.jpg\" \/>\n\t<meta property=\"og:image:width\" content=\"800\" \/>\n\t<meta property=\"og:image:height\" content=\"800\" \/>\n\t<meta property=\"og:image:type\" content=\"image\/jpeg\" \/>\n<meta name=\"twitter:card\" content=\"summary_large_image\" \/>\n<meta name=\"twitter:label1\" content=\"Est. reading time\" \/>\n\t<meta name=\"twitter:data1\" content=\"1 minut\" \/>\n<script type=\"application\/ld+json\" class=\"yoast-schema-graph\">{\"@context\":\"https:\/\/schema.org\",\"@graph\":[{\"@type\":\"WebPage\",\"@id\":\"https:\/\/espak.ee\/epood\/toode\/muruseeme-koduaiamuru-5kg-baltic-agro\/\",\"url\":\"https:\/\/espak.ee\/epood\/toode\/muruseeme-koduaiamuru-5kg-baltic-agro\/\",\"name\":\"MURUSEEME KODUAIAMURU 5KG BALTIC AGRO - Espak E-pood\",\"isPartOf\":{\"@id\":\"https:\/\/espak.ee\/epood\/#website\"},\"primaryImageOfPage\":{\"@id\":\"https:\/\/espak.ee\/epood\/toode\/muruseeme-koduaiamuru-5kg-baltic-agro\/#primaryimage\"},\"image\":{\"@id\":\"https:\/\/espak.ee\/epood\/toode\/muruseeme-koduaiamuru-5kg-baltic-agro\/#primaryimage\"},\"thumbnailUrl\":\"https:\/\/espak.ee\/epood\/wp-content\/uploads\/2023\/03\/773d5ab8_1920x1080-1-2.jpg\",\"datePublished\":\"2023-03-29T23:21:02+00:00\",\"dateModified\":\"2025-05-25T15:31:01+00:00\",\"breadcrumb\":{\"@id\":\"https:\/\/espak.ee\/epood\/toode\/muruseeme-koduaiamuru-5kg-baltic-agro\/#breadcrumb\"},\"inLanguage\":\"et\",\"potentialAction\":[{\"@type\":\"ReadAction\",\"target\":[\"https:\/\/espak.ee\/epood\/toode\/muruseeme-koduaiamuru-5kg-baltic-agro\/\"]}]},{\"@type\":\"ImageObject\",\"inLanguage\":\"et\",\"@id\":\"https:\/\/espak.ee\/epood\/toode\/muruseeme-koduaiamuru-5kg-baltic-agro\/#primaryimage\",\"url\":\"https:\/\/espak.ee\/epood\/wp-content\/uploads\/2023\/03\/773d5ab8_1920x1080-1-2.jpg\",\"contentUrl\":\"https:\/\/espak.ee\/epood\/wp-content\/uploads\/2023\/03\/773d5ab8_1920x1080-1-2.jpg\",\"width\":800,\"height\":800},{\"@type\":\"BreadcrumbList\",\"@id\":\"https:\/\/espak.ee\/epood\/toode\/muruseeme-koduaiamuru-5kg-baltic-agro\/#breadcrumb\",\"itemListElement\":[{\"@type\":\"ListItem\",\"position\":1,\"name\":\"Home\",\"item\":\"https:\/\/espak.ee\/epood\/\"},{\"@type\":\"ListItem\",\"position\":2,\"name\":\"Tootevalik\",\"item\":\"https:\/\/espak.ee\/epood\/tootevalik\/\"},{\"@type\":\"ListItem\",\"position\":3,\"name\":\"MURUSEEME KODUAIAMURU 5KG BALTIC AGRO\"}]},{\"@type\":\"WebSite\",\"@id\":\"https:\/\/espak.ee\/epood\/#website\",\"url\":\"https:\/\/espak.ee\/epood\/\",\"name\":\"Espak E-pood\",\"description\":\"\",\"potentialAction\":[{\"@type\":\"SearchAction\",\"target\":{\"@type\":\"EntryPoint\",\"urlTemplate\":\"https:\/\/espak.ee\/epood\/?s={search_term_string}\"},\"query-input\":{\"@type\":\"PropertyValueSpecification\",\"valueRequired\":true,\"valueName\":\"search_term_string\"}}],\"inLanguage\":\"et\"}]}<\/script>\n<!-- \/ Yoast SEO plugin. -->","yoast_head_json":{"title":"MURUSEEME KODUAIAMURU 5KG BALTIC AGRO - Espak E-pood","robots":{"index":"index","follow":"follow","max-snippet":"max-snippet:-1","max-image-preview":"max-image-preview:large","max-video-preview":"max-video-preview:-1"},"canonical":"https:\/\/espak.ee\/epood\/toode\/muruseeme-koduaiamuru-5kg-baltic-agro\/","og_locale":"et_EE","og_type":"article","og_title":"MURUSEEME KODUAIAMURU 5KG BALTIC AGRO - Espak E-pood","og_url":"https:\/\/espak.ee\/epood\/toode\/muruseeme-koduaiamuru-5kg-baltic-agro\/","og_site_name":"Espak E-pood","article_modified_time":"2025-05-25T15:31:01+00:00","og_image":[{"width":800,"height":800,"url":"https:\/\/espak.ee\/epood\/wp-content\/uploads\/2023\/03\/773d5ab8_1920x1080-1-2.jpg","type":"image\/jpeg"}],"twitter_card":"summary_large_image","twitter_misc":{"Est. reading time":"1 minut"},"schema":{"@context":"https:\/\/schema.org","@graph":[{"@type":"WebPage","@id":"https:\/\/espak.ee\/epood\/toode\/muruseeme-koduaiamuru-5kg-baltic-agro\/","url":"https:\/\/espak.ee\/epood\/toode\/muruseeme-koduaiamuru-5kg-baltic-agro\/","name":"MURUSEEME KODUAIAMURU 5KG BALTIC AGRO - Espak E-pood","isPartOf":{"@id":"https:\/\/espak.ee\/epood\/#website"},"primaryImageOfPage":{"@id":"https:\/\/espak.ee\/epood\/toode\/muruseeme-koduaiamuru-5kg-baltic-agro\/#primaryimage"},"image":{"@id":"https:\/\/espak.ee\/epood\/toode\/muruseeme-koduaiamuru-5kg-baltic-agro\/#primaryimage"},"thumbnailUrl":"https:\/\/espak.ee\/epood\/wp-content\/uploads\/2023\/03\/773d5ab8_1920x1080-1-2.jpg","datePublished":"2023-03-29T23:21:02+00:00","dateModified":"2025-05-25T15:31:01+00:00","breadcrumb":{"@id":"https:\/\/espak.ee\/epood\/toode\/muruseeme-koduaiamuru-5kg-baltic-agro\/#breadcrumb"},"inLanguage":"et","potentialAction":[{"@type":"ReadAction","target":["https:\/\/espak.ee\/epood\/toode\/muruseeme-koduaiamuru-5kg-baltic-agro\/"]}]},{"@type":"ImageObject","inLanguage":"et","@id":"https:\/\/espak.ee\/epood\/toode\/muruseeme-koduaiamuru-5kg-baltic-agro\/#primaryimage","url":"https:\/\/espak.ee\/epood\/wp-content\/uploads\/2023\/03\/773d5ab8_1920x1080-1-2.jpg","contentUrl":"https:\/\/espak.ee\/epood\/wp-content\/uploads\/2023\/03\/773d5ab8_1920x1080-1-2.jpg","width":800,"height":800},{"@type":"BreadcrumbList","@id":"https:\/\/espak.ee\/epood\/toode\/muruseeme-koduaiamuru-5kg-baltic-agro\/#breadcrumb","itemListElement":[{"@type":"ListItem","position":1,"name":"Home","item":"https:\/\/espak.ee\/epood\/"},{"@type":"ListItem","position":2,"name":"Tootevalik","item":"https:\/\/espak.ee\/epood\/tootevalik\/"},{"@type":"ListItem","position":3,"name":"MURUSEEME KODUAIAMURU 5KG BALTIC AGRO"}]},{"@type":"WebSite","@id":"https:\/\/espak.ee\/epood\/#website","url":"https:\/\/espak.ee\/epood\/","name":"Espak E-pood","description":"","potentialAction":[{"@type":"SearchAction","target":{"@type":"EntryPoint","urlTemplate":"https:\/\/espak.ee\/epood\/?s={search_term_string}"},"query-input":{"@type":"PropertyValueSpecification","valueRequired":true,"valueName":"search_term_string"}}],"inLanguage":"et"}]}},"_links":{"self":[{"href":"https:\/\/espak.ee\/epood\/wp-json\/wp\/v2\/product\/154184","targetHints":{"allow":["GET"]}}],"collection":[{"href":"https:\/\/espak.ee\/epood\/wp-json\/wp\/v2\/product"}],"about":[{"href":"https:\/\/espak.ee\/epood\/wp-json\/wp\/v2\/types\/product"}],"replies":[{"embeddable":true,"href":"https:\/\/espak.ee\/epood\/wp-json\/wp\/v2\/comments?post=154184"}],"wp:featuredmedia":[{"embeddable":true,"href":"https:\/\/espak.ee\/epood\/wp-json\/wp\/v2\/media\/154205"}],"wp:attachment":[{"href":"https:\/\/espak.ee\/epood\/wp-json\/wp\/v2\/media?parent=154184"}],"wp:term":[{"taxonomy":"product_brand","embeddable":true,"href":"https:\/\/espak.ee\/epood\/wp-json\/wp\/v2\/product_brand?post=154184"},{"taxonomy":"product_cat","embeddable":true,"href":"https:\/\/espak.ee\/epood\/wp-json\/wp\/v2\/product_cat?post=154184"},{"taxonomy":"product_tag","embeddable":true,"href":"https:\/\/espak.ee\/epood\/wp-json\/wp\/v2\/product_tag?post=154184"}],"curies":[{"name":"wp","href":"https:\/\/api.w.org\/{rel}","templated":true}]}}