{"id":15396,"date":"2020-02-18T03:06:10","date_gmt":"2020-02-18T01:06:10","guid":{"rendered":"https:\/\/espak.ee\/hinnakiri\/?post_type=product&#038;p=15396"},"modified":"2026-03-16T17:23:47","modified_gmt":"2026-03-16T15:23:47","slug":"nurk-901506525-tugevdatud","status":"publish","type":"product","link":"https:\/\/espak.ee\/epood\/toode\/nurk-901506525-tugevdatud\/","title":{"rendered":"NURK 90*150*65*2,5 TUGEVDATUD"},"content":{"rendered":"<div class=\"row\"  id=\"row-1934085257\">\n\n\t<div id=\"col-932865736\" class=\"col medium-9 small-12 large-9\"  >\n\t\t\t\t<div class=\"col-inner\"  >\n\t\t\t\n\t\t\t\n<p><strong>Kasutamine<\/strong><br \/>\nFMG mittev\u00f5rdk\u00fclgseid nurgikuid kasutatakse versioonist olenevalt erinevateks rakendusteks. Nurgikud sobivad eelk\u00f5ige \u00fchenduste jaoks, mis peavad \u00fcle kandma suuri j\u00f5udusid, n\u00e4iteks sarikatele roovtaladel, roovtaladele liimpuit-sideelementidel v\u00f5i kandekonstruktsioonidel.<\/p>\n<p><strong>Paigaldamine<\/strong><br \/>\nFMG mittev\u00f5rdk\u00fclgseid nurgikuid on soovitatav kasutada suuremate koormuste korral paaris. V\u00e4iksemate koormuste korral v\u00f5ib nurgikuid kasutada ka \u00fcksikult.<br \/>\n Nurgikud kinnitatakse 4,0 mm klassi III ankurnaeltega pikkusega 40, 50, 60 mm v\u00f5i 5,0 mm kruvidega pikkusega 35, 40 mm puitdetailide k\u00fclge ja M10-poltidega betooni\/m\u00fc\u00fcritise k\u00fclge. \u00dchenduse koormust saab suurendada, kui paigaldada poldipea alla seib. L\u00fchike pind kinnitatakse tavaliselt kandetalal ristliitekohtadesse. Pikk k\u00fclg on soovitatav paigaldada tala\/toe \u00fchenduse tugevdamiseks. Naelte paigutus on n\u00e4idatud dokumendis <a href=\"http:\/\/frapmetall.com\/content\/downloads\/ETA-08-0064_FMG_Angle_brackets.pdf\">ETA-08\/0064<\/a>. <\/p>\n<p><strong>Terase margid<\/strong><br \/>\n2,5 mm S 260 GD + Z 275 standardi DIN 10362 kohaselt.<br \/>\n<strong>ETA-08\/0064<\/strong><\/p>\n<p>\nFMG nurgikud on valmistatud kuumsukelgalvaanitud terasest.<br \/>\nToode omab CE-m\u00e4rgist.<\/p>\n\t\t<\/div>\n\t\t\t\t\t<\/div>\n\n\t\n<\/div>\n","protected":false},"excerpt":{"rendered":"","protected":false},"featured_media":15999,"comment_status":"closed","ping_status":"closed","template":"","meta":[],"product_brand":[],"product_cat":[2922,2917,2918,2893],"product_tag":[],"class_list":{"0":"post-15396","1":"product","2":"type-product","3":"status-publish","4":"has-post-thumbnail","6":"product_cat-kinnitusnurgad-tugevad","7":"product_cat-kinnitustarvikud","8":"product_cat-metallnurgad","9":"product_cat-rauakaubad","10":"pa_kaubamark-frap-metall-gmbh-co-kg","12":"first","13":"instock","14":"sale","15":"taxable","16":"shipping-taxable","17":"purchasable","18":"product-type-simple"},"yoast_head":"<!-- This site is optimized with the Yoast SEO plugin v26.9 - https:\/\/yoast.com\/product\/yoast-seo-wordpress\/ -->\n<title>NURK 90*150*65*2,5 TUGEVDATUD - Espak E-pood<\/title>\n<meta name=\"robots\" content=\"index, follow, max-snippet:-1, max-image-preview:large, max-video-preview:-1\" \/>\n<link rel=\"canonical\" href=\"https:\/\/espak.ee\/epood\/toode\/nurk-901506525-tugevdatud\/\" \/>\n<meta property=\"og:locale\" content=\"et_EE\" \/>\n<meta property=\"og:type\" content=\"article\" \/>\n<meta property=\"og:title\" content=\"NURK 90*150*65*2,5 TUGEVDATUD - Espak E-pood\" \/>\n<meta property=\"og:url\" content=\"https:\/\/espak.ee\/epood\/toode\/nurk-901506525-tugevdatud\/\" \/>\n<meta property=\"og:site_name\" content=\"Espak E-pood\" \/>\n<meta property=\"article:modified_time\" content=\"2026-03-16T15:23:47+00:00\" \/>\n<meta property=\"og:image\" content=\"https:\/\/espak.ee\/epood\/wp-content\/uploads\/NURK-90x150x65x2.5-TUGEVDATUD.jpg\" \/>\n\t<meta property=\"og:image:width\" content=\"1000\" \/>\n\t<meta property=\"og:image:height\" content=\"1000\" \/>\n\t<meta property=\"og:image:type\" content=\"image\/jpeg\" \/>\n<meta name=\"twitter:card\" content=\"summary_large_image\" \/>\n<meta name=\"twitter:label1\" content=\"Est. reading time\" \/>\n\t<meta name=\"twitter:data1\" content=\"1 minut\" \/>\n<script type=\"application\/ld+json\" class=\"yoast-schema-graph\">{\"@context\":\"https:\/\/schema.org\",\"@graph\":[{\"@type\":\"WebPage\",\"@id\":\"https:\/\/espak.ee\/epood\/toode\/nurk-901506525-tugevdatud\/\",\"url\":\"https:\/\/espak.ee\/epood\/toode\/nurk-901506525-tugevdatud\/\",\"name\":\"NURK 90*150*65*2,5 TUGEVDATUD - Espak E-pood\",\"isPartOf\":{\"@id\":\"https:\/\/espak.ee\/epood\/#website\"},\"primaryImageOfPage\":{\"@id\":\"https:\/\/espak.ee\/epood\/toode\/nurk-901506525-tugevdatud\/#primaryimage\"},\"image\":{\"@id\":\"https:\/\/espak.ee\/epood\/toode\/nurk-901506525-tugevdatud\/#primaryimage\"},\"thumbnailUrl\":\"https:\/\/espak.ee\/epood\/wp-content\/uploads\/NURK-90x150x65x2.5-TUGEVDATUD.jpg\",\"datePublished\":\"2020-02-18T01:06:10+00:00\",\"dateModified\":\"2026-03-16T15:23:47+00:00\",\"breadcrumb\":{\"@id\":\"https:\/\/espak.ee\/epood\/toode\/nurk-901506525-tugevdatud\/#breadcrumb\"},\"inLanguage\":\"et\",\"potentialAction\":[{\"@type\":\"ReadAction\",\"target\":[\"https:\/\/espak.ee\/epood\/toode\/nurk-901506525-tugevdatud\/\"]}]},{\"@type\":\"ImageObject\",\"inLanguage\":\"et\",\"@id\":\"https:\/\/espak.ee\/epood\/toode\/nurk-901506525-tugevdatud\/#primaryimage\",\"url\":\"https:\/\/espak.ee\/epood\/wp-content\/uploads\/NURK-90x150x65x2.5-TUGEVDATUD.jpg\",\"contentUrl\":\"https:\/\/espak.ee\/epood\/wp-content\/uploads\/NURK-90x150x65x2.5-TUGEVDATUD.jpg\",\"width\":1000,\"height\":1000},{\"@type\":\"BreadcrumbList\",\"@id\":\"https:\/\/espak.ee\/epood\/toode\/nurk-901506525-tugevdatud\/#breadcrumb\",\"itemListElement\":[{\"@type\":\"ListItem\",\"position\":1,\"name\":\"Home\",\"item\":\"https:\/\/espak.ee\/epood\/\"},{\"@type\":\"ListItem\",\"position\":2,\"name\":\"Tootevalik\",\"item\":\"https:\/\/espak.ee\/epood\/tootevalik\/\"},{\"@type\":\"ListItem\",\"position\":3,\"name\":\"NURK 90*150*65*2,5 TUGEVDATUD\"}]},{\"@type\":\"WebSite\",\"@id\":\"https:\/\/espak.ee\/epood\/#website\",\"url\":\"https:\/\/espak.ee\/epood\/\",\"name\":\"Espak E-pood\",\"description\":\"\",\"potentialAction\":[{\"@type\":\"SearchAction\",\"target\":{\"@type\":\"EntryPoint\",\"urlTemplate\":\"https:\/\/espak.ee\/epood\/?s={search_term_string}\"},\"query-input\":{\"@type\":\"PropertyValueSpecification\",\"valueRequired\":true,\"valueName\":\"search_term_string\"}}],\"inLanguage\":\"et\"}]}<\/script>\n<!-- \/ Yoast SEO plugin. -->","yoast_head_json":{"title":"NURK 90*150*65*2,5 TUGEVDATUD - Espak E-pood","robots":{"index":"index","follow":"follow","max-snippet":"max-snippet:-1","max-image-preview":"max-image-preview:large","max-video-preview":"max-video-preview:-1"},"canonical":"https:\/\/espak.ee\/epood\/toode\/nurk-901506525-tugevdatud\/","og_locale":"et_EE","og_type":"article","og_title":"NURK 90*150*65*2,5 TUGEVDATUD - Espak E-pood","og_url":"https:\/\/espak.ee\/epood\/toode\/nurk-901506525-tugevdatud\/","og_site_name":"Espak E-pood","article_modified_time":"2026-03-16T15:23:47+00:00","og_image":[{"width":1000,"height":1000,"url":"https:\/\/espak.ee\/epood\/wp-content\/uploads\/NURK-90x150x65x2.5-TUGEVDATUD.jpg","type":"image\/jpeg"}],"twitter_card":"summary_large_image","twitter_misc":{"Est. reading time":"1 minut"},"schema":{"@context":"https:\/\/schema.org","@graph":[{"@type":"WebPage","@id":"https:\/\/espak.ee\/epood\/toode\/nurk-901506525-tugevdatud\/","url":"https:\/\/espak.ee\/epood\/toode\/nurk-901506525-tugevdatud\/","name":"NURK 90*150*65*2,5 TUGEVDATUD - Espak E-pood","isPartOf":{"@id":"https:\/\/espak.ee\/epood\/#website"},"primaryImageOfPage":{"@id":"https:\/\/espak.ee\/epood\/toode\/nurk-901506525-tugevdatud\/#primaryimage"},"image":{"@id":"https:\/\/espak.ee\/epood\/toode\/nurk-901506525-tugevdatud\/#primaryimage"},"thumbnailUrl":"https:\/\/espak.ee\/epood\/wp-content\/uploads\/NURK-90x150x65x2.5-TUGEVDATUD.jpg","datePublished":"2020-02-18T01:06:10+00:00","dateModified":"2026-03-16T15:23:47+00:00","breadcrumb":{"@id":"https:\/\/espak.ee\/epood\/toode\/nurk-901506525-tugevdatud\/#breadcrumb"},"inLanguage":"et","potentialAction":[{"@type":"ReadAction","target":["https:\/\/espak.ee\/epood\/toode\/nurk-901506525-tugevdatud\/"]}]},{"@type":"ImageObject","inLanguage":"et","@id":"https:\/\/espak.ee\/epood\/toode\/nurk-901506525-tugevdatud\/#primaryimage","url":"https:\/\/espak.ee\/epood\/wp-content\/uploads\/NURK-90x150x65x2.5-TUGEVDATUD.jpg","contentUrl":"https:\/\/espak.ee\/epood\/wp-content\/uploads\/NURK-90x150x65x2.5-TUGEVDATUD.jpg","width":1000,"height":1000},{"@type":"BreadcrumbList","@id":"https:\/\/espak.ee\/epood\/toode\/nurk-901506525-tugevdatud\/#breadcrumb","itemListElement":[{"@type":"ListItem","position":1,"name":"Home","item":"https:\/\/espak.ee\/epood\/"},{"@type":"ListItem","position":2,"name":"Tootevalik","item":"https:\/\/espak.ee\/epood\/tootevalik\/"},{"@type":"ListItem","position":3,"name":"NURK 90*150*65*2,5 TUGEVDATUD"}]},{"@type":"WebSite","@id":"https:\/\/espak.ee\/epood\/#website","url":"https:\/\/espak.ee\/epood\/","name":"Espak E-pood","description":"","potentialAction":[{"@type":"SearchAction","target":{"@type":"EntryPoint","urlTemplate":"https:\/\/espak.ee\/epood\/?s={search_term_string}"},"query-input":{"@type":"PropertyValueSpecification","valueRequired":true,"valueName":"search_term_string"}}],"inLanguage":"et"}]}},"_links":{"self":[{"href":"https:\/\/espak.ee\/epood\/wp-json\/wp\/v2\/product\/15396","targetHints":{"allow":["GET"]}}],"collection":[{"href":"https:\/\/espak.ee\/epood\/wp-json\/wp\/v2\/product"}],"about":[{"href":"https:\/\/espak.ee\/epood\/wp-json\/wp\/v2\/types\/product"}],"replies":[{"embeddable":true,"href":"https:\/\/espak.ee\/epood\/wp-json\/wp\/v2\/comments?post=15396"}],"wp:featuredmedia":[{"embeddable":true,"href":"https:\/\/espak.ee\/epood\/wp-json\/wp\/v2\/media\/15999"}],"wp:attachment":[{"href":"https:\/\/espak.ee\/epood\/wp-json\/wp\/v2\/media?parent=15396"}],"wp:term":[{"taxonomy":"product_brand","embeddable":true,"href":"https:\/\/espak.ee\/epood\/wp-json\/wp\/v2\/product_brand?post=15396"},{"taxonomy":"product_cat","embeddable":true,"href":"https:\/\/espak.ee\/epood\/wp-json\/wp\/v2\/product_cat?post=15396"},{"taxonomy":"product_tag","embeddable":true,"href":"https:\/\/espak.ee\/epood\/wp-json\/wp\/v2\/product_tag?post=15396"}],"curies":[{"name":"wp","href":"https:\/\/api.w.org\/{rel}","templated":true}]}}