{"id":153635,"date":"2023-03-22T13:07:10","date_gmt":"2023-03-22T11:07:10","guid":{"rendered":"https:\/\/espak.ee\/epood\/?post_type=product&#038;p=153635"},"modified":"2026-01-08T10:03:18","modified_gmt":"2026-01-08T08:03:18","slug":"roostevaba-terase-hooldusvahend-mellerud-025l","status":"publish","type":"product","link":"https:\/\/espak.ee\/epood\/toode\/roostevaba-terase-hooldusvahend-mellerud-025l\/","title":{"rendered":"ROOSTEVABA TERASE HOOLDUSVAHEND MELLERUD 0,25L"},"content":{"rendered":"<div class=\"row\"  id=\"row-191356300\">\n\n\t<div id=\"col-816994800\" class=\"col medium-9 small-12 large-9\"  >\n\t\t\t\t<div class=\"col-inner\"  >\n\t\t\t\n\t\t\t\n<h3>Roostevaba terase hooldusvahend Mellerud 0,25L<\/h3>\n<p>Kaitseb, puhastab ja hooldab k\u00f5iki preemium klassi roostevabu ja kroomitud pindu sise- ja v\u00e4liruumides. Eemaldab kasutusj\u00e4lgi ja annab s\u00e4rava triibuvaba tulemuse. T\u00f5hus kaitsekiht kaitseb pindu s\u00f5rmej\u00e4lgede ja uute m\u00e4\u00e4rdumiste eest.<\/p>\n<p><strong>Kasutamine:<\/strong><br \/>\nEsialgu eemaldage tugevad rasvaplekid ja mustus. Kandke toodet \u00fchtlaselt pinnale pehme, kuiva ja kiuvaba lapi abil. Immutage l\u00e4bi ja eemaldage lahtine mustus. Vajadusel p\u00fchige teise lapiga \u00fcle. \u00c4rge katsuge pinda enne, kui see kuivab t\u00e4ielikult \u00e4ra.<\/p>\n<div class=\"is-divider divider clearfix\" ><\/div>\n<strong>Hoiatus:<\/strong> Kahjulik veeorganismidele, pikaajaline toime. Arsti poole p\u00f6\u00f6rdudes v\u00f5tta kaasa toote pakend v\u00f5i etikett.<br \/>\n Hoida lastele k\u00e4ttesaamatus kohas.<br \/>\n V\u00e4ltida sattumist keskkonda.<br \/>\n Sisu\/konteiner viia ohtlike j\u00e4\u00e4tmete kogumispunkti.<\/p>\n\t\t<\/div>\n\t\t\t\t\t<\/div>\n\n\t\n\n\t<div id=\"col-432225135\" class=\"col medium-3 small-12 large-3\"  >\n\t\t\t\t<div class=\"col-inner\"  >\n\t\t\t\n\t\t\t\n<h3>Ohutuskaart<\/h3>\n<p><a href=\"https:\/\/espak.ee\/epood\/wp-content\/uploads\/2023\/03\/SDB_4004666111267_et-EE_V01-01_LVEE_Edelstahl_und_Chrom_Pflege_025_L37140_de-DE.pdf\"target=\"_blank\" rel=\"noopener noreferrer\"><i class=\"far fa-file-pdf\"><\/i> Ohutuskaart (PDF)<\/a><\/p>\n<div class=\"is-divider divider clearfix\" ><\/div>\n<p><strong>\u00dcksikasjalikuma n\u00f5u saamiseks v\u00f5tke \u00fchendust:<br \/><\/strong>Espak AS<br \/>Viadukti 42<br \/>11313<br \/>Tallinn<br \/>+372 6 512333<\/p>\n\t\t<\/div>\n\t\t\t\t\t<\/div>\n\n\t\n<\/div>\n","protected":false},"excerpt":{"rendered":"","protected":false},"featured_media":153676,"comment_status":"closed","ping_status":"closed","template":"","meta":[],"product_brand":[],"product_cat":[2789,2788,2900,4627],"product_tag":[],"class_list":{"0":"post-153635","1":"product","2":"type-product","3":"status-publish","4":"has-post-thumbnail","6":"product_cat-aiatarbed","7":"product_cat-aiatarbed-ja-kodukaubad","8":"product_cat-grillid","9":"product_cat-kodukeemia-grillid","10":"pa_kaubamark-mellerud-chemie-gmbh","12":"first","13":"instock","14":"sale","15":"taxable","16":"shipping-taxable","17":"purchasable","18":"product-type-simple"},"yoast_head":"<!-- This site is optimized with the Yoast SEO plugin v26.9 - https:\/\/yoast.com\/product\/yoast-seo-wordpress\/ -->\n<title>ROOSTEVABA TERASE HOOLDUSVAHEND MELLERUD 0,25L - Espak E-pood<\/title>\n<meta name=\"robots\" content=\"index, follow, max-snippet:-1, max-image-preview:large, max-video-preview:-1\" \/>\n<link rel=\"canonical\" href=\"https:\/\/espak.ee\/epood\/toode\/roostevaba-terase-hooldusvahend-mellerud-025l\/\" \/>\n<meta property=\"og:locale\" content=\"et_EE\" \/>\n<meta property=\"og:type\" content=\"article\" \/>\n<meta property=\"og:title\" content=\"ROOSTEVABA TERASE HOOLDUSVAHEND MELLERUD 0,25L - Espak E-pood\" \/>\n<meta property=\"og:url\" content=\"https:\/\/espak.ee\/epood\/toode\/roostevaba-terase-hooldusvahend-mellerud-025l\/\" \/>\n<meta property=\"og:site_name\" content=\"Espak E-pood\" \/>\n<meta property=\"article:modified_time\" content=\"2026-01-08T08:03:18+00:00\" \/>\n<meta property=\"og:image\" content=\"https:\/\/espak.ee\/epood\/wp-content\/uploads\/2023\/03\/ABB_4004666111267_VN1-01_LVEE-Edelstahl-und-Chrom-Pflege-025-l.jpg\" \/>\n\t<meta property=\"og:image:width\" content=\"800\" \/>\n\t<meta property=\"og:image:height\" content=\"800\" \/>\n\t<meta property=\"og:image:type\" content=\"image\/jpeg\" \/>\n<meta name=\"twitter:card\" content=\"summary_large_image\" \/>\n<meta name=\"twitter:label1\" content=\"Est. reading time\" \/>\n\t<meta name=\"twitter:data1\" content=\"1 minut\" \/>\n<script type=\"application\/ld+json\" class=\"yoast-schema-graph\">{\"@context\":\"https:\/\/schema.org\",\"@graph\":[{\"@type\":\"WebPage\",\"@id\":\"https:\/\/espak.ee\/epood\/toode\/roostevaba-terase-hooldusvahend-mellerud-025l\/\",\"url\":\"https:\/\/espak.ee\/epood\/toode\/roostevaba-terase-hooldusvahend-mellerud-025l\/\",\"name\":\"ROOSTEVABA TERASE HOOLDUSVAHEND MELLERUD 0,25L - Espak E-pood\",\"isPartOf\":{\"@id\":\"https:\/\/espak.ee\/epood\/#website\"},\"primaryImageOfPage\":{\"@id\":\"https:\/\/espak.ee\/epood\/toode\/roostevaba-terase-hooldusvahend-mellerud-025l\/#primaryimage\"},\"image\":{\"@id\":\"https:\/\/espak.ee\/epood\/toode\/roostevaba-terase-hooldusvahend-mellerud-025l\/#primaryimage\"},\"thumbnailUrl\":\"https:\/\/espak.ee\/epood\/wp-content\/uploads\/2023\/03\/ABB_4004666111267_VN1-01_LVEE-Edelstahl-und-Chrom-Pflege-025-l.jpg\",\"datePublished\":\"2023-03-22T11:07:10+00:00\",\"dateModified\":\"2026-01-08T08:03:18+00:00\",\"breadcrumb\":{\"@id\":\"https:\/\/espak.ee\/epood\/toode\/roostevaba-terase-hooldusvahend-mellerud-025l\/#breadcrumb\"},\"inLanguage\":\"et\",\"potentialAction\":[{\"@type\":\"ReadAction\",\"target\":[\"https:\/\/espak.ee\/epood\/toode\/roostevaba-terase-hooldusvahend-mellerud-025l\/\"]}]},{\"@type\":\"ImageObject\",\"inLanguage\":\"et\",\"@id\":\"https:\/\/espak.ee\/epood\/toode\/roostevaba-terase-hooldusvahend-mellerud-025l\/#primaryimage\",\"url\":\"https:\/\/espak.ee\/epood\/wp-content\/uploads\/2023\/03\/ABB_4004666111267_VN1-01_LVEE-Edelstahl-und-Chrom-Pflege-025-l.jpg\",\"contentUrl\":\"https:\/\/espak.ee\/epood\/wp-content\/uploads\/2023\/03\/ABB_4004666111267_VN1-01_LVEE-Edelstahl-und-Chrom-Pflege-025-l.jpg\",\"width\":800,\"height\":800},{\"@type\":\"BreadcrumbList\",\"@id\":\"https:\/\/espak.ee\/epood\/toode\/roostevaba-terase-hooldusvahend-mellerud-025l\/#breadcrumb\",\"itemListElement\":[{\"@type\":\"ListItem\",\"position\":1,\"name\":\"Home\",\"item\":\"https:\/\/espak.ee\/epood\/\"},{\"@type\":\"ListItem\",\"position\":2,\"name\":\"Tootevalik\",\"item\":\"https:\/\/espak.ee\/epood\/tootevalik\/\"},{\"@type\":\"ListItem\",\"position\":3,\"name\":\"ROOSTEVABA TERASE HOOLDUSVAHEND MELLERUD 0,25L\"}]},{\"@type\":\"WebSite\",\"@id\":\"https:\/\/espak.ee\/epood\/#website\",\"url\":\"https:\/\/espak.ee\/epood\/\",\"name\":\"Espak E-pood\",\"description\":\"\",\"potentialAction\":[{\"@type\":\"SearchAction\",\"target\":{\"@type\":\"EntryPoint\",\"urlTemplate\":\"https:\/\/espak.ee\/epood\/?s={search_term_string}\"},\"query-input\":{\"@type\":\"PropertyValueSpecification\",\"valueRequired\":true,\"valueName\":\"search_term_string\"}}],\"inLanguage\":\"et\"}]}<\/script>\n<!-- \/ Yoast SEO plugin. -->","yoast_head_json":{"title":"ROOSTEVABA TERASE HOOLDUSVAHEND MELLERUD 0,25L - Espak E-pood","robots":{"index":"index","follow":"follow","max-snippet":"max-snippet:-1","max-image-preview":"max-image-preview:large","max-video-preview":"max-video-preview:-1"},"canonical":"https:\/\/espak.ee\/epood\/toode\/roostevaba-terase-hooldusvahend-mellerud-025l\/","og_locale":"et_EE","og_type":"article","og_title":"ROOSTEVABA TERASE HOOLDUSVAHEND MELLERUD 0,25L - Espak E-pood","og_url":"https:\/\/espak.ee\/epood\/toode\/roostevaba-terase-hooldusvahend-mellerud-025l\/","og_site_name":"Espak E-pood","article_modified_time":"2026-01-08T08:03:18+00:00","og_image":[{"width":800,"height":800,"url":"https:\/\/espak.ee\/epood\/wp-content\/uploads\/2023\/03\/ABB_4004666111267_VN1-01_LVEE-Edelstahl-und-Chrom-Pflege-025-l.jpg","type":"image\/jpeg"}],"twitter_card":"summary_large_image","twitter_misc":{"Est. reading time":"1 minut"},"schema":{"@context":"https:\/\/schema.org","@graph":[{"@type":"WebPage","@id":"https:\/\/espak.ee\/epood\/toode\/roostevaba-terase-hooldusvahend-mellerud-025l\/","url":"https:\/\/espak.ee\/epood\/toode\/roostevaba-terase-hooldusvahend-mellerud-025l\/","name":"ROOSTEVABA TERASE HOOLDUSVAHEND MELLERUD 0,25L - Espak E-pood","isPartOf":{"@id":"https:\/\/espak.ee\/epood\/#website"},"primaryImageOfPage":{"@id":"https:\/\/espak.ee\/epood\/toode\/roostevaba-terase-hooldusvahend-mellerud-025l\/#primaryimage"},"image":{"@id":"https:\/\/espak.ee\/epood\/toode\/roostevaba-terase-hooldusvahend-mellerud-025l\/#primaryimage"},"thumbnailUrl":"https:\/\/espak.ee\/epood\/wp-content\/uploads\/2023\/03\/ABB_4004666111267_VN1-01_LVEE-Edelstahl-und-Chrom-Pflege-025-l.jpg","datePublished":"2023-03-22T11:07:10+00:00","dateModified":"2026-01-08T08:03:18+00:00","breadcrumb":{"@id":"https:\/\/espak.ee\/epood\/toode\/roostevaba-terase-hooldusvahend-mellerud-025l\/#breadcrumb"},"inLanguage":"et","potentialAction":[{"@type":"ReadAction","target":["https:\/\/espak.ee\/epood\/toode\/roostevaba-terase-hooldusvahend-mellerud-025l\/"]}]},{"@type":"ImageObject","inLanguage":"et","@id":"https:\/\/espak.ee\/epood\/toode\/roostevaba-terase-hooldusvahend-mellerud-025l\/#primaryimage","url":"https:\/\/espak.ee\/epood\/wp-content\/uploads\/2023\/03\/ABB_4004666111267_VN1-01_LVEE-Edelstahl-und-Chrom-Pflege-025-l.jpg","contentUrl":"https:\/\/espak.ee\/epood\/wp-content\/uploads\/2023\/03\/ABB_4004666111267_VN1-01_LVEE-Edelstahl-und-Chrom-Pflege-025-l.jpg","width":800,"height":800},{"@type":"BreadcrumbList","@id":"https:\/\/espak.ee\/epood\/toode\/roostevaba-terase-hooldusvahend-mellerud-025l\/#breadcrumb","itemListElement":[{"@type":"ListItem","position":1,"name":"Home","item":"https:\/\/espak.ee\/epood\/"},{"@type":"ListItem","position":2,"name":"Tootevalik","item":"https:\/\/espak.ee\/epood\/tootevalik\/"},{"@type":"ListItem","position":3,"name":"ROOSTEVABA TERASE HOOLDUSVAHEND MELLERUD 0,25L"}]},{"@type":"WebSite","@id":"https:\/\/espak.ee\/epood\/#website","url":"https:\/\/espak.ee\/epood\/","name":"Espak E-pood","description":"","potentialAction":[{"@type":"SearchAction","target":{"@type":"EntryPoint","urlTemplate":"https:\/\/espak.ee\/epood\/?s={search_term_string}"},"query-input":{"@type":"PropertyValueSpecification","valueRequired":true,"valueName":"search_term_string"}}],"inLanguage":"et"}]}},"_links":{"self":[{"href":"https:\/\/espak.ee\/epood\/wp-json\/wp\/v2\/product\/153635","targetHints":{"allow":["GET"]}}],"collection":[{"href":"https:\/\/espak.ee\/epood\/wp-json\/wp\/v2\/product"}],"about":[{"href":"https:\/\/espak.ee\/epood\/wp-json\/wp\/v2\/types\/product"}],"replies":[{"embeddable":true,"href":"https:\/\/espak.ee\/epood\/wp-json\/wp\/v2\/comments?post=153635"}],"wp:featuredmedia":[{"embeddable":true,"href":"https:\/\/espak.ee\/epood\/wp-json\/wp\/v2\/media\/153676"}],"wp:attachment":[{"href":"https:\/\/espak.ee\/epood\/wp-json\/wp\/v2\/media?parent=153635"}],"wp:term":[{"taxonomy":"product_brand","embeddable":true,"href":"https:\/\/espak.ee\/epood\/wp-json\/wp\/v2\/product_brand?post=153635"},{"taxonomy":"product_cat","embeddable":true,"href":"https:\/\/espak.ee\/epood\/wp-json\/wp\/v2\/product_cat?post=153635"},{"taxonomy":"product_tag","embeddable":true,"href":"https:\/\/espak.ee\/epood\/wp-json\/wp\/v2\/product_tag?post=153635"}],"curies":[{"name":"wp","href":"https:\/\/api.w.org\/{rel}","templated":true}]}}