{"id":153622,"date":"2023-03-22T13:07:10","date_gmt":"2023-03-22T11:07:10","guid":{"rendered":"https:\/\/espak.ee\/epood\/?post_type=product&#038;p=153622"},"modified":"2026-04-19T16:25:25","modified_gmt":"2026-04-19T13:25:25","slug":"keraamilise-pliidi-puhastusvahend-mellerud-05l","status":"publish","type":"product","link":"https:\/\/espak.ee\/epood\/toode\/keraamilise-pliidi-puhastusvahend-mellerud-05l\/","title":{"rendered":"KERAAMILISE PLIIDI PUHASTUSVAHEND MELLERUD 0,5L"},"content":{"rendered":"<div class=\"row\"  id=\"row-92787979\"><\/div>\n\n\t<div id=\"col-136980403\" class=\"col medium-9 small-12 large-9\"  >\n\t\t\t\t<div class=\"col-inner\"  >\n\t\t\t\n\t\t\t\n<h3>Keraamilise pliidi puhastusvahend Mellerud 0,5L<\/h3>\n<p> Puhastab \u00f5rnalt ja p\u00f5hjalikult keraamilisi pliidiplaate, andes neile s\u00e4ra ja pikaajalise kaitse. Teeb igap\u00e4evase koristuse lihtsamaks ning eemaldab isegi v\u00e4ga raskesti eemaldatava mustuse ja \u00fclekeenud toidu. Eriline koostis aitab ennetada \u00fclekeenud toidu pliidi pinnale k\u00fclge k\u00f5rbemist ja ennetab pliidile sattunud k\u00f5rbenud suhkrust tekkida v\u00f5ivaid kahjustusi.<\/p>\n<p><strong>Kasutamine:<\/strong><br \/>\nEnne kasutamist loksutage pudelit!<br \/>\n Esmalt eemaldage suurem mustus nt MELLERUD&#8217;i Keraamilise pliidi kaabitsaga. Olenevalt plaadi m\u00e4\u00e4rdumisastmest kandke vahendit k\u00fclmale pliidiplaadile ning h\u00f5\u00f5ruge sisse lapi, paberr\u00e4tiku v\u00f5i \u0161vammi abil. Laske vahendil veidi aega m\u00f5juda. P\u00fchkige plaadilt irdunud mustus. Seej\u00e4rel p\u00fchkige pliidiplaat veelkord \u00fcle puhta kuiva lapiga ja poleerige laitmatu tulemuse saavutamiseks. Hoidmaks pliidile tekkinud kaitsekihti, \u00e4rge kasutage niisket lappi.<\/p>\n<div class=\"is-divider divider clearfix\" ><\/div>\n<strong>Hoiatus:<\/strong> Hoida lastele k\u00e4ttesaamatus kohas. \u00a9 A.I.S.E. www.cleanright.eu<\/p>\n\t\t<\/div>\n\t\t\t\t\t<\/div>\n\n\t\n\n\t<div id=\"col-127385437\" class=\"col medium-3 small-12 large-3\"  >\n\t\t\t\t<div class=\"col-inner\"  >\n\t\t\t\n\t\t\t\n<h3>Ohutuskaart<\/h3>\n<p><a href=\"https:\/\/espak.ee\/epood\/wp-content\/uploads\/2023\/03\/SDB_4004666111519_et-EE_V01-01_BALT_Glaskeramik_Kochfeld_Reiniger_05_L37124_de-DE.pdf\"target=\"_blank\" rel=\"noopener noreferrer\"><i class=\"far fa-file-pdf\"><\/i> Ohutuskaart (PDF)<\/a><\/p>\n<div class=\"is-divider divider clearfix\" ><\/div>\n<p><strong>\u00dcksikasjalikuma n\u00f5u saamiseks v\u00f5tke \u00fchendust:<br \/><\/strong>Espak AS<br \/>Viadukti 42<br \/>11313<br \/>Tallinn<br \/>+372 6 512333<\/p>\n\t\t<\/div>\n\t\t\t\t\t<\/div>\n\n\t\n","protected":false},"excerpt":{"rendered":"","protected":false},"featured_media":153700,"comment_status":"closed","ping_status":"closed","template":"","meta":[],"product_brand":[],"product_cat":[2789,2788,2900,4627],"product_tag":[],"class_list":{"0":"post-153622","1":"product","2":"type-product","3":"status-publish","4":"has-post-thumbnail","6":"product_cat-aiatarbed","7":"product_cat-aiatarbed-ja-kodukaubad","8":"product_cat-grillid","9":"product_cat-kodukeemia-grillid","10":"pa_kaubamark-mellerud-chemie-gmbh","12":"first","13":"instock","14":"sale","15":"taxable","16":"shipping-taxable","17":"purchasable","18":"product-type-simple"},"yoast_head":"<!-- This site is optimized with the Yoast SEO plugin v26.9 - https:\/\/yoast.com\/product\/yoast-seo-wordpress\/ -->\n<title>KERAAMILISE PLIIDI PUHASTUSVAHEND MELLERUD 0,5L - Espak E-pood<\/title>\n<meta name=\"robots\" content=\"index, follow, max-snippet:-1, max-image-preview:large, max-video-preview:-1\" \/>\n<link rel=\"canonical\" href=\"https:\/\/espak.ee\/epood\/toode\/keraamilise-pliidi-puhastusvahend-mellerud-05l\/\" \/>\n<meta property=\"og:locale\" content=\"et_EE\" \/>\n<meta property=\"og:type\" content=\"article\" \/>\n<meta property=\"og:title\" content=\"KERAAMILISE PLIIDI PUHASTUSVAHEND MELLERUD 0,5L - Espak E-pood\" \/>\n<meta property=\"og:url\" content=\"https:\/\/espak.ee\/epood\/toode\/keraamilise-pliidi-puhastusvahend-mellerud-05l\/\" \/>\n<meta property=\"og:site_name\" content=\"Espak E-pood\" \/>\n<meta property=\"article:modified_time\" content=\"2026-04-19T13:25:25+00:00\" \/>\n<meta property=\"og:image\" content=\"https:\/\/espak.ee\/epood\/wp-content\/uploads\/2023\/03\/ABB_4004666111519_VN1-01_BALT-Glaskeramik-Kochfeld-Reiniger-05-l.jpg\" \/>\n\t<meta property=\"og:image:width\" content=\"800\" \/>\n\t<meta property=\"og:image:height\" content=\"800\" \/>\n\t<meta property=\"og:image:type\" content=\"image\/jpeg\" \/>\n<meta name=\"twitter:card\" content=\"summary_large_image\" \/>\n<meta name=\"twitter:label1\" content=\"Est. reading time\" \/>\n\t<meta name=\"twitter:data1\" content=\"1 minut\" \/>\n<script type=\"application\/ld+json\" class=\"yoast-schema-graph\">{\"@context\":\"https:\/\/schema.org\",\"@graph\":[{\"@type\":\"WebPage\",\"@id\":\"https:\/\/espak.ee\/epood\/toode\/keraamilise-pliidi-puhastusvahend-mellerud-05l\/\",\"url\":\"https:\/\/espak.ee\/epood\/toode\/keraamilise-pliidi-puhastusvahend-mellerud-05l\/\",\"name\":\"KERAAMILISE PLIIDI PUHASTUSVAHEND MELLERUD 0,5L - Espak E-pood\",\"isPartOf\":{\"@id\":\"https:\/\/espak.ee\/epood\/#website\"},\"primaryImageOfPage\":{\"@id\":\"https:\/\/espak.ee\/epood\/toode\/keraamilise-pliidi-puhastusvahend-mellerud-05l\/#primaryimage\"},\"image\":{\"@id\":\"https:\/\/espak.ee\/epood\/toode\/keraamilise-pliidi-puhastusvahend-mellerud-05l\/#primaryimage\"},\"thumbnailUrl\":\"https:\/\/espak.ee\/epood\/wp-content\/uploads\/2023\/03\/ABB_4004666111519_VN1-01_BALT-Glaskeramik-Kochfeld-Reiniger-05-l.jpg\",\"datePublished\":\"2023-03-22T11:07:10+00:00\",\"dateModified\":\"2026-04-19T13:25:25+00:00\",\"breadcrumb\":{\"@id\":\"https:\/\/espak.ee\/epood\/toode\/keraamilise-pliidi-puhastusvahend-mellerud-05l\/#breadcrumb\"},\"inLanguage\":\"et\",\"potentialAction\":[{\"@type\":\"ReadAction\",\"target\":[\"https:\/\/espak.ee\/epood\/toode\/keraamilise-pliidi-puhastusvahend-mellerud-05l\/\"]}]},{\"@type\":\"ImageObject\",\"inLanguage\":\"et\",\"@id\":\"https:\/\/espak.ee\/epood\/toode\/keraamilise-pliidi-puhastusvahend-mellerud-05l\/#primaryimage\",\"url\":\"https:\/\/espak.ee\/epood\/wp-content\/uploads\/2023\/03\/ABB_4004666111519_VN1-01_BALT-Glaskeramik-Kochfeld-Reiniger-05-l.jpg\",\"contentUrl\":\"https:\/\/espak.ee\/epood\/wp-content\/uploads\/2023\/03\/ABB_4004666111519_VN1-01_BALT-Glaskeramik-Kochfeld-Reiniger-05-l.jpg\",\"width\":800,\"height\":800},{\"@type\":\"BreadcrumbList\",\"@id\":\"https:\/\/espak.ee\/epood\/toode\/keraamilise-pliidi-puhastusvahend-mellerud-05l\/#breadcrumb\",\"itemListElement\":[{\"@type\":\"ListItem\",\"position\":1,\"name\":\"Home\",\"item\":\"https:\/\/espak.ee\/epood\/\"},{\"@type\":\"ListItem\",\"position\":2,\"name\":\"Tootevalik\",\"item\":\"https:\/\/espak.ee\/epood\/tootevalik\/\"},{\"@type\":\"ListItem\",\"position\":3,\"name\":\"KERAAMILISE PLIIDI PUHASTUSVAHEND MELLERUD 0,5L\"}]},{\"@type\":\"WebSite\",\"@id\":\"https:\/\/espak.ee\/epood\/#website\",\"url\":\"https:\/\/espak.ee\/epood\/\",\"name\":\"Espak E-pood\",\"description\":\"\",\"potentialAction\":[{\"@type\":\"SearchAction\",\"target\":{\"@type\":\"EntryPoint\",\"urlTemplate\":\"https:\/\/espak.ee\/epood\/?s={search_term_string}\"},\"query-input\":{\"@type\":\"PropertyValueSpecification\",\"valueRequired\":true,\"valueName\":\"search_term_string\"}}],\"inLanguage\":\"et\"}]}<\/script>\n<!-- \/ Yoast SEO plugin. -->","yoast_head_json":{"title":"KERAAMILISE PLIIDI PUHASTUSVAHEND MELLERUD 0,5L - Espak E-pood","robots":{"index":"index","follow":"follow","max-snippet":"max-snippet:-1","max-image-preview":"max-image-preview:large","max-video-preview":"max-video-preview:-1"},"canonical":"https:\/\/espak.ee\/epood\/toode\/keraamilise-pliidi-puhastusvahend-mellerud-05l\/","og_locale":"et_EE","og_type":"article","og_title":"KERAAMILISE PLIIDI PUHASTUSVAHEND MELLERUD 0,5L - Espak E-pood","og_url":"https:\/\/espak.ee\/epood\/toode\/keraamilise-pliidi-puhastusvahend-mellerud-05l\/","og_site_name":"Espak E-pood","article_modified_time":"2026-04-19T13:25:25+00:00","og_image":[{"width":800,"height":800,"url":"https:\/\/espak.ee\/epood\/wp-content\/uploads\/2023\/03\/ABB_4004666111519_VN1-01_BALT-Glaskeramik-Kochfeld-Reiniger-05-l.jpg","type":"image\/jpeg"}],"twitter_card":"summary_large_image","twitter_misc":{"Est. reading time":"1 minut"},"schema":{"@context":"https:\/\/schema.org","@graph":[{"@type":"WebPage","@id":"https:\/\/espak.ee\/epood\/toode\/keraamilise-pliidi-puhastusvahend-mellerud-05l\/","url":"https:\/\/espak.ee\/epood\/toode\/keraamilise-pliidi-puhastusvahend-mellerud-05l\/","name":"KERAAMILISE PLIIDI PUHASTUSVAHEND MELLERUD 0,5L - Espak E-pood","isPartOf":{"@id":"https:\/\/espak.ee\/epood\/#website"},"primaryImageOfPage":{"@id":"https:\/\/espak.ee\/epood\/toode\/keraamilise-pliidi-puhastusvahend-mellerud-05l\/#primaryimage"},"image":{"@id":"https:\/\/espak.ee\/epood\/toode\/keraamilise-pliidi-puhastusvahend-mellerud-05l\/#primaryimage"},"thumbnailUrl":"https:\/\/espak.ee\/epood\/wp-content\/uploads\/2023\/03\/ABB_4004666111519_VN1-01_BALT-Glaskeramik-Kochfeld-Reiniger-05-l.jpg","datePublished":"2023-03-22T11:07:10+00:00","dateModified":"2026-04-19T13:25:25+00:00","breadcrumb":{"@id":"https:\/\/espak.ee\/epood\/toode\/keraamilise-pliidi-puhastusvahend-mellerud-05l\/#breadcrumb"},"inLanguage":"et","potentialAction":[{"@type":"ReadAction","target":["https:\/\/espak.ee\/epood\/toode\/keraamilise-pliidi-puhastusvahend-mellerud-05l\/"]}]},{"@type":"ImageObject","inLanguage":"et","@id":"https:\/\/espak.ee\/epood\/toode\/keraamilise-pliidi-puhastusvahend-mellerud-05l\/#primaryimage","url":"https:\/\/espak.ee\/epood\/wp-content\/uploads\/2023\/03\/ABB_4004666111519_VN1-01_BALT-Glaskeramik-Kochfeld-Reiniger-05-l.jpg","contentUrl":"https:\/\/espak.ee\/epood\/wp-content\/uploads\/2023\/03\/ABB_4004666111519_VN1-01_BALT-Glaskeramik-Kochfeld-Reiniger-05-l.jpg","width":800,"height":800},{"@type":"BreadcrumbList","@id":"https:\/\/espak.ee\/epood\/toode\/keraamilise-pliidi-puhastusvahend-mellerud-05l\/#breadcrumb","itemListElement":[{"@type":"ListItem","position":1,"name":"Home","item":"https:\/\/espak.ee\/epood\/"},{"@type":"ListItem","position":2,"name":"Tootevalik","item":"https:\/\/espak.ee\/epood\/tootevalik\/"},{"@type":"ListItem","position":3,"name":"KERAAMILISE PLIIDI PUHASTUSVAHEND MELLERUD 0,5L"}]},{"@type":"WebSite","@id":"https:\/\/espak.ee\/epood\/#website","url":"https:\/\/espak.ee\/epood\/","name":"Espak E-pood","description":"","potentialAction":[{"@type":"SearchAction","target":{"@type":"EntryPoint","urlTemplate":"https:\/\/espak.ee\/epood\/?s={search_term_string}"},"query-input":{"@type":"PropertyValueSpecification","valueRequired":true,"valueName":"search_term_string"}}],"inLanguage":"et"}]}},"_links":{"self":[{"href":"https:\/\/espak.ee\/epood\/wp-json\/wp\/v2\/product\/153622","targetHints":{"allow":["GET"]}}],"collection":[{"href":"https:\/\/espak.ee\/epood\/wp-json\/wp\/v2\/product"}],"about":[{"href":"https:\/\/espak.ee\/epood\/wp-json\/wp\/v2\/types\/product"}],"replies":[{"embeddable":true,"href":"https:\/\/espak.ee\/epood\/wp-json\/wp\/v2\/comments?post=153622"}],"wp:featuredmedia":[{"embeddable":true,"href":"https:\/\/espak.ee\/epood\/wp-json\/wp\/v2\/media\/153700"}],"wp:attachment":[{"href":"https:\/\/espak.ee\/epood\/wp-json\/wp\/v2\/media?parent=153622"}],"wp:term":[{"taxonomy":"product_brand","embeddable":true,"href":"https:\/\/espak.ee\/epood\/wp-json\/wp\/v2\/product_brand?post=153622"},{"taxonomy":"product_cat","embeddable":true,"href":"https:\/\/espak.ee\/epood\/wp-json\/wp\/v2\/product_cat?post=153622"},{"taxonomy":"product_tag","embeddable":true,"href":"https:\/\/espak.ee\/epood\/wp-json\/wp\/v2\/product_tag?post=153622"}],"curies":[{"name":"wp","href":"https:\/\/api.w.org\/{rel}","templated":true}]}}