{"id":153607,"date":"2023-03-22T13:06:25","date_gmt":"2023-03-22T11:06:25","guid":{"rendered":"https:\/\/espak.ee\/epood\/?post_type=product&#038;p=153607"},"modified":"2025-08-28T11:14:49","modified_gmt":"2025-08-28T08:14:49","slug":"wc-katlakivi-eemaldaja-mellerud-1l","status":"publish","type":"product","link":"https:\/\/espak.ee\/epood\/toode\/wc-katlakivi-eemaldaja-mellerud-1l\/","title":{"rendered":"WC KATLAKIVI EEMALDAJA MELLERUD 1L"},"content":{"rendered":"<div class=\"row\"  id=\"row-100969055\">\n\n\t<div id=\"col-807898295\" class=\"col medium-9 small-12 large-9\"  >\n\t\t\t\t<div class=\"col-inner\"  >\n\t\t\t\n\t\t\t\n<h3>WC katlakivi eemaldaja Mellerud 1L<\/h3>\n<p>Eemaldab uriinij\u00e4ljed, ladestusi, seebi- ja roosteplekid ilma h\u00f5\u00f5rumiseta. Kasutamiseks WC-pottides, bideedes, valamutes, pissuaarides ning igal pool WC-ruumides. S\u00e4ilitab h\u00fcgieenilist puhtust ja annab meeldiva tsitruselise aroomi. Uus koostis eemaldab ladestused isegi t\u00f5husamalt ja efektiivsemalt.<\/p>\n<p><strong>Kasutamine:<\/strong><br \/>\nPihustage \u00fchtlaselt ja p\u00f5hjalikult \u00fcle WC-poti ning WC-poti \u00e4\u00e4re alla. Laske m\u00f5juda, seej\u00e4rel puhastage kas WC-harja v\u00f5i \u0161vammi abil. Loputage korralikult. Tugeva ladestuse korral puhastage korduvalt. Raua, mangaani v\u00f5i mangaani dioks\u00fc\u00fcdi ladestustest p\u00f5hjustatud plekke v\u00f5ib eemaldada, kasutades koos vahendiga ka MELLERUD&#8217;i WC mangaaniplekkide eemaldajat.<\/p>\n<p><strong>NB: <\/strong>\u00c4rge kasutage hapete suhtes tundlikel pindadel. Enne kasutamist kontrollige alati sobivust v\u00e4hem m\u00e4rgatavas kohas. Enne utiliseerimist veenduge, et taara on t\u00e4iesti t\u00fchi.<\/p>\n<div class=\"is-divider divider clearfix\" ><\/div>\n<strong>Hoiatus:<\/strong> P\u00f5hjustab naha\u00e4rritust. P\u00f5hjustab tugevat silmade \u00e4rritust. Arsti poole p\u00f6\u00f6rdudes v\u00f5tta kaasa toote pakend v\u00f5i etikett.<br \/>\n Hoida lastele k\u00e4ttesaamatus kohas.<br \/>\nSILMA SATTUMISE KORRAL: Loputada mitme minuti jooksul ettevaatlikult veega. Eemaldada kontaktl\u00e4\u00e4tsed, kui neid kasutatakse ja kui neid on kerge eemaldada. Loputada veel kord.<br \/>\nNAHALE SATTUMISE KORRAL: Pesta rohke veega.<\/p>\n\t\t<\/div>\n\t\t\t\t\t<\/div>\n\n\t\n\n\t<div id=\"col-211576557\" class=\"col medium-3 small-12 large-3\"  >\n\t\t\t\t<div class=\"col-inner\"  >\n\t\t\t\n\t\t\t\n<h3>Ohutuskaart<\/h3>\n<p><a href=\"https:\/\/espak.ee\/epood\/wp-content\/uploads\/2023\/03\/SDB_4004666111144_et-EE_V01-01_BALT_Urin_und_Kalkstein_Entferner_10_L37080_de-DE.pdf\"target=\"_blank\" rel=\"noopener noreferrer\"><i class=\"far fa-file-pdf\"><\/i> Ohutuskaart (PDF)<\/a><\/p>\n<div class=\"is-divider divider clearfix\" ><\/div>\n<p><strong>\u00dcksikasjalikuma n\u00f5u saamiseks v\u00f5tke \u00fchendust:<br \/><\/strong>Espak AS<br \/>Viadukti 42<br \/>11313<br \/>Tallinn<br \/>+372 6 512333<\/p>\n\t\t<\/div>\n\t\t\t\t\t<\/div>\n\n\t\n<\/div>\n","protected":false},"excerpt":{"rendered":"","protected":false},"featured_media":153664,"comment_status":"closed","ping_status":"closed","template":"","meta":[],"product_brand":[],"product_cat":[2789,2788,2900,4627],"product_tag":[],"class_list":{"0":"post-153607","1":"product","2":"type-product","3":"status-publish","4":"has-post-thumbnail","6":"product_cat-aiatarbed","7":"product_cat-aiatarbed-ja-kodukaubad","8":"product_cat-grillid","9":"product_cat-kodukeemia-grillid","10":"pa_kaubamark-mellerud-chemie-gmbh","12":"first","13":"instock","14":"sale","15":"taxable","16":"shipping-taxable","17":"purchasable","18":"product-type-simple"},"yoast_head":"<!-- This site is optimized with the Yoast SEO plugin v26.9 - https:\/\/yoast.com\/product\/yoast-seo-wordpress\/ -->\n<title>WC KATLAKIVI EEMALDAJA MELLERUD 1L - Espak E-pood<\/title>\n<meta name=\"robots\" content=\"index, follow, max-snippet:-1, max-image-preview:large, max-video-preview:-1\" \/>\n<link rel=\"canonical\" href=\"https:\/\/espak.ee\/epood\/toode\/wc-katlakivi-eemaldaja-mellerud-1l\/\" \/>\n<meta property=\"og:locale\" content=\"et_EE\" \/>\n<meta property=\"og:type\" content=\"article\" \/>\n<meta property=\"og:title\" content=\"WC KATLAKIVI EEMALDAJA MELLERUD 1L - Espak E-pood\" \/>\n<meta property=\"og:url\" content=\"https:\/\/espak.ee\/epood\/toode\/wc-katlakivi-eemaldaja-mellerud-1l\/\" \/>\n<meta property=\"og:site_name\" content=\"Espak E-pood\" \/>\n<meta property=\"article:modified_time\" content=\"2025-08-28T08:14:49+00:00\" \/>\n<meta property=\"og:image\" content=\"https:\/\/espak.ee\/epood\/wp-content\/uploads\/2023\/03\/ABB_4004666111144_VN1-01_BALT-Urin-und-Kalkstein-Entferner-10-l.jpg\" \/>\n\t<meta property=\"og:image:width\" content=\"800\" \/>\n\t<meta property=\"og:image:height\" content=\"800\" \/>\n\t<meta property=\"og:image:type\" content=\"image\/jpeg\" \/>\n<meta name=\"twitter:card\" content=\"summary_large_image\" \/>\n<meta name=\"twitter:label1\" content=\"Est. reading time\" \/>\n\t<meta name=\"twitter:data1\" content=\"1 minut\" \/>\n<script type=\"application\/ld+json\" class=\"yoast-schema-graph\">{\"@context\":\"https:\/\/schema.org\",\"@graph\":[{\"@type\":\"WebPage\",\"@id\":\"https:\/\/espak.ee\/epood\/toode\/wc-katlakivi-eemaldaja-mellerud-1l\/\",\"url\":\"https:\/\/espak.ee\/epood\/toode\/wc-katlakivi-eemaldaja-mellerud-1l\/\",\"name\":\"WC KATLAKIVI EEMALDAJA MELLERUD 1L - Espak E-pood\",\"isPartOf\":{\"@id\":\"https:\/\/espak.ee\/epood\/#website\"},\"primaryImageOfPage\":{\"@id\":\"https:\/\/espak.ee\/epood\/toode\/wc-katlakivi-eemaldaja-mellerud-1l\/#primaryimage\"},\"image\":{\"@id\":\"https:\/\/espak.ee\/epood\/toode\/wc-katlakivi-eemaldaja-mellerud-1l\/#primaryimage\"},\"thumbnailUrl\":\"https:\/\/espak.ee\/epood\/wp-content\/uploads\/2023\/03\/ABB_4004666111144_VN1-01_BALT-Urin-und-Kalkstein-Entferner-10-l.jpg\",\"datePublished\":\"2023-03-22T11:06:25+00:00\",\"dateModified\":\"2025-08-28T08:14:49+00:00\",\"breadcrumb\":{\"@id\":\"https:\/\/espak.ee\/epood\/toode\/wc-katlakivi-eemaldaja-mellerud-1l\/#breadcrumb\"},\"inLanguage\":\"et\",\"potentialAction\":[{\"@type\":\"ReadAction\",\"target\":[\"https:\/\/espak.ee\/epood\/toode\/wc-katlakivi-eemaldaja-mellerud-1l\/\"]}]},{\"@type\":\"ImageObject\",\"inLanguage\":\"et\",\"@id\":\"https:\/\/espak.ee\/epood\/toode\/wc-katlakivi-eemaldaja-mellerud-1l\/#primaryimage\",\"url\":\"https:\/\/espak.ee\/epood\/wp-content\/uploads\/2023\/03\/ABB_4004666111144_VN1-01_BALT-Urin-und-Kalkstein-Entferner-10-l.jpg\",\"contentUrl\":\"https:\/\/espak.ee\/epood\/wp-content\/uploads\/2023\/03\/ABB_4004666111144_VN1-01_BALT-Urin-und-Kalkstein-Entferner-10-l.jpg\",\"width\":800,\"height\":800},{\"@type\":\"BreadcrumbList\",\"@id\":\"https:\/\/espak.ee\/epood\/toode\/wc-katlakivi-eemaldaja-mellerud-1l\/#breadcrumb\",\"itemListElement\":[{\"@type\":\"ListItem\",\"position\":1,\"name\":\"Home\",\"item\":\"https:\/\/espak.ee\/epood\/\"},{\"@type\":\"ListItem\",\"position\":2,\"name\":\"Tootevalik\",\"item\":\"https:\/\/espak.ee\/epood\/tootevalik\/\"},{\"@type\":\"ListItem\",\"position\":3,\"name\":\"WC KATLAKIVI EEMALDAJA MELLERUD 1L\"}]},{\"@type\":\"WebSite\",\"@id\":\"https:\/\/espak.ee\/epood\/#website\",\"url\":\"https:\/\/espak.ee\/epood\/\",\"name\":\"Espak E-pood\",\"description\":\"\",\"potentialAction\":[{\"@type\":\"SearchAction\",\"target\":{\"@type\":\"EntryPoint\",\"urlTemplate\":\"https:\/\/espak.ee\/epood\/?s={search_term_string}\"},\"query-input\":{\"@type\":\"PropertyValueSpecification\",\"valueRequired\":true,\"valueName\":\"search_term_string\"}}],\"inLanguage\":\"et\"}]}<\/script>\n<!-- \/ Yoast SEO plugin. -->","yoast_head_json":{"title":"WC KATLAKIVI EEMALDAJA MELLERUD 1L - Espak E-pood","robots":{"index":"index","follow":"follow","max-snippet":"max-snippet:-1","max-image-preview":"max-image-preview:large","max-video-preview":"max-video-preview:-1"},"canonical":"https:\/\/espak.ee\/epood\/toode\/wc-katlakivi-eemaldaja-mellerud-1l\/","og_locale":"et_EE","og_type":"article","og_title":"WC KATLAKIVI EEMALDAJA MELLERUD 1L - Espak E-pood","og_url":"https:\/\/espak.ee\/epood\/toode\/wc-katlakivi-eemaldaja-mellerud-1l\/","og_site_name":"Espak E-pood","article_modified_time":"2025-08-28T08:14:49+00:00","og_image":[{"width":800,"height":800,"url":"https:\/\/espak.ee\/epood\/wp-content\/uploads\/2023\/03\/ABB_4004666111144_VN1-01_BALT-Urin-und-Kalkstein-Entferner-10-l.jpg","type":"image\/jpeg"}],"twitter_card":"summary_large_image","twitter_misc":{"Est. reading time":"1 minut"},"schema":{"@context":"https:\/\/schema.org","@graph":[{"@type":"WebPage","@id":"https:\/\/espak.ee\/epood\/toode\/wc-katlakivi-eemaldaja-mellerud-1l\/","url":"https:\/\/espak.ee\/epood\/toode\/wc-katlakivi-eemaldaja-mellerud-1l\/","name":"WC KATLAKIVI EEMALDAJA MELLERUD 1L - Espak E-pood","isPartOf":{"@id":"https:\/\/espak.ee\/epood\/#website"},"primaryImageOfPage":{"@id":"https:\/\/espak.ee\/epood\/toode\/wc-katlakivi-eemaldaja-mellerud-1l\/#primaryimage"},"image":{"@id":"https:\/\/espak.ee\/epood\/toode\/wc-katlakivi-eemaldaja-mellerud-1l\/#primaryimage"},"thumbnailUrl":"https:\/\/espak.ee\/epood\/wp-content\/uploads\/2023\/03\/ABB_4004666111144_VN1-01_BALT-Urin-und-Kalkstein-Entferner-10-l.jpg","datePublished":"2023-03-22T11:06:25+00:00","dateModified":"2025-08-28T08:14:49+00:00","breadcrumb":{"@id":"https:\/\/espak.ee\/epood\/toode\/wc-katlakivi-eemaldaja-mellerud-1l\/#breadcrumb"},"inLanguage":"et","potentialAction":[{"@type":"ReadAction","target":["https:\/\/espak.ee\/epood\/toode\/wc-katlakivi-eemaldaja-mellerud-1l\/"]}]},{"@type":"ImageObject","inLanguage":"et","@id":"https:\/\/espak.ee\/epood\/toode\/wc-katlakivi-eemaldaja-mellerud-1l\/#primaryimage","url":"https:\/\/espak.ee\/epood\/wp-content\/uploads\/2023\/03\/ABB_4004666111144_VN1-01_BALT-Urin-und-Kalkstein-Entferner-10-l.jpg","contentUrl":"https:\/\/espak.ee\/epood\/wp-content\/uploads\/2023\/03\/ABB_4004666111144_VN1-01_BALT-Urin-und-Kalkstein-Entferner-10-l.jpg","width":800,"height":800},{"@type":"BreadcrumbList","@id":"https:\/\/espak.ee\/epood\/toode\/wc-katlakivi-eemaldaja-mellerud-1l\/#breadcrumb","itemListElement":[{"@type":"ListItem","position":1,"name":"Home","item":"https:\/\/espak.ee\/epood\/"},{"@type":"ListItem","position":2,"name":"Tootevalik","item":"https:\/\/espak.ee\/epood\/tootevalik\/"},{"@type":"ListItem","position":3,"name":"WC KATLAKIVI EEMALDAJA MELLERUD 1L"}]},{"@type":"WebSite","@id":"https:\/\/espak.ee\/epood\/#website","url":"https:\/\/espak.ee\/epood\/","name":"Espak E-pood","description":"","potentialAction":[{"@type":"SearchAction","target":{"@type":"EntryPoint","urlTemplate":"https:\/\/espak.ee\/epood\/?s={search_term_string}"},"query-input":{"@type":"PropertyValueSpecification","valueRequired":true,"valueName":"search_term_string"}}],"inLanguage":"et"}]}},"_links":{"self":[{"href":"https:\/\/espak.ee\/epood\/wp-json\/wp\/v2\/product\/153607","targetHints":{"allow":["GET"]}}],"collection":[{"href":"https:\/\/espak.ee\/epood\/wp-json\/wp\/v2\/product"}],"about":[{"href":"https:\/\/espak.ee\/epood\/wp-json\/wp\/v2\/types\/product"}],"replies":[{"embeddable":true,"href":"https:\/\/espak.ee\/epood\/wp-json\/wp\/v2\/comments?post=153607"}],"wp:featuredmedia":[{"embeddable":true,"href":"https:\/\/espak.ee\/epood\/wp-json\/wp\/v2\/media\/153664"}],"wp:attachment":[{"href":"https:\/\/espak.ee\/epood\/wp-json\/wp\/v2\/media?parent=153607"}],"wp:term":[{"taxonomy":"product_brand","embeddable":true,"href":"https:\/\/espak.ee\/epood\/wp-json\/wp\/v2\/product_brand?post=153607"},{"taxonomy":"product_cat","embeddable":true,"href":"https:\/\/espak.ee\/epood\/wp-json\/wp\/v2\/product_cat?post=153607"},{"taxonomy":"product_tag","embeddable":true,"href":"https:\/\/espak.ee\/epood\/wp-json\/wp\/v2\/product_tag?post=153607"}],"curies":[{"name":"wp","href":"https:\/\/api.w.org\/{rel}","templated":true}]}}