{"id":15356,"date":"2020-02-18T03:05:50","date_gmt":"2020-02-18T01:05:50","guid":{"rendered":"https:\/\/espak.ee\/hinnakiri\/?post_type=product&#038;p=15356"},"modified":"2025-03-09T12:14:49","modified_gmt":"2025-03-09T10:14:49","slug":"kipsplaatide-kinnituskips-perlfix-12kg","status":"publish","type":"product","link":"https:\/\/espak.ee\/epood\/toode\/kipsplaatide-kinnituskips-perlfix-12kg\/","title":{"rendered":"KIPSPLAATIDE KINNITUSKIPS PERLFIX 12KG"},"content":{"rendered":"<div class=\"row\"  id=\"row-1634726423\">\n\n\t<div id=\"col-487830502\" class=\"col medium-9 small-12 large-9\"  >\n\t\t\t\t<div class=\"col-inner\"  >\n\t\t\t\n\t\t\t\n<h2>Kipsplaatide kinnituskips PerlFix<\/h2>\n<p>Kipssegu kipsplaatide kinnitamiseks m\u00fc\u00fcritisele v\u00f5i betoonseinale siset\u00f6\u00f6del.<\/p>\n<div class=\"message-box relative\" style=\"padding-top:15px;padding-bottom:15px;\"><div class=\"message-box-bg-image bg-fill fill\" ><\/div><div class=\"message-box-bg-overlay bg-fill fill\" ><\/div><div class=\"container relative\"><div class=\"inner last-reset\">\n<div class=\"row align-middle align-center\"  id=\"row-740009345\">\n\n\t<div id=\"col-1293424488\" class=\"col small-12 large-12\"  >\n\t\t\t\t<div class=\"col-inner text-left\"  >\n\t\t\t\n\t\t\t\n<h4>Omadused<\/h4>\n<div class=\"row\"  id=\"row-1060598289\">\n\n\t<div id=\"col-350104324\" class=\"col medium-6 small-12 large-6\"  >\n\t\t\t\t<div class=\"col-inner\"  >\n\t\t\t\n\t\t\t\n<p><i class=\"fa fa-check fa-2x\"><\/i> <strong>Siseseinte jaoks<\/strong><\/p>\n<p><i class=\"fa fa-check fa-2x\"><\/i> <strong>Kipssideainest kasutamisvalmis kuivsegu<\/strong><\/p>\n\t\t<\/div>\n\t\t\t\t\n<style>\n#col-350104324 > .col-inner {\n  margin: 0px 0px 15px 0px;\n}\n<\/style>\n\t<\/div>\n\n\t\n\n\t<div id=\"col-1157925153\" class=\"col medium-6 small-12 large-6\"  >\n\t\t\t\t<div class=\"col-inner\"  >\n\t\t\t\n\t\t\t\n<p><i class=\"fa fa-check fa-2x\"><\/i> <strong>Hea nakkuvus<\/strong><\/p>\n<p><i class=\"fa fa-check fa-2x\"><\/i> <strong>Kui materjal on hakanud tahenema, suureneb j\u00e4rsult selle tugevus<\/strong><\/p>\n\t\t<\/div>\n\t\t\t\t\n<style>\n#col-1157925153 > .col-inner {\n  margin: 0px 0px 15px 0px;\n}\n<\/style>\n\t<\/div>\n\n\t\n<\/div>\n\t\t<\/div>\n\t\t\t\t\t<\/div>\n\n\t\n<\/div>\n<\/div><\/div><\/div>\n\t<div id=\"gap-801075570\" class=\"gap-element clearfix\" style=\"display:block; height:auto;\">\n\t\t\n<style>\n#gap-801075570 {\n  padding-top: 30px;\n}\n<\/style>\n\t<\/div>\n\t\n<h3>Kasutamise \u00fcksikasjad<\/h3>\n<p><strong>Kasutusalad:<\/strong> Siset\u00f6\u00f6del kipsplaatide, isolatsioonimaterjalide (pol\u00fcst\u00fcreen ja mineraalvill), isolatsioonimaterjaliga liitkipsplaatide kinnitamiseks karedatele seinte- ja avak\u00fclgede pindadele nagu m\u00fc\u00fcritis, betoon jne.<\/p>\n<p><strong>Kasutusjuhis:<\/strong> Betoonpinnad peavad olema kuivad ja puhtad raketisem\u00e4\u00e4rdest ning tsementpiimast. Siledad v\u00e4heimavad pinnad nagu betoon, tuleb kruntida nakkekrundiga Knauf Betokontakt ja lasta \u00e4ra kuivada. Imavad pinnad kruntida tootega Knauf Stuck-Primer. M\u00e4rkida seinale plaatide vuugikohad \u2013 nii on kinnitussegu p\u00e4tse kergem \u00f5igele kohale panna. Puistake kuivsegu puhta veega (30 kg segu + umbes 16 l vett) seguvanni ja segage, kuni tekib \u00fchtlane mass. M\u00f6rt ei pea kuigi tihe olema. Kasutage puhtaid t\u00f6\u00f6riistu (plastvanni). Valmistage nii palju segu, kui j\u00f5uate 30 minutiga \u00e4ra kasutada (segamise algusest kuni kipsplaatide tasandamiseni). Ebatasase pinna korral kandke Knauf Perlfixi p\u00e4tsikesed pinnale umbes 35 cm vahedega.<\/p>\n\t\t<\/div>\n\t\t\t\t\t<\/div>\n\n\t\n\n\t<div id=\"col-971000801\" class=\"col medium-3 small-12 large-3\"  >\n\t\t\t\t<div class=\"col-inner\"  >\n\t\t\t\n\t\t\t\n\t<div id=\"gap-1659688437\" class=\"gap-element clearfix\" style=\"display:block; height:auto;\">\n\t\t\n<style>\n#gap-1659688437 {\n  padding-top: 30px;\n}\n<\/style>\n\t<\/div>\n\t\n<h3>Ohutusalane teave<\/h3>\n<p><a href=\"https:\/\/espak.ee\/epood\/wp-content\/uploads\/Perlfix_ohutuskaart.pdf\" target=\"_blank\" rel=\"noopener noreferrer\"><i class=\"far fa-file-pdf\"><\/i> Ohutusalane teave (PDF)<\/a><\/p>\n<div class=\"is-divider divider clearfix\" ><\/div>\n<p><strong>\u00dcksikasjalikuma n\u00f5u saamiseks v\u00f5tke \u00fchendust:<br \/><\/strong>Knauf Tallinn U\u00dc<br \/>J\u00e4rvevana tee 7B<br \/>10132<br \/>Tallinn<br \/>+372 6518697<\/p>\n<div class=\"is-divider divider clearfix\" ><\/div>\n\t\t<\/div>\n\t\t\t\t\t<\/div>\n\n\t\n<\/div>\n","protected":false},"excerpt":{"rendered":"","protected":false},"featured_media":16178,"comment_status":"closed","ping_status":"open","template":"","meta":[],"product_brand":[],"product_cat":[2876,2698,2816,2697],"product_tag":[],"class_list":{"0":"post-15356","1":"product","2":"type-product","3":"status-publish","4":"has-post-thumbnail","6":"product_cat-kipskrohvid","7":"product_cat-pahtlid-ja-kuivsegud","8":"product_cat-seinatasandussegud","9":"product_cat-uldehitus","10":"pa_kaubamark-knauf","12":"first","13":"instock","14":"sale","15":"taxable","16":"shipping-taxable","17":"purchasable","18":"product-type-simple"},"yoast_head":"<!-- This site is optimized with the Yoast SEO plugin v26.9 - https:\/\/yoast.com\/product\/yoast-seo-wordpress\/ -->\n<title>KIPSPLAATIDE KINNITUSKIPS PERLFIX 12KG - Espak E-pood<\/title>\n<meta name=\"robots\" content=\"index, follow, max-snippet:-1, max-image-preview:large, max-video-preview:-1\" \/>\n<link rel=\"canonical\" href=\"https:\/\/espak.ee\/epood\/toode\/kipsplaatide-kinnituskips-perlfix-12kg\/\" \/>\n<meta property=\"og:locale\" content=\"et_EE\" \/>\n<meta property=\"og:type\" content=\"article\" \/>\n<meta property=\"og:title\" content=\"KIPSPLAATIDE KINNITUSKIPS PERLFIX 12KG - Espak E-pood\" \/>\n<meta property=\"og:url\" content=\"https:\/\/espak.ee\/epood\/toode\/kipsplaatide-kinnituskips-perlfix-12kg\/\" \/>\n<meta property=\"og:site_name\" content=\"Espak E-pood\" \/>\n<meta property=\"article:modified_time\" content=\"2025-03-09T10:14:49+00:00\" \/>\n<meta property=\"og:image\" content=\"https:\/\/espak.ee\/epood\/wp-content\/uploads\/perlfix.jpg\" \/>\n\t<meta property=\"og:image:width\" content=\"683\" \/>\n\t<meta property=\"og:image:height\" content=\"683\" \/>\n\t<meta property=\"og:image:type\" content=\"image\/jpeg\" \/>\n<meta name=\"twitter:card\" content=\"summary_large_image\" \/>\n<meta name=\"twitter:label1\" content=\"Est. reading time\" \/>\n\t<meta name=\"twitter:data1\" content=\"1 minut\" \/>\n<script type=\"application\/ld+json\" class=\"yoast-schema-graph\">{\"@context\":\"https:\/\/schema.org\",\"@graph\":[{\"@type\":\"WebPage\",\"@id\":\"https:\/\/espak.ee\/epood\/toode\/kipsplaatide-kinnituskips-perlfix-12kg\/\",\"url\":\"https:\/\/espak.ee\/epood\/toode\/kipsplaatide-kinnituskips-perlfix-12kg\/\",\"name\":\"KIPSPLAATIDE KINNITUSKIPS PERLFIX 12KG - Espak E-pood\",\"isPartOf\":{\"@id\":\"https:\/\/espak.ee\/epood\/#website\"},\"primaryImageOfPage\":{\"@id\":\"https:\/\/espak.ee\/epood\/toode\/kipsplaatide-kinnituskips-perlfix-12kg\/#primaryimage\"},\"image\":{\"@id\":\"https:\/\/espak.ee\/epood\/toode\/kipsplaatide-kinnituskips-perlfix-12kg\/#primaryimage\"},\"thumbnailUrl\":\"https:\/\/espak.ee\/epood\/wp-content\/uploads\/perlfix.jpg\",\"datePublished\":\"2020-02-18T01:05:50+00:00\",\"dateModified\":\"2025-03-09T10:14:49+00:00\",\"breadcrumb\":{\"@id\":\"https:\/\/espak.ee\/epood\/toode\/kipsplaatide-kinnituskips-perlfix-12kg\/#breadcrumb\"},\"inLanguage\":\"et\",\"potentialAction\":[{\"@type\":\"ReadAction\",\"target\":[\"https:\/\/espak.ee\/epood\/toode\/kipsplaatide-kinnituskips-perlfix-12kg\/\"]}]},{\"@type\":\"ImageObject\",\"inLanguage\":\"et\",\"@id\":\"https:\/\/espak.ee\/epood\/toode\/kipsplaatide-kinnituskips-perlfix-12kg\/#primaryimage\",\"url\":\"https:\/\/espak.ee\/epood\/wp-content\/uploads\/perlfix.jpg\",\"contentUrl\":\"https:\/\/espak.ee\/epood\/wp-content\/uploads\/perlfix.jpg\",\"width\":683,\"height\":683},{\"@type\":\"BreadcrumbList\",\"@id\":\"https:\/\/espak.ee\/epood\/toode\/kipsplaatide-kinnituskips-perlfix-12kg\/#breadcrumb\",\"itemListElement\":[{\"@type\":\"ListItem\",\"position\":1,\"name\":\"Home\",\"item\":\"https:\/\/espak.ee\/epood\/\"},{\"@type\":\"ListItem\",\"position\":2,\"name\":\"Tootevalik\",\"item\":\"https:\/\/espak.ee\/epood\/tootevalik\/\"},{\"@type\":\"ListItem\",\"position\":3,\"name\":\"KIPSPLAATIDE KINNITUSKIPS PERLFIX 12KG\"}]},{\"@type\":\"WebSite\",\"@id\":\"https:\/\/espak.ee\/epood\/#website\",\"url\":\"https:\/\/espak.ee\/epood\/\",\"name\":\"Espak E-pood\",\"description\":\"\",\"potentialAction\":[{\"@type\":\"SearchAction\",\"target\":{\"@type\":\"EntryPoint\",\"urlTemplate\":\"https:\/\/espak.ee\/epood\/?s={search_term_string}\"},\"query-input\":{\"@type\":\"PropertyValueSpecification\",\"valueRequired\":true,\"valueName\":\"search_term_string\"}}],\"inLanguage\":\"et\"}]}<\/script>\n<!-- \/ Yoast SEO plugin. -->","yoast_head_json":{"title":"KIPSPLAATIDE KINNITUSKIPS PERLFIX 12KG - Espak E-pood","robots":{"index":"index","follow":"follow","max-snippet":"max-snippet:-1","max-image-preview":"max-image-preview:large","max-video-preview":"max-video-preview:-1"},"canonical":"https:\/\/espak.ee\/epood\/toode\/kipsplaatide-kinnituskips-perlfix-12kg\/","og_locale":"et_EE","og_type":"article","og_title":"KIPSPLAATIDE KINNITUSKIPS PERLFIX 12KG - Espak E-pood","og_url":"https:\/\/espak.ee\/epood\/toode\/kipsplaatide-kinnituskips-perlfix-12kg\/","og_site_name":"Espak E-pood","article_modified_time":"2025-03-09T10:14:49+00:00","og_image":[{"width":683,"height":683,"url":"https:\/\/espak.ee\/epood\/wp-content\/uploads\/perlfix.jpg","type":"image\/jpeg"}],"twitter_card":"summary_large_image","twitter_misc":{"Est. reading time":"1 minut"},"schema":{"@context":"https:\/\/schema.org","@graph":[{"@type":"WebPage","@id":"https:\/\/espak.ee\/epood\/toode\/kipsplaatide-kinnituskips-perlfix-12kg\/","url":"https:\/\/espak.ee\/epood\/toode\/kipsplaatide-kinnituskips-perlfix-12kg\/","name":"KIPSPLAATIDE KINNITUSKIPS PERLFIX 12KG - Espak E-pood","isPartOf":{"@id":"https:\/\/espak.ee\/epood\/#website"},"primaryImageOfPage":{"@id":"https:\/\/espak.ee\/epood\/toode\/kipsplaatide-kinnituskips-perlfix-12kg\/#primaryimage"},"image":{"@id":"https:\/\/espak.ee\/epood\/toode\/kipsplaatide-kinnituskips-perlfix-12kg\/#primaryimage"},"thumbnailUrl":"https:\/\/espak.ee\/epood\/wp-content\/uploads\/perlfix.jpg","datePublished":"2020-02-18T01:05:50+00:00","dateModified":"2025-03-09T10:14:49+00:00","breadcrumb":{"@id":"https:\/\/espak.ee\/epood\/toode\/kipsplaatide-kinnituskips-perlfix-12kg\/#breadcrumb"},"inLanguage":"et","potentialAction":[{"@type":"ReadAction","target":["https:\/\/espak.ee\/epood\/toode\/kipsplaatide-kinnituskips-perlfix-12kg\/"]}]},{"@type":"ImageObject","inLanguage":"et","@id":"https:\/\/espak.ee\/epood\/toode\/kipsplaatide-kinnituskips-perlfix-12kg\/#primaryimage","url":"https:\/\/espak.ee\/epood\/wp-content\/uploads\/perlfix.jpg","contentUrl":"https:\/\/espak.ee\/epood\/wp-content\/uploads\/perlfix.jpg","width":683,"height":683},{"@type":"BreadcrumbList","@id":"https:\/\/espak.ee\/epood\/toode\/kipsplaatide-kinnituskips-perlfix-12kg\/#breadcrumb","itemListElement":[{"@type":"ListItem","position":1,"name":"Home","item":"https:\/\/espak.ee\/epood\/"},{"@type":"ListItem","position":2,"name":"Tootevalik","item":"https:\/\/espak.ee\/epood\/tootevalik\/"},{"@type":"ListItem","position":3,"name":"KIPSPLAATIDE KINNITUSKIPS PERLFIX 12KG"}]},{"@type":"WebSite","@id":"https:\/\/espak.ee\/epood\/#website","url":"https:\/\/espak.ee\/epood\/","name":"Espak E-pood","description":"","potentialAction":[{"@type":"SearchAction","target":{"@type":"EntryPoint","urlTemplate":"https:\/\/espak.ee\/epood\/?s={search_term_string}"},"query-input":{"@type":"PropertyValueSpecification","valueRequired":true,"valueName":"search_term_string"}}],"inLanguage":"et"}]}},"_links":{"self":[{"href":"https:\/\/espak.ee\/epood\/wp-json\/wp\/v2\/product\/15356","targetHints":{"allow":["GET"]}}],"collection":[{"href":"https:\/\/espak.ee\/epood\/wp-json\/wp\/v2\/product"}],"about":[{"href":"https:\/\/espak.ee\/epood\/wp-json\/wp\/v2\/types\/product"}],"replies":[{"embeddable":true,"href":"https:\/\/espak.ee\/epood\/wp-json\/wp\/v2\/comments?post=15356"}],"wp:featuredmedia":[{"embeddable":true,"href":"https:\/\/espak.ee\/epood\/wp-json\/wp\/v2\/media\/16178"}],"wp:attachment":[{"href":"https:\/\/espak.ee\/epood\/wp-json\/wp\/v2\/media?parent=15356"}],"wp:term":[{"taxonomy":"product_brand","embeddable":true,"href":"https:\/\/espak.ee\/epood\/wp-json\/wp\/v2\/product_brand?post=15356"},{"taxonomy":"product_cat","embeddable":true,"href":"https:\/\/espak.ee\/epood\/wp-json\/wp\/v2\/product_cat?post=15356"},{"taxonomy":"product_tag","embeddable":true,"href":"https:\/\/espak.ee\/epood\/wp-json\/wp\/v2\/product_tag?post=15356"}],"curies":[{"name":"wp","href":"https:\/\/api.w.org\/{rel}","templated":true}]}}