{"id":15355,"date":"2020-02-18T03:05:50","date_gmt":"2020-02-18T01:05:50","guid":{"rendered":"https:\/\/espak.ee\/hinnakiri\/?post_type=product&#038;p=15355"},"modified":"2024-03-23T00:01:26","modified_gmt":"2024-03-22T22:01:26","slug":"valistoode-tsementplaat-outdoor-9002400125mm","status":"publish","type":"product","link":"https:\/\/espak.ee\/epood\/toode\/valistoode-tsementplaat-outdoor-9002400125mm\/","title":{"rendered":"V\u00c4LIST\u00d6\u00d6DE TSEMENTPLAAT OUTDOOR 900*2400*12,5MM"},"content":{"rendered":"<div class=\"row\"  id=\"row-162437603\">\n\n\t<div id=\"col-2009040171\" class=\"col medium-9 small-12 large-9\"  >\n\t\t\t\t<div class=\"col-inner\"  >\n\t\t\t\n\t\t\t\n<h2>Krohvikandev tsementplaat v\u00e4list\u00f6\u00f6deks<\/h2>\n<p>Portlandtsementist, kergt\u00e4iteainetest ja k\u00fclgedelt armeermisv\u00f5rguga tugevdatud \u00f5hekrohviga viimistletav tsementplaat v\u00e4list\u00f6\u00f6del fassaadide ja lagede katmiseks. Pikiservad on kaetud v\u00f5rkkangaga (EasyEdge\u00ae) ja otsaservad l\u00f5igatud.<\/p>\n<div class=\"message-box relative\" style=\"padding-top:15px;padding-bottom:15px;\"><div class=\"message-box-bg-image bg-fill fill\" ><\/div><div class=\"message-box-bg-overlay bg-fill fill\" ><\/div><div class=\"container relative\"><div class=\"inner last-reset\">\n<div class=\"row align-middle align-center\"  id=\"row-1109176721\">\n\n\t<div id=\"col-125574463\" class=\"col small-12 large-12\"  >\n\t\t\t\t<div class=\"col-inner text-left\"  >\n\t\t\t\n\t\t\t\n<h4>Omadused<\/h4>\n<div class=\"row\"  id=\"row-423718241\">\n\n\t<div id=\"col-138844089\" class=\"col medium-6 small-12 large-6\"  >\n\t\t\t\t<div class=\"col-inner\"  >\n\t\t\t\n\t\t\t\n<p><i class=\"fa fa-check fa-2x\"><\/i> <strong>V\u00e4list\u00f6\u00f6deks<\/strong><\/p>\n<p><i class=\"fa fa-check fa-2x\"><\/i> <strong>Ilmastiku- ja veekindel<\/strong><\/p>\n\t\t<\/div>\n\t\t\t\t\n<style>\n#col-138844089 > .col-inner {\n  margin: 0px 0px 15px 0px;\n}\n<\/style>\n\t<\/div>\n\n\t\n\n\t<div id=\"col-808076465\" class=\"col medium-6 small-12 large-6\"  >\n\t\t\t\t<div class=\"col-inner\"  >\n\t\t\t\n\t\t\t\n<p><i class=\"fa fa-check fa-2x\"><\/i> <strong>Krohvis\u00fcsteemi kandev<\/strong><\/p>\n<p><i class=\"fa fa-check fa-2x\"><\/i> <strong>L\u00f5igatav ka pinnakihi l\u00f5ikamise ja murdmise teel<\/strong><\/p>\n\t\t<\/div>\n\t\t\t\t\n<style>\n#col-808076465 > .col-inner {\n  margin: 0px 0px 15px 0px;\n}\n<\/style>\n\t<\/div>\n\n\t\n<\/div>\n\t\t<\/div>\n\t\t\t\t\t<\/div>\n\n\t\n<\/div>\n<\/div><\/div><\/div>\n\t<div id=\"gap-1559617589\" class=\"gap-element clearfix\" style=\"display:block; height:auto;\">\n\t\t\n<style>\n#gap-1559617589 {\n  padding-top: 30px;\n}\n<\/style>\n\t<\/div>\n\t\n<h3>Kasutamise \u00fcksikasjad<\/h3>\n<p><strong>Kasutusalad:<\/strong> Krohvi kandev tsementplaat paigaldamiseks otse termoprofiilidest v\u00f5i puitkarkassist v\u00e4lisseinte aluskarkassile v\u00f5i roovituse abil tuulutatava plaatkattena fassaadipindadele ja v\u00e4lis\u00f5hule avatud lagedele.<\/p>\n<p><strong>Kasutusjuhis:<\/strong> Paigaldus teostada vastavalt ehituseeskirjadele ja AQUAPANEL\u00ae Outdoor fassaadis\u00fcsteemide tehniliste vihikute juhistele. Paigalduse ajal j\u00e4etakse plaatide vahele u 4 mm laiused vuugid. Plaatide vuugid tuleb armeerida AQUAPANELL\u00ae vuugilindi ja -pahtliga, seej\u00e4rel kogu pind armeerida armeerimisseguga ning viimistleda \u00f5hekrohviga.<\/p>\n\t\t<\/div>\n\t\t\t\t\t<\/div>\n\n\t\n\n\t<div id=\"col-1488372318\" class=\"col medium-3 small-12 large-3\"  >\n\t\t\t\t<div class=\"col-inner\"  >\n\t\t\t\n\t\t\t\n\t<div id=\"gap-241543403\" class=\"gap-element clearfix\" style=\"display:block; height:auto;\">\n\t\t\n<style>\n#gap-241543403 {\n  padding-top: 30px;\n}\n<\/style>\n\t<\/div>\n\t\n<h3>Tehniline informatsioon<\/h3>\n<p><a href=\"https:\/\/espak.ee\/epood\/wp-content\/uploads\/v\u00e4llist\u00f6\u00f6de-tsementplaat-outdoor-tooteleht.pdf\" target=\"_blank\" rel=\"noopener noreferrer\"><i class=\"far fa-file-pdf\"><\/i> Tehniline info (PDF)<\/a><\/p>\n<div class=\"is-divider divider clearfix\" ><\/div>\n<p><strong>\u00dcksikasjalikuma n\u00f5u saamiseks v\u00f5tke \u00fchendust:<br \/><\/strong>Knauf Tallinn U\u00dc<br \/>J\u00e4rvevana tee 7B<br \/>10132<br \/>Tallinn<br \/>+372 6518697<\/p>\n<div class=\"is-divider divider clearfix\" ><\/div>\n\t\t<\/div>\n\t\t\t\t\t<\/div>\n\n\t\n<\/div>\n","protected":false},"excerpt":{"rendered":"","protected":false},"featured_media":16175,"comment_status":"closed","ping_status":"open","template":"","meta":[],"product_brand":[],"product_cat":[2910,2912,2911,2697],"product_tag":[],"class_list":{"0":"post-15355","1":"product","2":"type-product","3":"status-publish","4":"has-post-thumbnail","6":"product_cat-ehitusplaadid","7":"product_cat-sisetoodeplaadid","8":"product_cat-tsementkiudplaadid","9":"product_cat-uldehitus","10":"pa_kaubamark-knauf","12":"first","13":"instock","14":"sale","15":"taxable","16":"shipping-taxable","17":"purchasable","18":"product-type-simple"},"yoast_head":"<!-- This site is optimized with the Yoast SEO plugin v26.9 - https:\/\/yoast.com\/product\/yoast-seo-wordpress\/ -->\n<title>V\u00c4LIST\u00d6\u00d6DE TSEMENTPLAAT OUTDOOR 900*2400*12,5MM - Espak E-pood<\/title>\n<meta name=\"robots\" content=\"index, follow, max-snippet:-1, max-image-preview:large, max-video-preview:-1\" \/>\n<link rel=\"canonical\" href=\"https:\/\/espak.ee\/epood\/toode\/valistoode-tsementplaat-outdoor-9002400125mm\/\" \/>\n<meta property=\"og:locale\" content=\"et_EE\" \/>\n<meta property=\"og:type\" content=\"article\" \/>\n<meta property=\"og:title\" content=\"V\u00c4LIST\u00d6\u00d6DE TSEMENTPLAAT OUTDOOR 900*2400*12,5MM - Espak E-pood\" \/>\n<meta property=\"og:url\" content=\"https:\/\/espak.ee\/epood\/toode\/valistoode-tsementplaat-outdoor-9002400125mm\/\" \/>\n<meta property=\"og:site_name\" content=\"Espak E-pood\" \/>\n<meta property=\"article:modified_time\" content=\"2024-03-22T22:01:26+00:00\" \/>\n<meta property=\"og:image\" content=\"https:\/\/espak.ee\/epood\/wp-content\/uploads\/tsementplaat-outdoor.jpg\" \/>\n\t<meta property=\"og:image:width\" content=\"683\" \/>\n\t<meta property=\"og:image:height\" content=\"683\" \/>\n\t<meta property=\"og:image:type\" content=\"image\/jpeg\" \/>\n<meta name=\"twitter:card\" content=\"summary_large_image\" \/>\n<meta name=\"twitter:label1\" content=\"Est. reading time\" \/>\n\t<meta name=\"twitter:data1\" content=\"1 minut\" \/>\n<script type=\"application\/ld+json\" class=\"yoast-schema-graph\">{\"@context\":\"https:\/\/schema.org\",\"@graph\":[{\"@type\":\"WebPage\",\"@id\":\"https:\/\/espak.ee\/epood\/toode\/valistoode-tsementplaat-outdoor-9002400125mm\/\",\"url\":\"https:\/\/espak.ee\/epood\/toode\/valistoode-tsementplaat-outdoor-9002400125mm\/\",\"name\":\"V\u00c4LIST\u00d6\u00d6DE TSEMENTPLAAT OUTDOOR 900*2400*12,5MM - Espak E-pood\",\"isPartOf\":{\"@id\":\"https:\/\/espak.ee\/epood\/#website\"},\"primaryImageOfPage\":{\"@id\":\"https:\/\/espak.ee\/epood\/toode\/valistoode-tsementplaat-outdoor-9002400125mm\/#primaryimage\"},\"image\":{\"@id\":\"https:\/\/espak.ee\/epood\/toode\/valistoode-tsementplaat-outdoor-9002400125mm\/#primaryimage\"},\"thumbnailUrl\":\"https:\/\/espak.ee\/epood\/wp-content\/uploads\/tsementplaat-outdoor.jpg\",\"datePublished\":\"2020-02-18T01:05:50+00:00\",\"dateModified\":\"2024-03-22T22:01:26+00:00\",\"breadcrumb\":{\"@id\":\"https:\/\/espak.ee\/epood\/toode\/valistoode-tsementplaat-outdoor-9002400125mm\/#breadcrumb\"},\"inLanguage\":\"et\",\"potentialAction\":[{\"@type\":\"ReadAction\",\"target\":[\"https:\/\/espak.ee\/epood\/toode\/valistoode-tsementplaat-outdoor-9002400125mm\/\"]}]},{\"@type\":\"ImageObject\",\"inLanguage\":\"et\",\"@id\":\"https:\/\/espak.ee\/epood\/toode\/valistoode-tsementplaat-outdoor-9002400125mm\/#primaryimage\",\"url\":\"https:\/\/espak.ee\/epood\/wp-content\/uploads\/tsementplaat-outdoor.jpg\",\"contentUrl\":\"https:\/\/espak.ee\/epood\/wp-content\/uploads\/tsementplaat-outdoor.jpg\",\"width\":683,\"height\":683},{\"@type\":\"BreadcrumbList\",\"@id\":\"https:\/\/espak.ee\/epood\/toode\/valistoode-tsementplaat-outdoor-9002400125mm\/#breadcrumb\",\"itemListElement\":[{\"@type\":\"ListItem\",\"position\":1,\"name\":\"Home\",\"item\":\"https:\/\/espak.ee\/epood\/\"},{\"@type\":\"ListItem\",\"position\":2,\"name\":\"Tootevalik\",\"item\":\"https:\/\/espak.ee\/epood\/tootevalik\/\"},{\"@type\":\"ListItem\",\"position\":3,\"name\":\"V\u00c4LIST\u00d6\u00d6DE TSEMENTPLAAT OUTDOOR 900*2400*12,5MM\"}]},{\"@type\":\"WebSite\",\"@id\":\"https:\/\/espak.ee\/epood\/#website\",\"url\":\"https:\/\/espak.ee\/epood\/\",\"name\":\"Espak E-pood\",\"description\":\"\",\"potentialAction\":[{\"@type\":\"SearchAction\",\"target\":{\"@type\":\"EntryPoint\",\"urlTemplate\":\"https:\/\/espak.ee\/epood\/?s={search_term_string}\"},\"query-input\":{\"@type\":\"PropertyValueSpecification\",\"valueRequired\":true,\"valueName\":\"search_term_string\"}}],\"inLanguage\":\"et\"}]}<\/script>\n<!-- \/ Yoast SEO plugin. -->","yoast_head_json":{"title":"V\u00c4LIST\u00d6\u00d6DE TSEMENTPLAAT OUTDOOR 900*2400*12,5MM - Espak E-pood","robots":{"index":"index","follow":"follow","max-snippet":"max-snippet:-1","max-image-preview":"max-image-preview:large","max-video-preview":"max-video-preview:-1"},"canonical":"https:\/\/espak.ee\/epood\/toode\/valistoode-tsementplaat-outdoor-9002400125mm\/","og_locale":"et_EE","og_type":"article","og_title":"V\u00c4LIST\u00d6\u00d6DE TSEMENTPLAAT OUTDOOR 900*2400*12,5MM - Espak E-pood","og_url":"https:\/\/espak.ee\/epood\/toode\/valistoode-tsementplaat-outdoor-9002400125mm\/","og_site_name":"Espak E-pood","article_modified_time":"2024-03-22T22:01:26+00:00","og_image":[{"width":683,"height":683,"url":"https:\/\/espak.ee\/epood\/wp-content\/uploads\/tsementplaat-outdoor.jpg","type":"image\/jpeg"}],"twitter_card":"summary_large_image","twitter_misc":{"Est. reading time":"1 minut"},"schema":{"@context":"https:\/\/schema.org","@graph":[{"@type":"WebPage","@id":"https:\/\/espak.ee\/epood\/toode\/valistoode-tsementplaat-outdoor-9002400125mm\/","url":"https:\/\/espak.ee\/epood\/toode\/valistoode-tsementplaat-outdoor-9002400125mm\/","name":"V\u00c4LIST\u00d6\u00d6DE TSEMENTPLAAT OUTDOOR 900*2400*12,5MM - Espak E-pood","isPartOf":{"@id":"https:\/\/espak.ee\/epood\/#website"},"primaryImageOfPage":{"@id":"https:\/\/espak.ee\/epood\/toode\/valistoode-tsementplaat-outdoor-9002400125mm\/#primaryimage"},"image":{"@id":"https:\/\/espak.ee\/epood\/toode\/valistoode-tsementplaat-outdoor-9002400125mm\/#primaryimage"},"thumbnailUrl":"https:\/\/espak.ee\/epood\/wp-content\/uploads\/tsementplaat-outdoor.jpg","datePublished":"2020-02-18T01:05:50+00:00","dateModified":"2024-03-22T22:01:26+00:00","breadcrumb":{"@id":"https:\/\/espak.ee\/epood\/toode\/valistoode-tsementplaat-outdoor-9002400125mm\/#breadcrumb"},"inLanguage":"et","potentialAction":[{"@type":"ReadAction","target":["https:\/\/espak.ee\/epood\/toode\/valistoode-tsementplaat-outdoor-9002400125mm\/"]}]},{"@type":"ImageObject","inLanguage":"et","@id":"https:\/\/espak.ee\/epood\/toode\/valistoode-tsementplaat-outdoor-9002400125mm\/#primaryimage","url":"https:\/\/espak.ee\/epood\/wp-content\/uploads\/tsementplaat-outdoor.jpg","contentUrl":"https:\/\/espak.ee\/epood\/wp-content\/uploads\/tsementplaat-outdoor.jpg","width":683,"height":683},{"@type":"BreadcrumbList","@id":"https:\/\/espak.ee\/epood\/toode\/valistoode-tsementplaat-outdoor-9002400125mm\/#breadcrumb","itemListElement":[{"@type":"ListItem","position":1,"name":"Home","item":"https:\/\/espak.ee\/epood\/"},{"@type":"ListItem","position":2,"name":"Tootevalik","item":"https:\/\/espak.ee\/epood\/tootevalik\/"},{"@type":"ListItem","position":3,"name":"V\u00c4LIST\u00d6\u00d6DE TSEMENTPLAAT OUTDOOR 900*2400*12,5MM"}]},{"@type":"WebSite","@id":"https:\/\/espak.ee\/epood\/#website","url":"https:\/\/espak.ee\/epood\/","name":"Espak E-pood","description":"","potentialAction":[{"@type":"SearchAction","target":{"@type":"EntryPoint","urlTemplate":"https:\/\/espak.ee\/epood\/?s={search_term_string}"},"query-input":{"@type":"PropertyValueSpecification","valueRequired":true,"valueName":"search_term_string"}}],"inLanguage":"et"}]}},"_links":{"self":[{"href":"https:\/\/espak.ee\/epood\/wp-json\/wp\/v2\/product\/15355","targetHints":{"allow":["GET"]}}],"collection":[{"href":"https:\/\/espak.ee\/epood\/wp-json\/wp\/v2\/product"}],"about":[{"href":"https:\/\/espak.ee\/epood\/wp-json\/wp\/v2\/types\/product"}],"replies":[{"embeddable":true,"href":"https:\/\/espak.ee\/epood\/wp-json\/wp\/v2\/comments?post=15355"}],"wp:featuredmedia":[{"embeddable":true,"href":"https:\/\/espak.ee\/epood\/wp-json\/wp\/v2\/media\/16175"}],"wp:attachment":[{"href":"https:\/\/espak.ee\/epood\/wp-json\/wp\/v2\/media?parent=15355"}],"wp:term":[{"taxonomy":"product_brand","embeddable":true,"href":"https:\/\/espak.ee\/epood\/wp-json\/wp\/v2\/product_brand?post=15355"},{"taxonomy":"product_cat","embeddable":true,"href":"https:\/\/espak.ee\/epood\/wp-json\/wp\/v2\/product_cat?post=15355"},{"taxonomy":"product_tag","embeddable":true,"href":"https:\/\/espak.ee\/epood\/wp-json\/wp\/v2\/product_tag?post=15355"}],"curies":[{"name":"wp","href":"https:\/\/api.w.org\/{rel}","templated":true}]}}