{"id":15351,"date":"2020-02-18T03:05:45","date_gmt":"2020-02-18T01:05:45","guid":{"rendered":"https:\/\/espak.ee\/hinnakiri\/?post_type=product&#038;p=15351"},"modified":"2026-03-21T09:30:32","modified_gmt":"2026-03-21T07:30:32","slug":"niiskustoke-suvakrunt-tiefengrund-15l","status":"publish","type":"product","link":"https:\/\/espak.ee\/epood\/toode\/niiskustoke-suvakrunt-tiefengrund-15l\/","title":{"rendered":"NIISKUST\u00d5KE-S\u00dcVAKRUNT TIEFENGRUND 15L"},"content":{"rendered":"<div class=\"row\"  id=\"row-2112758356\">\n\n\t<div id=\"col-458843994\" class=\"col medium-9 small-12 large-9\"  >\n\t\t\t\t<div class=\"col-inner\"  >\n\t\t\t\n\t\t\t\n<h2>Niiskust\u00f5ke-s\u00fcvakrunt Tiefengrund<\/h2>\n<p>Vesidispersioon seinte, lagede ja p\u00f5randate pinna tugevdamiseks ning imavuse v\u00e4hendamiseks sise- ja v\u00e4list\u00f6\u00f6del.<\/p>\n<div class=\"message-box relative\" style=\"padding-top:15px;padding-bottom:15px;\"><div class=\"message-box-bg-image bg-fill fill\" ><\/div><div class=\"message-box-bg-overlay bg-fill fill\" ><\/div><div class=\"container relative\"><div class=\"inner last-reset\">\n<div class=\"row align-middle align-center\"  id=\"row-1805322871\">\n\n\t<div id=\"col-1771052693\" class=\"col small-12 large-12\"  >\n\t\t\t\t<div class=\"col-inner text-left\"  >\n\t\t\t\n\t\t\t\n<h4>Omadused<\/h4>\n<div class=\"row\"  id=\"row-1143823729\">\n\n\t<div id=\"col-1837273465\" class=\"col medium-6 small-12 large-6\"  >\n\t\t\t\t<div class=\"col-inner\"  >\n\t\t\t\n\t\t\t\n<p><i class=\"fa fa-check fa-2x\"><\/i> <strong>Sise- ja v\u00e4list\u00f6\u00f6deks<\/strong><\/p>\n<p><i class=\"fa fa-check fa-2x\"><\/i> <strong>Kasutamisvalmis<\/strong><\/p>\n\t\t<\/div>\n\t\t\t\t\n<style>\n#col-1837273465 > .col-inner {\n  margin: 0px 0px 15px 0px;\n}\n<\/style>\n\t<\/div>\n\n\t\n\n\t<div id=\"col-2121501400\" class=\"col medium-6 small-12 large-6\"  >\n\t\t\t\t<div class=\"col-inner\"  >\n\t\t\t\n\t\t\t\n<p><i class=\"fa fa-check fa-2x\"><\/i> <strong>S\u00fcgavale pinda imenduv<\/strong><\/p>\n<p><i class=\"fa fa-check fa-2x\"><\/i> <strong>Veeauru l\u00e4bilaskev<\/strong><\/p>\n\t\t<\/div>\n\t\t\t\t\n<style>\n#col-2121501400 > .col-inner {\n  margin: 0px 0px 15px 0px;\n}\n<\/style>\n\t<\/div>\n\n\t\n<\/div>\n\t\t<\/div>\n\t\t\t\t\t<\/div>\n\n\t\n<\/div>\n<\/div><\/div><\/div>\n\t<div id=\"gap-2062724857\" class=\"gap-element clearfix\" style=\"display:block; height:auto;\">\n\t\t\n<style>\n#gap-2062724857 {\n  padding-top: 30px;\n}\n<\/style>\n\t<\/div>\n\t\n<h3>Kasutamise \u00fcksikasjad<\/h3>\n<p><strong>Kasutusalad:<\/strong> S\u00fcvakrunt betoonpindade, lubitsement-, kipskrohvide, kipsplaatide, tsementplaatide kruntimiseks enne keraamiliste plaatide paigaldamist, krohvimist, pahteldamist, tapeetimist v\u00f5i v\u00e4rvimist. Vahend tugevdab imavaid, tolmuseid ja kahjustunud pindu, \u00fchtlustab pinna imavust ja kaitseb kipsplaate niiskuse eest (kuid ei ole auruisolatsiooniks).<\/p>\n<p><strong>Kasutusjuhis:<\/strong> Segage Tiefengrund enne kasutamist l\u00e4bi. Pinnale kantakse rulli, harja v\u00f5i pintsliga. V\u00e4ga imavat pinda kruntige kaks korda. Krunt peab t\u00e4ielikult pinda imenduma. J\u00e4lgige t\u00f6\u00f6tamisel, et pinnale ei koguneks loike. Kuivamisaeg s\u00f5ltub pinna imamisv\u00f5imest, ruumi temperatuurist ja \u00f5huniiskusest. T\u00f6id v\u00f5ib j\u00e4tkata siis, kui krunt on t\u00e4ielikult kuivanud.<\/p>\n\t\t<\/div>\n\t\t\t\t\t<\/div>\n\n\t\n\n\t<div id=\"col-638654474\" class=\"col medium-3 small-12 large-3\"  >\n\t\t\t\t<div class=\"col-inner\"  >\n\t\t\t\n\t\t\t\n\t<div id=\"gap-614204044\" class=\"gap-element clearfix\" style=\"display:block; height:auto;\">\n\t\t\n<style>\n#gap-614204044 {\n  padding-top: 30px;\n}\n<\/style>\n\t<\/div>\n\t\n<h3>Ohutusalane teave<\/h3>\n<p><a href=\"https:\/\/espak.ee\/epood\/wp-content\/uploads\/Tiefegrund-ohutuskaart.pdf\" target=\"_blank\" rel=\"noopener noreferrer\"><i class=\"far fa-file-pdf\"><\/i> Ohutusalane teave (PDF)<\/a><\/p>\n<div class=\"is-divider divider clearfix\" ><\/div>\n<p><strong>\u00dcksikasjalikuma n\u00f5u saamiseks v\u00f5tke \u00fchendust:<br \/><\/strong>Knauf Tallinn U\u00dc<br \/>J\u00e4rvevana tee 7B<br \/>10132<br \/>Tallinn<br \/>+372 6518697<\/p>\n<div class=\"is-divider divider clearfix\" ><\/div>\n\t\t<\/div>\n\t\t\t\t\t<\/div>\n\n\t\n<\/div>\n","protected":false},"excerpt":{"rendered":"","protected":false},"featured_media":16138,"comment_status":"closed","ping_status":"open","template":"","meta":[],"product_brand":[],"product_cat":[2691,3441,2684,2683],"product_tag":[],"class_list":{"0":"post-15351","1":"product","2":"type-product","3":"status-publish","4":"has-post-thumbnail","6":"product_cat-lahustid","7":"product_cat-lahustid-ja-pesuained","8":"product_cat-varvid-lakid-lahustid-puidukaitsed-olid","9":"product_cat-viimistluskaubad","10":"product_shipping_class-dpd-cold","11":"pa_kaubamark-knauf","13":"first","14":"instock","15":"sale","16":"taxable","17":"shipping-taxable","18":"purchasable","19":"product-type-simple"},"yoast_head":"<!-- This site is optimized with the Yoast SEO plugin v26.9 - https:\/\/yoast.com\/product\/yoast-seo-wordpress\/ -->\n<title>NIISKUST\u00d5KE-S\u00dcVAKRUNT TIEFENGRUND 15L - Espak E-pood<\/title>\n<meta name=\"robots\" content=\"index, follow, max-snippet:-1, max-image-preview:large, max-video-preview:-1\" \/>\n<link rel=\"canonical\" href=\"https:\/\/espak.ee\/epood\/toode\/niiskustoke-suvakrunt-tiefengrund-15l\/\" \/>\n<meta property=\"og:locale\" content=\"et_EE\" \/>\n<meta property=\"og:type\" content=\"article\" \/>\n<meta property=\"og:title\" content=\"NIISKUST\u00d5KE-S\u00dcVAKRUNT TIEFENGRUND 15L - Espak E-pood\" \/>\n<meta property=\"og:url\" content=\"https:\/\/espak.ee\/epood\/toode\/niiskustoke-suvakrunt-tiefengrund-15l\/\" \/>\n<meta property=\"og:site_name\" content=\"Espak E-pood\" \/>\n<meta property=\"article:modified_time\" content=\"2026-03-21T07:30:32+00:00\" \/>\n<meta property=\"og:image\" content=\"https:\/\/espak.ee\/epood\/wp-content\/uploads\/tiefegrund.jpg\" \/>\n\t<meta property=\"og:image:width\" content=\"683\" \/>\n\t<meta property=\"og:image:height\" content=\"683\" \/>\n\t<meta property=\"og:image:type\" content=\"image\/jpeg\" \/>\n<meta name=\"twitter:card\" content=\"summary_large_image\" \/>\n<meta name=\"twitter:label1\" content=\"Est. reading time\" \/>\n\t<meta name=\"twitter:data1\" content=\"1 minut\" \/>\n<script type=\"application\/ld+json\" class=\"yoast-schema-graph\">{\"@context\":\"https:\/\/schema.org\",\"@graph\":[{\"@type\":\"WebPage\",\"@id\":\"https:\/\/espak.ee\/epood\/toode\/niiskustoke-suvakrunt-tiefengrund-15l\/\",\"url\":\"https:\/\/espak.ee\/epood\/toode\/niiskustoke-suvakrunt-tiefengrund-15l\/\",\"name\":\"NIISKUST\u00d5KE-S\u00dcVAKRUNT TIEFENGRUND 15L - Espak E-pood\",\"isPartOf\":{\"@id\":\"https:\/\/espak.ee\/epood\/#website\"},\"primaryImageOfPage\":{\"@id\":\"https:\/\/espak.ee\/epood\/toode\/niiskustoke-suvakrunt-tiefengrund-15l\/#primaryimage\"},\"image\":{\"@id\":\"https:\/\/espak.ee\/epood\/toode\/niiskustoke-suvakrunt-tiefengrund-15l\/#primaryimage\"},\"thumbnailUrl\":\"https:\/\/espak.ee\/epood\/wp-content\/uploads\/tiefegrund.jpg\",\"datePublished\":\"2020-02-18T01:05:45+00:00\",\"dateModified\":\"2026-03-21T07:30:32+00:00\",\"breadcrumb\":{\"@id\":\"https:\/\/espak.ee\/epood\/toode\/niiskustoke-suvakrunt-tiefengrund-15l\/#breadcrumb\"},\"inLanguage\":\"et\",\"potentialAction\":[{\"@type\":\"ReadAction\",\"target\":[\"https:\/\/espak.ee\/epood\/toode\/niiskustoke-suvakrunt-tiefengrund-15l\/\"]}]},{\"@type\":\"ImageObject\",\"inLanguage\":\"et\",\"@id\":\"https:\/\/espak.ee\/epood\/toode\/niiskustoke-suvakrunt-tiefengrund-15l\/#primaryimage\",\"url\":\"https:\/\/espak.ee\/epood\/wp-content\/uploads\/tiefegrund.jpg\",\"contentUrl\":\"https:\/\/espak.ee\/epood\/wp-content\/uploads\/tiefegrund.jpg\",\"width\":683,\"height\":683},{\"@type\":\"BreadcrumbList\",\"@id\":\"https:\/\/espak.ee\/epood\/toode\/niiskustoke-suvakrunt-tiefengrund-15l\/#breadcrumb\",\"itemListElement\":[{\"@type\":\"ListItem\",\"position\":1,\"name\":\"Home\",\"item\":\"https:\/\/espak.ee\/epood\/\"},{\"@type\":\"ListItem\",\"position\":2,\"name\":\"Tootevalik\",\"item\":\"https:\/\/espak.ee\/epood\/tootevalik\/\"},{\"@type\":\"ListItem\",\"position\":3,\"name\":\"NIISKUST\u00d5KE-S\u00dcVAKRUNT TIEFENGRUND 15L\"}]},{\"@type\":\"WebSite\",\"@id\":\"https:\/\/espak.ee\/epood\/#website\",\"url\":\"https:\/\/espak.ee\/epood\/\",\"name\":\"Espak E-pood\",\"description\":\"\",\"potentialAction\":[{\"@type\":\"SearchAction\",\"target\":{\"@type\":\"EntryPoint\",\"urlTemplate\":\"https:\/\/espak.ee\/epood\/?s={search_term_string}\"},\"query-input\":{\"@type\":\"PropertyValueSpecification\",\"valueRequired\":true,\"valueName\":\"search_term_string\"}}],\"inLanguage\":\"et\"}]}<\/script>\n<!-- \/ Yoast SEO plugin. -->","yoast_head_json":{"title":"NIISKUST\u00d5KE-S\u00dcVAKRUNT TIEFENGRUND 15L - Espak E-pood","robots":{"index":"index","follow":"follow","max-snippet":"max-snippet:-1","max-image-preview":"max-image-preview:large","max-video-preview":"max-video-preview:-1"},"canonical":"https:\/\/espak.ee\/epood\/toode\/niiskustoke-suvakrunt-tiefengrund-15l\/","og_locale":"et_EE","og_type":"article","og_title":"NIISKUST\u00d5KE-S\u00dcVAKRUNT TIEFENGRUND 15L - Espak E-pood","og_url":"https:\/\/espak.ee\/epood\/toode\/niiskustoke-suvakrunt-tiefengrund-15l\/","og_site_name":"Espak E-pood","article_modified_time":"2026-03-21T07:30:32+00:00","og_image":[{"width":683,"height":683,"url":"https:\/\/espak.ee\/epood\/wp-content\/uploads\/tiefegrund.jpg","type":"image\/jpeg"}],"twitter_card":"summary_large_image","twitter_misc":{"Est. reading time":"1 minut"},"schema":{"@context":"https:\/\/schema.org","@graph":[{"@type":"WebPage","@id":"https:\/\/espak.ee\/epood\/toode\/niiskustoke-suvakrunt-tiefengrund-15l\/","url":"https:\/\/espak.ee\/epood\/toode\/niiskustoke-suvakrunt-tiefengrund-15l\/","name":"NIISKUST\u00d5KE-S\u00dcVAKRUNT TIEFENGRUND 15L - Espak E-pood","isPartOf":{"@id":"https:\/\/espak.ee\/epood\/#website"},"primaryImageOfPage":{"@id":"https:\/\/espak.ee\/epood\/toode\/niiskustoke-suvakrunt-tiefengrund-15l\/#primaryimage"},"image":{"@id":"https:\/\/espak.ee\/epood\/toode\/niiskustoke-suvakrunt-tiefengrund-15l\/#primaryimage"},"thumbnailUrl":"https:\/\/espak.ee\/epood\/wp-content\/uploads\/tiefegrund.jpg","datePublished":"2020-02-18T01:05:45+00:00","dateModified":"2026-03-21T07:30:32+00:00","breadcrumb":{"@id":"https:\/\/espak.ee\/epood\/toode\/niiskustoke-suvakrunt-tiefengrund-15l\/#breadcrumb"},"inLanguage":"et","potentialAction":[{"@type":"ReadAction","target":["https:\/\/espak.ee\/epood\/toode\/niiskustoke-suvakrunt-tiefengrund-15l\/"]}]},{"@type":"ImageObject","inLanguage":"et","@id":"https:\/\/espak.ee\/epood\/toode\/niiskustoke-suvakrunt-tiefengrund-15l\/#primaryimage","url":"https:\/\/espak.ee\/epood\/wp-content\/uploads\/tiefegrund.jpg","contentUrl":"https:\/\/espak.ee\/epood\/wp-content\/uploads\/tiefegrund.jpg","width":683,"height":683},{"@type":"BreadcrumbList","@id":"https:\/\/espak.ee\/epood\/toode\/niiskustoke-suvakrunt-tiefengrund-15l\/#breadcrumb","itemListElement":[{"@type":"ListItem","position":1,"name":"Home","item":"https:\/\/espak.ee\/epood\/"},{"@type":"ListItem","position":2,"name":"Tootevalik","item":"https:\/\/espak.ee\/epood\/tootevalik\/"},{"@type":"ListItem","position":3,"name":"NIISKUST\u00d5KE-S\u00dcVAKRUNT TIEFENGRUND 15L"}]},{"@type":"WebSite","@id":"https:\/\/espak.ee\/epood\/#website","url":"https:\/\/espak.ee\/epood\/","name":"Espak E-pood","description":"","potentialAction":[{"@type":"SearchAction","target":{"@type":"EntryPoint","urlTemplate":"https:\/\/espak.ee\/epood\/?s={search_term_string}"},"query-input":{"@type":"PropertyValueSpecification","valueRequired":true,"valueName":"search_term_string"}}],"inLanguage":"et"}]}},"_links":{"self":[{"href":"https:\/\/espak.ee\/epood\/wp-json\/wp\/v2\/product\/15351","targetHints":{"allow":["GET"]}}],"collection":[{"href":"https:\/\/espak.ee\/epood\/wp-json\/wp\/v2\/product"}],"about":[{"href":"https:\/\/espak.ee\/epood\/wp-json\/wp\/v2\/types\/product"}],"replies":[{"embeddable":true,"href":"https:\/\/espak.ee\/epood\/wp-json\/wp\/v2\/comments?post=15351"}],"wp:featuredmedia":[{"embeddable":true,"href":"https:\/\/espak.ee\/epood\/wp-json\/wp\/v2\/media\/16138"}],"wp:attachment":[{"href":"https:\/\/espak.ee\/epood\/wp-json\/wp\/v2\/media?parent=15351"}],"wp:term":[{"taxonomy":"product_brand","embeddable":true,"href":"https:\/\/espak.ee\/epood\/wp-json\/wp\/v2\/product_brand?post=15351"},{"taxonomy":"product_cat","embeddable":true,"href":"https:\/\/espak.ee\/epood\/wp-json\/wp\/v2\/product_cat?post=15351"},{"taxonomy":"product_tag","embeddable":true,"href":"https:\/\/espak.ee\/epood\/wp-json\/wp\/v2\/product_tag?post=15351"}],"curies":[{"name":"wp","href":"https:\/\/api.w.org\/{rel}","templated":true}]}}